{"id":462,"date":"2014-12-11T09:54:59","date_gmt":"2014-12-11T08:54:59","guid":{"rendered":"http:\/\/agora.xtec.cat\/escolamontbui\/?page_id=462"},"modified":"2021-02-11T18:17:38","modified_gmt":"2021-02-11T17:17:38","slug":"assemblees-daula","status":"publish","type":"page","link":"https:\/\/agora.xtec.cat\/escolamontbui\/projectes\/assemblees-daula\/","title":{"rendered":"Assemblea d&#8217;Aula i Assemblea de Delegats\/des"},"content":{"rendered":"<h3 style=\"text-align: center;\"><strong>ASSEMBLEA D&#8217;AULA<\/strong><\/h3>\n<p><a href=\"http:\/\/agora.xtec.cat\/escolamontbui\/wp-content\/uploads\/usu116\/2014\/12\/IMG_2282.jpg\"><img loading=\"lazy\" decoding=\"async\" class=\"size-medium wp-image-1081 aligncenter\" src=\"http:\/\/agora.xtec.cat\/escolamontbui\/wp-content\/uploads\/usu116\/2014\/12\/IMG_2282-300x225.jpg\" alt=\"IMG_2282\" width=\"300\" height=\"225\" srcset=\"https:\/\/agora.xtec.cat\/escolamontbui\/wp-content\/uploads\/usu116\/2014\/12\/IMG_2282-300x225.jpg 300w, https:\/\/agora.xtec.cat\/escolamontbui\/wp-content\/uploads\/usu116\/2014\/12\/IMG_2282-1024x768.jpg 1024w, https:\/\/agora.xtec.cat\/escolamontbui\/wp-content\/uploads\/usu116\/2014\/12\/IMG_2282-200x150.jpg 200w, https:\/\/agora.xtec.cat\/escolamontbui\/wp-content\/uploads\/usu116\/2014\/12\/IMG_2282.jpg 1600w\" sizes=\"auto, (max-width: 300px) 100vw, 300px\" \/><\/a><\/p>\n<p>L&#8217;<strong>Assemblea d&#8217;aula<\/strong> forma part del Pla d&#8217;Acci\u00f3 Tutorial i, per tant, del Projecte de Conviv\u00e8ncia. L&#8217;Assemblea \u00e9s el moment en el que els alumnes parlen, opinen, s&#8217;escolten, dialoguen i canalitzen les seves inquietuds per tal de fer propostes de millora i arribar aix\u00ed a <strong>acords de classe<\/strong>.<\/p>\n<p>A les aules d\u2019Educaci\u00f3 Infantil i Prim\u00e0ria fem sessions d\u2019assemblees d\u2019aula quinzenalment. L\u2019objectiu \u00e9s que els alumnes participin de les decisions de la vida del grup i de l\u2019escola. Cada classe t\u00e9 un delegat\/da, moderador\/a i secretari\/\u00e0ria encarregats de dinamitzar les assemblees a l&#8217;aula.<\/p>\n<p>Per comen\u00e7ar es llegeix l&#8217;ordre del dia i es comprova si s&#8217;han complert els acords de la darrera assemblea. Cada comunitat s&#8217;organitza per tal que es puguin\u00a0 recollir\u00a0les inquietuds i temes a tractar a la classe.<\/p>\n<p>&nbsp;<\/p>\n<h3 style=\"text-align: center;\"><strong>ASSEMBLEA DE DELEGATS I DELEGADES<\/strong><\/h3>\n<p><a href=\"https:\/\/agora.xtec.cat\/escolamontbui\/wp-content\/uploads\/usu116\/2021\/02\/IMG_3549-Desktop-Resolution.jpg\"><img loading=\"lazy\" decoding=\"async\" class=\"wp-image-7432 aligncenter\" src=\"https:\/\/agora.xtec.cat\/escolamontbui\/wp-content\/uploads\/usu116\/2021\/02\/IMG_3549-Desktop-Resolution-1024x768.jpg\" alt=\"\" width=\"418\" height=\"314\" srcset=\"https:\/\/agora.xtec.cat\/escolamontbui\/wp-content\/uploads\/usu116\/2021\/02\/IMG_3549-Desktop-Resolution-1024x768.jpg 1024w, https:\/\/agora.xtec.cat\/escolamontbui\/wp-content\/uploads\/usu116\/2021\/02\/IMG_3549-Desktop-Resolution-300x225.jpg 300w, https:\/\/agora.xtec.cat\/escolamontbui\/wp-content\/uploads\/usu116\/2021\/02\/IMG_3549-Desktop-Resolution-768x576.jpg 768w, https:\/\/agora.xtec.cat\/escolamontbui\/wp-content\/uploads\/usu116\/2021\/02\/IMG_3549-Desktop-Resolution-200x150.jpg 200w, https:\/\/agora.xtec.cat\/escolamontbui\/wp-content\/uploads\/usu116\/2021\/02\/IMG_3549-Desktop-Resolution.jpg 1440w\" sizes=\"auto, (max-width: 418px) 100vw, 418px\" \/><\/a><\/p>\n<p>L\u2019<strong>Assemblea de Delegats i Delegades<\/strong> de l\u2019escola est\u00e0 formada pels delegats\/des de cada grup-classe, des de P5 fins a 6\u00e8, i la Cap d\u2019Estudis, com a representant de l\u2019Equip Directiu del centre. L&#8217;objectiu principal de l&#8217;Assemblea \u00e9s crear un espai per escoltar l\u2019opini\u00f3 de l\u2019alumnat i fer-lo part\u00edcip de la vida i gesti\u00f3 de la nostra escola.<\/p>\n<p>A cada aula, s\u2019escull democr\u00e0ticament un\/a representant del grup que ser\u00e0 la veu de l\u2019alumnat a l\u2019Assemblea. S&#8217;acostumen a celebrar una o dues reunions per trimestre, i en aquestes sempre es treballen temes que afecten l\u2019organitzaci\u00f3 de l\u2019escola:\u00a0<strong>aspectes d&#8217;actualitat<\/strong>, <strong>propostes de millora<\/strong>&#8230;<\/p>\n<p>&nbsp;<\/p>\n<div class=\"mceTemp\"><\/div>\n","protected":false},"excerpt":{"rendered":"<p>ASSEMBLEA D&#8217;AULA L&#8217;Assemblea d&#8217;aula forma part del Pla d&#8217;Acci\u00f3 Tutorial i, per tant, del Projecte de Conviv\u00e8ncia. L&#8217;Assemblea \u00e9s el moment en el que els alumnes parlen, opinen, s&#8217;escolten, dialoguen i canalitzen les seves inquietuds per tal de fer propostes de millora i arribar aix\u00ed a acords de classe. A les aules d\u2019Educaci\u00f3 Infantil i [&hellip;]<\/p>\n","protected":false},"author":1,"featured_media":0,"parent":176,"menu_order":0,"comment_status":"closed","ping_status":"closed","template":"page-templates\/side-menu.php","meta":{"_bbp_topic_count":0,"_bbp_reply_count":0,"_bbp_total_topic_count":0,"_bbp_total_reply_count":0,"_bbp_voice_count":0,"_bbp_anonymous_reply_count":0,"_bbp_topic_count_hidden":0,"_bbp_reply_count_hidden":0,"_bbp_forum_subforum_count":0,"site-sidebar-layout":"default","site-content-layout":"","ast-site-content-layout":"","site-content-style":"default","site-sidebar-style":"default","ast-global-header-display":"","ast-banner-title-visibility":"","ast-main-header-display":"","ast-hfb-above-header-display":"","ast-hfb-below-header-display":"","ast-hfb-mobile-header-display":"","site-post-title":"","ast-breadcrumbs-content":"","ast-featured-img":"","footer-sml-layout":"","theme-transparent-header-meta":"","adv-header-id-meta":"","stick-header-meta":"","header-above-stick-meta":"","header-main-stick-meta":"","header-below-stick-meta":"","astra-migrate-meta-layouts":"default","ast-page-background-enabled":"default","ast-page-background-meta":{"desktop":{"background-color":"var(--ast-global-color-4)","background-image":"","background-repeat":"repeat","background-position":"center center","background-size":"auto","background-attachment":"scroll","background-type":"","background-media":"","overlay-type":"","overlay-color":"","overlay-opacity":"","overlay-gradient":""},"tablet":{"background-color":"","background-image":"","background-repeat":"repeat","background-position":"center center","background-size":"auto","background-attachment":"scroll","background-type":"","background-media":"","overlay-type":"","overlay-color":"","overlay-opacity":"","overlay-gradient":""},"mobile":{"background-color":"","background-image":"","background-repeat":"repeat","background-position":"center center","background-size":"auto","background-attachment":"scroll","background-type":"","background-media":"","overlay-type":"","overlay-color":"","overlay-opacity":"","overlay-gradient":""}},"ast-content-background-meta":{"desktop":{"background-color":"var(--ast-global-color-5)","background-image":"","background-repeat":"repeat","background-position":"center center","background-size":"auto","background-attachment":"scroll","background-type":"","background-media":"","overlay-type":"","overlay-color":"","overlay-opacity":"","overlay-gradient":""},"tablet":{"background-color":"var(--ast-global-color-5)","background-image":"","background-repeat":"repeat","background-position":"center center","background-size":"auto","background-attachment":"scroll","background-type":"","background-media":"","overlay-type":"","overlay-color":"","overlay-opacity":"","overlay-gradient":""},"mobile":{"background-color":"var(--ast-global-color-5)","background-image":"","background-repeat":"repeat","background-position":"center center","background-size":"auto","background-attachment":"scroll","background-type":"","background-media":"","overlay-type":"","overlay-color":"","overlay-opacity":"","overlay-gradient":""}},"footnotes":""},"class_list":["post-462","page","type-page","status-publish","hentry"],"post_mailing_queue_ids":[],"_links":{"self":[{"href":"https:\/\/agora.xtec.cat\/escolamontbui\/wp-json\/wp\/v2\/pages\/462","targetHints":{"allow":["GET"]}}],"collection":[{"href":"https:\/\/agora.xtec.cat\/escolamontbui\/wp-json\/wp\/v2\/pages"}],"about":[{"href":"https:\/\/agora.xtec.cat\/escolamontbui\/wp-json\/wp\/v2\/types\/page"}],"author":[{"embeddable":true,"href":"https:\/\/agora.xtec.cat\/escolamontbui\/wp-json\/wp\/v2\/users\/1"}],"replies":[{"embeddable":true,"href":"https:\/\/agora.xtec.cat\/escolamontbui\/wp-json\/wp\/v2\/comments?post=462"}],"version-history":[{"count":4,"href":"https:\/\/agora.xtec.cat\/escolamontbui\/wp-json\/wp\/v2\/pages\/462\/revisions"}],"predecessor-version":[{"id":7603,"href":"https:\/\/agora.xtec.cat\/escolamontbui\/wp-json\/wp\/v2\/pages\/462\/revisions\/7603"}],"up":[{"embeddable":true,"href":"https:\/\/agora.xtec.cat\/escolamontbui\/wp-json\/wp\/v2\/pages\/176"}],"wp:attachment":[{"href":"https:\/\/agora.xtec.cat\/escolamontbui\/wp-json\/wp\/v2\/media?parent=462"}],"curies":[{"name":"wp","href":"https:\/\/api.w.org\/{rel}","templated":true}]}}