{"id":3812,"date":"2017-09-24T10:32:05","date_gmt":"2017-09-24T08:32:05","guid":{"rendered":"http:\/\/agora.xtec.cat\/escolamontbui\/?page_id=3812"},"modified":"2021-02-11T18:51:07","modified_gmt":"2021-02-11T17:51:07","slug":"comunitats","status":"publish","type":"page","link":"https:\/\/agora.xtec.cat\/escolamontbui\/comunitats\/","title":{"rendered":"COMUNITATS"},"content":{"rendered":"<p>L&#8217;escola est\u00e0 organitzada per <strong>Comunitats<\/strong>: Petits, Mitjans i Grans. Les Comunitats s\u00f3n molt importants per afavorir el sentiments de <strong>pertinen\u00e7a<\/strong>. En totes les comunitats, els infants passen per ser els m\u00e9s petits, els mitjans i els grans d&#8217;aquella comunitat.<\/p>\n<p>A cada Comunitat portem a terme activitats internivell, barrejant els alumnes dels dos grups del mateix nivell i tamb\u00e9 activitats conjuntes de tota la comunitat, com els Espais d&#8217;Aprenentatge, sortides, etc. En aquests espais, els infants de la comunitat treballen i aprenen junts. Interrelacionen entre ells, tant en relaci\u00f3 als aprenentatges com a nivell social.<\/p>\n<p>Per seguir treballant les relacions entre ells i per donar oportunitat a noves relacions,\u00a0 barregen els alumnes a final de cada Comunitat.<\/p>\n","protected":false},"excerpt":{"rendered":"<p>L&#8217;escola est\u00e0 organitzada per Comunitats: Petits, Mitjans i Grans. Les Comunitats s\u00f3n molt importants per afavorir el sentiments de pertinen\u00e7a. En totes les comunitats, els infants passen per ser els m\u00e9s petits, els mitjans i els grans d&#8217;aquella comunitat. A cada Comunitat portem a terme activitats internivell, barrejant els alumnes dels dos grups del mateix [&hellip;]<\/p>\n","protected":false},"author":1,"featured_media":0,"parent":0,"menu_order":0,"comment_status":"closed","ping_status":"closed","template":"","meta":{"_bbp_topic_count":0,"_bbp_reply_count":0,"_bbp_total_topic_count":0,"_bbp_total_reply_count":0,"_bbp_voice_count":0,"_bbp_anonymous_reply_count":0,"_bbp_topic_count_hidden":0,"_bbp_reply_count_hidden":0,"_bbp_forum_subforum_count":0,"site-sidebar-layout":"default","site-content-layout":"","ast-site-content-layout":"","site-content-style":"default","site-sidebar-style":"default","ast-global-header-display":"","ast-banner-title-visibility":"","ast-main-header-display":"","ast-hfb-above-header-display":"","ast-hfb-below-header-display":"","ast-hfb-mobile-header-display":"","site-post-title":"","ast-breadcrumbs-content":"","ast-featured-img":"","footer-sml-layout":"","theme-transparent-header-meta":"","adv-header-id-meta":"","stick-header-meta":"","header-above-stick-meta":"","header-main-stick-meta":"","header-below-stick-meta":"","astra-migrate-meta-layouts":"default","ast-page-background-enabled":"default","ast-page-background-meta":{"desktop":{"background-color":"var(--ast-global-color-4)","background-image":"","background-repeat":"repeat","background-position":"center center","background-size":"auto","background-attachment":"scroll","background-type":"","background-media":"","overlay-type":"","overlay-color":"","overlay-opacity":"","overlay-gradient":""},"tablet":{"background-color":"","background-image":"","background-repeat":"repeat","background-position":"center center","background-size":"auto","background-attachment":"scroll","background-type":"","background-media":"","overlay-type":"","overlay-color":"","overlay-opacity":"","overlay-gradient":""},"mobile":{"background-color":"","background-image":"","background-repeat":"repeat","background-position":"center center","background-size":"auto","background-attachment":"scroll","background-type":"","background-media":"","overlay-type":"","overlay-color":"","overlay-opacity":"","overlay-gradient":""}},"ast-content-background-meta":{"desktop":{"background-color":"var(--ast-global-color-5)","background-image":"","background-repeat":"repeat","background-position":"center center","background-size":"auto","background-attachment":"scroll","background-type":"","background-media":"","overlay-type":"","overlay-color":"","overlay-opacity":"","overlay-gradient":""},"tablet":{"background-color":"var(--ast-global-color-5)","background-image":"","background-repeat":"repeat","background-position":"center center","background-size":"auto","background-attachment":"scroll","background-type":"","background-media":"","overlay-type":"","overlay-color":"","overlay-opacity":"","overlay-gradient":""},"mobile":{"background-color":"var(--ast-global-color-5)","background-image":"","background-repeat":"repeat","background-position":"center center","background-size":"auto","background-attachment":"scroll","background-type":"","background-media":"","overlay-type":"","overlay-color":"","overlay-opacity":"","overlay-gradient":""}},"footnotes":""},"class_list":["post-3812","page","type-page","status-publish","hentry"],"post_mailing_queue_ids":[],"_links":{"self":[{"href":"https:\/\/agora.xtec.cat\/escolamontbui\/wp-json\/wp\/v2\/pages\/3812","targetHints":{"allow":["GET"]}}],"collection":[{"href":"https:\/\/agora.xtec.cat\/escolamontbui\/wp-json\/wp\/v2\/pages"}],"about":[{"href":"https:\/\/agora.xtec.cat\/escolamontbui\/wp-json\/wp\/v2\/types\/page"}],"author":[{"embeddable":true,"href":"https:\/\/agora.xtec.cat\/escolamontbui\/wp-json\/wp\/v2\/users\/1"}],"replies":[{"embeddable":true,"href":"https:\/\/agora.xtec.cat\/escolamontbui\/wp-json\/wp\/v2\/comments?post=3812"}],"version-history":[{"count":3,"href":"https:\/\/agora.xtec.cat\/escolamontbui\/wp-json\/wp\/v2\/pages\/3812\/revisions"}],"predecessor-version":[{"id":7611,"href":"https:\/\/agora.xtec.cat\/escolamontbui\/wp-json\/wp\/v2\/pages\/3812\/revisions\/7611"}],"wp:attachment":[{"href":"https:\/\/agora.xtec.cat\/escolamontbui\/wp-json\/wp\/v2\/media?parent=3812"}],"curies":[{"name":"wp","href":"https:\/\/api.w.org\/{rel}","templated":true}]}}