{"id":350,"date":"2014-12-02T12:20:20","date_gmt":"2014-12-02T11:20:20","guid":{"rendered":"http:\/\/agora.xtec.cat\/escolamontbui\/?page_id=350"},"modified":"2016-01-21T12:21:36","modified_gmt":"2016-01-21T11:21:36","slug":"reciclatge","status":"publish","type":"page","link":"https:\/\/agora.xtec.cat\/escolamontbui\/projectes\/reciclatge\/","title":{"rendered":"Educaci\u00f3 Ambiental"},"content":{"rendered":"<p><strong>&#8220;LES PILES QUE APILO&#8221;<\/strong><\/p>\n<p>Un cop m\u00e9s volem continuar amb el projecte de cura del medi ambient que portem a terme a l&#8217;escola, participant en la campanya de recollida selectiva de piles, bateries i acomuladors esgotats.<\/p>\n<p>Dins d&#8217;aquesta campanya durant el mes de mar\u00e7 participarem en el concurs &#8220;Les piles a l&#8217;Apilo&#8221;. Es tracta de recollir el m\u00e0xim nombre de piles, bateries i acomuladors durant un mes.<\/p>\n<p>Us adjuntem la circular tot animant-vos a participar-hi. Tamb\u00e9 us facilitem l&#8217;enlla\u00e7 de la p\u00e0gina web on trobareu m\u00e9s informaci\u00f3 de la campanya <a href=\"http:\/\/www.apilo.cat\/\">http:\/\/www.apilo.cat\/<\/a><\/p>\n<p><strong>RECICLEM ANELLES<\/strong><\/p>\n<p>Els alumnes de l&#8217;Escola recullen les anelles de pl\u00e0stic. A final de curs, les portem a la F\u00e0brica ITW Hi Cone de La Garriga on les reciclen per tornar-les a fabricar. A l&#8217;Escola que en recull m\u00e9s quantitat d&#8217;anelles, la premien amb un obsequi pel centre.<br \/>\n<embed width=\"288\" height=\"192\" src=\"https:\/\/photos.gstatic.com\/media\/slideshow.swf\" type=\"application\/x-shockwave-flash\"><\/embed><br \/>\nCada curs, els <strong>alumnes de CS1<\/strong> visiten les instal.lacions de la <strong>F\u00e0brica ITW Hi Cone a La Garriga<\/strong>. Els hi expliquen el funcionament del <strong>reciclatge d&#8217;anelles<\/strong>. Tamb\u00e9 visitem la <strong>Deixalleria<\/strong> per con\u00e8ixer on hem de classificar cada tipus de deixalla.<\/p>\n<p>Un cop arribem a l&#8217;Escola, els alumnes de CS1 s&#8217;organitzen per grups i preparen una exposici\u00f3 per anar a explicar a totes les aules d&#8217;Infantil i Prim\u00e0ria la import\u00e0ncia de reciclar. A part de l&#8217;exposici\u00f3, alguns grups tamb\u00e9 preparen alguna activitat pr\u00e0ctica i d&#8217;altres activitats digitals.<\/p>\n<p>Recordem que a cada planta de l&#8217;edifici de l&#8217;Escola trobareu un &#8220;arbre&#8221; on podeu depositar les anelles.<\/p>\n<p><strong>TINGUEM CURA DELS JARDINETS<\/strong><\/p>\n<p>Els alumnes de l&#8217;escola han creat diferents r\u00e8tols per tenir cura dels jardinets i patis de l&#8217;escola. Els han anat a col.locar ells mateixos.<br \/>\n<embed width=\"288\" height=\"192\" src=\"https:\/\/photos.gstatic.com\/media\/slideshow.swf\" type=\"application\/x-shockwave-flash\"><\/embed><\/p>\n","protected":false},"excerpt":{"rendered":"<p>&#8220;LES PILES QUE APILO&#8221; Un cop m\u00e9s volem continuar amb el projecte de cura del medi ambient que portem a terme a l&#8217;escola, participant en la campanya de recollida selectiva de piles, bateries i acomuladors esgotats. Dins d&#8217;aquesta campanya durant el mes de mar\u00e7 participarem en el concurs &#8220;Les piles a l&#8217;Apilo&#8221;. Es tracta de [&hellip;]<\/p>\n","protected":false},"author":1,"featured_media":0,"parent":176,"menu_order":0,"comment_status":"closed","ping_status":"closed","template":"page-templates\/side-menu.php","meta":{"_bbp_topic_count":0,"_bbp_reply_count":0,"_bbp_total_topic_count":0,"_bbp_total_reply_count":0,"_bbp_voice_count":0,"_bbp_anonymous_reply_count":0,"_bbp_topic_count_hidden":0,"_bbp_reply_count_hidden":0,"_bbp_forum_subforum_count":0,"site-sidebar-layout":"default","site-content-layout":"","ast-site-content-layout":"","site-content-style":"default","site-sidebar-style":"default","ast-global-header-display":"","ast-banner-title-visibility":"","ast-main-header-display":"","ast-hfb-above-header-display":"","ast-hfb-below-header-display":"","ast-hfb-mobile-header-display":"","site-post-title":"","ast-breadcrumbs-content":"","ast-featured-img":"","footer-sml-layout":"","theme-transparent-header-meta":"","adv-header-id-meta":"","stick-header-meta":"","header-above-stick-meta":"","header-main-stick-meta":"","header-below-stick-meta":"","astra-migrate-meta-layouts":"default","ast-page-background-enabled":"default","ast-page-background-meta":{"desktop":{"background-color":"var(--ast-global-color-4)","background-image":"","background-repeat":"repeat","background-position":"center center","background-size":"auto","background-attachment":"scroll","background-type":"","background-media":"","overlay-type":"","overlay-color":"","overlay-opacity":"","overlay-gradient":""},"tablet":{"background-color":"","background-image":"","background-repeat":"repeat","background-position":"center center","background-size":"auto","background-attachment":"scroll","background-type":"","background-media":"","overlay-type":"","overlay-color":"","overlay-opacity":"","overlay-gradient":""},"mobile":{"background-color":"","background-image":"","background-repeat":"repeat","background-position":"center center","background-size":"auto","background-attachment":"scroll","background-type":"","background-media":"","overlay-type":"","overlay-color":"","overlay-opacity":"","overlay-gradient":""}},"ast-content-background-meta":{"desktop":{"background-color":"var(--ast-global-color-5)","background-image":"","background-repeat":"repeat","background-position":"center center","background-size":"auto","background-attachment":"scroll","background-type":"","background-media":"","overlay-type":"","overlay-color":"","overlay-opacity":"","overlay-gradient":""},"tablet":{"background-color":"var(--ast-global-color-5)","background-image":"","background-repeat":"repeat","background-position":"center center","background-size":"auto","background-attachment":"scroll","background-type":"","background-media":"","overlay-type":"","overlay-color":"","overlay-opacity":"","overlay-gradient":""},"mobile":{"background-color":"var(--ast-global-color-5)","background-image":"","background-repeat":"repeat","background-position":"center center","background-size":"auto","background-attachment":"scroll","background-type":"","background-media":"","overlay-type":"","overlay-color":"","overlay-opacity":"","overlay-gradient":""}},"footnotes":""},"class_list":["post-350","page","type-page","status-publish","hentry"],"post_mailing_queue_ids":[],"_links":{"self":[{"href":"https:\/\/agora.xtec.cat\/escolamontbui\/wp-json\/wp\/v2\/pages\/350","targetHints":{"allow":["GET"]}}],"collection":[{"href":"https:\/\/agora.xtec.cat\/escolamontbui\/wp-json\/wp\/v2\/pages"}],"about":[{"href":"https:\/\/agora.xtec.cat\/escolamontbui\/wp-json\/wp\/v2\/types\/page"}],"author":[{"embeddable":true,"href":"https:\/\/agora.xtec.cat\/escolamontbui\/wp-json\/wp\/v2\/users\/1"}],"replies":[{"embeddable":true,"href":"https:\/\/agora.xtec.cat\/escolamontbui\/wp-json\/wp\/v2\/comments?post=350"}],"version-history":[{"count":4,"href":"https:\/\/agora.xtec.cat\/escolamontbui\/wp-json\/wp\/v2\/pages\/350\/revisions"}],"predecessor-version":[{"id":1177,"href":"https:\/\/agora.xtec.cat\/escolamontbui\/wp-json\/wp\/v2\/pages\/350\/revisions\/1177"}],"up":[{"embeddable":true,"href":"https:\/\/agora.xtec.cat\/escolamontbui\/wp-json\/wp\/v2\/pages\/176"}],"wp:attachment":[{"href":"https:\/\/agora.xtec.cat\/escolamontbui\/wp-json\/wp\/v2\/media?parent=350"}],"curies":[{"name":"wp","href":"https:\/\/api.w.org\/{rel}","templated":true}]}}