{"id":348,"date":"2014-12-02T12:19:53","date_gmt":"2014-12-02T11:19:53","guid":{"rendered":"http:\/\/agora.xtec.cat\/escolamontbui\/?page_id=348"},"modified":"2021-02-11T17:50:12","modified_gmt":"2021-02-11T16:50:12","slug":"sardatic","status":"publish","type":"page","link":"https:\/\/agora.xtec.cat\/escolamontbui\/projectes\/sardatic\/","title":{"rendered":"El Pa\u00eds a l&#8217;Escola"},"content":{"rendered":"<p style=\"text-align: center;\"><a href=\"https:\/\/agora.xtec.cat\/escolamontbui\/wp-content\/uploads\/usu116\/2021\/02\/2021_02_11_17_47_22_El_pa\u00eds_a_l_escola_PortalSardanista.png\"><img loading=\"lazy\" decoding=\"async\" class=\"alignnone size-full wp-image-7586\" src=\"https:\/\/agora.xtec.cat\/escolamontbui\/wp-content\/uploads\/usu116\/2021\/02\/2021_02_11_17_47_22_El_pa\u00eds_a_l_escola_PortalSardanista.png\" alt=\"\" width=\"591\" height=\"403\" srcset=\"https:\/\/agora.xtec.cat\/escolamontbui\/wp-content\/uploads\/usu116\/2021\/02\/2021_02_11_17_47_22_El_pa\u00eds_a_l_escola_PortalSardanista.png 591w, https:\/\/agora.xtec.cat\/escolamontbui\/wp-content\/uploads\/usu116\/2021\/02\/2021_02_11_17_47_22_El_pa\u00eds_a_l_escola_PortalSardanista-300x205.png 300w\" sizes=\"auto, (max-width: 591px) 100vw, 591px\" \/><\/a><\/p>\n<p style=\"text-align: center;\">Enlla\u00e7: <a href=\"https:\/\/portalsardanista.cat\/el-pais-a-lescola\" target=\"_blank\" rel=\"noopener noreferrer\">Porta Sardanista<\/a><\/p>\n<p><b><\/b><strong>El pa\u00eds a l&#8217;escola<\/strong> \u00e9s un projecte telem\u00e0tic que t\u00e9 com a objectiu principal fer arribar de manera moderna i l\u00fadica la Sardana i la Cobla<br \/>\nal m\u00e0xim de nens i nenes en edat escolar de tot el territori de parla catalana, tot afavorint el treball col\u00b7laboratiu i en xarxa entre grups d&#8217;escoles mitjan\u00e7ant les tecnologies de la informaci\u00f3 i la comunicaci\u00f3 (TIC).<br \/>\nEl Pa\u00eds a l&#8217;Escola \u00e9s un projecte telem\u00e0tic que ofereix la possibilitat que v\u00e0ries escoles treballin conjuntament, durant un trimestre i de forma telem\u00e0tica a trav\u00e9s d&#8217;un blog, preparant els seus <strong>alumnes de 3r, 4t, 5\u00e8 i\/o 6\u00e8<\/strong> per una ballada que es realitza al final del projecte en un Aplec o ballada sardanista, alhora que aprenen moltes coses sobre la sardana.<\/p>\n<p>El projecte no nom\u00e9s contempla la part relativa a la dansa, sin\u00f3 que t\u00e9 en compte tamb\u00e9 la vessant musical, hist\u00f2rica i cultural. Per aix\u00f2 hi ha una s\u00e8rie d&#8217;activitats dissenyades i que les escoles participants aniran realitzant i penjant les seves aportacions al blog per a que siguin compartides amb les altres escoles del seu grup.<\/p>\n<p>&nbsp;<\/p>\n<p><strong>Com s&#8217;organitza el projecte?<\/strong><\/p>\n<p>El projecte es dur\u00e0 a terme durant el segon i tercer trimestre del curs escolar. Durant una durada aproximada de 12 setmanes.<\/p>\n<p>El projecte el Pa\u00eds a l&#8217;Escola es du a terme principalment a l&#8217;hora de m\u00fasica, i est\u00e0 coordinat des de cada escola per un mestre (a ser possible el mestre especialista de m\u00fasica) que \u00e9s l&#8217;encarregat de vetllar pel seguiment de les activitats i el compliment del calendari en la seva escola. Algunes activitats es poden dur a terme en altres mat\u00e8ries aix\u00ed que cada escola escollir\u00e0 la manera de treballar que li vagi millor per a cada activitat.<\/p>\n","protected":false},"excerpt":{"rendered":"<p>Enlla\u00e7: Porta Sardanista El pa\u00eds a l&#8217;escola \u00e9s un projecte telem\u00e0tic que t\u00e9 com a objectiu principal fer arribar de manera moderna i l\u00fadica la Sardana i la Cobla al m\u00e0xim de nens i nenes en edat escolar de tot el territori de parla catalana, tot afavorint el treball col\u00b7laboratiu i en xarxa entre grups [&hellip;]<\/p>\n","protected":false},"author":1,"featured_media":0,"parent":176,"menu_order":0,"comment_status":"closed","ping_status":"closed","template":"page-templates\/side-menu.php","meta":{"_bbp_topic_count":0,"_bbp_reply_count":0,"_bbp_total_topic_count":0,"_bbp_total_reply_count":0,"_bbp_voice_count":0,"_bbp_anonymous_reply_count":0,"_bbp_topic_count_hidden":0,"_bbp_reply_count_hidden":0,"_bbp_forum_subforum_count":0,"site-sidebar-layout":"default","site-content-layout":"","ast-site-content-layout":"","site-content-style":"default","site-sidebar-style":"default","ast-global-header-display":"","ast-banner-title-visibility":"","ast-main-header-display":"","ast-hfb-above-header-display":"","ast-hfb-below-header-display":"","ast-hfb-mobile-header-display":"","site-post-title":"","ast-breadcrumbs-content":"","ast-featured-img":"","footer-sml-layout":"","theme-transparent-header-meta":"","adv-header-id-meta":"","stick-header-meta":"","header-above-stick-meta":"","header-main-stick-meta":"","header-below-stick-meta":"","astra-migrate-meta-layouts":"default","ast-page-background-enabled":"default","ast-page-background-meta":{"desktop":{"background-color":"var(--ast-global-color-4)","background-image":"","background-repeat":"repeat","background-position":"center center","background-size":"auto","background-attachment":"scroll","background-type":"","background-media":"","overlay-type":"","overlay-color":"","overlay-opacity":"","overlay-gradient":""},"tablet":{"background-color":"","background-image":"","background-repeat":"repeat","background-position":"center center","background-size":"auto","background-attachment":"scroll","background-type":"","background-media":"","overlay-type":"","overlay-color":"","overlay-opacity":"","overlay-gradient":""},"mobile":{"background-color":"","background-image":"","background-repeat":"repeat","background-position":"center center","background-size":"auto","background-attachment":"scroll","background-type":"","background-media":"","overlay-type":"","overlay-color":"","overlay-opacity":"","overlay-gradient":""}},"ast-content-background-meta":{"desktop":{"background-color":"var(--ast-global-color-5)","background-image":"","background-repeat":"repeat","background-position":"center center","background-size":"auto","background-attachment":"scroll","background-type":"","background-media":"","overlay-type":"","overlay-color":"","overlay-opacity":"","overlay-gradient":""},"tablet":{"background-color":"var(--ast-global-color-5)","background-image":"","background-repeat":"repeat","background-position":"center center","background-size":"auto","background-attachment":"scroll","background-type":"","background-media":"","overlay-type":"","overlay-color":"","overlay-opacity":"","overlay-gradient":""},"mobile":{"background-color":"var(--ast-global-color-5)","background-image":"","background-repeat":"repeat","background-position":"center center","background-size":"auto","background-attachment":"scroll","background-type":"","background-media":"","overlay-type":"","overlay-color":"","overlay-opacity":"","overlay-gradient":""}},"footnotes":""},"class_list":["post-348","page","type-page","status-publish","hentry"],"post_mailing_queue_ids":[],"_links":{"self":[{"href":"https:\/\/agora.xtec.cat\/escolamontbui\/wp-json\/wp\/v2\/pages\/348","targetHints":{"allow":["GET"]}}],"collection":[{"href":"https:\/\/agora.xtec.cat\/escolamontbui\/wp-json\/wp\/v2\/pages"}],"about":[{"href":"https:\/\/agora.xtec.cat\/escolamontbui\/wp-json\/wp\/v2\/types\/page"}],"author":[{"embeddable":true,"href":"https:\/\/agora.xtec.cat\/escolamontbui\/wp-json\/wp\/v2\/users\/1"}],"replies":[{"embeddable":true,"href":"https:\/\/agora.xtec.cat\/escolamontbui\/wp-json\/wp\/v2\/comments?post=348"}],"version-history":[{"count":3,"href":"https:\/\/agora.xtec.cat\/escolamontbui\/wp-json\/wp\/v2\/pages\/348\/revisions"}],"predecessor-version":[{"id":7587,"href":"https:\/\/agora.xtec.cat\/escolamontbui\/wp-json\/wp\/v2\/pages\/348\/revisions\/7587"}],"up":[{"embeddable":true,"href":"https:\/\/agora.xtec.cat\/escolamontbui\/wp-json\/wp\/v2\/pages\/176"}],"wp:attachment":[{"href":"https:\/\/agora.xtec.cat\/escolamontbui\/wp-json\/wp\/v2\/media?parent=348"}],"curies":[{"name":"wp","href":"https:\/\/api.w.org\/{rel}","templated":true}]}}