{"id":22,"date":"2014-09-18T12:19:57","date_gmt":"2014-09-18T11:19:57","guid":{"rendered":"http:\/\/agora.xtec.cat\/escolamontbui\/?page_id=22"},"modified":"2026-01-12T13:35:46","modified_gmt":"2026-01-12T12:35:46","slug":"lescola","status":"publish","type":"page","link":"https:\/\/agora.xtec.cat\/escolamontbui\/lescola\/","title":{"rendered":"SOM ESCOLA MONTBUI"},"content":{"rendered":"<p style=\"text-align: justify;\"><span style=\"font-weight: 400;\">Som una escola p\u00fablica que confia en la inf\u00e0ncia i la mira amb respecte i esperan\u00e7a. Projectem una imatge <\/span><b>viva, activa i competent dels infants<\/b><span style=\"font-weight: 400;\">, i reconeixem una cultura d\u2019inf\u00e0ncia rica i diversa: plena de drets, de llibertats que creixen amb cura i de responsabilitats que es construeixen plegades. Un tresor que cal respectar, protegir i preservar.<\/span><\/p>\n<p style=\"text-align: justify;\"><span style=\"font-weight: 400;\">Entenem l\u2019escola com un projecte viu que respira i es transforma amb cada veu que s\u2019hi afegeix. Creixem amb la <\/span><b>difer\u00e8ncia i la diversitat de totes les persones que en formen part<\/b><span style=\"font-weight: 400;\">, i escoltem amb atenci\u00f3 les necessitats, els interessos i els desitjos dels infants: motors del cam\u00ed i del projecte col\u00b7lectiu que ens fa avan\u00e7ar.<\/span><\/p>\n<p style=\"text-align: justify;\"><span style=\"font-weight: 400;\">Som una escola inclusiva perqu\u00e8 veiem en la diversitat una font de vida i d\u2019aprenentatge compartit. <\/span><b>Acollim cada infant des del respecte profund a la seva manera \u00fanica de ser i d\u2019estar al m\u00f3n<\/b><span style=\"font-weight: 400;\">, obrint espais perqu\u00e8 tothom pugui participar, aprendre i cr\u00e9ixer amb sentit i dignitat.<\/span><\/p>\n<p style=\"text-align: justify;\"><span style=\"font-weight: 400;\">La finalitat de l\u2019escola \u00e9s<\/span><b> acompanyar el creixement integral dels infants<\/b><span style=\"font-weight: 400;\">, tenint cura de totes les particularitats que els fan ser qui s\u00f3n. Aquesta tasca neix del comprom\u00eds i el rigor professional de l\u2019equip docent, del di\u00e0leg i la reflexi\u00f3 pedag\u00f2gica compartida, i d\u2019una formaci\u00f3 cont\u00ednua que alimenta una voluntat constant de transformar, innovar i aprendre conjuntament.<\/span><\/p>\n<p style=\"text-align: justify;\"><span style=\"font-weight: 400;\">L\u2019escola i el seu projecte educatiu es construeixen amb moltes veus i moltes mans. La comunitat \u00e9s el cor i les fam\u00edlies una <\/span><b>pres\u00e8ncia imprescindible que camina al costat de l\u2019equip docent,<\/b><span style=\"font-weight: 400;\">\u00a0compartint responsabilitats, confian\u00e7a i el fil delicat de l\u2019acompanyament educatiu dels infants.<\/span><\/p>\n<p>&nbsp;<\/p>\n<p>&nbsp;<\/p>\n","protected":false},"excerpt":{"rendered":"<p>Som una escola p\u00fablica que confia en la inf\u00e0ncia i la mira amb respecte i esperan\u00e7a. Projectem una imatge viva, activa i competent dels infants, i reconeixem una cultura d\u2019inf\u00e0ncia rica i diversa: plena de drets, de llibertats que creixen amb cura i de responsabilitats que es construeixen plegades. Un tresor que cal respectar, protegir [&hellip;]<\/p>\n","protected":false},"author":2,"featured_media":0,"parent":0,"menu_order":0,"comment_status":"closed","ping_status":"closed","template":"","meta":{"_bbp_topic_count":0,"_bbp_reply_count":0,"_bbp_total_topic_count":0,"_bbp_total_reply_count":0,"_bbp_voice_count":0,"_bbp_anonymous_reply_count":0,"_bbp_topic_count_hidden":0,"_bbp_reply_count_hidden":0,"_bbp_forum_subforum_count":0,"site-sidebar-layout":"default","site-content-layout":"","ast-site-content-layout":"default","site-content-style":"default","site-sidebar-style":"default","ast-global-header-display":"","ast-banner-title-visibility":"","ast-main-header-display":"","ast-hfb-above-header-display":"","ast-hfb-below-header-display":"","ast-hfb-mobile-header-display":"","site-post-title":"","ast-breadcrumbs-content":"","ast-featured-img":"","footer-sml-layout":"","theme-transparent-header-meta":"default","adv-header-id-meta":"","stick-header-meta":"","header-above-stick-meta":"","header-main-stick-meta":"","header-below-stick-meta":"","astra-migrate-meta-layouts":"set","ast-page-background-enabled":"default","ast-page-background-meta":{"desktop":{"background-color":"var(--ast-global-color-4)","background-image":"","background-repeat":"repeat","background-position":"center center","background-size":"auto","background-attachment":"scroll","background-type":"","background-media":"","overlay-type":"","overlay-color":"","overlay-opacity":"","overlay-gradient":""},"tablet":{"background-color":"","background-image":"","background-repeat":"repeat","background-position":"center center","background-size":"auto","background-attachment":"scroll","background-type":"","background-media":"","overlay-type":"","overlay-color":"","overlay-opacity":"","overlay-gradient":""},"mobile":{"background-color":"","background-image":"","background-repeat":"repeat","background-position":"center center","background-size":"auto","background-attachment":"scroll","background-type":"","background-media":"","overlay-type":"","overlay-color":"","overlay-opacity":"","overlay-gradient":""}},"ast-content-background-meta":{"desktop":{"background-color":"var(--ast-global-color-5)","background-image":"","background-repeat":"repeat","background-position":"center center","background-size":"auto","background-attachment":"scroll","background-type":"","background-media":"","overlay-type":"","overlay-color":"","overlay-opacity":"","overlay-gradient":""},"tablet":{"background-color":"var(--ast-global-color-5)","background-image":"","background-repeat":"repeat","background-position":"center center","background-size":"auto","background-attachment":"scroll","background-type":"","background-media":"","overlay-type":"","overlay-color":"","overlay-opacity":"","overlay-gradient":""},"mobile":{"background-color":"var(--ast-global-color-5)","background-image":"","background-repeat":"repeat","background-position":"center center","background-size":"auto","background-attachment":"scroll","background-type":"","background-media":"","overlay-type":"","overlay-color":"","overlay-opacity":"","overlay-gradient":""}},"footnotes":""},"class_list":["post-22","page","type-page","status-publish","hentry"],"post_mailing_queue_ids":[],"_links":{"self":[{"href":"https:\/\/agora.xtec.cat\/escolamontbui\/wp-json\/wp\/v2\/pages\/22","targetHints":{"allow":["GET"]}}],"collection":[{"href":"https:\/\/agora.xtec.cat\/escolamontbui\/wp-json\/wp\/v2\/pages"}],"about":[{"href":"https:\/\/agora.xtec.cat\/escolamontbui\/wp-json\/wp\/v2\/types\/page"}],"author":[{"embeddable":true,"href":"https:\/\/agora.xtec.cat\/escolamontbui\/wp-json\/wp\/v2\/users\/2"}],"replies":[{"embeddable":true,"href":"https:\/\/agora.xtec.cat\/escolamontbui\/wp-json\/wp\/v2\/comments?post=22"}],"version-history":[{"count":6,"href":"https:\/\/agora.xtec.cat\/escolamontbui\/wp-json\/wp\/v2\/pages\/22\/revisions"}],"predecessor-version":[{"id":11664,"href":"https:\/\/agora.xtec.cat\/escolamontbui\/wp-json\/wp\/v2\/pages\/22\/revisions\/11664"}],"wp:attachment":[{"href":"https:\/\/agora.xtec.cat\/escolamontbui\/wp-json\/wp\/v2\/media?parent=22"}],"curies":[{"name":"wp","href":"https:\/\/api.w.org\/{rel}","templated":true}]}}