{"id":187,"date":"2014-10-05T21:41:01","date_gmt":"2014-10-05T20:41:01","guid":{"rendered":"http:\/\/agora.xtec.cat\/escolamontbui\/?page_id=187"},"modified":"2017-02-19T08:28:43","modified_gmt":"2017-02-19T07:28:43","slug":"pla-lector","status":"publish","type":"page","link":"https:\/\/agora.xtec.cat\/escolamontbui\/projectes\/pla-lector\/","title":{"rendered":"Pla Lector"},"content":{"rendered":"<p><strong>LECXIT<\/strong><\/p>\n<p>LECXIT vol <strong>millorar la comprensi\u00f3 lectora<\/strong> dels infants involucrant escoles, fam\u00edlies i voluntaris. Aquesta activitat est\u00e0 dirigida als alumnes de CM2, CS1 i CS2. Les sessions de lectura es faran en horari extraescolar: <strong>ELS DIMARTS DE 16.30 A 17.30h.<\/strong><\/p>\n<p>&nbsp;<\/p>\n<p style=\"text-align: left;\"><strong>PROJECTE LLEGIM<\/strong><\/p>\n<p style=\"text-align: left;\">L<strong>&#8216;activitat di\u00e0ria<\/strong> a l&#8217;escola s&#8217;inicia amb <strong>15 minuts de lectura individualitzada<\/strong>. Es tracta d&#8217;un temps destinat a la lectura per la lectura, sense exigir despr\u00e9s cap treball a canvi.<\/p>\n<blockquote>\n<p style=\"text-align: left;\"><em>Cada dia tenim uns llibres per llegir. Tenim un full on apuntem l&#8217;autor, el t\u00edtol, l&#8217;editorial i quin dia el comences i acabes de llegir. Aprenem a llegir m\u00e9s. (alumne)<\/em><\/p>\n<p style=\"text-align: left;\">\n<p style=\"text-align: left;\">\n<\/blockquote>\n<p style=\"text-align: left;\"><strong>LLEGIM EN COMPANYIA<\/strong><\/p>\n<p style=\"text-align: left;\">Els alumnes de Cicle Superior ajuden a llegir als alumnes de Cicle Inicial. Cada mat\u00ed hi van 3 alumnes a fer aquesta activitat durant 15 minuts. L&#8217;objectiu \u00e9s aprendre a llegir aprofitant l&#8217;ajuda dels m\u00e9s grans cap als m\u00e9s petits. Els agrada molt i aprenen tant uns com els altres!<\/p>\n<blockquote>\n<p style=\"text-align: left;\"><em>Es divertit perqu\u00e8 ensenyes als nens de primer a llegir. Coneixes a nens i quan tenen vergonya, tu has d&#8217;animar-los a llegir i que no juguin. (alumne)<\/em><\/p>\n<\/blockquote>\n<p>&nbsp;<\/p>\n<p><strong>ACTIVITATS DE BIBLIOTECA A CICLE INICIAL<\/strong><\/p>\n<p>Els alumnes de Cicle Inicial fan activitats de dinamitzaci\u00f3 de la lectura organitzats en mig grup i de forma quinzenal. D&#8217;aquesta manera es fomenta el gust per la lectura.<\/p>\n<p>&nbsp;<\/p>\n<p><strong>DINAMITZACI\u00d3 DE LA LECTURA A CICLE SUPERIOR (Ferran Puertas)<br \/>\n<\/strong><\/p>\n<p style=\"text-align: left;\">Els alumnes de Cicle Superior van a la Biblioteca de l&#8217;Escola on realitzen activitats de dinamitzaci\u00f3 de la lectura.<\/p>\n<blockquote>\n<p style=\"text-align: left;\"><em>El Ferran, a vegades ens llegeix un llibre i despr\u00e9s ens pregunta coses sobre el llibre. (alumne)<br \/>\n<\/em><\/p>\n<\/blockquote>\n<p style=\"text-align: left;\">\n<p style=\"text-align: left;\">\n<p style=\"text-align: left;\"><strong>BIBLIOPATI<\/strong><\/p>\n<p style=\"text-align: left;\">Els alumnes poden triar si sortir al pati a jugar o b\u00e9 aprofitar el pati per llegir una estona. S&#8217;ha creat un espai destinat a aquesta activitat i de moment, est\u00e0 sent tot un \u00e8xit.<\/p>\n<blockquote>\n<p style=\"text-align: left;\"><em>Agafem un llibre i unes nenes que estan apuntant, els diem el nostre nom i apunten el nostre nom i despr\u00e9s el podem llegir. M&#8217;agrada el Bibliopati, \u00e9s molt guai! (alumne)<br \/>\n<\/em><\/p>\n<\/blockquote>\n<p>&nbsp;<\/p>\n","protected":false},"excerpt":{"rendered":"<p>LECXIT LECXIT vol millorar la comprensi\u00f3 lectora dels infants involucrant escoles, fam\u00edlies i voluntaris. Aquesta activitat est\u00e0 dirigida als alumnes de CM2, CS1 i CS2. Les sessions de lectura es faran en horari extraescolar: ELS DIMARTS DE 16.30 A 17.30h. &nbsp; PROJECTE LLEGIM L&#8216;activitat di\u00e0ria a l&#8217;escola s&#8217;inicia amb 15 minuts de lectura individualitzada. Es [&hellip;]<\/p>\n","protected":false},"author":1,"featured_media":0,"parent":176,"menu_order":1,"comment_status":"closed","ping_status":"closed","template":"page-templates\/side-menu.php","meta":{"_bbp_topic_count":0,"_bbp_reply_count":0,"_bbp_total_topic_count":0,"_bbp_total_reply_count":0,"_bbp_voice_count":0,"_bbp_anonymous_reply_count":0,"_bbp_topic_count_hidden":0,"_bbp_reply_count_hidden":0,"_bbp_forum_subforum_count":0,"site-sidebar-layout":"default","site-content-layout":"","ast-site-content-layout":"","site-content-style":"default","site-sidebar-style":"default","ast-global-header-display":"","ast-banner-title-visibility":"","ast-main-header-display":"","ast-hfb-above-header-display":"","ast-hfb-below-header-display":"","ast-hfb-mobile-header-display":"","site-post-title":"","ast-breadcrumbs-content":"","ast-featured-img":"","footer-sml-layout":"","theme-transparent-header-meta":"","adv-header-id-meta":"","stick-header-meta":"","header-above-stick-meta":"","header-main-stick-meta":"","header-below-stick-meta":"","astra-migrate-meta-layouts":"default","ast-page-background-enabled":"default","ast-page-background-meta":{"desktop":{"background-color":"var(--ast-global-color-4)","background-image":"","background-repeat":"repeat","background-position":"center center","background-size":"auto","background-attachment":"scroll","background-type":"","background-media":"","overlay-type":"","overlay-color":"","overlay-opacity":"","overlay-gradient":""},"tablet":{"background-color":"","background-image":"","background-repeat":"repeat","background-position":"center center","background-size":"auto","background-attachment":"scroll","background-type":"","background-media":"","overlay-type":"","overlay-color":"","overlay-opacity":"","overlay-gradient":""},"mobile":{"background-color":"","background-image":"","background-repeat":"repeat","background-position":"center center","background-size":"auto","background-attachment":"scroll","background-type":"","background-media":"","overlay-type":"","overlay-color":"","overlay-opacity":"","overlay-gradient":""}},"ast-content-background-meta":{"desktop":{"background-color":"var(--ast-global-color-5)","background-image":"","background-repeat":"repeat","background-position":"center center","background-size":"auto","background-attachment":"scroll","background-type":"","background-media":"","overlay-type":"","overlay-color":"","overlay-opacity":"","overlay-gradient":""},"tablet":{"background-color":"var(--ast-global-color-5)","background-image":"","background-repeat":"repeat","background-position":"center center","background-size":"auto","background-attachment":"scroll","background-type":"","background-media":"","overlay-type":"","overlay-color":"","overlay-opacity":"","overlay-gradient":""},"mobile":{"background-color":"var(--ast-global-color-5)","background-image":"","background-repeat":"repeat","background-position":"center center","background-size":"auto","background-attachment":"scroll","background-type":"","background-media":"","overlay-type":"","overlay-color":"","overlay-opacity":"","overlay-gradient":""}},"footnotes":""},"class_list":["post-187","page","type-page","status-publish","hentry"],"post_mailing_queue_ids":[],"_links":{"self":[{"href":"https:\/\/agora.xtec.cat\/escolamontbui\/wp-json\/wp\/v2\/pages\/187","targetHints":{"allow":["GET"]}}],"collection":[{"href":"https:\/\/agora.xtec.cat\/escolamontbui\/wp-json\/wp\/v2\/pages"}],"about":[{"href":"https:\/\/agora.xtec.cat\/escolamontbui\/wp-json\/wp\/v2\/types\/page"}],"author":[{"embeddable":true,"href":"https:\/\/agora.xtec.cat\/escolamontbui\/wp-json\/wp\/v2\/users\/1"}],"replies":[{"embeddable":true,"href":"https:\/\/agora.xtec.cat\/escolamontbui\/wp-json\/wp\/v2\/comments?post=187"}],"version-history":[{"count":4,"href":"https:\/\/agora.xtec.cat\/escolamontbui\/wp-json\/wp\/v2\/pages\/187\/revisions"}],"predecessor-version":[{"id":3322,"href":"https:\/\/agora.xtec.cat\/escolamontbui\/wp-json\/wp\/v2\/pages\/187\/revisions\/3322"}],"up":[{"embeddable":true,"href":"https:\/\/agora.xtec.cat\/escolamontbui\/wp-json\/wp\/v2\/pages\/176"}],"wp:attachment":[{"href":"https:\/\/agora.xtec.cat\/escolamontbui\/wp-json\/wp\/v2\/media?parent=187"}],"curies":[{"name":"wp","href":"https:\/\/api.w.org\/{rel}","templated":true}]}}