{"id":184,"date":"2014-10-05T21:40:25","date_gmt":"2014-10-05T20:40:25","guid":{"rendered":"http:\/\/agora.xtec.cat\/escolamontbui\/?page_id=184"},"modified":"2019-02-17T01:18:07","modified_gmt":"2019-02-17T00:18:07","slug":"teatre","status":"publish","type":"page","link":"https:\/\/agora.xtec.cat\/escolamontbui\/projectes\/teatre\/","title":{"rendered":"Teatre a l&#8217;Escola"},"content":{"rendered":"<p style=\"text-align: center;\"><span style=\"font-size: 12pt;\"><strong><span style=\"color: #008000;\">Una mica d&#8217;hist\u00f2ria sobre el teatre a la nostra escola&#8230;<\/span><\/strong><\/span><\/p>\n<p>El teatre a la nostra escola ha tingut i t\u00e9 un paper molt important. Considerem que \u00e9s una eina que ajuda a millorar moltes habilitats socials i emocionals dels alumnes. A trav\u00e9s del teatre aconseguim:<\/p>\n<p>&#8211; Aprendre a expressar-se i a escoltar.<br \/>\n&#8211; Descobrir els personatges d\u2019un conte o hist\u00f2ria.<br \/>\n&#8211; Dominar el cos i de la veu per a millorar la comunicaci\u00f3.<br \/>\n&#8211; Desenvolupar la imaginaci\u00f3 jugant a ser personatges fant\u00e0stics.<\/p>\n<p>A part d&#8217;aquests aspectes m\u00e9s personals, el teatre a l&#8217;Escola Montbui \u00e9s tot un \u00e8xit: poder gaudir d&#8217;obres preparades pels mateixos alumnes en diferents actes i celebracions, \u00e9s un luxe. Els alumnes es converteixen en els aut\u00e8ntics protagonistes i ens fan passar una bona estona amb les seves representacions. Imagineu-vos el qu\u00e8 suposa per un alumne de 3 anys, veure com el seu germ\u00e0 gran est\u00e0 dalt de l&#8217;escenari.<\/p>\n<p>La persona responsable que tot aix\u00f2 sigui possible \u00e9s en <strong>Ferran Puertas<\/strong> encarregat de dinamitzar l&#8217;activitat.<\/p>\n<p>&nbsp;<\/p>\n","protected":false},"excerpt":{"rendered":"<p>Una mica d&#8217;hist\u00f2ria sobre el teatre a la nostra escola&#8230; El teatre a la nostra escola ha tingut i t\u00e9 un paper molt important. Considerem que \u00e9s una eina que ajuda a millorar moltes habilitats socials i emocionals dels alumnes. A trav\u00e9s del teatre aconseguim: &#8211; Aprendre a expressar-se i a escoltar. &#8211; Descobrir els [&hellip;]<\/p>\n","protected":false},"author":1,"featured_media":0,"parent":176,"menu_order":4,"comment_status":"closed","ping_status":"closed","template":"page-templates\/side-menu.php","meta":{"_bbp_topic_count":0,"_bbp_reply_count":0,"_bbp_total_topic_count":0,"_bbp_total_reply_count":0,"_bbp_voice_count":0,"_bbp_anonymous_reply_count":0,"_bbp_topic_count_hidden":0,"_bbp_reply_count_hidden":0,"_bbp_forum_subforum_count":0,"site-sidebar-layout":"default","site-content-layout":"","ast-site-content-layout":"","site-content-style":"default","site-sidebar-style":"default","ast-global-header-display":"","ast-banner-title-visibility":"","ast-main-header-display":"","ast-hfb-above-header-display":"","ast-hfb-below-header-display":"","ast-hfb-mobile-header-display":"","site-post-title":"","ast-breadcrumbs-content":"","ast-featured-img":"","footer-sml-layout":"","theme-transparent-header-meta":"","adv-header-id-meta":"","stick-header-meta":"","header-above-stick-meta":"","header-main-stick-meta":"","header-below-stick-meta":"","astra-migrate-meta-layouts":"default","ast-page-background-enabled":"default","ast-page-background-meta":{"desktop":{"background-color":"var(--ast-global-color-4)","background-image":"","background-repeat":"repeat","background-position":"center center","background-size":"auto","background-attachment":"scroll","background-type":"","background-media":"","overlay-type":"","overlay-color":"","overlay-opacity":"","overlay-gradient":""},"tablet":{"background-color":"","background-image":"","background-repeat":"repeat","background-position":"center center","background-size":"auto","background-attachment":"scroll","background-type":"","background-media":"","overlay-type":"","overlay-color":"","overlay-opacity":"","overlay-gradient":""},"mobile":{"background-color":"","background-image":"","background-repeat":"repeat","background-position":"center center","background-size":"auto","background-attachment":"scroll","background-type":"","background-media":"","overlay-type":"","overlay-color":"","overlay-opacity":"","overlay-gradient":""}},"ast-content-background-meta":{"desktop":{"background-color":"var(--ast-global-color-5)","background-image":"","background-repeat":"repeat","background-position":"center center","background-size":"auto","background-attachment":"scroll","background-type":"","background-media":"","overlay-type":"","overlay-color":"","overlay-opacity":"","overlay-gradient":""},"tablet":{"background-color":"var(--ast-global-color-5)","background-image":"","background-repeat":"repeat","background-position":"center center","background-size":"auto","background-attachment":"scroll","background-type":"","background-media":"","overlay-type":"","overlay-color":"","overlay-opacity":"","overlay-gradient":""},"mobile":{"background-color":"var(--ast-global-color-5)","background-image":"","background-repeat":"repeat","background-position":"center center","background-size":"auto","background-attachment":"scroll","background-type":"","background-media":"","overlay-type":"","overlay-color":"","overlay-opacity":"","overlay-gradient":""}},"footnotes":""},"class_list":["post-184","page","type-page","status-publish","hentry"],"post_mailing_queue_ids":[],"_links":{"self":[{"href":"https:\/\/agora.xtec.cat\/escolamontbui\/wp-json\/wp\/v2\/pages\/184","targetHints":{"allow":["GET"]}}],"collection":[{"href":"https:\/\/agora.xtec.cat\/escolamontbui\/wp-json\/wp\/v2\/pages"}],"about":[{"href":"https:\/\/agora.xtec.cat\/escolamontbui\/wp-json\/wp\/v2\/types\/page"}],"author":[{"embeddable":true,"href":"https:\/\/agora.xtec.cat\/escolamontbui\/wp-json\/wp\/v2\/users\/1"}],"replies":[{"embeddable":true,"href":"https:\/\/agora.xtec.cat\/escolamontbui\/wp-json\/wp\/v2\/comments?post=184"}],"version-history":[{"count":4,"href":"https:\/\/agora.xtec.cat\/escolamontbui\/wp-json\/wp\/v2\/pages\/184\/revisions"}],"predecessor-version":[{"id":5103,"href":"https:\/\/agora.xtec.cat\/escolamontbui\/wp-json\/wp\/v2\/pages\/184\/revisions\/5103"}],"up":[{"embeddable":true,"href":"https:\/\/agora.xtec.cat\/escolamontbui\/wp-json\/wp\/v2\/pages\/176"}],"wp:attachment":[{"href":"https:\/\/agora.xtec.cat\/escolamontbui\/wp-json\/wp\/v2\/media?parent=184"}],"curies":[{"name":"wp","href":"https:\/\/api.w.org\/{rel}","templated":true}]}}