{"id":11761,"date":"2026-01-22T16:00:47","date_gmt":"2026-01-22T15:00:47","guid":{"rendered":"https:\/\/agora.xtec.cat\/escolamontbui\/?page_id=11761"},"modified":"2026-01-22T16:00:47","modified_gmt":"2026-01-22T15:00:47","slug":"laula-magica-un-espai-per-sentir-creixer-i-aprendre","status":"publish","type":"page","link":"https:\/\/agora.xtec.cat\/escolamontbui\/laula-magica-un-espai-per-sentir-creixer-i-aprendre\/","title":{"rendered":"L\u2019Aula M\u00e0gica: un espai per sentir, cr\u00e9ixer i aprendre"},"content":{"rendered":"<p><span style=\"font-weight: 400;\">A l\u2019Escola Montbui entenem que aprendre va molt m\u00e9s enll\u00e0 de les aules i dels continguts. Aprendre \u00e9s viure experi\u00e8ncies, escoltar el propi cos, emocionar-se, trobar la calma i establir vincles amb un mateix i amb els altres. Amb aquesta mirada neix l\u2019Aula M\u00e0gica, un espai multisensorial pensat per cuidar el benestar emocional i afavorir aprenentatges profunds i significatius.<\/span><\/p>\n<p><span style=\"font-weight: 400;\">L\u2019Aula M\u00e0gica \u00e9s un espai de calma, benestar i acollida que convida els infants a explorar el m\u00f3n a trav\u00e9s dels cinc sentits. Un entorn cuidat que afavoreix el desenvolupament emocional, sensorial i cognitiu, i que permet aturar-se, observar, experimentar i autoregular-se, aspectes essencials per al creixement personal i per a l\u2019aprenentatge.<\/span><\/p>\n<p><span style=\"font-weight: 400;\">L\u2019espai s\u2019utilitza en petits grups, fet que possibilita un acompanyament proper i respectu\u00f3s. A trav\u00e9s de la llum, el moviment, les textures, els sons i les olors, els infants prenen consci\u00e8ncia del propi cos, expressen emocions i descobreixen estrat\u00e8gies de regulaci\u00f3, compet\u00e8ncies fonamentals dins d\u2019una educaci\u00f3 integral.<\/span><\/p>\n<p><span style=\"font-weight: 400;\">L\u2019Aula M\u00e0gica compta amb una varietat de materials i recursos que conviden a la descoberta i a l\u2019exploraci\u00f3: una torre sensorial, un gronxador vestibular i una hamaca, una cabana fosca amb activitats de llum ultraviolada, una piscina de boles, una taula de llum i d\u2019aigua, entre d\u2019altres. L\u2019espai es completa amb projector, m\u00fasica i difusor d\u2019aromes, que permeten crear ambients relaxants i immersius, potenciant el benestar emocional dels infants.<\/span><\/p>\n<p><span style=\"font-weight: 400;\">Es tracta d\u2019un espai viu, en constant evoluci\u00f3, que s\u2019enriqueix amb noves propostes i recursos per donar resposta a les necessitats dels infants. L\u2019Aula M\u00e0gica esdev\u00e9 aix\u00ed un recurs educatiu que afavoreix l\u2019autonomia, l\u2019equilibri emocional i un aprenentatge significatiu, sempre respectu\u00f3s amb els ritmes individuals. Un espai per sentir, descobrir i aprendre des del benestar.<\/span><\/p>\n<p><a href=\"https:\/\/agora.xtec.cat\/escolamontbui\/wp-content\/uploads\/usu116\/2026\/01\/Beige-minimalist-photo-collage-1.png\"><img loading=\"lazy\" decoding=\"async\" class=\"aligncenter size-full wp-image-11764\" src=\"https:\/\/agora.xtec.cat\/escolamontbui\/wp-content\/uploads\/usu116\/2026\/01\/Beige-minimalist-photo-collage-1.png\" alt=\"\" width=\"1801\" height=\"1600\" srcset=\"https:\/\/agora.xtec.cat\/escolamontbui\/wp-content\/uploads\/usu116\/2026\/01\/Beige-minimalist-photo-collage-1.png 1801w, https:\/\/agora.xtec.cat\/escolamontbui\/wp-content\/uploads\/usu116\/2026\/01\/Beige-minimalist-photo-collage-1-300x267.png 300w, https:\/\/agora.xtec.cat\/escolamontbui\/wp-content\/uploads\/usu116\/2026\/01\/Beige-minimalist-photo-collage-1-1024x910.png 1024w, https:\/\/agora.xtec.cat\/escolamontbui\/wp-content\/uploads\/usu116\/2026\/01\/Beige-minimalist-photo-collage-1-768x682.png 768w, https:\/\/agora.xtec.cat\/escolamontbui\/wp-content\/uploads\/usu116\/2026\/01\/Beige-minimalist-photo-collage-1-1536x1365.png 1536w\" sizes=\"auto, (max-width: 1801px) 100vw, 1801px\" \/><\/a><\/p>\n","protected":false},"excerpt":{"rendered":"<p>A l\u2019Escola Montbui entenem que aprendre va molt m\u00e9s enll\u00e0 de les aules i dels continguts. Aprendre \u00e9s viure experi\u00e8ncies, escoltar el propi cos, emocionar-se, trobar la calma i establir vincles amb un mateix i amb els altres. Amb aquesta mirada neix l\u2019Aula M\u00e0gica, un espai multisensorial pensat per cuidar el benestar emocional i afavorir [&hellip;]<\/p>\n","protected":false},"author":1,"featured_media":0,"parent":0,"menu_order":0,"comment_status":"closed","ping_status":"closed","template":"","meta":{"_bbp_topic_count":0,"_bbp_reply_count":0,"_bbp_total_topic_count":0,"_bbp_total_reply_count":0,"_bbp_voice_count":0,"_bbp_anonymous_reply_count":0,"_bbp_topic_count_hidden":0,"_bbp_reply_count_hidden":0,"_bbp_forum_subforum_count":0,"site-sidebar-layout":"default","site-content-layout":"","ast-site-content-layout":"default","site-content-style":"default","site-sidebar-style":"default","ast-global-header-display":"","ast-banner-title-visibility":"","ast-main-header-display":"","ast-hfb-above-header-display":"","ast-hfb-below-header-display":"","ast-hfb-mobile-header-display":"","site-post-title":"","ast-breadcrumbs-content":"","ast-featured-img":"","footer-sml-layout":"","theme-transparent-header-meta":"default","adv-header-id-meta":"","stick-header-meta":"","header-above-stick-meta":"","header-main-stick-meta":"","header-below-stick-meta":"","astra-migrate-meta-layouts":"set","ast-page-background-enabled":"default","ast-page-background-meta":{"desktop":{"background-color":"var(--ast-global-color-4)","background-image":"","background-repeat":"repeat","background-position":"center center","background-size":"auto","background-attachment":"scroll","background-type":"","background-media":"","overlay-type":"","overlay-color":"","overlay-opacity":"","overlay-gradient":""},"tablet":{"background-color":"","background-image":"","background-repeat":"repeat","background-position":"center center","background-size":"auto","background-attachment":"scroll","background-type":"","background-media":"","overlay-type":"","overlay-color":"","overlay-opacity":"","overlay-gradient":""},"mobile":{"background-color":"","background-image":"","background-repeat":"repeat","background-position":"center center","background-size":"auto","background-attachment":"scroll","background-type":"","background-media":"","overlay-type":"","overlay-color":"","overlay-opacity":"","overlay-gradient":""}},"ast-content-background-meta":{"desktop":{"background-color":"var(--ast-global-color-5)","background-image":"","background-repeat":"repeat","background-position":"center center","background-size":"auto","background-attachment":"scroll","background-type":"","background-media":"","overlay-type":"","overlay-color":"","overlay-opacity":"","overlay-gradient":""},"tablet":{"background-color":"var(--ast-global-color-5)","background-image":"","background-repeat":"repeat","background-position":"center center","background-size":"auto","background-attachment":"scroll","background-type":"","background-media":"","overlay-type":"","overlay-color":"","overlay-opacity":"","overlay-gradient":""},"mobile":{"background-color":"var(--ast-global-color-5)","background-image":"","background-repeat":"repeat","background-position":"center center","background-size":"auto","background-attachment":"scroll","background-type":"","background-media":"","overlay-type":"","overlay-color":"","overlay-opacity":"","overlay-gradient":""}},"footnotes":""},"class_list":["post-11761","page","type-page","status-publish","hentry"],"post_mailing_queue_ids":[],"_links":{"self":[{"href":"https:\/\/agora.xtec.cat\/escolamontbui\/wp-json\/wp\/v2\/pages\/11761","targetHints":{"allow":["GET"]}}],"collection":[{"href":"https:\/\/agora.xtec.cat\/escolamontbui\/wp-json\/wp\/v2\/pages"}],"about":[{"href":"https:\/\/agora.xtec.cat\/escolamontbui\/wp-json\/wp\/v2\/types\/page"}],"author":[{"embeddable":true,"href":"https:\/\/agora.xtec.cat\/escolamontbui\/wp-json\/wp\/v2\/users\/1"}],"replies":[{"embeddable":true,"href":"https:\/\/agora.xtec.cat\/escolamontbui\/wp-json\/wp\/v2\/comments?post=11761"}],"version-history":[{"count":1,"href":"https:\/\/agora.xtec.cat\/escolamontbui\/wp-json\/wp\/v2\/pages\/11761\/revisions"}],"predecessor-version":[{"id":11765,"href":"https:\/\/agora.xtec.cat\/escolamontbui\/wp-json\/wp\/v2\/pages\/11761\/revisions\/11765"}],"wp:attachment":[{"href":"https:\/\/agora.xtec.cat\/escolamontbui\/wp-json\/wp\/v2\/media?parent=11761"}],"curies":[{"name":"wp","href":"https:\/\/api.w.org\/{rel}","templated":true}]}}