{"id":11740,"date":"2026-01-22T13:20:07","date_gmt":"2026-01-22T12:20:07","guid":{"rendered":"https:\/\/agora.xtec.cat\/escolamontbui\/?page_id=11740"},"modified":"2026-01-22T15:34:56","modified_gmt":"2026-01-22T14:34:56","slug":"siei-i-siei-%c2%b7-cuidar-la-diversitat-acompanyar-cada-cami","status":"publish","type":"page","link":"https:\/\/agora.xtec.cat\/escolamontbui\/projectes\/siei-i-siei-%c2%b7-cuidar-la-diversitat-acompanyar-cada-cami\/","title":{"rendered":"SIEI i SIEI+. Cuidar la diversitat, acompanyar cada cam\u00ed"},"content":{"rendered":"<p><span style=\"font-weight: 400;\">A l\u2019Escola Montbui entenem la diversitat com una expressi\u00f3 natural de la vida i de la inf\u00e0ncia. Cada infant recorre el seu propi cam\u00ed d\u2019aprenentatge, amb ritmes, necessitats i maneres d\u2019estar al m\u00f3n que mereixen ser reconegudes i respectades. Per aix\u00f2, el nostre projecte educatiu incorpora els recursos SIEI i SIEI+, com a espais de suport que acompanyen aquests camins amb cura i mirada atenta.\u00a0<\/span><\/p>\n<p><span style=\"font-weight: 400;\">El SIEI i el SIEI+ ofereixen un acompanyament intensiu i especialitzat a aquells infants que ho necessiten, sempre des d\u2019una perspectiva inclusiva, que s\u2019entrellacen amb la vida quotidiana de l\u2019escola, afavorint la participaci\u00f3, el vincle i el sentiment de pertinen\u00e7a.\u00a0<\/span><\/p>\n<p><span style=\"font-weight: 400;\">Per aconseguir-ho, treballem de manera coordinada entre mestres i professionals especialitzats, i amb la col\u00b7laboraci\u00f3 estreta de les fam\u00edlies. Adaptem temps, espais, materials i propostes perqu\u00e8 cada infant pugui aprendre amb sentit i benestar, combinant moments a l\u2019aula ordin\u00e0ria amb espais m\u00e9s personalitzats segons les necessitats de cada moment.\u00a0<\/span><\/p>\n<p><span style=\"font-weight: 400;\">Aquests recursos de centre s\u00f3n una manera de cuidar l\u2019escola que volem: una escola que escolta, sost\u00e9 i confia, on cada infant se sent vist, reconegut i acompanyat. Una comunitat educativa que creix en la diversitat, on tots tenen un lloc, una veu i un cam\u00ed propi per aprendre i cr\u00e9ixer amb benestar, seguretat i confian\u00e7a.<a href=\"https:\/\/agora.xtec.cat\/escolamontbui\/wp-content\/uploads\/usu116\/2026\/01\/Diseno-sin-titulo-2.jpg\"><img loading=\"lazy\" decoding=\"async\" class=\"aligncenter size-full wp-image-11741\" src=\"https:\/\/agora.xtec.cat\/escolamontbui\/wp-content\/uploads\/usu116\/2026\/01\/Diseno-sin-titulo-2.jpg\" alt=\"\" width=\"2000\" height=\"1600\" srcset=\"https:\/\/agora.xtec.cat\/escolamontbui\/wp-content\/uploads\/usu116\/2026\/01\/Diseno-sin-titulo-2.jpg 2000w, https:\/\/agora.xtec.cat\/escolamontbui\/wp-content\/uploads\/usu116\/2026\/01\/Diseno-sin-titulo-2-300x240.jpg 300w, https:\/\/agora.xtec.cat\/escolamontbui\/wp-content\/uploads\/usu116\/2026\/01\/Diseno-sin-titulo-2-1024x819.jpg 1024w, https:\/\/agora.xtec.cat\/escolamontbui\/wp-content\/uploads\/usu116\/2026\/01\/Diseno-sin-titulo-2-768x614.jpg 768w, https:\/\/agora.xtec.cat\/escolamontbui\/wp-content\/uploads\/usu116\/2026\/01\/Diseno-sin-titulo-2-1536x1229.jpg 1536w\" sizes=\"auto, (max-width: 2000px) 100vw, 2000px\" \/><\/a><\/span><\/p>\n","protected":false},"excerpt":{"rendered":"<p>A l\u2019Escola Montbui entenem la diversitat com una expressi\u00f3 natural de la vida i de la inf\u00e0ncia. Cada infant recorre el seu propi cam\u00ed d\u2019aprenentatge, amb ritmes, necessitats i maneres d\u2019estar al m\u00f3n que mereixen ser reconegudes i respectades. Per aix\u00f2, el nostre projecte educatiu incorpora els recursos SIEI i SIEI+, com a espais de [&hellip;]<\/p>\n","protected":false},"author":1,"featured_media":0,"parent":176,"menu_order":0,"comment_status":"closed","ping_status":"closed","template":"","meta":{"_bbp_topic_count":0,"_bbp_reply_count":0,"_bbp_total_topic_count":0,"_bbp_total_reply_count":0,"_bbp_voice_count":0,"_bbp_anonymous_reply_count":0,"_bbp_topic_count_hidden":0,"_bbp_reply_count_hidden":0,"_bbp_forum_subforum_count":0,"site-sidebar-layout":"default","site-content-layout":"","ast-site-content-layout":"default","site-content-style":"default","site-sidebar-style":"default","ast-global-header-display":"","ast-banner-title-visibility":"","ast-main-header-display":"","ast-hfb-above-header-display":"","ast-hfb-below-header-display":"","ast-hfb-mobile-header-display":"","site-post-title":"","ast-breadcrumbs-content":"","ast-featured-img":"","footer-sml-layout":"","theme-transparent-header-meta":"default","adv-header-id-meta":"","stick-header-meta":"","header-above-stick-meta":"","header-main-stick-meta":"","header-below-stick-meta":"","astra-migrate-meta-layouts":"set","ast-page-background-enabled":"default","ast-page-background-meta":{"desktop":{"background-color":"var(--ast-global-color-4)","background-image":"","background-repeat":"repeat","background-position":"center center","background-size":"auto","background-attachment":"scroll","background-type":"","background-media":"","overlay-type":"","overlay-color":"","overlay-opacity":"","overlay-gradient":""},"tablet":{"background-color":"","background-image":"","background-repeat":"repeat","background-position":"center center","background-size":"auto","background-attachment":"scroll","background-type":"","background-media":"","overlay-type":"","overlay-color":"","overlay-opacity":"","overlay-gradient":""},"mobile":{"background-color":"","background-image":"","background-repeat":"repeat","background-position":"center center","background-size":"auto","background-attachment":"scroll","background-type":"","background-media":"","overlay-type":"","overlay-color":"","overlay-opacity":"","overlay-gradient":""}},"ast-content-background-meta":{"desktop":{"background-color":"var(--ast-global-color-5)","background-image":"","background-repeat":"repeat","background-position":"center center","background-size":"auto","background-attachment":"scroll","background-type":"","background-media":"","overlay-type":"","overlay-color":"","overlay-opacity":"","overlay-gradient":""},"tablet":{"background-color":"var(--ast-global-color-5)","background-image":"","background-repeat":"repeat","background-position":"center center","background-size":"auto","background-attachment":"scroll","background-type":"","background-media":"","overlay-type":"","overlay-color":"","overlay-opacity":"","overlay-gradient":""},"mobile":{"background-color":"var(--ast-global-color-5)","background-image":"","background-repeat":"repeat","background-position":"center center","background-size":"auto","background-attachment":"scroll","background-type":"","background-media":"","overlay-type":"","overlay-color":"","overlay-opacity":"","overlay-gradient":""}},"footnotes":""},"class_list":["post-11740","page","type-page","status-publish","hentry"],"post_mailing_queue_ids":[],"_links":{"self":[{"href":"https:\/\/agora.xtec.cat\/escolamontbui\/wp-json\/wp\/v2\/pages\/11740","targetHints":{"allow":["GET"]}}],"collection":[{"href":"https:\/\/agora.xtec.cat\/escolamontbui\/wp-json\/wp\/v2\/pages"}],"about":[{"href":"https:\/\/agora.xtec.cat\/escolamontbui\/wp-json\/wp\/v2\/types\/page"}],"author":[{"embeddable":true,"href":"https:\/\/agora.xtec.cat\/escolamontbui\/wp-json\/wp\/v2\/users\/1"}],"replies":[{"embeddable":true,"href":"https:\/\/agora.xtec.cat\/escolamontbui\/wp-json\/wp\/v2\/comments?post=11740"}],"version-history":[{"count":2,"href":"https:\/\/agora.xtec.cat\/escolamontbui\/wp-json\/wp\/v2\/pages\/11740\/revisions"}],"predecessor-version":[{"id":11759,"href":"https:\/\/agora.xtec.cat\/escolamontbui\/wp-json\/wp\/v2\/pages\/11740\/revisions\/11759"}],"up":[{"embeddable":true,"href":"https:\/\/agora.xtec.cat\/escolamontbui\/wp-json\/wp\/v2\/pages\/176"}],"wp:attachment":[{"href":"https:\/\/agora.xtec.cat\/escolamontbui\/wp-json\/wp\/v2\/media?parent=11740"}],"curies":[{"name":"wp","href":"https:\/\/api.w.org\/{rel}","templated":true}]}}