{"id":11718,"date":"2026-01-20T12:16:53","date_gmt":"2026-01-20T11:16:53","guid":{"rendered":"https:\/\/agora.xtec.cat\/escolamontbui\/?page_id=11718"},"modified":"2026-01-20T12:22:26","modified_gmt":"2026-01-20T11:22:26","slug":"proces-de-familiaritzacio","status":"publish","type":"page","link":"https:\/\/agora.xtec.cat\/escolamontbui\/linfant\/proces-de-familiaritzacio\/","title":{"rendered":"Proc\u00e9s de familiaritzaci\u00f3"},"content":{"rendered":"<p><span style=\"font-weight: 400;\">A l\u2019Escola Montbui entenem l\u2019inici a l\u2019escola com un temps que cal cuidar. L\u2019arribada dels infants i de les fam\u00edlies marca l\u2019inici d\u2019una relaci\u00f3 que es construeix pas a pas, i per aix\u00f2 el <\/span><b>proc\u00e9s de familiaritzaci\u00f3 \u00e9s una part viva i fonamental del nostre projecte educatiu<\/b><span style=\"font-weight: 400;\">.<\/span><\/p>\n<p><span style=\"font-weight: 400;\">La familiaritzaci\u00f3 \u00e9s un proc\u00e9s progressiu que cada infant viu de manera \u00fanica. Suposa descobrir un nou espai, establir noves relacions i aprendre a separar-se amb seguretat. Acompanyem aquest moment tenint en compte la dimensi\u00f3 emocional que comporta, <\/span><b>respectant els ritmes individuals i donant temps perqu\u00e8 la confian\u00e7a pugui anar creixent<\/b><span style=\"font-weight: 400;\">.<\/span><\/p>\n<p><span style=\"font-weight: 400;\">Aquest proc\u00e9s \u00e9s tamb\u00e9 una experi\u00e8ncia compartida. Infants, fam\u00edlies i mestres hi participem activament, aprenent els uns dels altres i construint vincles que sostenen el dia a dia. L\u2019escola esdev\u00e9, aix\u00ed, un <\/span><b>espai on sentir-se acollit, escoltat i reconegut<\/b><span style=\"font-weight: 400;\">.<\/span><\/p>\n<p><span style=\"font-weight: 400;\">Per a l\u2019equip docent, la familiaritzaci\u00f3 \u00e9s un <\/span><b>temps d\u2019observaci\u00f3, escolta i pres\u00e8ncia<\/b><span style=\"font-weight: 400;\">. Oferim espais de trobada i di\u00e0leg amb les fam\u00edlies, perqu\u00e8 la confian\u00e7a i la corresponsabilitat es construeixin des del primer moment. Creiem que uns vincles s\u00f2lids i respectuosos s\u00f3n la base perqu\u00e8 els infants puguin viure l\u2019escola amb <\/span><b>benestar, seguretat i alegria<\/b><span style=\"font-weight: 400;\">.<\/span><\/p>\n<p><a href=\"https:\/\/agora.xtec.cat\/escolamontbui\/wp-content\/uploads\/usu116\/2026\/01\/Llibret-Portes-Obertes-3-1.png\"><img loading=\"lazy\" decoding=\"async\" class=\"aligncenter size-full wp-image-11725\" src=\"https:\/\/agora.xtec.cat\/escolamontbui\/wp-content\/uploads\/usu116\/2026\/01\/Llibret-Portes-Obertes-3-1.png\" alt=\"\" width=\"1414\" height=\"2000\" srcset=\"https:\/\/agora.xtec.cat\/escolamontbui\/wp-content\/uploads\/usu116\/2026\/01\/Llibret-Portes-Obertes-3-1.png 1414w, https:\/\/agora.xtec.cat\/escolamontbui\/wp-content\/uploads\/usu116\/2026\/01\/Llibret-Portes-Obertes-3-1-212x300.png 212w, https:\/\/agora.xtec.cat\/escolamontbui\/wp-content\/uploads\/usu116\/2026\/01\/Llibret-Portes-Obertes-3-1-724x1024.png 724w, https:\/\/agora.xtec.cat\/escolamontbui\/wp-content\/uploads\/usu116\/2026\/01\/Llibret-Portes-Obertes-3-1-768x1086.png 768w, https:\/\/agora.xtec.cat\/escolamontbui\/wp-content\/uploads\/usu116\/2026\/01\/Llibret-Portes-Obertes-3-1-1086x1536.png 1086w\" sizes=\"auto, (max-width: 1414px) 100vw, 1414px\" \/><\/a><\/p>\n","protected":false},"excerpt":{"rendered":"<p>A l\u2019Escola Montbui entenem l\u2019inici a l\u2019escola com un temps que cal cuidar. L\u2019arribada dels infants i de les fam\u00edlies marca l\u2019inici d\u2019una relaci\u00f3 que es construeix pas a pas, i per aix\u00f2 el proc\u00e9s de familiaritzaci\u00f3 \u00e9s una part viva i fonamental del nostre projecte educatiu. La familiaritzaci\u00f3 \u00e9s un proc\u00e9s progressiu que cada [&hellip;]<\/p>\n","protected":false},"author":1,"featured_media":0,"parent":11715,"menu_order":0,"comment_status":"closed","ping_status":"closed","template":"","meta":{"_bbp_topic_count":0,"_bbp_reply_count":0,"_bbp_total_topic_count":0,"_bbp_total_reply_count":0,"_bbp_voice_count":0,"_bbp_anonymous_reply_count":0,"_bbp_topic_count_hidden":0,"_bbp_reply_count_hidden":0,"_bbp_forum_subforum_count":0,"site-sidebar-layout":"default","site-content-layout":"","ast-site-content-layout":"default","site-content-style":"default","site-sidebar-style":"default","ast-global-header-display":"","ast-banner-title-visibility":"","ast-main-header-display":"","ast-hfb-above-header-display":"","ast-hfb-below-header-display":"","ast-hfb-mobile-header-display":"","site-post-title":"","ast-breadcrumbs-content":"","ast-featured-img":"","footer-sml-layout":"","theme-transparent-header-meta":"default","adv-header-id-meta":"","stick-header-meta":"","header-above-stick-meta":"","header-main-stick-meta":"","header-below-stick-meta":"","astra-migrate-meta-layouts":"set","ast-page-background-enabled":"default","ast-page-background-meta":{"desktop":{"background-color":"var(--ast-global-color-4)","background-image":"","background-repeat":"repeat","background-position":"center center","background-size":"auto","background-attachment":"scroll","background-type":"","background-media":"","overlay-type":"","overlay-color":"","overlay-opacity":"","overlay-gradient":""},"tablet":{"background-color":"","background-image":"","background-repeat":"repeat","background-position":"center center","background-size":"auto","background-attachment":"scroll","background-type":"","background-media":"","overlay-type":"","overlay-color":"","overlay-opacity":"","overlay-gradient":""},"mobile":{"background-color":"","background-image":"","background-repeat":"repeat","background-position":"center center","background-size":"auto","background-attachment":"scroll","background-type":"","background-media":"","overlay-type":"","overlay-color":"","overlay-opacity":"","overlay-gradient":""}},"ast-content-background-meta":{"desktop":{"background-color":"var(--ast-global-color-5)","background-image":"","background-repeat":"repeat","background-position":"center center","background-size":"auto","background-attachment":"scroll","background-type":"","background-media":"","overlay-type":"","overlay-color":"","overlay-opacity":"","overlay-gradient":""},"tablet":{"background-color":"var(--ast-global-color-5)","background-image":"","background-repeat":"repeat","background-position":"center center","background-size":"auto","background-attachment":"scroll","background-type":"","background-media":"","overlay-type":"","overlay-color":"","overlay-opacity":"","overlay-gradient":""},"mobile":{"background-color":"var(--ast-global-color-5)","background-image":"","background-repeat":"repeat","background-position":"center center","background-size":"auto","background-attachment":"scroll","background-type":"","background-media":"","overlay-type":"","overlay-color":"","overlay-opacity":"","overlay-gradient":""}},"footnotes":""},"class_list":["post-11718","page","type-page","status-publish","hentry"],"post_mailing_queue_ids":[],"_links":{"self":[{"href":"https:\/\/agora.xtec.cat\/escolamontbui\/wp-json\/wp\/v2\/pages\/11718","targetHints":{"allow":["GET"]}}],"collection":[{"href":"https:\/\/agora.xtec.cat\/escolamontbui\/wp-json\/wp\/v2\/pages"}],"about":[{"href":"https:\/\/agora.xtec.cat\/escolamontbui\/wp-json\/wp\/v2\/types\/page"}],"author":[{"embeddable":true,"href":"https:\/\/agora.xtec.cat\/escolamontbui\/wp-json\/wp\/v2\/users\/1"}],"replies":[{"embeddable":true,"href":"https:\/\/agora.xtec.cat\/escolamontbui\/wp-json\/wp\/v2\/comments?post=11718"}],"version-history":[{"count":2,"href":"https:\/\/agora.xtec.cat\/escolamontbui\/wp-json\/wp\/v2\/pages\/11718\/revisions"}],"predecessor-version":[{"id":11726,"href":"https:\/\/agora.xtec.cat\/escolamontbui\/wp-json\/wp\/v2\/pages\/11718\/revisions\/11726"}],"up":[{"embeddable":true,"href":"https:\/\/agora.xtec.cat\/escolamontbui\/wp-json\/wp\/v2\/pages\/11715"}],"wp:attachment":[{"href":"https:\/\/agora.xtec.cat\/escolamontbui\/wp-json\/wp\/v2\/media?parent=11718"}],"curies":[{"name":"wp","href":"https:\/\/api.w.org\/{rel}","templated":true}]}}