{"id":11712,"date":"2026-01-20T11:53:43","date_gmt":"2026-01-20T10:53:43","guid":{"rendered":"https:\/\/agora.xtec.cat\/escolamontbui\/?page_id=11712"},"modified":"2026-01-20T12:26:21","modified_gmt":"2026-01-20T11:26:21","slug":"aula-dacollida","status":"publish","type":"page","link":"https:\/\/agora.xtec.cat\/escolamontbui\/projectes\/aula-dacollida\/","title":{"rendered":"Aula d&#8217;acollida"},"content":{"rendered":"<p align=\"justify\"><span style=\"font-family: Century Gothic, serif;\">L\u2019aula d\u2019acollida \u00e9s un <\/span><span style=\"font-family: Century Gothic, serif;\"><b>espai educatiu pensat per acompanyar els infants que s\u2019incorporen per primera vegada al nostre sistema educatiu<\/b><\/span><span style=\"font-family: Century Gothic, serif;\">. \u00c9s un entorn proper, segur i acollidor on els nens i nenes inicien l\u2019aprenentatge de la llengua catalana, descobreixen les din\u00e0miques de l\u2019escola i construeixen vincles amb els companys i companyes. Tot aquest proc\u00e9s es fa respectant el seu ritme, la seva identitat i la riquesa cultural i ling\u00fc\u00edstica que aporten.<\/span><\/p>\n<p align=\"justify\"><span style=\"font-family: Century Gothic, serif;\">El projecte de l\u2019aula d\u2019acollida es desenvolupa a trav\u00e9s del <\/span><span style=\"font-family: Century Gothic, serif;\"><b>treball per projectes<\/b><\/span><span style=\"font-family: Century Gothic, serif;\">, una metodologia que parteix dels interessos dels infants i fomenta un aprenentatge significatiu i vivencial. Els projectes prenen com a refer\u00e8ncia els <\/span><span style=\"font-family: Century Gothic, serif;\"><b>Objectius de Desenvolupament Sostenible (ODS)<\/b><\/span><span style=\"font-family: Century Gothic, serif;\"> ja que permeten abordar temes propers als infants com la conviv\u00e8ncia, la cura del medi ambient, la igualtat, la salut o la sostenibilitat. <\/span><\/p>\n<p align=\"justify\"><span style=\"font-family: Century Gothic, serif;\">L\u2019aprenentatge no es queda nom\u00e9s dins l\u2019aula: cada projecte culmina amb un <\/span><span style=\"font-family: Century Gothic, serif;\"><b>producte final que t\u00e9 un impacte real en l\u2019entorn proper<\/b><\/span><span style=\"font-family: Century Gothic, serif;\">. A trav\u00e9s de petites accions com campanyes de sensibilitzaci\u00f3 dins l\u2019escola, col\u00b7laboracions amb la comunitat educativa o propostes de millora per al centre, els infants entenen que el que aprenen pot servir per millorar el m\u00f3n que els envolta.<\/span><\/p>\n<p align=\"justify\"><span style=\"font-family: Century Gothic, serif;\">Aix\u00ed, l\u2019aula d\u2019acollida esdev\u00e9 un espai clau no nom\u00e9s per a l\u2019aprenentatge ling\u00fc\u00edstic, sin\u00f3 tamb\u00e9 per al desenvolupament personal i social dels infants. Es treballen valors com el respecte, la cooperaci\u00f3, l\u2019empatia i el comprom\u00eds, ajudant-los a sentir-se part activa de l\u2019escola i de la societat, i posant les bases d\u2019una educaci\u00f3 inclusiva, conscient i transformadora.<\/span><\/p>\n<p align=\"justify\"><a href=\"https:\/\/agora.xtec.cat\/escolamontbui\/wp-content\/uploads\/usu116\/2026\/01\/Diseno-sin-titulo.jpg\"><img loading=\"lazy\" decoding=\"async\" class=\"aligncenter size-full wp-image-11728\" src=\"https:\/\/agora.xtec.cat\/escolamontbui\/wp-content\/uploads\/usu116\/2026\/01\/Diseno-sin-titulo.jpg\" alt=\"\" width=\"1500\" height=\"1200\" srcset=\"https:\/\/agora.xtec.cat\/escolamontbui\/wp-content\/uploads\/usu116\/2026\/01\/Diseno-sin-titulo.jpg 1500w, https:\/\/agora.xtec.cat\/escolamontbui\/wp-content\/uploads\/usu116\/2026\/01\/Diseno-sin-titulo-300x240.jpg 300w, https:\/\/agora.xtec.cat\/escolamontbui\/wp-content\/uploads\/usu116\/2026\/01\/Diseno-sin-titulo-1024x819.jpg 1024w, https:\/\/agora.xtec.cat\/escolamontbui\/wp-content\/uploads\/usu116\/2026\/01\/Diseno-sin-titulo-768x614.jpg 768w\" sizes=\"auto, (max-width: 1500px) 100vw, 1500px\" \/><\/a><\/p>\n","protected":false},"excerpt":{"rendered":"<p>L\u2019aula d\u2019acollida \u00e9s un espai educatiu pensat per acompanyar els infants que s\u2019incorporen per primera vegada al nostre sistema educatiu. \u00c9s un entorn proper, segur i acollidor on els nens i nenes inicien l\u2019aprenentatge de la llengua catalana, descobreixen les din\u00e0miques de l\u2019escola i construeixen vincles amb els companys i companyes. Tot aquest proc\u00e9s es [&hellip;]<\/p>\n","protected":false},"author":1,"featured_media":0,"parent":176,"menu_order":0,"comment_status":"closed","ping_status":"closed","template":"","meta":{"_bbp_topic_count":0,"_bbp_reply_count":0,"_bbp_total_topic_count":0,"_bbp_total_reply_count":0,"_bbp_voice_count":0,"_bbp_anonymous_reply_count":0,"_bbp_topic_count_hidden":0,"_bbp_reply_count_hidden":0,"_bbp_forum_subforum_count":0,"site-sidebar-layout":"default","site-content-layout":"","ast-site-content-layout":"default","site-content-style":"default","site-sidebar-style":"default","ast-global-header-display":"","ast-banner-title-visibility":"","ast-main-header-display":"","ast-hfb-above-header-display":"","ast-hfb-below-header-display":"","ast-hfb-mobile-header-display":"","site-post-title":"","ast-breadcrumbs-content":"","ast-featured-img":"","footer-sml-layout":"","theme-transparent-header-meta":"default","adv-header-id-meta":"","stick-header-meta":"","header-above-stick-meta":"","header-main-stick-meta":"","header-below-stick-meta":"","astra-migrate-meta-layouts":"set","ast-page-background-enabled":"default","ast-page-background-meta":{"desktop":{"background-color":"var(--ast-global-color-4)","background-image":"","background-repeat":"repeat","background-position":"center center","background-size":"auto","background-attachment":"scroll","background-type":"","background-media":"","overlay-type":"","overlay-color":"","overlay-opacity":"","overlay-gradient":""},"tablet":{"background-color":"","background-image":"","background-repeat":"repeat","background-position":"center center","background-size":"auto","background-attachment":"scroll","background-type":"","background-media":"","overlay-type":"","overlay-color":"","overlay-opacity":"","overlay-gradient":""},"mobile":{"background-color":"","background-image":"","background-repeat":"repeat","background-position":"center center","background-size":"auto","background-attachment":"scroll","background-type":"","background-media":"","overlay-type":"","overlay-color":"","overlay-opacity":"","overlay-gradient":""}},"ast-content-background-meta":{"desktop":{"background-color":"var(--ast-global-color-5)","background-image":"","background-repeat":"repeat","background-position":"center center","background-size":"auto","background-attachment":"scroll","background-type":"","background-media":"","overlay-type":"","overlay-color":"","overlay-opacity":"","overlay-gradient":""},"tablet":{"background-color":"var(--ast-global-color-5)","background-image":"","background-repeat":"repeat","background-position":"center center","background-size":"auto","background-attachment":"scroll","background-type":"","background-media":"","overlay-type":"","overlay-color":"","overlay-opacity":"","overlay-gradient":""},"mobile":{"background-color":"var(--ast-global-color-5)","background-image":"","background-repeat":"repeat","background-position":"center center","background-size":"auto","background-attachment":"scroll","background-type":"","background-media":"","overlay-type":"","overlay-color":"","overlay-opacity":"","overlay-gradient":""}},"footnotes":""},"class_list":["post-11712","page","type-page","status-publish","hentry"],"post_mailing_queue_ids":[],"_links":{"self":[{"href":"https:\/\/agora.xtec.cat\/escolamontbui\/wp-json\/wp\/v2\/pages\/11712","targetHints":{"allow":["GET"]}}],"collection":[{"href":"https:\/\/agora.xtec.cat\/escolamontbui\/wp-json\/wp\/v2\/pages"}],"about":[{"href":"https:\/\/agora.xtec.cat\/escolamontbui\/wp-json\/wp\/v2\/types\/page"}],"author":[{"embeddable":true,"href":"https:\/\/agora.xtec.cat\/escolamontbui\/wp-json\/wp\/v2\/users\/1"}],"replies":[{"embeddable":true,"href":"https:\/\/agora.xtec.cat\/escolamontbui\/wp-json\/wp\/v2\/comments?post=11712"}],"version-history":[{"count":3,"href":"https:\/\/agora.xtec.cat\/escolamontbui\/wp-json\/wp\/v2\/pages\/11712\/revisions"}],"predecessor-version":[{"id":11729,"href":"https:\/\/agora.xtec.cat\/escolamontbui\/wp-json\/wp\/v2\/pages\/11712\/revisions\/11729"}],"up":[{"embeddable":true,"href":"https:\/\/agora.xtec.cat\/escolamontbui\/wp-json\/wp\/v2\/pages\/176"}],"wp:attachment":[{"href":"https:\/\/agora.xtec.cat\/escolamontbui\/wp-json\/wp\/v2\/media?parent=11712"}],"curies":[{"name":"wp","href":"https:\/\/api.w.org\/{rel}","templated":true}]}}