{"id":11158,"date":"2024-09-26T11:39:52","date_gmt":"2024-09-26T09:39:52","guid":{"rendered":"https:\/\/agora.xtec.cat\/escolamontbui\/?page_id=11158"},"modified":"2024-10-01T10:12:17","modified_gmt":"2024-10-01T08:12:17","slug":"atencio-psicopedagogica","status":"publish","type":"page","link":"https:\/\/agora.xtec.cat\/escolamontbui\/atencio-psicopedagogica\/","title":{"rendered":"ATENCI\u00d3 PSICOPEDAG\u00d2GICA"},"content":{"rendered":"<p><a href=\"https:\/\/agora.xtec.cat\/escolamontbui\/wp-content\/uploads\/usu116\/2024\/10\/Documento-A4-portada-de-proyecto-manchas-de-acuarela-aesthtiec-aguamarina-y-dorado.png\"><img loading=\"lazy\" decoding=\"async\" class=\"alignleft size-full wp-image-11161\" src=\"https:\/\/agora.xtec.cat\/escolamontbui\/wp-content\/uploads\/usu116\/2024\/10\/Documento-A4-portada-de-proyecto-manchas-de-acuarela-aesthtiec-aguamarina-y-dorado.png\" alt=\"\" width=\"1414\" height=\"430\" srcset=\"https:\/\/agora.xtec.cat\/escolamontbui\/wp-content\/uploads\/usu116\/2024\/10\/Documento-A4-portada-de-proyecto-manchas-de-acuarela-aesthtiec-aguamarina-y-dorado.png 1414w, https:\/\/agora.xtec.cat\/escolamontbui\/wp-content\/uploads\/usu116\/2024\/10\/Documento-A4-portada-de-proyecto-manchas-de-acuarela-aesthtiec-aguamarina-y-dorado-300x91.png 300w, https:\/\/agora.xtec.cat\/escolamontbui\/wp-content\/uploads\/usu116\/2024\/10\/Documento-A4-portada-de-proyecto-manchas-de-acuarela-aesthtiec-aguamarina-y-dorado-1024x311.png 1024w, https:\/\/agora.xtec.cat\/escolamontbui\/wp-content\/uploads\/usu116\/2024\/10\/Documento-A4-portada-de-proyecto-manchas-de-acuarela-aesthtiec-aguamarina-y-dorado-768x234.png 768w\" sizes=\"auto, (max-width: 1414px) 100vw, 1414px\" \/><\/a><\/p>\n<p>Servei d&#8217;atenci\u00f3 per a les fam\u00edlies.<\/p>\n<p>Si teniu alguna angoixa, preocupaci\u00f3 o problema familiar que afecti directament al vostre fill\/a, podeu fer \u00fas del <strong><span style=\"color: #333399;\">Servei Expr\u00e9s<\/span><\/strong>.<\/p>\n<p>En Dani Tejedor, psic\u00f2leg municipal, us atendr\u00e0 a l&#8217;escola en el seg\u00fcent horari:<\/p>\n<p><img loading=\"lazy\" decoding=\"async\" class=\"wp-image-11163 aligncenter\" src=\"https:\/\/agora.xtec.cat\/escolamontbui\/wp-content\/uploads\/usu116\/2024\/10\/Documento-A4-portada-de-proyecto-manchas-de-acuarela-aesthtiec-aguamarina-y-dorado-1.png\" alt=\"\" width=\"420\" height=\"247\" srcset=\"https:\/\/agora.xtec.cat\/escolamontbui\/wp-content\/uploads\/usu116\/2024\/10\/Documento-A4-portada-de-proyecto-manchas-de-acuarela-aesthtiec-aguamarina-y-dorado-1.png 1414w, https:\/\/agora.xtec.cat\/escolamontbui\/wp-content\/uploads\/usu116\/2024\/10\/Documento-A4-portada-de-proyecto-manchas-de-acuarela-aesthtiec-aguamarina-y-dorado-1-300x177.png 300w, https:\/\/agora.xtec.cat\/escolamontbui\/wp-content\/uploads\/usu116\/2024\/10\/Documento-A4-portada-de-proyecto-manchas-de-acuarela-aesthtiec-aguamarina-y-dorado-1-1024x603.png 1024w, https:\/\/agora.xtec.cat\/escolamontbui\/wp-content\/uploads\/usu116\/2024\/10\/Documento-A4-portada-de-proyecto-manchas-de-acuarela-aesthtiec-aguamarina-y-dorado-1-768x452.png 768w\" sizes=\"auto, (max-width: 420px) 100vw, 420px\" \/><\/p>\n<p>&nbsp;<\/p>\n","protected":false},"excerpt":{"rendered":"<p>Servei d&#8217;atenci\u00f3 per a les fam\u00edlies. Si teniu alguna angoixa, preocupaci\u00f3 o problema familiar que afecti directament al vostre fill\/a, podeu fer \u00fas del Servei Expr\u00e9s. En Dani Tejedor, psic\u00f2leg municipal, us atendr\u00e0 a l&#8217;escola en el seg\u00fcent horari: &nbsp;<\/p>\n","protected":false},"author":1,"featured_media":0,"parent":0,"menu_order":0,"comment_status":"closed","ping_status":"closed","template":"","meta":{"_bbp_topic_count":0,"_bbp_reply_count":0,"_bbp_total_topic_count":0,"_bbp_total_reply_count":0,"_bbp_voice_count":0,"_bbp_anonymous_reply_count":0,"_bbp_topic_count_hidden":0,"_bbp_reply_count_hidden":0,"_bbp_forum_subforum_count":0,"site-sidebar-layout":"default","site-content-layout":"","ast-site-content-layout":"","site-content-style":"default","site-sidebar-style":"default","ast-global-header-display":"","ast-banner-title-visibility":"","ast-main-header-display":"","ast-hfb-above-header-display":"","ast-hfb-below-header-display":"","ast-hfb-mobile-header-display":"","site-post-title":"","ast-breadcrumbs-content":"","ast-featured-img":"","footer-sml-layout":"","theme-transparent-header-meta":"","adv-header-id-meta":"","stick-header-meta":"","header-above-stick-meta":"","header-main-stick-meta":"","header-below-stick-meta":"","astra-migrate-meta-layouts":"default","ast-page-background-enabled":"default","ast-page-background-meta":{"desktop":{"background-color":"var(--ast-global-color-4)","background-image":"","background-repeat":"repeat","background-position":"center center","background-size":"auto","background-attachment":"scroll","background-type":"","background-media":"","overlay-type":"","overlay-color":"","overlay-opacity":"","overlay-gradient":""},"tablet":{"background-color":"","background-image":"","background-repeat":"repeat","background-position":"center center","background-size":"auto","background-attachment":"scroll","background-type":"","background-media":"","overlay-type":"","overlay-color":"","overlay-opacity":"","overlay-gradient":""},"mobile":{"background-color":"","background-image":"","background-repeat":"repeat","background-position":"center center","background-size":"auto","background-attachment":"scroll","background-type":"","background-media":"","overlay-type":"","overlay-color":"","overlay-opacity":"","overlay-gradient":""}},"ast-content-background-meta":{"desktop":{"background-color":"var(--ast-global-color-5)","background-image":"","background-repeat":"repeat","background-position":"center center","background-size":"auto","background-attachment":"scroll","background-type":"","background-media":"","overlay-type":"","overlay-color":"","overlay-opacity":"","overlay-gradient":""},"tablet":{"background-color":"var(--ast-global-color-5)","background-image":"","background-repeat":"repeat","background-position":"center center","background-size":"auto","background-attachment":"scroll","background-type":"","background-media":"","overlay-type":"","overlay-color":"","overlay-opacity":"","overlay-gradient":""},"mobile":{"background-color":"var(--ast-global-color-5)","background-image":"","background-repeat":"repeat","background-position":"center center","background-size":"auto","background-attachment":"scroll","background-type":"","background-media":"","overlay-type":"","overlay-color":"","overlay-opacity":"","overlay-gradient":""}},"footnotes":""},"class_list":["post-11158","page","type-page","status-publish","hentry"],"post_mailing_queue_ids":[],"_links":{"self":[{"href":"https:\/\/agora.xtec.cat\/escolamontbui\/wp-json\/wp\/v2\/pages\/11158","targetHints":{"allow":["GET"]}}],"collection":[{"href":"https:\/\/agora.xtec.cat\/escolamontbui\/wp-json\/wp\/v2\/pages"}],"about":[{"href":"https:\/\/agora.xtec.cat\/escolamontbui\/wp-json\/wp\/v2\/types\/page"}],"author":[{"embeddable":true,"href":"https:\/\/agora.xtec.cat\/escolamontbui\/wp-json\/wp\/v2\/users\/1"}],"replies":[{"embeddable":true,"href":"https:\/\/agora.xtec.cat\/escolamontbui\/wp-json\/wp\/v2\/comments?post=11158"}],"version-history":[{"count":4,"href":"https:\/\/agora.xtec.cat\/escolamontbui\/wp-json\/wp\/v2\/pages\/11158\/revisions"}],"predecessor-version":[{"id":11168,"href":"https:\/\/agora.xtec.cat\/escolamontbui\/wp-json\/wp\/v2\/pages\/11158\/revisions\/11168"}],"wp:attachment":[{"href":"https:\/\/agora.xtec.cat\/escolamontbui\/wp-json\/wp\/v2\/media?parent=11158"}],"curies":[{"name":"wp","href":"https:\/\/api.w.org\/{rel}","templated":true}]}}