{"id":756,"date":"2018-01-10T18:57:01","date_gmt":"2018-01-10T17:57:01","guid":{"rendered":"http:\/\/agora.xtec.cat\/escolamontbrio\/?page_id=756"},"modified":"2023-04-13T19:52:44","modified_gmt":"2023-04-13T17:52:44","slug":"espais-a-infantil","status":"publish","type":"page","link":"https:\/\/agora.xtec.cat\/escolamontbrio\/lescola\/projectes\/espais-a-infantil\/","title":{"rendered":"Espais d&#8217;aprenentatge a infantil"},"content":{"rendered":"<p>&nbsp;<\/p>\n<p>A l&#8217;etapa d&#8217;educaci\u00f3 Infantil hem comen\u00e7at una <strong>nova proposta pedag\u00f2gica<\/strong>: espais d\u2019aprenentatge. L\u2019alumnat, dels tres nivells d\u2019educaci\u00f3 infantil es troba amb uns <strong>escenaris d\u2019aprenentatge, de comunicaci\u00f3 i de relaci\u00f3<\/strong> on els infants interactuen i <strong>experimenten lliurement<\/strong> amb diferents materials i propostes que sorgeixen d\u2019una tem\u00e0tica.<\/p>\n<table style=\"width: 100%; border-collapse: collapse; border-style: none; border-color: #ffffff;\">\n<tbody>\n<tr>\n<td style=\"width: 50%; border-color: #ffffff; text-align: center;\"><img loading=\"lazy\" decoding=\"async\" class=\"alignnone wp-image-4880\" src=\"https:\/\/agora.xtec.cat\/escolamontbrio\/wp-content\/uploads\/usu1765\/2023\/04\/espais_EI-4-1024x576.jpg\" alt=\"\" width=\"303\" height=\"170\" srcset=\"https:\/\/agora.xtec.cat\/escolamontbrio\/wp-content\/uploads\/usu1765\/2023\/04\/espais_EI-4-1024x576.jpg 1024w, https:\/\/agora.xtec.cat\/escolamontbrio\/wp-content\/uploads\/usu1765\/2023\/04\/espais_EI-4-300x169.jpg 300w, https:\/\/agora.xtec.cat\/escolamontbrio\/wp-content\/uploads\/usu1765\/2023\/04\/espais_EI-4-768x432.jpg 768w, https:\/\/agora.xtec.cat\/escolamontbrio\/wp-content\/uploads\/usu1765\/2023\/04\/espais_EI-4-1536x864.jpg 1536w, https:\/\/agora.xtec.cat\/escolamontbrio\/wp-content\/uploads\/usu1765\/2023\/04\/espais_EI-4.jpg 2048w\" sizes=\"auto, (max-width: 303px) 100vw, 303px\" \/><\/td>\n<td style=\"width: 50%; border-color: #ffffff; text-align: center;\"><img loading=\"lazy\" decoding=\"async\" class=\"alignnone  wp-image-4881\" src=\"https:\/\/agora.xtec.cat\/escolamontbrio\/wp-content\/uploads\/usu1765\/2023\/04\/espais_EI-5-1024x576.jpg\" alt=\"\" width=\"302\" height=\"170\" srcset=\"https:\/\/agora.xtec.cat\/escolamontbrio\/wp-content\/uploads\/usu1765\/2023\/04\/espais_EI-5-1024x576.jpg 1024w, https:\/\/agora.xtec.cat\/escolamontbrio\/wp-content\/uploads\/usu1765\/2023\/04\/espais_EI-5-300x169.jpg 300w, https:\/\/agora.xtec.cat\/escolamontbrio\/wp-content\/uploads\/usu1765\/2023\/04\/espais_EI-5-768x432.jpg 768w, https:\/\/agora.xtec.cat\/escolamontbrio\/wp-content\/uploads\/usu1765\/2023\/04\/espais_EI-5-1536x864.jpg 1536w, https:\/\/agora.xtec.cat\/escolamontbrio\/wp-content\/uploads\/usu1765\/2023\/04\/espais_EI-5.jpg 2048w\" sizes=\"auto, (max-width: 302px) 100vw, 302px\" \/><\/td>\n<\/tr>\n<\/tbody>\n<\/table>\n<p>Tenim 5 espais d\u2019aprenentatge:<\/p>\n<ul>\n<li style=\"list-style-type: none;\">\n<ul style=\"list-style-type: disc;\">\n<li>Art i creativitat<\/li>\n<li>Natura<\/li>\n<li>Joc i moviment<\/li>\n<li>Joc simb\u00f2lic<\/li>\n<li>Comunicaci\u00f3<\/li>\n<\/ul>\n<\/li>\n<\/ul>\n<p>A cada espai, els infants es troben amb cinc propostes diferents.<\/p>\n<table style=\"width: 100%; border-collapse: collapse; border-style: none; border-color: #ffffff;\">\n<tbody>\n<tr>\n<td style=\"width: 50%; border-color: #ffffff; text-align: center;\"><img loading=\"lazy\" decoding=\"async\" class=\"alignnone  wp-image-4879\" src=\"https:\/\/agora.xtec.cat\/escolamontbrio\/wp-content\/uploads\/usu1765\/2023\/04\/espais_EI-3-1024x506.jpg\" alt=\"\" width=\"324\" height=\"160\" srcset=\"https:\/\/agora.xtec.cat\/escolamontbrio\/wp-content\/uploads\/usu1765\/2023\/04\/espais_EI-3-1024x506.jpg 1024w, https:\/\/agora.xtec.cat\/escolamontbrio\/wp-content\/uploads\/usu1765\/2023\/04\/espais_EI-3-300x148.jpg 300w, https:\/\/agora.xtec.cat\/escolamontbrio\/wp-content\/uploads\/usu1765\/2023\/04\/espais_EI-3-768x380.jpg 768w, https:\/\/agora.xtec.cat\/escolamontbrio\/wp-content\/uploads\/usu1765\/2023\/04\/espais_EI-3-1536x759.jpg 1536w, https:\/\/agora.xtec.cat\/escolamontbrio\/wp-content\/uploads\/usu1765\/2023\/04\/espais_EI-3.jpg 1989w\" sizes=\"auto, (max-width: 324px) 100vw, 324px\" \/><\/td>\n<td style=\"width: 50%; border-color: #ffffff; text-align: center;\"><img loading=\"lazy\" decoding=\"async\" class=\"alignnone  wp-image-4877\" src=\"https:\/\/agora.xtec.cat\/escolamontbrio\/wp-content\/uploads\/usu1765\/2023\/04\/espais_EI-1-1024x512.jpg\" alt=\"\" width=\"320\" height=\"160\" srcset=\"https:\/\/agora.xtec.cat\/escolamontbrio\/wp-content\/uploads\/usu1765\/2023\/04\/espais_EI-1-1024x512.jpg 1024w, https:\/\/agora.xtec.cat\/escolamontbrio\/wp-content\/uploads\/usu1765\/2023\/04\/espais_EI-1-300x150.jpg 300w, https:\/\/agora.xtec.cat\/escolamontbrio\/wp-content\/uploads\/usu1765\/2023\/04\/espais_EI-1-768x384.jpg 768w, https:\/\/agora.xtec.cat\/escolamontbrio\/wp-content\/uploads\/usu1765\/2023\/04\/espais_EI-1-1536x768.jpg 1536w, https:\/\/agora.xtec.cat\/escolamontbrio\/wp-content\/uploads\/usu1765\/2023\/04\/espais_EI-1.jpg 1981w\" sizes=\"auto, (max-width: 320px) 100vw, 320px\" \/><\/td>\n<\/tr>\n<\/tbody>\n<\/table>\n<p>Creiem que els espais d\u2019aprenentatge suposen un moment <strong>pedag\u00f2gic molt potent<\/strong> per diverses raons:<br \/>\nPer la <strong>varietat de propostes i materials<\/strong> que cadascun dels espais pot oferir tot intentant donar resposta als diferents estils d\u2019aprenentatge propis de la diversitat de cada infant.<br \/>\nD&#8217;altra banda, la construcci\u00f3 social de l\u2019<strong>aprenentatge mitjan\u00e7ant la descoberta<\/strong> i l\u2019experimentaci\u00f3 en grups heterogenis d\u2019infants a cada espai. I en aquest sentit, l\u2019enriquiment d\u2019<strong>aprendre dels altres<\/strong> amb grups d\u2019edats barrejades on <strong>cada infant pot trobar el seu moment<\/strong> o proposta per compartir i aprendre de l\u2019altre.<\/p>\n<table style=\"width: 100%; border-collapse: collapse; border-style: none; border-color: #ffffff;\">\n<tbody>\n<tr>\n<td style=\"width: 50%; border-color: #ffffff; text-align: center;\">\u00a0<img loading=\"lazy\" decoding=\"async\" class=\"alignnone wp-image-4878\" src=\"https:\/\/agora.xtec.cat\/escolamontbrio\/wp-content\/uploads\/usu1765\/2023\/04\/espais_EI-2-1024x631.jpg\" alt=\"\" width=\"286\" height=\"176\" srcset=\"https:\/\/agora.xtec.cat\/escolamontbrio\/wp-content\/uploads\/usu1765\/2023\/04\/espais_EI-2-1024x631.jpg 1024w, https:\/\/agora.xtec.cat\/escolamontbrio\/wp-content\/uploads\/usu1765\/2023\/04\/espais_EI-2-300x185.jpg 300w, https:\/\/agora.xtec.cat\/escolamontbrio\/wp-content\/uploads\/usu1765\/2023\/04\/espais_EI-2-768x473.jpg 768w, https:\/\/agora.xtec.cat\/escolamontbrio\/wp-content\/uploads\/usu1765\/2023\/04\/espais_EI-2-1536x947.jpg 1536w, https:\/\/agora.xtec.cat\/escolamontbrio\/wp-content\/uploads\/usu1765\/2023\/04\/espais_EI-2.jpg 1561w\" sizes=\"auto, (max-width: 286px) 100vw, 286px\" \/><\/td>\n<td style=\"width: 50%; border-color: #ffffff; text-align: center;\"><img loading=\"lazy\" decoding=\"async\" class=\"alignnone wp-image-4876\" src=\"https:\/\/agora.xtec.cat\/escolamontbrio\/wp-content\/uploads\/usu1765\/2023\/04\/espais_EI-6-1024x491.jpg\" alt=\"\" width=\"296\" height=\"142\" srcset=\"https:\/\/agora.xtec.cat\/escolamontbrio\/wp-content\/uploads\/usu1765\/2023\/04\/espais_EI-6-1024x491.jpg 1024w, https:\/\/agora.xtec.cat\/escolamontbrio\/wp-content\/uploads\/usu1765\/2023\/04\/espais_EI-6-300x144.jpg 300w, https:\/\/agora.xtec.cat\/escolamontbrio\/wp-content\/uploads\/usu1765\/2023\/04\/espais_EI-6-768x368.jpg 768w, https:\/\/agora.xtec.cat\/escolamontbrio\/wp-content\/uploads\/usu1765\/2023\/04\/espais_EI-6-1536x736.jpg 1536w, https:\/\/agora.xtec.cat\/escolamontbrio\/wp-content\/uploads\/usu1765\/2023\/04\/espais_EI-6.jpg 2048w\" sizes=\"auto, (max-width: 296px) 100vw, 296px\" \/><\/td>\n<\/tr>\n<\/tbody>\n<\/table>\n","protected":false},"excerpt":{"rendered":"<p>&nbsp;<br \/>\nA l&#8217;etapa d&#8217;educaci\u00f3 Infantil hem comen\u00e7at una nova proposta pedag\u00f2gica: espais d\u2019aprenentatge. L\u2019alumnat, dels tres nivells d\u2019educaci\u00f3 infantil es troba amb uns escenaris d\u2019aprenentatge, de comunicaci\u00f3 i de relaci\u00f3 on els infants interactuen i experimenten lliurement amb diferents materials i propostes que sorgeixen d\u2019una tem\u00e0tica.<\/p>\n<p>Tenim&hellip;  <a href=\"https:\/\/agora.xtec.cat\/escolamontbrio\/lescola\/projectes\/espais-a-infantil\/\" title=\"Read Espais d&#8217;aprenentatge a infantil\">Llegeix m\u00e9s\u00bb<\/a><\/p>\n","protected":false},"author":1,"featured_media":0,"parent":559,"menu_order":120,"comment_status":"closed","ping_status":"closed","template":"page-templates\/side-menu.php","meta":{"_bbp_topic_count":0,"_bbp_reply_count":0,"_bbp_total_topic_count":0,"_bbp_total_reply_count":0,"_bbp_voice_count":0,"_bbp_anonymous_reply_count":0,"_bbp_topic_count_hidden":0,"_bbp_reply_count_hidden":0,"_bbp_forum_subforum_count":0,"footnotes":""},"class_list":["post-756","page","type-page","status-publish","hentry"],"post_mailing_queue_ids":[],"_links":{"self":[{"href":"https:\/\/agora.xtec.cat\/escolamontbrio\/wp-json\/wp\/v2\/pages\/756","targetHints":{"allow":["GET"]}}],"collection":[{"href":"https:\/\/agora.xtec.cat\/escolamontbrio\/wp-json\/wp\/v2\/pages"}],"about":[{"href":"https:\/\/agora.xtec.cat\/escolamontbrio\/wp-json\/wp\/v2\/types\/page"}],"author":[{"embeddable":true,"href":"https:\/\/agora.xtec.cat\/escolamontbrio\/wp-json\/wp\/v2\/users\/1"}],"replies":[{"embeddable":true,"href":"https:\/\/agora.xtec.cat\/escolamontbrio\/wp-json\/wp\/v2\/comments?post=756"}],"version-history":[{"count":3,"href":"https:\/\/agora.xtec.cat\/escolamontbrio\/wp-json\/wp\/v2\/pages\/756\/revisions"}],"predecessor-version":[{"id":4882,"href":"https:\/\/agora.xtec.cat\/escolamontbrio\/wp-json\/wp\/v2\/pages\/756\/revisions\/4882"}],"up":[{"embeddable":true,"href":"https:\/\/agora.xtec.cat\/escolamontbrio\/wp-json\/wp\/v2\/pages\/559"}],"wp:attachment":[{"href":"https:\/\/agora.xtec.cat\/escolamontbrio\/wp-json\/wp\/v2\/media?parent=756"}],"curies":[{"name":"wp","href":"https:\/\/api.w.org\/{rel}","templated":true}]}}