{"id":671,"date":"2018-01-04T22:30:16","date_gmt":"2018-01-04T21:30:16","guid":{"rendered":"http:\/\/agora.xtec.cat\/escolamontbrio\/?page_id=671"},"modified":"2023-04-13T20:01:31","modified_gmt":"2023-04-13T18:01:31","slug":"escacs","status":"publish","type":"page","link":"https:\/\/agora.xtec.cat\/escolamontbrio\/lescola\/projectes\/escacs\/","title":{"rendered":"Escacs"},"content":{"rendered":"<h4>Projecte Escacs a l&#8217;escola<\/h4>\n<p style=\"text-align: justify;\"><strong><img loading=\"lazy\" decoding=\"async\" class=\"alignright \" src=\"https:\/\/escolaconcepcio.com\/ampa\/wp-content\/uploads\/2017\/12\/Escacs_torneig.jpg\" width=\"388\" height=\"241\" \/>Escacs a l\u2019escola<\/strong> \u00e9s un projecte per promoure els escacs <strong>com a eina educativa<\/strong> en horari lectiu que\u00a0apliquem moltes\u00a0 escoles catalanes. El projecte permet desenvolupar aspectes com la concentraci\u00f3, el c\u00e0lcul mental, l\u2019orientaci\u00f3 espacial, la mem\u00f2ria, les habilitats ling\u00fc\u00edstiques o la resoluci\u00f3 dels propis problemes i la posterior presa de decisions.<\/p>\n<p style=\"text-align: justify;\">La iniciativa est\u00e0 impulsada pel Departament d&#8217;Educaci\u00f3, la Universitat de Girona, la Universitat de Lleida i la Federaci\u00f3 Catalana d\u2019Escacs. A la nostra escola el vam iniciar al curs 2015-16 i actualment realitzem mitja hora setmanal dins l&#8217;horari lectiu en tots els grups de prim\u00e0ria.<\/p>\n<p style=\"text-align: justify;\"><strong>Els objectius del projecte s\u00f3n, entre d\u2019altres:<\/strong><\/p>\n<ul style=\"text-align: justify;\">\n<li>Exercitar diferents tipus de mem\u00f2ria, en especial la visual.<\/li>\n<li>Aprendre a resoldre els propis problemes i prendre decisions.<\/li>\n<li>Treballar la capacitat de concentraci\u00f3, d\u2019atenci\u00f3, el c\u00e0lcul mental, la creativitat i imaginaci\u00f3, la lateralitat i l\u2019orientaci\u00f3 espacial.<\/li>\n<li>Refor\u00e7ar relacions de causa &#8211; efecte en refer\u00e8ncia a models de soluci\u00f3 de problemes.<\/li>\n<li>Treballar diferents conceptes matem\u00e0tics (c\u00e0lcul mental, operacions matem\u00e0tiques amb el valor de les peces, \u00e0rees, eixos de coordenades, simetries,&#8230;).<\/li>\n<li>Aprendre el moviment de les peces i les normes b\u00e0siques del joc dels escacs.<\/li>\n<\/ul>\n<p style=\"text-align: justify;\">Segons un estudi de la Universitat de Girona, \u00e9s una evid\u00e8ncia la millora aconseguida tant a nivell matem\u00e0tic com ling\u00fc\u00edstic, en aspectes de lectura, per als alumnes que han utilitzat els escacs com a eina educativa.<br \/>\nA <strong>nivell matem\u00e0tic<\/strong> hi ha una millora significativa que es concreta en la millora de la capacitat de pensament l\u00f2gic-matem\u00e0tic, en el domini num\u00e8ric i operatiu, en la capacitat m\u00e8trica, en la millora de l\u2019orientaci\u00f3 espacial i en la resoluci\u00f3 de problemes.<br \/>\nA <strong>nivell ling\u00fc\u00edstic<\/strong> hi ha una millora significativa que es concreta en la millora de la comprensi\u00f3 literal i relacional, en la comprensi\u00f3 i percepci\u00f3 visual i en la comprensi\u00f3 organitzativa i interpretativa.<\/p>\n<p style=\"text-align: justify;\">El Parlament de Catalunya, el juliol de 2010, va declarar els escacs d\u2019utilitat p\u00fablica i n\u2019insta al Govern a difondre\u2019l, sobretot en l\u2019\u00e0mbit educatiu, l\u00fadic i de la salut.<br \/>\nPosteriorment, el juliol de 2012, el Parlament Europeu va fer p\u00fablica una declaraci\u00f3 instant els diferents estats membres a introduir el programa <strong><em>Escacs a l\u2019escola<\/em><\/strong> en els seus sistemes educatius.<\/p>\n<table style=\"width: 100%; border-collapse: collapse; border-style: none; border-color: #ffffff;\">\n<tbody>\n<tr>\n<td style=\"width: 50%; border-color: #ffffff; text-align: center;\">\u00a0<img loading=\"lazy\" decoding=\"async\" class=\"alignnone  wp-image-4885\" src=\"https:\/\/agora.xtec.cat\/escolamontbrio\/wp-content\/uploads\/usu1765\/2023\/04\/escacs-2.jpg\" alt=\"\" width=\"302\" height=\"170\" srcset=\"https:\/\/agora.xtec.cat\/escolamontbrio\/wp-content\/uploads\/usu1765\/2023\/04\/escacs-2.jpg 1024w, https:\/\/agora.xtec.cat\/escolamontbrio\/wp-content\/uploads\/usu1765\/2023\/04\/escacs-2-300x169.jpg 300w, https:\/\/agora.xtec.cat\/escolamontbrio\/wp-content\/uploads\/usu1765\/2023\/04\/escacs-2-768x432.jpg 768w\" sizes=\"auto, (max-width: 302px) 100vw, 302px\" \/><\/td>\n<td style=\"width: 50%; border-color: #ffffff; text-align: center;\"><img loading=\"lazy\" decoding=\"async\" class=\"alignnone  wp-image-4884\" src=\"https:\/\/agora.xtec.cat\/escolamontbrio\/wp-content\/uploads\/usu1765\/2023\/04\/escacs-1.jpg\" alt=\"\" width=\"286\" height=\"170\" srcset=\"https:\/\/agora.xtec.cat\/escolamontbrio\/wp-content\/uploads\/usu1765\/2023\/04\/escacs-1.jpg 1024w, https:\/\/agora.xtec.cat\/escolamontbrio\/wp-content\/uploads\/usu1765\/2023\/04\/escacs-1-300x178.jpg 300w, https:\/\/agora.xtec.cat\/escolamontbrio\/wp-content\/uploads\/usu1765\/2023\/04\/escacs-1-768x456.jpg 768w\" sizes=\"auto, (max-width: 286px) 100vw, 286px\" \/><\/td>\n<\/tr>\n<\/tbody>\n<\/table>\n","protected":false},"excerpt":{"rendered":"<p>Projecte Escacs a l&#8217;escola<br \/>\nEscacs a l\u2019escola \u00e9s un projecte per promoure els escacs com a eina educativa en horari lectiu que\u00a0apliquem moltes\u00a0 escoles catalanes. El projecte permet desenvolupar aspectes com la concentraci\u00f3, el c\u00e0lcul mental, l\u2019orientaci\u00f3 espacial, la mem\u00f2ria, les habilitats ling\u00fc\u00edstiques o la resoluci\u00f3&hellip;  <a href=\"https:\/\/agora.xtec.cat\/escolamontbrio\/lescola\/projectes\/escacs\/\" title=\"Read Escacs\">Llegeix m\u00e9s\u00bb<\/a><\/p>\n","protected":false},"author":1,"featured_media":0,"parent":559,"menu_order":110,"comment_status":"closed","ping_status":"closed","template":"page-templates\/side-menu.php","meta":{"_bbp_topic_count":0,"_bbp_reply_count":0,"_bbp_total_topic_count":0,"_bbp_total_reply_count":0,"_bbp_voice_count":0,"_bbp_anonymous_reply_count":0,"_bbp_topic_count_hidden":0,"_bbp_reply_count_hidden":0,"_bbp_forum_subforum_count":0,"footnotes":""},"class_list":["post-671","page","type-page","status-publish","hentry"],"post_mailing_queue_ids":[],"_links":{"self":[{"href":"https:\/\/agora.xtec.cat\/escolamontbrio\/wp-json\/wp\/v2\/pages\/671","targetHints":{"allow":["GET"]}}],"collection":[{"href":"https:\/\/agora.xtec.cat\/escolamontbrio\/wp-json\/wp\/v2\/pages"}],"about":[{"href":"https:\/\/agora.xtec.cat\/escolamontbrio\/wp-json\/wp\/v2\/types\/page"}],"author":[{"embeddable":true,"href":"https:\/\/agora.xtec.cat\/escolamontbrio\/wp-json\/wp\/v2\/users\/1"}],"replies":[{"embeddable":true,"href":"https:\/\/agora.xtec.cat\/escolamontbrio\/wp-json\/wp\/v2\/comments?post=671"}],"version-history":[{"count":3,"href":"https:\/\/agora.xtec.cat\/escolamontbrio\/wp-json\/wp\/v2\/pages\/671\/revisions"}],"predecessor-version":[{"id":4886,"href":"https:\/\/agora.xtec.cat\/escolamontbrio\/wp-json\/wp\/v2\/pages\/671\/revisions\/4886"}],"up":[{"embeddable":true,"href":"https:\/\/agora.xtec.cat\/escolamontbrio\/wp-json\/wp\/v2\/pages\/559"}],"wp:attachment":[{"href":"https:\/\/agora.xtec.cat\/escolamontbrio\/wp-json\/wp\/v2\/media?parent=671"}],"curies":[{"name":"wp","href":"https:\/\/api.w.org\/{rel}","templated":true}]}}