{"id":662,"date":"2018-01-04T22:14:02","date_gmt":"2018-01-04T21:14:02","guid":{"rendered":"http:\/\/agora.xtec.cat\/escolamontbrio\/?page_id=662"},"modified":"2023-09-28T19:30:29","modified_gmt":"2023-09-28T17:30:29","slug":"jornades-culturals","status":"publish","type":"page","link":"https:\/\/agora.xtec.cat\/escolamontbrio\/lescola\/projectes\/jornades-culturals\/","title":{"rendered":"Jornades Culturals"},"content":{"rendered":"<p style=\"text-align: justify;\">A la nostra escola cada curs dediquem uns dies a realitzar les Jornades Culturals. Hem tractat molts temes, i de tots n&#8217;hem apr\u00e8s moltes coses d&#8217;una forma l\u00fadica i vivencial, a partir de l&#8217;experimentaci\u00f3, la investigaci\u00f3 i un aprenentatge significatiu. I, evidentment, n&#8217;hem gaudit i ens ho hem passat molt b\u00e9.<\/p>\n<p style=\"text-align: justify;\">Els darrers temes tractats han estat:<\/p>\n<ul>\n<li style=\"text-align: justify;\">Curs 2022\/23: <strong>L&#8217;astronomia i l&#8217;astrologia<\/strong><\/li>\n<li>Curs 2021\/22: <strong>Els vikings<\/strong><\/li>\n<li>Curs 2020\/21: <strong>Els jocs ol\u00edmpics\u00a0<\/strong><\/li>\n<li>Curs 2019\/20: <strong>El cinema <\/strong>(en l\u00ednia, degut al confinament)<\/li>\n<li>Curs 2018\/19: <strong>El bosc<\/strong><\/li>\n<li style=\"text-align: justify;\">Curs 2017\/18: <strong>El c\u00f2mic<\/strong><\/li>\n<li style=\"text-align: justify;\">Curs 2016\/17: <strong>El circ<\/strong><\/li>\n<li style=\"text-align: justify;\">Curs 2015\/16: <strong>El mar<\/strong><\/li>\n<\/ul>\n<p><a href=\"http:\/\/agora.xtec.cat\/escolamontbrio\/wp-content\/uploads\/usu1765\/2018\/01\/alumnes_pati.jpg\"><img loading=\"lazy\" decoding=\"async\" class=\"alignnone size-full wp-image-914\" src=\"http:\/\/agora.xtec.cat\/escolamontbrio\/wp-content\/uploads\/usu1765\/2018\/01\/alumnes_pati.jpg\" alt=\"\" width=\"4096\" height=\"949\" srcset=\"https:\/\/agora.xtec.cat\/escolamontbrio\/wp-content\/uploads\/usu1765\/2018\/01\/alumnes_pati.jpg 4096w, https:\/\/agora.xtec.cat\/escolamontbrio\/wp-content\/uploads\/usu1765\/2018\/01\/alumnes_pati-300x70.jpg 300w, https:\/\/agora.xtec.cat\/escolamontbrio\/wp-content\/uploads\/usu1765\/2018\/01\/alumnes_pati-768x178.jpg 768w, https:\/\/agora.xtec.cat\/escolamontbrio\/wp-content\/uploads\/usu1765\/2018\/01\/alumnes_pati-1024x237.jpg 1024w\" sizes=\"auto, (max-width: 4096px) 100vw, 4096px\" \/><\/a><\/p>\n","protected":false},"excerpt":{"rendered":"<p>A la nostra escola cada curs dediquem uns dies a realitzar les Jornades Culturals. Hem tractat molts temes, i de tots n&#8217;hem apr\u00e8s moltes coses d&#8217;una forma l\u00fadica i vivencial, a partir de l&#8217;experimentaci\u00f3, la investigaci\u00f3 i un aprenentatge significatiu. I, evidentment, n&#8217;hem gaudit i&hellip;  <a href=\"https:\/\/agora.xtec.cat\/escolamontbrio\/lescola\/projectes\/jornades-culturals\/\" title=\"Read Jornades Culturals\">Llegeix m\u00e9s\u00bb<\/a><\/p>\n","protected":false},"author":1,"featured_media":0,"parent":559,"menu_order":70,"comment_status":"closed","ping_status":"closed","template":"page-templates\/side-menu.php","meta":{"_bbp_topic_count":0,"_bbp_reply_count":0,"_bbp_total_topic_count":0,"_bbp_total_reply_count":0,"_bbp_voice_count":0,"_bbp_anonymous_reply_count":0,"_bbp_topic_count_hidden":0,"_bbp_reply_count_hidden":0,"_bbp_forum_subforum_count":0,"footnotes":""},"class_list":["post-662","page","type-page","status-publish","hentry"],"post_mailing_queue_ids":[],"_links":{"self":[{"href":"https:\/\/agora.xtec.cat\/escolamontbrio\/wp-json\/wp\/v2\/pages\/662","targetHints":{"allow":["GET"]}}],"collection":[{"href":"https:\/\/agora.xtec.cat\/escolamontbrio\/wp-json\/wp\/v2\/pages"}],"about":[{"href":"https:\/\/agora.xtec.cat\/escolamontbrio\/wp-json\/wp\/v2\/types\/page"}],"author":[{"embeddable":true,"href":"https:\/\/agora.xtec.cat\/escolamontbrio\/wp-json\/wp\/v2\/users\/1"}],"replies":[{"embeddable":true,"href":"https:\/\/agora.xtec.cat\/escolamontbrio\/wp-json\/wp\/v2\/comments?post=662"}],"version-history":[{"count":4,"href":"https:\/\/agora.xtec.cat\/escolamontbrio\/wp-json\/wp\/v2\/pages\/662\/revisions"}],"predecessor-version":[{"id":5130,"href":"https:\/\/agora.xtec.cat\/escolamontbrio\/wp-json\/wp\/v2\/pages\/662\/revisions\/5130"}],"up":[{"embeddable":true,"href":"https:\/\/agora.xtec.cat\/escolamontbrio\/wp-json\/wp\/v2\/pages\/559"}],"wp:attachment":[{"href":"https:\/\/agora.xtec.cat\/escolamontbrio\/wp-json\/wp\/v2\/media?parent=662"}],"curies":[{"name":"wp","href":"https:\/\/api.w.org\/{rel}","templated":true}]}}