{"id":660,"date":"2018-01-04T22:12:04","date_gmt":"2018-01-04T21:12:04","guid":{"rendered":"http:\/\/agora.xtec.cat\/escolamontbrio\/?page_id=660"},"modified":"2025-05-09T13:28:59","modified_gmt":"2025-05-09T11:28:59","slug":"escola-verda","status":"publish","type":"page","link":"https:\/\/agora.xtec.cat\/escolamontbrio\/lescola\/projectes\/escola-verda\/","title":{"rendered":"Escola Verda"},"content":{"rendered":"<p style=\"text-align: justify;\"><a href=\"https:\/\/mediambient.gencat.cat\/ca\/05_ambits_dactuacio\/persones-i-natura\/centres-educatius\/xarxa-escoles-verdes\/\" target=\"_blank\" rel=\"noopener noreferrer\"><strong><img loading=\"lazy\" decoding=\"async\" class=\"alignnone  wp-image-6072\" src=\"https:\/\/agora.xtec.cat\/escolamontbrio\/wp-content\/uploads\/usu1765\/2025\/05\/SomEscolaVerda-1024x416.jpg\" alt=\"\" width=\"408\" height=\"166\" srcset=\"https:\/\/agora.xtec.cat\/escolamontbrio\/wp-content\/uploads\/usu1765\/2025\/05\/SomEscolaVerda-1024x416.jpg 1024w, https:\/\/agora.xtec.cat\/escolamontbrio\/wp-content\/uploads\/usu1765\/2025\/05\/SomEscolaVerda-300x122.jpg 300w, https:\/\/agora.xtec.cat\/escolamontbrio\/wp-content\/uploads\/usu1765\/2025\/05\/SomEscolaVerda-768x312.jpg 768w, https:\/\/agora.xtec.cat\/escolamontbrio\/wp-content\/uploads\/usu1765\/2025\/05\/SomEscolaVerda.jpg 1374w\" sizes=\"auto, (max-width: 408px) 100vw, 408px\" \/><\/strong><\/a><\/p>\n<p style=\"text-align: justify;\">El programa\u00a0<a href=\"https:\/\/mediambient.gencat.cat\/ca\/05_ambits_dactuacio\/persones-i-natura\/centres-educatius\/xarxa-escoles-verdes\/\" target=\"_blank\" rel=\"noopener noreferrer\"><strong>Escoles Verdes<\/strong><\/a> \u00e9s una iniciativa del Departament d&#8217;Acci\u00f3 Clim\u00e0tica, Alimentaci\u00f3 i Agenda Rural de la <strong>Generalitat de Catalunya<\/strong>.<\/p>\n<p style=\"text-align: justify;\">Una de les actuacions d&#8217;aquest projecte \u00e9s la reorientaci\u00f3 de l&#8217;educaci\u00f3 vers el desenvolupament sostenible. L&#8217;escola ha de dissenyar plans de treball relacionats amb el medi ambient ben integrats en els seus plans d&#8217;estudi.<\/p>\n<p style=\"text-align: justify;\">Aix\u00f2 vol dir que est\u00e0 compromesa en la millora ambiental i que per tant t\u00e9 com a objectiu principal sensibilitzar els nens\/es pel respecte al medi ambient.<\/p>\n<p style=\"text-align: justify;\">Les actuacions que es duen a terme al llarg del curs les podem dividir en dos grups: actuacions permanents (es realitzen durant tot el curs) i actuacions no permanents (poden variar en funci\u00f3 dels objectius marcats).<\/p>\n<p style=\"text-align: justify;\"><strong>Actuacions permanents:<\/strong><\/p>\n<ul style=\"text-align: justify;\">\n<li>Projecte de reutilitzaci\u00f3 de llibres.<\/li>\n<li>Campanyes d\u2019\u00fas de transport sostenible i saludable com la bicicleta o el patinet.<\/li>\n<li>Realitzaci\u00f3 de treballs pl\u00e0stics amb materials reciclats.<\/li>\n<li>Utilitzaci\u00f3 de contenidors de reciclatge.<\/li>\n<li>\u00das de la carmanyola.<\/li>\n<li>Fotoc\u00f2pies per les dues cares, i foment del treball i comunicaci\u00f3 digital.<\/li>\n<li>Campanyes de sensibilitzaci\u00f3 per l&#8217;energia el\u00e8ctrica i l&#8217;estalvi d&#8217;aigua.<\/li>\n<li>Les classes de prim\u00e0ria tenen un\u00a0<strong>delegat\/da verd<\/strong>. \u00c9s l&#8217;alumne encarregat de vetllar perqu\u00e8 \u00e9s compleixin les diferents actuacions per tenir cura del medi ambient.<\/li>\n<li><strong>Brigada verda<\/strong> a prim\u00e0ria: dimarts i dijous recollim papers del pati, classificant-los en els diferents contenidors.<\/li>\n<li><strong>Tallers de l&#8217;hort<\/strong> on treballem la biodiversitat i l\u2019agricultura ecol\u00f2gica.<\/li>\n<\/ul>\n<p><img loading=\"lazy\" decoding=\"async\" class=\"wp-image-5172 alignright\" src=\"https:\/\/agora.xtec.cat\/escolamontbrio\/wp-content\/uploads\/usu1765\/2023\/10\/recicleta.png\" alt=\"\" width=\"159\" height=\"261\" srcset=\"https:\/\/agora.xtec.cat\/escolamontbrio\/wp-content\/uploads\/usu1765\/2023\/10\/recicleta.png 371w, https:\/\/agora.xtec.cat\/escolamontbrio\/wp-content\/uploads\/usu1765\/2023\/10\/recicleta-182x300.png 182w\" sizes=\"auto, (max-width: 159px) 100vw, 159px\" \/><\/p>\n<p style=\"text-align: justify;\"><strong>Actuacions no permanents:<\/strong><\/p>\n<ul>\n<li style=\"text-align: justify;\">Celebraci\u00f3 d&#8217;activitats del calendari d\u2019escola verda proposat pel programa d&#8217;escoles verdes de Catalunya, com per exemple el <strong>dia de l&#8217;aigua<\/strong>, la <strong>setmana de la mobilitat sostenible<\/strong>, la <strong>setmana bio<\/strong>\u2026 on l&#8217;escola proposa diferents activitats adaptades a tots els nivells.<\/li>\n<\/ul>\n<p>&nbsp;<\/p>\n<p>La <em><strong>Recicleta<\/strong><\/em>, la mascota de l&#8217;escola, ens ajuda a reciclar i aprendre sobre el medi ambient. Tamb\u00e9 ens introdueix les activitats relacionades amb l&#8217;escola.<\/p>\n<p>&nbsp;<\/p>\n<p>&nbsp;<\/p>\n<p>&nbsp;<\/p>\n","protected":false},"excerpt":{"rendered":"<p><a href=\"https:\/\/mediambient.gencat.cat\/ca\/05_ambits_dactuacio\/persones-i-natura\/centres-educatius\/xarxa-escoles-verdes\/\" target=\"_blank\" rel=\"noopener noreferrer\"><\/a><br \/>\nEl programa\u00a0<a href=\"https:\/\/mediambient.gencat.cat\/ca\/05_ambits_dactuacio\/persones-i-natura\/centres-educatius\/xarxa-escoles-verdes\/\" target=\"_blank\" rel=\"noopener noreferrer\">Escoles Verdes<\/a> \u00e9s una iniciativa del Departament d&#8217;Acci\u00f3 Clim\u00e0tica, Alimentaci\u00f3 i Agenda Rural de la Generalitat de Catalunya.<br \/>\nUna de les actuacions d&#8217;aquest projecte \u00e9s la reorientaci\u00f3 de l&#8217;educaci\u00f3 vers el desenvolupament sostenible. L&#8217;escola ha de dissenyar&hellip;  <a href=\"https:\/\/agora.xtec.cat\/escolamontbrio\/lescola\/projectes\/escola-verda\/\" title=\"Read Escola Verda\">Llegeix m\u00e9s\u00bb<\/a><\/p>\n","protected":false},"author":1,"featured_media":0,"parent":559,"menu_order":50,"comment_status":"closed","ping_status":"closed","template":"page-templates\/side-menu.php","meta":{"_bbp_topic_count":0,"_bbp_reply_count":0,"_bbp_total_topic_count":0,"_bbp_total_reply_count":0,"_bbp_voice_count":0,"_bbp_anonymous_reply_count":0,"_bbp_topic_count_hidden":0,"_bbp_reply_count_hidden":0,"_bbp_forum_subforum_count":0,"footnotes":""},"class_list":["post-660","page","type-page","status-publish","hentry"],"post_mailing_queue_ids":[],"_links":{"self":[{"href":"https:\/\/agora.xtec.cat\/escolamontbrio\/wp-json\/wp\/v2\/pages\/660","targetHints":{"allow":["GET"]}}],"collection":[{"href":"https:\/\/agora.xtec.cat\/escolamontbrio\/wp-json\/wp\/v2\/pages"}],"about":[{"href":"https:\/\/agora.xtec.cat\/escolamontbrio\/wp-json\/wp\/v2\/types\/page"}],"author":[{"embeddable":true,"href":"https:\/\/agora.xtec.cat\/escolamontbrio\/wp-json\/wp\/v2\/users\/1"}],"replies":[{"embeddable":true,"href":"https:\/\/agora.xtec.cat\/escolamontbrio\/wp-json\/wp\/v2\/comments?post=660"}],"version-history":[{"count":6,"href":"https:\/\/agora.xtec.cat\/escolamontbrio\/wp-json\/wp\/v2\/pages\/660\/revisions"}],"predecessor-version":[{"id":6073,"href":"https:\/\/agora.xtec.cat\/escolamontbrio\/wp-json\/wp\/v2\/pages\/660\/revisions\/6073"}],"up":[{"embeddable":true,"href":"https:\/\/agora.xtec.cat\/escolamontbrio\/wp-json\/wp\/v2\/pages\/559"}],"wp:attachment":[{"href":"https:\/\/agora.xtec.cat\/escolamontbrio\/wp-json\/wp\/v2\/media?parent=660"}],"curies":[{"name":"wp","href":"https:\/\/api.w.org\/{rel}","templated":true}]}}