{"id":654,"date":"2018-01-04T21:49:36","date_gmt":"2018-01-04T20:49:36","guid":{"rendered":"http:\/\/agora.xtec.cat\/escolamontbrio\/?page_id=654"},"modified":"2023-04-13T19:29:45","modified_gmt":"2023-04-13T17:29:45","slug":"biblioteca","status":"publish","type":"page","link":"https:\/\/agora.xtec.cat\/escolamontbrio\/lescola\/projectes\/biblioteca\/","title":{"rendered":"Biblioteca"},"content":{"rendered":"<h4>Biblioteca escolar<\/h4>\n<p><img loading=\"lazy\" decoding=\"async\" class=\" wp-image-4872 alignright\" src=\"https:\/\/agora.xtec.cat\/escolamontbrio\/wp-content\/uploads\/usu1765\/2023\/04\/biblioteca1-1024x768.jpg\" alt=\"\" width=\"392\" height=\"294\" srcset=\"https:\/\/agora.xtec.cat\/escolamontbrio\/wp-content\/uploads\/usu1765\/2023\/04\/biblioteca1-1024x768.jpg 1024w, https:\/\/agora.xtec.cat\/escolamontbrio\/wp-content\/uploads\/usu1765\/2023\/04\/biblioteca1-300x225.jpg 300w, https:\/\/agora.xtec.cat\/escolamontbrio\/wp-content\/uploads\/usu1765\/2023\/04\/biblioteca1-768x576.jpg 768w, https:\/\/agora.xtec.cat\/escolamontbrio\/wp-content\/uploads\/usu1765\/2023\/04\/biblioteca1-1536x1152.jpg 1536w, https:\/\/agora.xtec.cat\/escolamontbrio\/wp-content\/uploads\/usu1765\/2023\/04\/biblioteca1-200x150.jpg 200w, https:\/\/agora.xtec.cat\/escolamontbrio\/wp-content\/uploads\/usu1765\/2023\/04\/biblioteca1.jpg 2048w\" sizes=\"auto, (max-width: 392px) 100vw, 392px\" \/>A la nostra escola ens agrada llegir, i ens agrada compartir el que llegim, per aix\u00f2 destinem temps i esfor\u00e7os a afavorir la compet\u00e8ncia lectora del nostre alumnat, crear h\u00e0bit i tamb\u00e9 fer-los descobrir possibilitats que se&#8217;ls obren si aprenen a gaudir d&#8217;una activitat com la lectura.<\/p>\n<h6>El nostre <strong>repte<\/strong>: aconseguir lectors i lectores competents.<\/h6>\n<p>Un espai molt important de l\u2019escola \u00e9s <strong>la biblioteca<\/strong>, l\u2019eix, el cor de l\u2019escola. La import\u00e0ncia que donem a l\u2019\u00fas de la biblioteca, a la formaci\u00f3 de bons lectors, usuaris de biblioteca competents\u2026 no \u00e9s un aspecte nou a l\u2019escola sin\u00f3 que des de fa anys s\u2019han dut a terme diferents activitats relacionades amb la dinamitzaci\u00f3 de la biblioteca i la lectura.<\/p>\n<p>La nostra biblioteca va canviar d\u2019ubicaci\u00f3 i l\u2019hem renovat i millorat. \u00c9s un espai:<\/p>\n<ul>\n<li style=\"list-style-type: none;\">\n<ul style=\"list-style-type: disc;\">\n<li>acollidor, on l\u2019aprenentatge que es duu a terme va m\u00e9s enll\u00e0 de les seves parets.<\/li>\n<li>de foment de la lectura i de l\u2019h\u00e0bit lector.<\/li>\n<li>de lleure, on la fantasia, la creativitat i la imaginaci\u00f3 volen.<\/li>\n<li>de cerca de recursos per a la informaci\u00f3.<\/li>\n<li>de suport a l\u2019aula ordin\u00e0ria en els treballs d\u2019investigaci\u00f3.<\/li>\n<li>obert a la comunitat educativa.<\/li>\n<\/ul>\n<\/li>\n<\/ul>\n<p><strong>La Milmons<\/strong>, la nostra bibliotec\u00e0ria, ens d\u00f3na la benvinguda i ens prepara activitats ben motivadores.<\/p>\n<p>&nbsp;<\/p>\n<h6>Programa de biblioteca escolar <strong>PuntEdu<\/strong><\/h6>\n<p>Des del curs 2011-12 formem part del programa de biblioteca escolar \u201c<strong>puntedu<\/strong>\u201d amb l\u2019objectiu de potenciar la biblioteca escolar.<\/p>\n<p>Tenim un<strong> projecte de biblioteca<\/strong> que inclou totes les activitats que es fan al centre relacionades amb la lectura, i el PLEC (Pla Lector), que cada any renovem, amb propostes diferents, al voltant d\u2019una obra o un autor. Aquest pla lector pret\u00e9n ser una motivaci\u00f3 i crear ganes de descobrir a partir de la lectura.<\/p>\n<p>&nbsp;<\/p>\n<p><img loading=\"lazy\" decoding=\"async\" class=\"wp-image-4871 aligncenter\" src=\"https:\/\/agora.xtec.cat\/escolamontbrio\/wp-content\/uploads\/usu1765\/2023\/04\/biblioteca2-1024x390.jpg\" alt=\"\" width=\"598\" height=\"228\" srcset=\"https:\/\/agora.xtec.cat\/escolamontbrio\/wp-content\/uploads\/usu1765\/2023\/04\/biblioteca2-1024x390.jpg 1024w, https:\/\/agora.xtec.cat\/escolamontbrio\/wp-content\/uploads\/usu1765\/2023\/04\/biblioteca2-300x114.jpg 300w, https:\/\/agora.xtec.cat\/escolamontbrio\/wp-content\/uploads\/usu1765\/2023\/04\/biblioteca2-768x292.jpg 768w, https:\/\/agora.xtec.cat\/escolamontbrio\/wp-content\/uploads\/usu1765\/2023\/04\/biblioteca2-1536x585.jpg 1536w, https:\/\/agora.xtec.cat\/escolamontbrio\/wp-content\/uploads\/usu1765\/2023\/04\/biblioteca2.jpg 2020w\" sizes=\"auto, (max-width: 598px) 100vw, 598px\" \/><\/p>\n<p>&nbsp;<\/p>\n<p>&nbsp;<\/p>\n","protected":false},"excerpt":{"rendered":"<p>Biblioteca escolar<br \/>\nA la nostra escola ens agrada llegir, i ens agrada compartir el que llegim, per aix\u00f2 destinem temps i esfor\u00e7os a afavorir la compet\u00e8ncia lectora del nostre alumnat, crear h\u00e0bit i tamb\u00e9 fer-los descobrir possibilitats que se&#8217;ls obren si aprenen a gaudir d&#8217;una activitat&hellip;  <a href=\"https:\/\/agora.xtec.cat\/escolamontbrio\/lescola\/projectes\/biblioteca\/\" title=\"Read Biblioteca\">Llegeix m\u00e9s\u00bb<\/a><\/p>\n","protected":false},"author":1,"featured_media":0,"parent":559,"menu_order":20,"comment_status":"closed","ping_status":"closed","template":"page-templates\/side-menu.php","meta":{"_bbp_topic_count":0,"_bbp_reply_count":0,"_bbp_total_topic_count":0,"_bbp_total_reply_count":0,"_bbp_voice_count":0,"_bbp_anonymous_reply_count":0,"_bbp_topic_count_hidden":0,"_bbp_reply_count_hidden":0,"_bbp_forum_subforum_count":0,"footnotes":""},"class_list":["post-654","page","type-page","status-publish","hentry"],"post_mailing_queue_ids":[],"_links":{"self":[{"href":"https:\/\/agora.xtec.cat\/escolamontbrio\/wp-json\/wp\/v2\/pages\/654","targetHints":{"allow":["GET"]}}],"collection":[{"href":"https:\/\/agora.xtec.cat\/escolamontbrio\/wp-json\/wp\/v2\/pages"}],"about":[{"href":"https:\/\/agora.xtec.cat\/escolamontbrio\/wp-json\/wp\/v2\/types\/page"}],"author":[{"embeddable":true,"href":"https:\/\/agora.xtec.cat\/escolamontbrio\/wp-json\/wp\/v2\/users\/1"}],"replies":[{"embeddable":true,"href":"https:\/\/agora.xtec.cat\/escolamontbrio\/wp-json\/wp\/v2\/comments?post=654"}],"version-history":[{"count":3,"href":"https:\/\/agora.xtec.cat\/escolamontbrio\/wp-json\/wp\/v2\/pages\/654\/revisions"}],"predecessor-version":[{"id":4874,"href":"https:\/\/agora.xtec.cat\/escolamontbrio\/wp-json\/wp\/v2\/pages\/654\/revisions\/4874"}],"up":[{"embeddable":true,"href":"https:\/\/agora.xtec.cat\/escolamontbrio\/wp-json\/wp\/v2\/pages\/559"}],"wp:attachment":[{"href":"https:\/\/agora.xtec.cat\/escolamontbrio\/wp-json\/wp\/v2\/media?parent=654"}],"curies":[{"name":"wp","href":"https:\/\/api.w.org\/{rel}","templated":true}]}}