{"id":647,"date":"2018-01-04T21:27:06","date_gmt":"2018-01-04T20:27:06","guid":{"rendered":"http:\/\/agora.xtec.cat\/escolamontbrio\/?page_id=647"},"modified":"2023-09-20T18:14:13","modified_gmt":"2023-09-20T16:14:13","slug":"reutilitzacio-de-llibres-de-text","status":"publish","type":"page","link":"https:\/\/agora.xtec.cat\/escolamontbrio\/lescola\/projectes\/reutilitzacio-de-llibres-de-text\/","title":{"rendered":"Reutilitzaci\u00f3 de llibres de text"},"content":{"rendered":"<h4>Projecte de reutilitzaci\u00f3 de llibres de text<\/h4>\n<p>Fent una mica d\u2019hist\u00f2ria, la nostra escola participa en aquest projecte des del curs 2005-06. D\u2019aleshores en\u00e7\u00e0, esperonats per l\u2019afany de dotar tot l\u2019alumnat amb llibres de consulta, lectura, atles, diccionaris&#8230; cada curs ens afegim a aquesta iniciativa.<\/p>\n<p>Estem molt satisfets de la feina feta, i val a dir que amb la col\u00b7laboraci\u00f3 de les fam\u00edlies que han cedit els llibres utilitzats nom\u00e9s un curs (implantaci\u00f3 de la LOE) i la inversi\u00f3 esmentada abans, l\u2019alumnat de CM i CS del nostre centre, disposa des del curs 2011-12 de tots els llibres de text, de consulta, de lectura\u2026 en condici\u00f3 de pr\u00e9stec. Sempre demanem que en facin un bon \u00fas, en tinguin cura i el deixin en<br \/>\ncondicions de ser usat el seg\u00fcent curs tal com consta en el projecte. En cas contrari, la fam\u00edlia haur\u00e0 d\u2019abonar el preu de la compra del nou llibre, tal com queda especificat a les <a href=\"https:\/\/agora.xtec.cat\/escolamontbrio\/lescola\/documents-de-centre\/nofc\/\">Normes d\u2019Organitzaci\u00f3 i Funcionament del Centre<\/a> (NOFC) en el punt 7.14, a la p\u00e0gina 20.<\/p>\n<p>A hores d\u2019ara, el projecte reutilitzaci\u00f3 s\u2019ha hagut d\u2019anar adaptant en funci\u00f3 de la inversi\u00f3 econ\u00f2mica. L\u2019escola, amb el pagament de la quota de reutilitzaci\u00f3 rebuda per part de les fam\u00edlies, compra els llibres adequats per poder dotar l\u2019alumnat dels recursos necessaris per desenvolupar el treball a l\u2019aula. Continuarem amb aquest projecte, pensem que \u00e9s una forma viable d\u2019anar actualitzant llibres de diversa tipologia perqu\u00e8 l\u2019alumnat de la nostra escola pugui gaudir d\u2019un recurs m\u00e9s d\u2019aprenentatge.<\/p>\n<pre style=\"text-align: justify;\"><iframe loading=\"lazy\" src=\"https:\/\/drive.google.com\/file\/d\/13ob0S4MV1uSpjbL4ctZ3Q5oFOS4FU4T3\/preview\" width=\"640\" height=\"650\"><\/iframe><\/pre>\n<p style=\"text-align: justify;\">\n","protected":false},"excerpt":{"rendered":"<p>Projecte de reutilitzaci\u00f3 de llibres de text<br \/>\nFent una mica d\u2019hist\u00f2ria, la nostra escola participa en aquest projecte des del curs 2005-06. D\u2019aleshores en\u00e7\u00e0, esperonats per l\u2019afany de dotar tot l\u2019alumnat amb llibres de consulta, lectura, atles, diccionaris&#8230; cada curs ens afegim a aquesta iniciativa.<br \/>\nEstem molt&hellip;  <a href=\"https:\/\/agora.xtec.cat\/escolamontbrio\/lescola\/projectes\/reutilitzacio-de-llibres-de-text\/\" title=\"Read Reutilitzaci\u00f3 de llibres de text\">Llegeix m\u00e9s\u00bb<\/a><\/p>\n","protected":false},"author":1,"featured_media":0,"parent":559,"menu_order":10,"comment_status":"closed","ping_status":"closed","template":"page-templates\/side-menu.php","meta":{"_bbp_topic_count":0,"_bbp_reply_count":0,"_bbp_total_topic_count":0,"_bbp_total_reply_count":0,"_bbp_voice_count":0,"_bbp_anonymous_reply_count":0,"_bbp_topic_count_hidden":0,"_bbp_reply_count_hidden":0,"_bbp_forum_subforum_count":0,"footnotes":""},"class_list":["post-647","page","type-page","status-publish","hentry"],"post_mailing_queue_ids":[],"_links":{"self":[{"href":"https:\/\/agora.xtec.cat\/escolamontbrio\/wp-json\/wp\/v2\/pages\/647","targetHints":{"allow":["GET"]}}],"collection":[{"href":"https:\/\/agora.xtec.cat\/escolamontbrio\/wp-json\/wp\/v2\/pages"}],"about":[{"href":"https:\/\/agora.xtec.cat\/escolamontbrio\/wp-json\/wp\/v2\/types\/page"}],"author":[{"embeddable":true,"href":"https:\/\/agora.xtec.cat\/escolamontbrio\/wp-json\/wp\/v2\/users\/1"}],"replies":[{"embeddable":true,"href":"https:\/\/agora.xtec.cat\/escolamontbrio\/wp-json\/wp\/v2\/comments?post=647"}],"version-history":[{"count":4,"href":"https:\/\/agora.xtec.cat\/escolamontbrio\/wp-json\/wp\/v2\/pages\/647\/revisions"}],"predecessor-version":[{"id":5114,"href":"https:\/\/agora.xtec.cat\/escolamontbrio\/wp-json\/wp\/v2\/pages\/647\/revisions\/5114"}],"up":[{"embeddable":true,"href":"https:\/\/agora.xtec.cat\/escolamontbrio\/wp-json\/wp\/v2\/pages\/559"}],"wp:attachment":[{"href":"https:\/\/agora.xtec.cat\/escolamontbrio\/wp-json\/wp\/v2\/media?parent=647"}],"curies":[{"name":"wp","href":"https:\/\/api.w.org\/{rel}","templated":true}]}}