{"id":644,"date":"2018-01-04T21:17:30","date_gmt":"2018-01-04T20:17:30","guid":{"rendered":"http:\/\/agora.xtec.cat\/escolamontbrio\/?page_id=644"},"modified":"2019-11-24T17:30:54","modified_gmt":"2019-11-24T16:30:54","slug":"pla-desport","status":"publish","type":"page","link":"https:\/\/agora.xtec.cat\/escolamontbrio\/lescola\/projectes\/pla-desport\/","title":{"rendered":"Esport"},"content":{"rendered":"<h4>PES &#8211; Projecte Esportiu de Centre. Pla d&#8217;Esports.<\/h4>\n<p>&nbsp;<\/p>\n<p style=\"text-align: justify;\">El Projecte Esportiu de Centre \u00e9s un document que ha de donar coher\u00e8ncia a totes les l\u00ednies d\u2019actuaci\u00f3 que repercuteixen en l\u2019activitat f\u00edsica i esportiva dels alumnes del centre, tant en horari escolar com extraescolar. L\u2019escola Josep M. Soler i Gen\u00e9 ha de tenir una guia per a l\u2019organitzaci\u00f3 i realitzaci\u00f3 d\u2019activitats a partir de la seva pr\u00f2pia realitat.<\/p>\n<p style=\"text-align: justify;\">Per tant, per definir el PES (Projecte Esportiu de Centre) hem de rec\u00f3rrer a altres documents de regulaci\u00f3 de l\u2019activitat f\u00edsica i esportiva en edat escolar, aix\u00ed com a aquells que determinen l\u2019organitzaci\u00f3 de l\u2019escola.<\/p>\n<p style=\"text-align: justify;\"><strong>Objectius del Projecte Esportiu de Centre:<\/strong><\/p>\n<ul>\n<li style=\"list-style-type: none;\">\n<ul style=\"list-style-type: disc;\">\n<li style=\"text-align: justify;\">Incrementar la participaci\u00f3 en activitats f\u00edsiques i esportives en horari lectiu i no lectiu de l\u2019alumnat amb una incid\u00e8ncia especial en el col\u00b7lectiu de nenes.<\/li>\n<li style=\"text-align: justify;\">Aprofitar el gran potencial educatiu i formatiu de les activitats f\u00edsiques i esportives cercant la participaci\u00f3 per damunt de la competitivitat.<\/li>\n<li style=\"text-align: justify;\">Potenciar la funci\u00f3 integradora i de cohesi\u00f3 social de l\u2019esport escolar, facilitant l\u2019acc\u00e9s de tot els nens i nenes a la pr\u00e0ctica esportiva escolar, i en especial als nouvinguts.<\/li>\n<li style=\"text-align: justify;\">Contribuir a la formaci\u00f3 en valors com la toler\u00e0ncia, el respecte cap als altres i a les regles, la confian\u00e7a en un mateix, l\u2019esfor\u00e7 de cooperaci\u00f3, l\u2019autocr\u00edtica, l\u2019autonomia, l\u2019autonomia, la capacitat de decisi\u00f3, l\u2019autogesti\u00f3, la cooperaci\u00f3 i el treball en equip.<\/li>\n<li style=\"text-align: justify;\">Fomentar la pr\u00e0ctica regular d\u2019activitat f\u00edsica i esportiva i l\u2019adquisici\u00f3 d\u2019h\u00e0bits saludables que contribueixen a un millor benestar.<\/li>\n<li style=\"text-align: justify;\">Formar joves en els valors ciutadans mitjan\u00e7ant la participaci\u00f3 activa en la gesti\u00f3 de les associacions esportives de nova creaci\u00f3.<\/li>\n<\/ul>\n<\/li>\n<\/ul>\n<p>&nbsp;<\/p>\n","protected":false},"excerpt":{"rendered":"<p>PES &#8211; Projecte Esportiu de Centre. Pla d&#8217;Esports.<br \/>\n&nbsp;<br \/>\nEl Projecte Esportiu de Centre \u00e9s un document que ha de donar coher\u00e8ncia a totes les l\u00ednies d\u2019actuaci\u00f3 que repercuteixen en l\u2019activitat f\u00edsica i esportiva dels alumnes del centre, tant en horari escolar com extraescolar. L\u2019escola Josep M.&hellip;  <a href=\"https:\/\/agora.xtec.cat\/escolamontbrio\/lescola\/projectes\/pla-desport\/\" title=\"Read Esport\">Llegeix m\u00e9s\u00bb<\/a><\/p>\n","protected":false},"author":1,"featured_media":0,"parent":559,"menu_order":40,"comment_status":"closed","ping_status":"closed","template":"page-templates\/side-menu.php","meta":{"_bbp_topic_count":0,"_bbp_reply_count":0,"_bbp_total_topic_count":0,"_bbp_total_reply_count":0,"_bbp_voice_count":0,"_bbp_anonymous_reply_count":0,"_bbp_topic_count_hidden":0,"_bbp_reply_count_hidden":0,"_bbp_forum_subforum_count":0,"footnotes":""},"class_list":["post-644","page","type-page","status-publish","hentry"],"post_mailing_queue_ids":[],"_links":{"self":[{"href":"https:\/\/agora.xtec.cat\/escolamontbrio\/wp-json\/wp\/v2\/pages\/644","targetHints":{"allow":["GET"]}}],"collection":[{"href":"https:\/\/agora.xtec.cat\/escolamontbrio\/wp-json\/wp\/v2\/pages"}],"about":[{"href":"https:\/\/agora.xtec.cat\/escolamontbrio\/wp-json\/wp\/v2\/types\/page"}],"author":[{"embeddable":true,"href":"https:\/\/agora.xtec.cat\/escolamontbrio\/wp-json\/wp\/v2\/users\/1"}],"replies":[{"embeddable":true,"href":"https:\/\/agora.xtec.cat\/escolamontbrio\/wp-json\/wp\/v2\/comments?post=644"}],"version-history":[{"count":3,"href":"https:\/\/agora.xtec.cat\/escolamontbrio\/wp-json\/wp\/v2\/pages\/644\/revisions"}],"predecessor-version":[{"id":2254,"href":"https:\/\/agora.xtec.cat\/escolamontbrio\/wp-json\/wp\/v2\/pages\/644\/revisions\/2254"}],"up":[{"embeddable":true,"href":"https:\/\/agora.xtec.cat\/escolamontbrio\/wp-json\/wp\/v2\/pages\/559"}],"wp:attachment":[{"href":"https:\/\/agora.xtec.cat\/escolamontbrio\/wp-json\/wp\/v2\/media?parent=644"}],"curies":[{"name":"wp","href":"https:\/\/api.w.org\/{rel}","templated":true}]}}