{"id":641,"date":"2018-01-04T21:12:00","date_gmt":"2018-01-04T20:12:00","guid":{"rendered":"http:\/\/agora.xtec.cat\/escolamontbrio\/?page_id=641"},"modified":"2023-11-03T20:23:23","modified_gmt":"2023-11-03T19:23:23","slug":"llengua-estrangera","status":"publish","type":"page","link":"https:\/\/agora.xtec.cat\/escolamontbrio\/lescola\/projectes\/llengua-estrangera\/","title":{"rendered":"Llengua Estrangera"},"content":{"rendered":"<p style=\"text-align: justify;\"><img loading=\"lazy\" decoding=\"async\" class=\" wp-image-5241 alignright\" src=\"https:\/\/agora.xtec.cat\/escolamontbrio\/wp-content\/uploads\/usu1765\/2023\/11\/english-english-language-language-study-preview.jpg\" alt=\"\" width=\"274\" height=\"176\" srcset=\"https:\/\/agora.xtec.cat\/escolamontbrio\/wp-content\/uploads\/usu1765\/2023\/11\/english-english-language-language-study-preview.jpg 728w, https:\/\/agora.xtec.cat\/escolamontbrio\/wp-content\/uploads\/usu1765\/2023\/11\/english-english-language-language-study-preview-300x193.jpg 300w\" sizes=\"auto, (max-width: 274px) 100vw, 274px\" \/>Durant els \u00faltims anys, el nostre centre ha estat molt conscienciat envers la import\u00e0ncia i el desenvolupament de les lleng\u00fces estrangeres, ja que s\u2019han impulsat diversos projectes per tal d\u2019afavorir la pr\u00e0ctica d\u2019ensenyament-aprenentatge amb metodologies que beneficien l\u2019assoliment de la compet\u00e8ncia ling\u00fc\u00edstica de l\u2019alumnat: projecte Orator (2002), pla experimental de lleng\u00fces estrangeres: la llengua estrangera a prim\u00e0ria, espai de llengua viva (2006-2009) i pla integrat de lleng\u00fces estrangeres (2012).<\/p>\n<p style=\"text-align: justify;\">Actualment, desenvolupem activitats que potencien la comunicaci\u00f3 en lleng\u00fces estrangeres en contextos reals i diversos en els diferents nivells i cicles del centre:<\/p>\n<ol>\n<li><strong>Angl\u00e8s a infantil<\/strong> (I3, I4 i I5) amb l\u2019objectiu de familiaritzar l\u2019alumnat amb l\u2019\u00fas de la llengua anglesa i integrar-la de manera natural i espont\u00e0nia mitjan\u00e7ant activitats l\u00fadiques i orals que garanteixin un aprenentatge significatiu.<\/li>\n<li><strong>Angl\u00e8s a prim\u00e0ria.<\/strong> Es realitzen classes d\u2019angl\u00e8s curricular i tamb\u00e9 sessions de:\n<ul>\n<li><strong>Tallers<\/strong>\n<ul>\n<li style=\"list-style-type: none;\">\n<ul>\n<li><em><strong>Arts and Crafts<\/strong><\/em> (primer cicle)<\/li>\n<li><em><strong>Science-lab<\/strong><\/em> (segon i tercer cicle): tallers d\u2019experimentaci\u00f3 al laboratori.<br \/>\nMitjan\u00e7ant la metodologia AICLE (aprenentatge integrat de llengua i contingut) es fomenta la <span style=\"font-family: inherit; font-size: 1em;\">motivaci\u00f3 de l\u2019alumnat i es potencia l\u2019esperit cr\u00edtic i el treball col\u00b7laboratiu entre iguals. D\u2019aquesta manera, l\u2019alumnat aprenen a aprendre, tot potenciant la seva autonomia i iniciativa <\/span><span style=\"font-family: inherit; font-size: 1em;\">personal.<\/span><\/li>\n<li><strong>Taller de conversa en angl\u00e8s<\/strong> (<em>speaking<\/em>) (segon i tercer cicle)<br \/>\nS\u2019enfoca en el treball i la millora de la comunicaci\u00f3 oral (listening i speaking). L\u2019alumnat treballa l\u2019expressi\u00f3 oral mitjan\u00e7ant jocs comunicatius, <em>roleplays<\/em>, debats, din\u00e0miques centrades en els seus interessos&#8230; Gr\u00e0cies al taller de conversa s\u2019integra, de forma global, el vocabulari i la gram\u00e0tica,\u00a0<em>use of English<\/em>, entre d&#8217;altres. De forma transversal tamb\u00e9 es treballa la cooperaci\u00f3, la comunicaci\u00f3 no verbal, el treball en equip i el respecte.<\/li>\n<\/ul>\n<\/li>\n<\/ul>\n<\/li>\n<\/ul>\n<\/li>\n<\/ol>\n<ul>\n<li style=\"list-style-type: none;\">\n<ul>\n<li><strong>Lectura en llengua anglesa<\/strong> (segon i tercer cicle)<br \/>\nSessions de lectura efica\u00e7 en llengua anglesa.<\/li>\n<\/ul>\n<\/li>\n<\/ul>\n<p>&nbsp;<\/p>\n<ol>\n<li style=\"list-style-type: none;\"><\/li>\n<\/ol>\n","protected":false},"excerpt":{"rendered":"<p>Durant els \u00faltims anys, el nostre centre ha estat molt conscienciat envers la import\u00e0ncia i el desenvolupament de les lleng\u00fces estrangeres, ja que s\u2019han impulsat diversos projectes per tal d\u2019afavorir la pr\u00e0ctica d\u2019ensenyament-aprenentatge amb metodologies que beneficien l\u2019assoliment de la compet\u00e8ncia ling\u00fc\u00edstica de l\u2019alumnat: projecte&hellip;  <a href=\"https:\/\/agora.xtec.cat\/escolamontbrio\/lescola\/projectes\/llengua-estrangera\/\" title=\"Read Llengua Estrangera\">Llegeix m\u00e9s\u00bb<\/a><\/p>\n","protected":false},"author":1,"featured_media":0,"parent":559,"menu_order":30,"comment_status":"closed","ping_status":"closed","template":"page-templates\/side-menu.php","meta":{"_bbp_topic_count":0,"_bbp_reply_count":0,"_bbp_total_topic_count":0,"_bbp_total_reply_count":0,"_bbp_voice_count":0,"_bbp_anonymous_reply_count":0,"_bbp_topic_count_hidden":0,"_bbp_reply_count_hidden":0,"_bbp_forum_subforum_count":0,"footnotes":""},"class_list":["post-641","page","type-page","status-publish","hentry"],"post_mailing_queue_ids":[],"_links":{"self":[{"href":"https:\/\/agora.xtec.cat\/escolamontbrio\/wp-json\/wp\/v2\/pages\/641","targetHints":{"allow":["GET"]}}],"collection":[{"href":"https:\/\/agora.xtec.cat\/escolamontbrio\/wp-json\/wp\/v2\/pages"}],"about":[{"href":"https:\/\/agora.xtec.cat\/escolamontbrio\/wp-json\/wp\/v2\/types\/page"}],"author":[{"embeddable":true,"href":"https:\/\/agora.xtec.cat\/escolamontbrio\/wp-json\/wp\/v2\/users\/1"}],"replies":[{"embeddable":true,"href":"https:\/\/agora.xtec.cat\/escolamontbrio\/wp-json\/wp\/v2\/comments?post=641"}],"version-history":[{"count":5,"href":"https:\/\/agora.xtec.cat\/escolamontbrio\/wp-json\/wp\/v2\/pages\/641\/revisions"}],"predecessor-version":[{"id":5243,"href":"https:\/\/agora.xtec.cat\/escolamontbrio\/wp-json\/wp\/v2\/pages\/641\/revisions\/5243"}],"up":[{"embeddable":true,"href":"https:\/\/agora.xtec.cat\/escolamontbrio\/wp-json\/wp\/v2\/pages\/559"}],"wp:attachment":[{"href":"https:\/\/agora.xtec.cat\/escolamontbrio\/wp-json\/wp\/v2\/media?parent=641"}],"curies":[{"name":"wp","href":"https:\/\/api.w.org\/{rel}","templated":true}]}}