{"id":6172,"date":"2025-10-02T13:47:16","date_gmt":"2025-10-02T11:47:16","guid":{"rendered":"https:\/\/agora.xtec.cat\/escolamontbrio\/?page_id=6172"},"modified":"2025-10-21T09:35:05","modified_gmt":"2025-10-21T07:35:05","slug":"erasmus","status":"publish","type":"page","link":"https:\/\/agora.xtec.cat\/escolamontbrio\/lescola\/projectes\/erasmus\/","title":{"rendered":"Erasmus+"},"content":{"rendered":"<p>&gt;&gt; <strong><a href=\"https:\/\/agora.xtec.cat\/escolamontbrio\/tag\/erasmus\/\" target=\"_blank\" rel=\"noopener\">Veure tots els articles sobre el projecte Erasmus+<\/a><\/strong><\/p>\n<p>&nbsp;<\/p>\n<h4><b><i>Connecting Schools: Internationalization and Global learning<\/i><\/b><\/h4>\n<p><span style=\"font-weight: 400;\">El nostre centre ha estat seleccionat per a desenvolupar un nou projecte Erasmus+, una oportunitat \u00fanica per continuar creixent com a comunitat educativa i connectar-nos amb Europa. Aquest projecte, titulat <\/span><i><span style=\"font-weight: 400;\">\u201c<\/span><\/i><b><i>Connecting Schools: Internationalization and Global learning<\/i><\/b><i><span style=\"font-weight: 400;\">\u201d<\/span><\/i><span style=\"font-weight: 400;\">, s\u2019inicia el curs 2025-26 i es desenvolupar\u00e0 fins al curs 2026-27.<\/span><\/p>\n<p><span style=\"font-weight: 400;\">Els projectes Erasmus+ tenen com a objectiu principal oferir oportunitats d\u2019aprenentatge, cooperaci\u00f3 i innovaci\u00f3 a tota la comunitat educativa. Es basen en cinc pilars fonamentals que guien totes les seves accions:<\/span><\/p>\n<ul>\n<li style=\"font-weight: 400;\" aria-level=\"1\"><b>Inclusi\u00f3 i diversitat<\/b><span style=\"font-weight: 400;\">: garantir que tot l\u2019alumnat i el personal docent, independentment de les seves caracter\u00edstiques o circumst\u00e0ncies, puguin participar i beneficiar-se del projecte.<\/span><\/li>\n<li style=\"font-weight: 400;\" aria-level=\"1\"><b>Transformaci\u00f3 digital<\/b><span style=\"font-weight: 400;\">: promoure l\u2019\u00fas d\u2019eines digitals i metodologies innovadores que enriqueixin l\u2019aprenentatge i preparin l\u2019alumnat per als reptes del futur.<\/span><\/li>\n<li style=\"font-weight: 400;\" aria-level=\"1\"><b>Medi ambient i lluita contra el canvi clim\u00e0tic<\/b><span style=\"font-weight: 400;\">: impulsar pr\u00e0ctiques sostenibles i conscienciar sobre la import\u00e0ncia de tenir cura del nostre entorn.<\/span><span style=\"font-weight: 400;\"><br \/>\n<\/span><\/li>\n<li style=\"font-weight: 400;\" aria-level=\"1\"><b>Participaci\u00f3 en la vida democr\u00e0tica<\/b><span style=\"font-weight: 400;\">: fomentar els valors de la ciutadania activa, la responsabilitat i la cooperaci\u00f3 dins i fora de l\u2019escola.<\/span><\/li>\n<\/ul>\n<p><span style=\"font-weight: 400;\">Amb aquest projecte, el nostre centre vol <b style=\"font-family: inherit; font-size: 1em;\">enriquir la l\u00ednia pedag\u00f2gica i millorar el desenvolupament educatiu de l\u2019alumnat<\/b><span style=\"font-weight: 400;\">. Un dels eixos principals de la nostra proposta pedag\u00f2gica \u00e9s el <\/span><b style=\"font-family: inherit; font-size: 1em;\">treball globalitzat i els espais d\u2019aprenentatge<\/b><span style=\"font-weight: 400;\">, que es veuran refor\u00e7ats gr\u00e0cies a aquesta iniciativa.<\/span><br \/>\n<\/span><\/p>\n<p><span style=\"font-weight: 400;\">Considerem que la col\u00b7laboraci\u00f3 amb altres centres educatius, amb professionals educatius que tenen enfocaments similars als de la nostra comunitat educativa i les mobilitats que durem a terme fomentar\u00e0:\u00a0<\/span><\/p>\n<ul>\n<li style=\"font-weight: 400;\" aria-level=\"1\"><span style=\"font-weight: 400;\">la innovaci\u00f3 educativa,<\/span><span style=\"font-weight: 400;\"><br \/>\n<\/span><\/li>\n<li style=\"font-weight: 400;\" aria-level=\"1\"><span style=\"font-weight: 400;\">el desenvolupament professional del personal docent,<\/span><\/li>\n<li style=\"font-weight: 400;\" aria-level=\"1\">i la millora de les compet\u00e8ncies ling\u00fc\u00edstiques de tota la comunitat educativa.<\/li>\n<\/ul>\n<p><span style=\"font-weight: 400;\">Amb el projecte Erasmus+ tamb\u00e9 volem impulsar la <b style=\"font-family: inherit; font-size: 1em;\">innovaci\u00f3 pedag\u00f2gica<\/b><span style=\"font-weight: 400;\"> mitjan\u00e7ant l\u2019\u00fas de metodologies globalitzadores, eines digitals i projectes sostenibles, contribuint aix\u00ed a una educaci\u00f3 m\u00e9s oberta, inclusiva i preparada per als reptes del segle XXI.<\/span><br \/>\n<\/span><\/p>\n<p><span style=\"font-weight: 400;\">Estem molt il\u00b7lusionats d\u2019iniciar aquest cam\u00ed que, de ben segur, enriquir\u00e0 la nostra comunitat educativa.<\/span><\/p>\n<p>&nbsp;<\/p>\n<table style=\"width: 100%; border-collapse: collapse; border-style: none; border-color: #ffffff;\">\n<tbody>\n<tr>\n<td style=\"width: 33.3333%; border-color: #ffffff; text-align: center;\"><img loading=\"lazy\" decoding=\"async\" class=\"alignnone size-large wp-image-6177\" src=\"https:\/\/agora.xtec.cat\/escolamontbrio\/wp-content\/uploads\/usu1765\/2025\/10\/EN_Co-fundedbytheEU_RGB_POS-1024x228.png\" alt=\"\" width=\"1024\" height=\"228\" srcset=\"https:\/\/agora.xtec.cat\/escolamontbrio\/wp-content\/uploads\/usu1765\/2025\/10\/EN_Co-fundedbytheEU_RGB_POS-1024x228.png 1024w, https:\/\/agora.xtec.cat\/escolamontbrio\/wp-content\/uploads\/usu1765\/2025\/10\/EN_Co-fundedbytheEU_RGB_POS-300x67.png 300w, https:\/\/agora.xtec.cat\/escolamontbrio\/wp-content\/uploads\/usu1765\/2025\/10\/EN_Co-fundedbytheEU_RGB_POS-768x171.png 768w, https:\/\/agora.xtec.cat\/escolamontbrio\/wp-content\/uploads\/usu1765\/2025\/10\/EN_Co-fundedbytheEU_RGB_POS-1536x343.png 1536w, https:\/\/agora.xtec.cat\/escolamontbrio\/wp-content\/uploads\/usu1765\/2025\/10\/EN_Co-fundedbytheEU_RGB_POS-2048x457.png 2048w\" sizes=\"auto, (max-width: 1024px) 100vw, 1024px\" \/><\/td>\n<td style=\"width: 33.3333%; border-color: #ffffff; text-align: center;\"><img loading=\"lazy\" decoding=\"async\" class=\"alignnone size-full wp-image-6178\" src=\"https:\/\/agora.xtec.cat\/escolamontbrio\/wp-content\/uploads\/usu1765\/2025\/10\/erasmus_centro.png\" alt=\"\" width=\"1000\" height=\"264\" srcset=\"https:\/\/agora.xtec.cat\/escolamontbrio\/wp-content\/uploads\/usu1765\/2025\/10\/erasmus_centro.png 1000w, https:\/\/agora.xtec.cat\/escolamontbrio\/wp-content\/uploads\/usu1765\/2025\/10\/erasmus_centro-300x79.png 300w, https:\/\/agora.xtec.cat\/escolamontbrio\/wp-content\/uploads\/usu1765\/2025\/10\/erasmus_centro-768x203.png 768w\" sizes=\"auto, (max-width: 1000px) 100vw, 1000px\" \/><\/td>\n<td style=\"width: 33.3333%; border-color: #ffffff; text-align: center;\"><a href=\"http:\/\/www.sepie.es\/\" target=\"_blank\" rel=\"noopener\"><img loading=\"lazy\" decoding=\"async\" class=\"alignnone size-full wp-image-6179\" src=\"https:\/\/agora.xtec.cat\/escolamontbrio\/wp-content\/uploads\/usu1765\/2025\/10\/SEPIE_erasmus_plus.gif\" alt=\"\" width=\"400\" height=\"148\" \/><\/a><\/td>\n<\/tr>\n<\/tbody>\n<\/table>\n<p>&nbsp;<\/p>\n<p>.<\/p>\n","protected":false},"excerpt":{"rendered":"<p>&gt;&gt; <a href=\"https:\/\/agora.xtec.cat\/escolamontbrio\/tag\/erasmus\/\" target=\"_blank\" rel=\"noopener\">Veure tots els articles sobre el projecte Erasmus+<\/a><br \/>\n&nbsp;<br \/>\nConnecting Schools: Internationalization and Global learning<br \/>\nEl nostre centre ha estat seleccionat per a desenvolupar un nou projecte Erasmus+, una oportunitat \u00fanica per continuar creixent com a comunitat educativa i connectar-nos amb Europa. Aquest projecte,&hellip;  <a href=\"https:\/\/agora.xtec.cat\/escolamontbrio\/lescola\/projectes\/erasmus\/\" title=\"Read Erasmus+\">Llegeix m\u00e9s\u00bb<\/a><\/p>\n","protected":false},"author":1,"featured_media":0,"parent":559,"menu_order":130,"comment_status":"closed","ping_status":"closed","template":"page-templates\/side-menu.php","meta":{"_bbp_topic_count":0,"_bbp_reply_count":0,"_bbp_total_topic_count":0,"_bbp_total_reply_count":0,"_bbp_voice_count":0,"_bbp_anonymous_reply_count":0,"_bbp_topic_count_hidden":0,"_bbp_reply_count_hidden":0,"_bbp_forum_subforum_count":0,"footnotes":""},"class_list":["post-6172","page","type-page","status-publish","hentry"],"post_mailing_queue_ids":[],"_links":{"self":[{"href":"https:\/\/agora.xtec.cat\/escolamontbrio\/wp-json\/wp\/v2\/pages\/6172","targetHints":{"allow":["GET"]}}],"collection":[{"href":"https:\/\/agora.xtec.cat\/escolamontbrio\/wp-json\/wp\/v2\/pages"}],"about":[{"href":"https:\/\/agora.xtec.cat\/escolamontbrio\/wp-json\/wp\/v2\/types\/page"}],"author":[{"embeddable":true,"href":"https:\/\/agora.xtec.cat\/escolamontbrio\/wp-json\/wp\/v2\/users\/1"}],"replies":[{"embeddable":true,"href":"https:\/\/agora.xtec.cat\/escolamontbrio\/wp-json\/wp\/v2\/comments?post=6172"}],"version-history":[{"count":6,"href":"https:\/\/agora.xtec.cat\/escolamontbrio\/wp-json\/wp\/v2\/pages\/6172\/revisions"}],"predecessor-version":[{"id":6211,"href":"https:\/\/agora.xtec.cat\/escolamontbrio\/wp-json\/wp\/v2\/pages\/6172\/revisions\/6211"}],"up":[{"embeddable":true,"href":"https:\/\/agora.xtec.cat\/escolamontbrio\/wp-json\/wp\/v2\/pages\/559"}],"wp:attachment":[{"href":"https:\/\/agora.xtec.cat\/escolamontbrio\/wp-json\/wp\/v2\/media?parent=6172"}],"curies":[{"name":"wp","href":"https:\/\/api.w.org\/{rel}","templated":true}]}}