{"id":562,"date":"2018-01-04T11:43:13","date_gmt":"2018-01-04T10:43:13","guid":{"rendered":"http:\/\/agora.xtec.cat\/escolamontbrio\/?page_id=562"},"modified":"2019-11-06T19:22:06","modified_gmt":"2019-11-06T18:22:06","slug":"normativa","status":"publish","type":"page","link":"https:\/\/agora.xtec.cat\/escolamontbrio\/lescola\/normativa\/","title":{"rendered":"Normativa"},"content":{"rendered":"<h4 style=\"text-align: justify;\">Normes de car\u00e0cter general del centre<\/h4>\n<p style=\"text-align: justify;\">&#8211; Les <strong>faltes d\u2019assist\u00e8ncia<\/strong> han de ser justificades. Els pares\/mares que arribin tard sense justificant, de manera reiterada, seran convocats a mantenir una reuni\u00f3 amb el tutor\/a. En cas de reincid\u00e8ncia se\u2019ls convocar\u00e0 des de direcci\u00f3. En cas d\u2019absentisme escolar l\u2019escola informar\u00e0 els Serveis Socials de l\u2019Ajuntament..<\/p>\n<p style=\"text-align: justify;\">&#8211; Es demana <strong>puntualitat<\/strong> tant a l\u2019entrar a l\u2019escola com al venir-los a buscar. En cas de retard, tant en l\u2019arribada com en la recollida, caldr\u00e0 signar al llibre de retards i adjuntar-hi el justificant, si \u00e9s el cas.<\/p>\n<p style=\"text-align: justify;\">&#8211; Les <strong>portes<\/strong> del recinte escolar <strong>s\u2019obriran uns 3 minuts abans<\/strong> de l\u2019horari lectiu (mat\u00ed i tarda). Els acompanyants de Prim\u00e0ria han de deixar els nens a la porta i no entrar al recinte.<\/p>\n<p style=\"text-align: justify;\">&#8211; Per assistir a l\u2019escola els alumnes <strong>no han de portar objectes de valor<\/strong>, ni diners que, en cas de perdre\u2019ls s\u00f3n font de disgustos per a tots, i de la p\u00e8rdua dels quals no es far\u00e0 responsable l\u2019escola.<\/p>\n<p style=\"text-align: justify;\">&#8211; Est\u00e0<strong> prohibit portar m\u00f2bils, jocs electr\u00f2nics, reproductors de m\u00fasica d\u2019\u00fas individual i qualsevol altre aparell electr\u00f2nic<\/strong>. En cas d\u2019incompliment quedaran dipositats a l\u2019escola fins a final de curs o fins quan l\u2019equip docent determini.<\/p>\n<p style=\"text-align: justify;\">&#8211; El <strong>vestuari<\/strong> de l\u2019alumnat ha de ser <strong>adequat<\/strong> a l\u2019espai educatiu.<\/p>\n<p style=\"text-align: justify;\">&#8211; Han de tenir cura del seu cos, <strong>dutxar-se cada dia i evitar els par\u00e0sits<\/strong>. En cas de tenir-ne cal romandre a casa fins que no hi hagi risc de contagi.<\/p>\n<p style=\"text-align: justify;\">&#8211; Els nens i nenes <strong>no poden assistir a l\u2019escola si estan malalts, si tenen febre o tenen par\u00e0sits<\/strong>. Si durant l\u2019estada a l\u2019escola es detecta una d\u2019aquestes situacions, es trucar\u00e0 als pares perqu\u00e8 els vinguin a recollir. Si s\u2019assisteix a classe amb s\u00edmptomes de malaltia s\u2019exposa als altres el perill de contagi i a ell\/a se l\u2019est\u00e0 privant del dret a estar malalt.<\/p>\n<p style=\"text-align: justify;\">&#8211; <strong>Nom\u00e9s es permetr\u00e0 l\u2019entrada d\u2019animals dom\u00e8stics<\/strong>, en aquells casos que es requereixi <strong>per raons pedag\u00f2giques<\/strong>.<\/p>\n<p style=\"text-align: justify;\">&#8211; Es demanar\u00e0 <strong>certificat m\u00e8dic o recepta sempre que s\u2019hagi d\u2019administrar un medicament<\/strong>, aix\u00ed com la corresponent <strong>autoritzaci\u00f3 dels pares<\/strong> on caldr\u00e0 indicar les dosis i les hores.<\/p>\n<p style=\"text-align: justify;\">&#8211; <strong>Un cop finalitzin les classes cap alumne\/a podr\u00e0 tornar a l\u2019aula<\/strong> a buscar coses que s\u2019hagi oblidat, ja que el cos docent ja no es troba en aquest espai.<\/p>\n<p style=\"text-align: justify;\">&#8211; S\u2019han de respectar les dates de lliurament d\u2019informes als pares. <strong>No es lliurar\u00e0 cap informe abans de les dates marcades en el Pla General Anual de Centre<\/strong>. Si una fam\u00edlia no pot recollir els informes en la data prevista, podr\u00e0 fer-ho amb posterioritat a la data de lliurament.<\/p>\n<p>&nbsp;<\/p>\n<p>Podeu consultar tota la normativa sencera a les <a href=\"http:\/\/agora.xtec.cat\/escolamontbrio\/lescola\/documents-de-centre\/nofc\/\"><strong>Normes d&#8217;Organitzaci\u00f3 i Funcionament del Centre (NOFC)<\/strong><\/a>.<\/p>\n","protected":false},"excerpt":{"rendered":"<p>Normes de car\u00e0cter general del centre<br \/>\n&#8211; Les faltes d\u2019assist\u00e8ncia han de ser justificades. Els pares\/mares que arribin tard sense justificant, de manera reiterada, seran convocats a mantenir una reuni\u00f3 amb el tutor\/a. En cas de reincid\u00e8ncia se\u2019ls convocar\u00e0 des de direcci\u00f3. En cas d\u2019absentisme escolar&hellip;  <a href=\"https:\/\/agora.xtec.cat\/escolamontbrio\/lescola\/normativa\/\" title=\"Read Normativa\">Llegeix m\u00e9s\u00bb<\/a><\/p>\n","protected":false},"author":1,"featured_media":0,"parent":22,"menu_order":60,"comment_status":"closed","ping_status":"closed","template":"page-templates\/side-menu.php","meta":{"_bbp_topic_count":0,"_bbp_reply_count":0,"_bbp_total_topic_count":0,"_bbp_total_reply_count":0,"_bbp_voice_count":0,"_bbp_anonymous_reply_count":0,"_bbp_topic_count_hidden":0,"_bbp_reply_count_hidden":0,"_bbp_forum_subforum_count":0,"footnotes":""},"class_list":["post-562","page","type-page","status-publish","hentry"],"post_mailing_queue_ids":[],"_links":{"self":[{"href":"https:\/\/agora.xtec.cat\/escolamontbrio\/wp-json\/wp\/v2\/pages\/562","targetHints":{"allow":["GET"]}}],"collection":[{"href":"https:\/\/agora.xtec.cat\/escolamontbrio\/wp-json\/wp\/v2\/pages"}],"about":[{"href":"https:\/\/agora.xtec.cat\/escolamontbrio\/wp-json\/wp\/v2\/types\/page"}],"author":[{"embeddable":true,"href":"https:\/\/agora.xtec.cat\/escolamontbrio\/wp-json\/wp\/v2\/users\/1"}],"replies":[{"embeddable":true,"href":"https:\/\/agora.xtec.cat\/escolamontbrio\/wp-json\/wp\/v2\/comments?post=562"}],"version-history":[{"count":4,"href":"https:\/\/agora.xtec.cat\/escolamontbrio\/wp-json\/wp\/v2\/pages\/562\/revisions"}],"predecessor-version":[{"id":2200,"href":"https:\/\/agora.xtec.cat\/escolamontbrio\/wp-json\/wp\/v2\/pages\/562\/revisions\/2200"}],"up":[{"embeddable":true,"href":"https:\/\/agora.xtec.cat\/escolamontbrio\/wp-json\/wp\/v2\/pages\/22"}],"wp:attachment":[{"href":"https:\/\/agora.xtec.cat\/escolamontbrio\/wp-json\/wp\/v2\/media?parent=562"}],"curies":[{"name":"wp","href":"https:\/\/api.w.org\/{rel}","templated":true}]}}