{"id":36,"date":"2014-09-18T12:33:11","date_gmt":"2014-09-18T11:33:11","guid":{"rendered":"http:\/\/agora.xtec.cat\/escolamontbrio\/?page_id=36"},"modified":"2024-02-27T11:54:07","modified_gmt":"2024-02-27T10:54:07","slug":"ampa","status":"publish","type":"page","link":"https:\/\/agora.xtec.cat\/escolamontbrio\/lescola\/ampa\/","title":{"rendered":"AFA"},"content":{"rendered":"<p><img loading=\"lazy\" decoding=\"async\" class=\"wp-image-4341 alignright\" src=\"https:\/\/agora.xtec.cat\/escolamontbrio\/wp-content\/uploads\/usu1765\/2022\/09\/logo_afa-1024x938.jpg\" alt=\"\" width=\"257\" height=\"236\" srcset=\"https:\/\/agora.xtec.cat\/escolamontbrio\/wp-content\/uploads\/usu1765\/2022\/09\/logo_afa-1024x938.jpg 1024w, https:\/\/agora.xtec.cat\/escolamontbrio\/wp-content\/uploads\/usu1765\/2022\/09\/logo_afa-300x275.jpg 300w, https:\/\/agora.xtec.cat\/escolamontbrio\/wp-content\/uploads\/usu1765\/2022\/09\/logo_afa-768x703.jpg 768w, https:\/\/agora.xtec.cat\/escolamontbrio\/wp-content\/uploads\/usu1765\/2022\/09\/logo_afa.jpg 1448w\" sizes=\"auto, (max-width: 257px) 100vw, 257px\" \/><\/p>\n<p>L&#8217;<strong>Associaci\u00f3 de Fam\u00edlies d&#8217;Alumnes<\/strong> de l&#8217;escola \u00e9s una entitat sense \u00e0nim de lucre.<br \/>\nL\u2019AFA representa la veu de les fam\u00edlies dins l\u2019escola, i \u00e9s la seva via natural de participaci\u00f3, transmetent les opinions i les reflexions de les fam\u00edlies sobre temes educatius i de funcionament quotidi\u00e0 del centre. \u00c9s tamb\u00e9 un organisme de col\u00b7laboraci\u00f3 amb la direcci\u00f3 del centre en la seva tasca di\u00e0ria en els \u00e0mbits social, cultural i econ\u00f2mic.<\/p>\n<p>L&#8217;AFA s&#8217;encarrega de gestionar el menjador, les activitats extraescolars, la venda de llibres i xandalls i d&#8217;altres activitats l\u00fadiques que es desenvolupen al llarg del curs.<\/p>\n<p><strong>Canals de comunicaci\u00f3:<br \/>\n<\/strong>\u00b7 Correu electr\u00f2nic: <a href=\"mailto:afamontbrio@escolamontbrio.cat\" target=\"_blank\" rel=\"noopener\">afamontbrio@escolamontbrio.cat<\/a><br \/>\n\u00b7 Correu electr\u00f2nic del menjador escolar: <a href=\"mailto:menjador@escolamontbrio.cat\" target=\"_blank\" rel=\"noopener\">menjador@escolamontbrio.cat<\/a><br \/>\n\u00b7 Facebook: <a href=\"https:\/\/www.facebook.com\/afamontbrio\" target=\"_blank\" rel=\"noopener\">facebook.com\/afamontbrio<\/a><br \/>\n\u00b7 Instagram: <a href=\"https:\/\/www.instagram.com\/afamontbrio\/\" target=\"_blank\" rel=\"noopener\">@afamontbrio<\/a><\/p>\n<p>&nbsp;<\/p>\n<h5>Activitats extraescolars<\/h5>\n<p>L\u2019AFA ofereix diverses activitats extraescolars adre\u00e7ades a totes els nens i nenes de l\u2019escola.<\/p>\n<h5>Servei d&#8217;acollida<\/h5>\n<p>L\u2019AFA gestiona el servei d\u2019acollida a trav\u00e9s de l\u2019empresa Capicua. La franja on es realitza aquest servei \u00e9s de 7.30 a 9h.<\/p>\n<h5>Menjador escolar<\/h5>\n<p>El servei de cuina i menjador escolar \u00e9s gestionat per l&#8217;AFA. El fet de tenir cuinera a l&#8217;escola i que els men\u00fas estiguin supervisats per una nutricionista, assegura un men\u00fa equilibrat i saludable.<\/p>\n<h5>Xandalls i llibres<\/h5>\n<p>L&#8217;AFA s&#8217;encarrega de gestionar la venda del xandall escolar i els llibres.<\/p>\n<p>&nbsp;<\/p>\n<h5>M\u00e9s informaci\u00f3:<\/h5>\n<ul>\n<li><a href=\"https:\/\/drive.google.com\/file\/d\/1xkjag33K5AW8bsFqbix2eTiQO1iw2aPD\/view?usp=sharing\" target=\"_blank\" rel=\"noopener\">Tr\u00edptic informatiu de l&#8217;AFA<\/a>.<\/li>\n<li><a href=\"https:\/\/drive.google.com\/file\/d\/1NriUR3YnRm6PgxQQpc0JwBfmwocpixeo\/view?usp=sharing\" target=\"_blank\" rel=\"noopener\">Llistat d&#8217;activitats extraescolars (curs 2023-24)<\/a>.<\/li>\n<li><a href=\"https:\/\/drive.google.com\/file\/d\/1uOIpdmPO54kuDl7sFoBCadm4Q3a-1UhI\/view?usp=sharing\" target=\"_blank\" rel=\"noopener\">\u00das i funcionament del menjador escolar (curs 2022-23)<\/a>.<\/li>\n<\/ul>\n<p>&nbsp;<\/p>\n","protected":false},"excerpt":{"rendered":"<p>L&#8217;Associaci\u00f3 de Fam\u00edlies d&#8217;Alumnes de l&#8217;escola \u00e9s una entitat sense \u00e0nim de lucre.<br \/>\nL\u2019AFA representa la veu de les fam\u00edlies dins l\u2019escola, i \u00e9s la seva via natural de participaci\u00f3, transmetent les opinions i les reflexions de les fam\u00edlies sobre temes educatius i de funcionament quotidi\u00e0&hellip;  <a href=\"https:\/\/agora.xtec.cat\/escolamontbrio\/lescola\/ampa\/\" title=\"Read AFA\">Llegeix m\u00e9s\u00bb<\/a><\/p>\n","protected":false},"author":1,"featured_media":0,"parent":22,"menu_order":80,"comment_status":"closed","ping_status":"closed","template":"page-templates\/side-menu.php","meta":{"_bbp_topic_count":0,"_bbp_reply_count":0,"_bbp_total_topic_count":0,"_bbp_total_reply_count":0,"_bbp_voice_count":0,"_bbp_anonymous_reply_count":0,"_bbp_topic_count_hidden":0,"_bbp_reply_count_hidden":0,"_bbp_forum_subforum_count":0,"footnotes":""},"class_list":["post-36","page","type-page","status-publish","hentry"],"post_mailing_queue_ids":[],"_links":{"self":[{"href":"https:\/\/agora.xtec.cat\/escolamontbrio\/wp-json\/wp\/v2\/pages\/36","targetHints":{"allow":["GET"]}}],"collection":[{"href":"https:\/\/agora.xtec.cat\/escolamontbrio\/wp-json\/wp\/v2\/pages"}],"about":[{"href":"https:\/\/agora.xtec.cat\/escolamontbrio\/wp-json\/wp\/v2\/types\/page"}],"author":[{"embeddable":true,"href":"https:\/\/agora.xtec.cat\/escolamontbrio\/wp-json\/wp\/v2\/users\/1"}],"replies":[{"embeddable":true,"href":"https:\/\/agora.xtec.cat\/escolamontbrio\/wp-json\/wp\/v2\/comments?post=36"}],"version-history":[{"count":5,"href":"https:\/\/agora.xtec.cat\/escolamontbrio\/wp-json\/wp\/v2\/pages\/36\/revisions"}],"predecessor-version":[{"id":5461,"href":"https:\/\/agora.xtec.cat\/escolamontbrio\/wp-json\/wp\/v2\/pages\/36\/revisions\/5461"}],"up":[{"embeddable":true,"href":"https:\/\/agora.xtec.cat\/escolamontbrio\/wp-json\/wp\/v2\/pages\/22"}],"wp:attachment":[{"href":"https:\/\/agora.xtec.cat\/escolamontbrio\/wp-json\/wp\/v2\/media?parent=36"}],"curies":[{"name":"wp","href":"https:\/\/api.w.org\/{rel}","templated":true}]}}