{"id":28,"date":"2014-09-18T12:29:35","date_gmt":"2014-09-18T11:29:35","guid":{"rendered":"http:\/\/agora.xtec.cat\/escolamontbrio\/?page_id=28"},"modified":"2026-02-18T20:29:35","modified_gmt":"2026-02-18T19:29:35","slug":"consell-escolar","status":"publish","type":"page","link":"https:\/\/agora.xtec.cat\/escolamontbrio\/lescola\/consell-escolar\/","title":{"rendered":"Consell escolar"},"content":{"rendered":"<p><img loading=\"lazy\" decoding=\"async\" class=\"alignright\" src=\"https:\/\/agora.xtec.cat\/escolamontbrio\/wp-content\/uploads\/usu1765\/2022\/10\/consell_escolar.jpg\" width=\"387\" height=\"300\" \/><\/p>\n<p style=\"text-align: justify;\">El Consell Escolar del centre \u00e9s l\u2019\u00f2rgan col\u00b7legiat de participaci\u00f3 de la comunitat escolar en el govern del centre. En el consell escolar hi ha representats tots els col\u00b7lectius que intervenen en la comunitat educativa: director o directora, mestres, pares\/mares, personal d\u2019administraci\u00f3 i serveis, representant de l\u2019Ajuntament, etc.<\/p>\n<p style=\"text-align: justify;\">En els centres p\u00fablics, la funci\u00f3 principal del Consell Escolar \u00e9s debatre i aprovar tots aquells temes importants per al funcionament i l&#8217;organitzaci\u00f3 del centre: el projecte educatiu, el pla i la mem\u00f2ria anual de centre, el pressupost, etc.<\/p>\n<p style=\"text-align: justify;\">Els membres del Consell Escolar s\u00f3n elegits per un per\u00edode de quatre anys i es renoven per meitats cada dos anys.<\/p>\n<p>Consulta:<\/p>\n<ul>\n<li><a href=\"https:\/\/drive.google.com\/drive\/folders\/1T8yJ57ywjLiaOOD5FReuFY8phK7WfIem?usp=sharing\" target=\"_blank\" rel=\"noopener\"><strong>Acords<\/strong> de les darreres sessions del Consell Escolar<\/a>.<\/li>\n<li><a href=\"https:\/\/drive.google.com\/file\/d\/1RYiLUWJSI7V8gBurTABy9lvDLdGauNjU\/view?usp=sharing\" target=\"_blank\" rel=\"noopener\"><strong>Composici\u00f3<\/strong> del Consell Escolar<\/a> [en data febrer 2026].<\/li>\n<\/ul>\n<p><strong>B\u00fastia de suggeriments<\/strong>: <strong><a href=\"mailto:consellescolar@escolamontbrio.cat\" target=\"_blank\" rel=\"noopener\">consellescolar@escolamontbrio.cat\u00a0<\/a><br \/>\n<\/strong>B\u00fastia electr\u00f2nica per rebre qualsevol <strong>idea, dubte o suggeriment<\/strong> de les fam\u00edlies que formen part de l\u2019escola.<br \/>\nAquesta b\u00fastia <strong>no servir\u00e0 per tractar temes personals que afectin un sol nen o nena<\/strong>. Es tractaran temes que afectin de forma global a un grup de persones, fam\u00edlies o alumnes.<\/p>\n<p>Per a m\u00e9s informaci\u00f3:<\/p>\n<ul>\n<li><a href=\"http:\/\/familiaiescola.gencat.cat\/ca\/escolaritat\/participacio-compromis\/participacio-coresponsabilitzacio\/participacio-funcionament-centre\/consell-escolar\/\" target=\"_blank\" rel=\"noopener noreferrer\">Portal <em><strong>Fam\u00edlia i escola<\/strong><\/em><\/a>.<\/li>\n<li><a href=\"http:\/\/ensenyament.gencat.cat\/ca\/arees-actuacio\/centres-serveis-educatius\/centres\/consells-escolars-centres\/centres-publics\/\" target=\"_blank\" rel=\"noopener noreferrer\">Portal <em><strong>Departament d&#8217;Educaci\u00f3<\/strong><\/em><\/a>.<\/li>\n<\/ul>\n<p>&nbsp;<\/p>\n","protected":false},"excerpt":{"rendered":"<p>El Consell Escolar del centre \u00e9s l\u2019\u00f2rgan col\u00b7legiat de participaci\u00f3 de la comunitat escolar en el govern del centre. En el consell escolar hi ha representats tots els col\u00b7lectius que intervenen en la comunitat educativa: director o directora, mestres, pares\/mares, personal d\u2019administraci\u00f3 i serveis, representant&hellip;  <a href=\"https:\/\/agora.xtec.cat\/escolamontbrio\/lescola\/consell-escolar\/\" title=\"Read Consell escolar\">Llegeix m\u00e9s\u00bb<\/a><\/p>\n","protected":false},"author":1,"featured_media":0,"parent":22,"menu_order":40,"comment_status":"closed","ping_status":"closed","template":"page-templates\/side-menu.php","meta":{"_bbp_topic_count":0,"_bbp_reply_count":0,"_bbp_total_topic_count":0,"_bbp_total_reply_count":0,"_bbp_voice_count":0,"_bbp_anonymous_reply_count":0,"_bbp_topic_count_hidden":0,"_bbp_reply_count_hidden":0,"_bbp_forum_subforum_count":0,"footnotes":""},"class_list":["post-28","page","type-page","status-publish","hentry"],"post_mailing_queue_ids":[],"_links":{"self":[{"href":"https:\/\/agora.xtec.cat\/escolamontbrio\/wp-json\/wp\/v2\/pages\/28","targetHints":{"allow":["GET"]}}],"collection":[{"href":"https:\/\/agora.xtec.cat\/escolamontbrio\/wp-json\/wp\/v2\/pages"}],"about":[{"href":"https:\/\/agora.xtec.cat\/escolamontbrio\/wp-json\/wp\/v2\/types\/page"}],"author":[{"embeddable":true,"href":"https:\/\/agora.xtec.cat\/escolamontbrio\/wp-json\/wp\/v2\/users\/1"}],"replies":[{"embeddable":true,"href":"https:\/\/agora.xtec.cat\/escolamontbrio\/wp-json\/wp\/v2\/comments?post=28"}],"version-history":[{"count":6,"href":"https:\/\/agora.xtec.cat\/escolamontbrio\/wp-json\/wp\/v2\/pages\/28\/revisions"}],"predecessor-version":[{"id":6325,"href":"https:\/\/agora.xtec.cat\/escolamontbrio\/wp-json\/wp\/v2\/pages\/28\/revisions\/6325"}],"up":[{"embeddable":true,"href":"https:\/\/agora.xtec.cat\/escolamontbrio\/wp-json\/wp\/v2\/pages\/22"}],"wp:attachment":[{"href":"https:\/\/agora.xtec.cat\/escolamontbrio\/wp-json\/wp\/v2\/media?parent=28"}],"curies":[{"name":"wp","href":"https:\/\/api.w.org\/{rel}","templated":true}]}}