{"id":2228,"date":"2019-11-15T18:14:00","date_gmt":"2019-11-15T17:14:00","guid":{"rendered":"http:\/\/agora.xtec.cat\/escolamontbrio\/?page_id=2228"},"modified":"2024-07-26T17:45:43","modified_gmt":"2024-07-26T15:45:43","slug":"transparencia","status":"publish","type":"page","link":"https:\/\/agora.xtec.cat\/escolamontbrio\/lescola\/transparencia\/","title":{"rendered":"Transpar\u00e8ncia"},"content":{"rendered":"<p>En compliment de la normativa de transpar\u00e8ncia de les administracions p\u00fabliques, podeu consultar la seg\u00fcent documentaci\u00f3:<\/p>\n<ul>\n<li><a href=\"https:\/\/drive.google.com\/drive\/folders\/1T8yJ57ywjLiaOOD5FReuFY8phK7WfIem?usp=sharing\" target=\"_blank\" rel=\"noopener noreferrer\">Acords de les darreres sessions del Consell Escolar<\/a><\/li>\n<li><a href=\"https:\/\/agora.xtec.cat\/escolamontbrio\/preinscripcions\/\" target=\"_blank\" rel=\"noopener\">Proc\u00e9s de preinscripci\u00f3<\/a><\/li>\n<\/ul>\n<p>&nbsp;<\/p>\n","protected":false},"excerpt":{"rendered":"<p>En compliment de la normativa de transpar\u00e8ncia de les administracions p\u00fabliques, podeu consultar la seg\u00fcent documentaci\u00f3:<\/p>\n<ul>\n<li><a href=\"https:\/\/drive.google.com\/drive\/folders\/1T8yJ57ywjLiaOOD5FReuFY8phK7WfIem?usp=sharing\" target=\"_blank\" rel=\"noopener noreferrer\">Acords de les darreres sessions del Consell Escolar<\/a><\/li>\n<li><a href=\"https:\/\/agora.xtec.cat\/escolamontbrio\/preinscripcions\/\" target=\"_blank\" rel=\"noopener\">Proc\u00e9s de preinscripci\u00f3<\/a><\/li>\n<\/ul>\n<p>&nbsp;<\/p>\n","protected":false},"author":1,"featured_media":0,"parent":22,"menu_order":55,"comment_status":"closed","ping_status":"closed","template":"page-templates\/side-menu.php","meta":{"_bbp_topic_count":0,"_bbp_reply_count":0,"_bbp_total_topic_count":0,"_bbp_total_reply_count":0,"_bbp_voice_count":0,"_bbp_anonymous_reply_count":0,"_bbp_topic_count_hidden":0,"_bbp_reply_count_hidden":0,"_bbp_forum_subforum_count":0,"footnotes":""},"class_list":["post-2228","page","type-page","status-publish","hentry"],"post_mailing_queue_ids":[],"_links":{"self":[{"href":"https:\/\/agora.xtec.cat\/escolamontbrio\/wp-json\/wp\/v2\/pages\/2228","targetHints":{"allow":["GET"]}}],"collection":[{"href":"https:\/\/agora.xtec.cat\/escolamontbrio\/wp-json\/wp\/v2\/pages"}],"about":[{"href":"https:\/\/agora.xtec.cat\/escolamontbrio\/wp-json\/wp\/v2\/types\/page"}],"author":[{"embeddable":true,"href":"https:\/\/agora.xtec.cat\/escolamontbrio\/wp-json\/wp\/v2\/users\/1"}],"replies":[{"embeddable":true,"href":"https:\/\/agora.xtec.cat\/escolamontbrio\/wp-json\/wp\/v2\/comments?post=2228"}],"version-history":[{"count":4,"href":"https:\/\/agora.xtec.cat\/escolamontbrio\/wp-json\/wp\/v2\/pages\/2228\/revisions"}],"predecessor-version":[{"id":5819,"href":"https:\/\/agora.xtec.cat\/escolamontbrio\/wp-json\/wp\/v2\/pages\/2228\/revisions\/5819"}],"up":[{"embeddable":true,"href":"https:\/\/agora.xtec.cat\/escolamontbrio\/wp-json\/wp\/v2\/pages\/22"}],"wp:attachment":[{"href":"https:\/\/agora.xtec.cat\/escolamontbrio\/wp-json\/wp\/v2\/media?parent=2228"}],"curies":[{"name":"wp","href":"https:\/\/api.w.org\/{rel}","templated":true}]}}