{"id":22,"date":"2014-09-18T12:19:57","date_gmt":"2014-09-18T11:19:57","guid":{"rendered":"http:\/\/agora.xtec.cat\/escolamontbrio\/?page_id=22"},"modified":"2023-02-24T10:38:24","modified_gmt":"2023-02-24T09:38:24","slug":"lescola","status":"publish","type":"page","link":"https:\/\/agora.xtec.cat\/escolamontbrio\/lescola\/","title":{"rendered":"L&#8217;escola"},"content":{"rendered":"<p style=\"text-align: justify;\">L&#8217;escola Josep Maria Soler i Gen\u00e9 som una escola de 2 l\u00ednies on s&#8217;imparteix <strong>educaci\u00f3 infantil i prim\u00e0ria<\/strong>. Som l&#8217;escola p\u00fablica de Montbri\u00f3 del Camp.<\/p>\n<p>En aquest v\u00eddeo ens presentem:<\/p>\n<p><iframe loading=\"lazy\" title=\"Jornada de portes obertes - Escola Josep M. Soler i Gen\u00e9\" width=\"500\" height=\"281\" src=\"https:\/\/www.youtube.com\/embed\/xz3HUDdh7HA?feature=oembed\" frameborder=\"0\" allow=\"accelerometer; autoplay; clipboard-write; encrypted-media; gyroscope; picture-in-picture; web-share\" referrerpolicy=\"strict-origin-when-cross-origin\" allowfullscreen><\/iframe><\/p>\n<p>&nbsp;<\/p>\n<p>&nbsp;<\/p>\n<p>&nbsp;<\/p>\n","protected":false},"excerpt":{"rendered":"<p>L&#8217;escola Josep Maria Soler i Gen\u00e9 som una escola de 2 l\u00ednies on s&#8217;imparteix educaci\u00f3 infantil i prim\u00e0ria. Som l&#8217;escola p\u00fablica de Montbri\u00f3 del Camp.<br \/>\nEn aquest v\u00eddeo ens presentem:<\/p>\n<p>&nbsp;<br \/>\n&nbsp;<br \/>\n&nbsp;<\/p>\n","protected":false},"author":1,"featured_media":0,"parent":0,"menu_order":0,"comment_status":"closed","ping_status":"closed","template":"page-templates\/side-menu.php","meta":{"_bbp_topic_count":0,"_bbp_reply_count":0,"_bbp_total_topic_count":0,"_bbp_total_reply_count":0,"_bbp_voice_count":0,"_bbp_anonymous_reply_count":0,"_bbp_topic_count_hidden":0,"_bbp_reply_count_hidden":0,"_bbp_forum_subforum_count":0,"footnotes":""},"class_list":["post-22","page","type-page","status-publish","hentry"],"post_mailing_queue_ids":[],"_links":{"self":[{"href":"https:\/\/agora.xtec.cat\/escolamontbrio\/wp-json\/wp\/v2\/pages\/22","targetHints":{"allow":["GET"]}}],"collection":[{"href":"https:\/\/agora.xtec.cat\/escolamontbrio\/wp-json\/wp\/v2\/pages"}],"about":[{"href":"https:\/\/agora.xtec.cat\/escolamontbrio\/wp-json\/wp\/v2\/types\/page"}],"author":[{"embeddable":true,"href":"https:\/\/agora.xtec.cat\/escolamontbrio\/wp-json\/wp\/v2\/users\/1"}],"replies":[{"embeddable":true,"href":"https:\/\/agora.xtec.cat\/escolamontbrio\/wp-json\/wp\/v2\/comments?post=22"}],"version-history":[{"count":4,"href":"https:\/\/agora.xtec.cat\/escolamontbrio\/wp-json\/wp\/v2\/pages\/22\/revisions"}],"predecessor-version":[{"id":4683,"href":"https:\/\/agora.xtec.cat\/escolamontbrio\/wp-json\/wp\/v2\/pages\/22\/revisions\/4683"}],"wp:attachment":[{"href":"https:\/\/agora.xtec.cat\/escolamontbrio\/wp-json\/wp\/v2\/media?parent=22"}],"curies":[{"name":"wp","href":"https:\/\/api.w.org\/{rel}","templated":true}]}}