{"id":1487,"date":"2018-09-26T13:16:55","date_gmt":"2018-09-26T11:16:55","guid":{"rendered":"http:\/\/agora.xtec.cat\/escolamontbrio\/?page_id=1487"},"modified":"2023-09-20T18:33:23","modified_gmt":"2023-09-20T16:33:23","slug":"secretaria","status":"publish","type":"page","link":"https:\/\/agora.xtec.cat\/escolamontbrio\/lescola\/secretaria\/","title":{"rendered":"Secretaria"},"content":{"rendered":"<p><img loading=\"lazy\" decoding=\"async\" class=\"alignright\" src=\"https:\/\/cdn.omnium.cat\/wp-content\/uploads\/2015\/03\/01105932\/horari.jpg\" alt=\"Nou horari d'atenci\u00f3 al p\u00fablic a partir del 23 de mar\u00e7 - \u00d2mnium Cultural\" width=\"317\" height=\"178\" \/>L&#8217;<strong>horari d&#8217;atenci\u00f3 al p\u00fablic<\/strong> \u00e9s el seg\u00fcent:<br \/>\nDe dilluns a divendres de les\u00a09 h a les 13:30 h i de les 15 h a les 16:30 h.<\/p>\n<p>Us demanem que no vingueu fora d&#8217;aquest horari, ja que no us podrem atendre.<\/p>\n<h5><strong><br \/>\nHorari de direcci\u00f3:<\/strong><\/h5>\n<p>Per contactar amb direcci\u00f3, l&#8217;horari \u00e9s a convenir.<br \/>\nCal concertar cita pr\u00e8via per tel\u00e8fon o correu electr\u00f2nic.<\/p>\n<p>&nbsp;<\/p>\n","protected":false},"excerpt":{"rendered":"<p>L&#8217;horari d&#8217;atenci\u00f3 al p\u00fablic \u00e9s el seg\u00fcent:<br \/>\nDe dilluns a divendres de les\u00a09 h a les 13:30 h i de les 15 h a les 16:30 h.<br \/>\nUs demanem que no vingueu fora d&#8217;aquest horari, ja que no us podrem atendre.<\/p>\n<p>Horari de direcci\u00f3:<br \/>\nPer contactar amb direcci\u00f3, l&#8217;horari&hellip;  <a href=\"https:\/\/agora.xtec.cat\/escolamontbrio\/lescola\/secretaria\/\" title=\"Read Secretaria\">Llegeix m\u00e9s\u00bb<\/a><\/p>\n","protected":false},"author":4,"featured_media":0,"parent":22,"menu_order":0,"comment_status":"closed","ping_status":"closed","template":"page-templates\/side-menu.php","meta":{"_bbp_topic_count":0,"_bbp_reply_count":0,"_bbp_total_topic_count":0,"_bbp_total_reply_count":0,"_bbp_voice_count":0,"_bbp_anonymous_reply_count":0,"_bbp_topic_count_hidden":0,"_bbp_reply_count_hidden":0,"_bbp_forum_subforum_count":0,"footnotes":""},"class_list":["post-1487","page","type-page","status-publish","hentry"],"post_mailing_queue_ids":[],"_links":{"self":[{"href":"https:\/\/agora.xtec.cat\/escolamontbrio\/wp-json\/wp\/v2\/pages\/1487","targetHints":{"allow":["GET"]}}],"collection":[{"href":"https:\/\/agora.xtec.cat\/escolamontbrio\/wp-json\/wp\/v2\/pages"}],"about":[{"href":"https:\/\/agora.xtec.cat\/escolamontbrio\/wp-json\/wp\/v2\/types\/page"}],"author":[{"embeddable":true,"href":"https:\/\/agora.xtec.cat\/escolamontbrio\/wp-json\/wp\/v2\/users\/4"}],"replies":[{"embeddable":true,"href":"https:\/\/agora.xtec.cat\/escolamontbrio\/wp-json\/wp\/v2\/comments?post=1487"}],"version-history":[{"count":4,"href":"https:\/\/agora.xtec.cat\/escolamontbrio\/wp-json\/wp\/v2\/pages\/1487\/revisions"}],"predecessor-version":[{"id":5119,"href":"https:\/\/agora.xtec.cat\/escolamontbrio\/wp-json\/wp\/v2\/pages\/1487\/revisions\/5119"}],"up":[{"embeddable":true,"href":"https:\/\/agora.xtec.cat\/escolamontbrio\/wp-json\/wp\/v2\/pages\/22"}],"wp:attachment":[{"href":"https:\/\/agora.xtec.cat\/escolamontbrio\/wp-json\/wp\/v2\/media?parent=1487"}],"curies":[{"name":"wp","href":"https:\/\/api.w.org\/{rel}","templated":true}]}}