{"id":9537,"date":"2024-09-16T12:40:35","date_gmt":"2024-09-16T10:40:35","guid":{"rendered":"https:\/\/agora.xtec.cat\/escolamontbou\/?page_id=9537"},"modified":"2025-10-06T13:33:53","modified_gmt":"2025-10-06T11:33:53","slug":"tpv-escola","status":"publish","type":"page","link":"https:\/\/agora.xtec.cat\/escolamontbou\/informacio-curs\/tpv-escola\/","title":{"rendered":"TPV Escola"},"content":{"rendered":"<header class=\"entry-header\">\n<h1 class=\"entry-title\"><span style=\"font-size: 16px;\">L\u2019escola utilitza un sistema de registre d\u2019autoritzacions i de pagaments mitjan\u00e7ant la plataforma virtual TPV Escola.<\/span><\/h1>\n<\/header>\n<div class=\"entry-content\">\n<p>Es pot accedir a la plataforma a trav\u00e9s de la seva p\u00e0gina web:\u00a0<a href=\"http:\/\/www.tpvescola.com\/\">http:\/\/www.tpvescola.com<\/a>; o a trav\u00e9s del vostre tel\u00e8fon m\u00f2bil, per l\u2019App TPVESCOLA, que us podreu descarregar de forma gratu\u00efta.<\/p>\n<p>Per accedir-hi necessitareu un codi d\u2019usuari i una contrasenya que us facilitarem des del centre.<\/p>\n<p><img loading=\"lazy\" decoding=\"async\" class=\"wp-image-2916 aligncenter\" src=\"https:\/\/agora.xtec.cat\/escolalesllisses\/wp-content\/uploads\/usu2000\/2021\/09\/wapp-copy-517.png\" sizes=\"auto, (max-width: 419px) 100vw, 419px\" srcset=\"https:\/\/agora.xtec.cat\/escolalesllisses\/wp-content\/uploads\/usu2000\/2021\/09\/wapp-copy-517.png 517w, https:\/\/agora.xtec.cat\/escolalesllisses\/wp-content\/uploads\/usu2000\/2021\/09\/wapp-copy-517-300x201.png 300w\" alt=\"\" width=\"419\" height=\"281\" \/><\/p>\n<p>Tot seguit trobareu informaci\u00f3 important per familiaritzar-vos amb la nova plataforma.<\/p>\n<p><a href=\"https:\/\/www.tpvescola.com\/default.aspx?eid=247\" data-saferedirecturl=\"https:\/\/www.google.com\/url?q=https:\/\/www.tpvescola.com\/default.aspx?eid%3D247&amp;source=gmail&amp;ust=1630601157250000&amp;usg=AFQjCNG9vQPbQlR8h8axCqBOeQ9Cvl7nXQ\">INFORMACI\u00d3 GENERAL i ACC\u00c9S A LA PLATAFORMA<\/a><\/p>\n<p><a href=\"https:\/\/drive.google.com\/file\/d\/1GvJamEqX-mieC0N9GBvl6UUYstAEpmtJ\/view?usp=sharing\" data-saferedirecturl=\"https:\/\/www.google.com\/url?q=https:\/\/drive.google.com\/file\/d\/1GvJamEqX-mieC0N9GBvl6UUYstAEpmtJ\/view?usp%3Dsharing&amp;source=gmail&amp;ust=1630601157250000&amp;usg=AFQjCNH68U0O0sRBN3vWLzJxecxABP_ZRg\">ACC\u00c9S AL MANUAL D\u2019\u00daS PER LES FAM\u00cdLIES<\/a>\u00a0(molt recomanable)<\/p>\n<p><iframe loading=\"lazy\" title=\"YouTube video player\" src=\"https:\/\/www.youtube.com\/embed\/8H48TrocMR4\" width=\"560\" height=\"315\" frameborder=\"0\" allowfullscreen=\"allowfullscreen\" data-mce-fragment=\"1\"><\/iframe><\/p>\n<p>&nbsp;<\/p>\n<p><strong><u>PREGUNTES FREQ\u00dcENTS:<\/u><\/strong><\/p>\n<p><strong>QUIN \u00c9S EL MEU USUARI?<\/strong><\/p>\n<p>Rebreu un mail de l\u2019Escola Montbou amb l\u2019usuari i contrasenya.<\/p>\n<p>&nbsp;<\/p>\n<p><strong>COM ES POT GARANTIR QUE LA MEVA CONTRASENYA NOM\u00c9S LA CONEC JO?<\/strong><\/p>\n<p>La contrasenya s\u2019ha de canviar el primer cop que entreu, des de l\u2019apartat el Meu Compte.<\/p>\n<p>&nbsp;<\/p>\n<p><strong>QUIN \u00c9S EL PRIMER PAS QUE HE DE FER A L\u2019APP?\u00a0<\/strong><\/p>\n<p>Registrar la teva signatura.<\/p>\n<p><u>Com ho faig?<\/u><\/p>\n<ol>\n<li>OBRIR l\u2019APLICACI\u00d3<\/li>\n<li>Clicar a MI CUENTA\/EL MEU COMPTE<\/li>\n<li>Clicar FIRMA\/SIGNATURA<\/li>\n<li>Signar el REQUADRE amb el dit<\/li>\n<li>Omplir DADES DE SIGNATURA.<\/li>\n<\/ol>\n<p>Ara ja tenim la signatura registrada i podem signar qualsevol document\/autoritzaci\u00f3.<\/p>\n<p><img loading=\"lazy\" decoding=\"async\" class=\"wp-image-2918 aligncenter\" src=\"https:\/\/agora.xtec.cat\/escolalesllisses\/wp-content\/uploads\/usu2000\/2021\/09\/signatura.png\" sizes=\"auto, (max-width: 593px) 100vw, 593px\" srcset=\"https:\/\/agora.xtec.cat\/escolalesllisses\/wp-content\/uploads\/usu2000\/2021\/09\/signatura.png 647w, https:\/\/agora.xtec.cat\/escolalesllisses\/wp-content\/uploads\/usu2000\/2021\/09\/signatura-300x132.png 300w\" alt=\"\" width=\"593\" height=\"261\" \/><\/p>\n<p>Cada vegada\u00a0que signeu un document us demanar\u00e0 un codi de seguretat per assegurar que sou vosaltres els que signeu i no una altra persona. Aquest codi arriba mitjan\u00e7ant un\u00a0 missatge al m\u00f2bil o al mail associat.<\/p>\n<p><strong>\u00a0<\/strong><\/p>\n<p><strong>COM SABREM QUE HEM DE FER UN PAGAMENT?\u00a0<\/strong><\/p>\n<p>Quan obriu l\u2019APP us sortir\u00e0 un missatge\u00a0 amb els pagaments pendents.<\/p>\n<p><img loading=\"lazy\" decoding=\"async\" class=\"wp-image-2919 aligncenter\" src=\"https:\/\/agora.xtec.cat\/escolalesllisses\/wp-content\/uploads\/usu2000\/2021\/09\/pasted-image-417.png\" sizes=\"auto, (max-width: 357px) 100vw, 357px\" srcset=\"https:\/\/agora.xtec.cat\/escolalesllisses\/wp-content\/uploads\/usu2000\/2021\/09\/pasted-image-417.png 417w, https:\/\/agora.xtec.cat\/escolalesllisses\/wp-content\/uploads\/usu2000\/2021\/09\/pasted-image-417-218x300.png 218w\" alt=\"\" width=\"357\" height=\"491\" \/><\/p>\n<p>&nbsp;<\/p>\n<p><strong>PAGAMENTS SEGURS<\/strong><\/p>\n<div class=\"v3 ps21 s57 c55\">\n<p class=\"p12 f22\"><span style=\"font-family: inherit; font-size: 1em;\">Els pagaments es realitzen de forma segura a <\/span><span class=\"f28\" style=\"font-family: inherit; font-size: 1em;\">Redsys<\/span><span style=\"font-family: inherit; font-size: 1em;\">\u00a0mitjan\u00e7ant\u00a0<\/span><span class=\"f28\" style=\"font-family: inherit; font-size: 1em;\">targeta<\/span><span style=\"font-family: inherit; font-size: 1em;\">\u00a0de d\u00e8bit, cr\u00e8dit o prepagament de qualsevol entitat financera nacional, i tamb\u00e9 per\u00a0<\/span><span class=\"f28\" style=\"font-family: inherit; font-size: 1em;\">Bizum.<\/span><\/p>\n<\/div>\n<p><strong><img loading=\"lazy\" decoding=\"async\" class=\"wp-image-2920 aligncenter\" src=\"https:\/\/agora.xtec.cat\/escolalesllisses\/wp-content\/uploads\/usu2000\/2021\/09\/PAGAMENTS.png\" sizes=\"auto, (max-width: 565px) 100vw, 565px\" srcset=\"https:\/\/agora.xtec.cat\/escolalesllisses\/wp-content\/uploads\/usu2000\/2021\/09\/PAGAMENTS.png 799w, https:\/\/agora.xtec.cat\/escolalesllisses\/wp-content\/uploads\/usu2000\/2021\/09\/PAGAMENTS-300x55.png 300w, https:\/\/agora.xtec.cat\/escolalesllisses\/wp-content\/uploads\/usu2000\/2021\/09\/PAGAMENTS-768x141.png 768w\" alt=\"\" width=\"565\" height=\"104\" \/><\/strong><\/p>\n<p>&nbsp;<\/p>\n<p><strong>COM SABREM SI TINC UNA AUTORITZACI\u00d3 PER SIGNAR?<\/strong><\/p>\n<p>Quan obriu l\u2019APP hi haur\u00e0 un missatge amb les autoritzacions\/comunicacions pendents.<\/p>\n<p>&nbsp;<\/p>\n<p>Si teniu qualsevol dubte, us podeu comunicar amb la secret\u00e0ria del centre al correu : a8028163@xtec.cat o al tel\u00e8fon 93 804 10 03.<\/p>\n<\/div>\n","protected":false},"excerpt":{"rendered":"<p>L\u2019escola utilitza un sistema de registre d\u2019autoritzacions i de pagaments mitjan\u00e7ant la plataforma virtual TPV Escola. Es pot accedir a la plataforma a trav\u00e9s de la seva p\u00e0gina web:\u00a0http:\/\/www.tpvescola.com; o a trav\u00e9s del vostre tel\u00e8fon m\u00f2bil, per l\u2019App TPVESCOLA, que us podreu descarregar de forma gratu\u00efta. Per accedir-hi necessitareu un codi d\u2019usuari i una contrasenya [&hellip;]<\/p>\n","protected":false},"author":1,"featured_media":0,"parent":64,"menu_order":0,"comment_status":"closed","ping_status":"closed","template":"","meta":{"_bbp_topic_count":0,"_bbp_reply_count":0,"_bbp_total_topic_count":0,"_bbp_total_reply_count":0,"_bbp_voice_count":0,"_bbp_anonymous_reply_count":0,"_bbp_topic_count_hidden":0,"_bbp_reply_count_hidden":0,"_bbp_forum_subforum_count":0,"site-sidebar-layout":"default","site-content-layout":"","ast-site-content-layout":"default","site-content-style":"default","site-sidebar-style":"default","ast-global-header-display":"","ast-banner-title-visibility":"","ast-main-header-display":"","ast-hfb-above-header-display":"","ast-hfb-below-header-display":"","ast-hfb-mobile-header-display":"","site-post-title":"","ast-breadcrumbs-content":"","ast-featured-img":"","footer-sml-layout":"","theme-transparent-header-meta":"default","adv-header-id-meta":"","stick-header-meta":"","header-above-stick-meta":"","header-main-stick-meta":"","header-below-stick-meta":"","astra-migrate-meta-layouts":"set","ast-page-background-enabled":"default","ast-page-background-meta":{"desktop":{"background-color":"var(--ast-global-color-4)","background-image":"","background-repeat":"repeat","background-position":"center center","background-size":"auto","background-attachment":"scroll","background-type":"","background-media":"","overlay-type":"","overlay-color":"","overlay-opacity":"","overlay-gradient":""},"tablet":{"background-color":"","background-image":"","background-repeat":"repeat","background-position":"center center","background-size":"auto","background-attachment":"scroll","background-type":"","background-media":"","overlay-type":"","overlay-color":"","overlay-opacity":"","overlay-gradient":""},"mobile":{"background-color":"","background-image":"","background-repeat":"repeat","background-position":"center center","background-size":"auto","background-attachment":"scroll","background-type":"","background-media":"","overlay-type":"","overlay-color":"","overlay-opacity":"","overlay-gradient":""}},"ast-content-background-meta":{"desktop":{"background-color":"var(--ast-global-color-5)","background-image":"","background-repeat":"repeat","background-position":"center center","background-size":"auto","background-attachment":"scroll","background-type":"","background-media":"","overlay-type":"","overlay-color":"","overlay-opacity":"","overlay-gradient":""},"tablet":{"background-color":"var(--ast-global-color-5)","background-image":"","background-repeat":"repeat","background-position":"center center","background-size":"auto","background-attachment":"scroll","background-type":"","background-media":"","overlay-type":"","overlay-color":"","overlay-opacity":"","overlay-gradient":""},"mobile":{"background-color":"var(--ast-global-color-5)","background-image":"","background-repeat":"repeat","background-position":"center center","background-size":"auto","background-attachment":"scroll","background-type":"","background-media":"","overlay-type":"","overlay-color":"","overlay-opacity":"","overlay-gradient":""}},"footnotes":""},"class_list":["post-9537","page","type-page","status-publish","hentry"],"post_mailing_queue_ids":[],"_links":{"self":[{"href":"https:\/\/agora.xtec.cat\/escolamontbou\/wp-json\/wp\/v2\/pages\/9537","targetHints":{"allow":["GET"]}}],"collection":[{"href":"https:\/\/agora.xtec.cat\/escolamontbou\/wp-json\/wp\/v2\/pages"}],"about":[{"href":"https:\/\/agora.xtec.cat\/escolamontbou\/wp-json\/wp\/v2\/types\/page"}],"author":[{"embeddable":true,"href":"https:\/\/agora.xtec.cat\/escolamontbou\/wp-json\/wp\/v2\/users\/1"}],"replies":[{"embeddable":true,"href":"https:\/\/agora.xtec.cat\/escolamontbou\/wp-json\/wp\/v2\/comments?post=9537"}],"version-history":[{"count":2,"href":"https:\/\/agora.xtec.cat\/escolamontbou\/wp-json\/wp\/v2\/pages\/9537\/revisions"}],"predecessor-version":[{"id":11260,"href":"https:\/\/agora.xtec.cat\/escolamontbou\/wp-json\/wp\/v2\/pages\/9537\/revisions\/11260"}],"up":[{"embeddable":true,"href":"https:\/\/agora.xtec.cat\/escolamontbou\/wp-json\/wp\/v2\/pages\/64"}],"wp:attachment":[{"href":"https:\/\/agora.xtec.cat\/escolamontbou\/wp-json\/wp\/v2\/media?parent=9537"}],"curies":[{"name":"wp","href":"https:\/\/api.w.org\/{rel}","templated":true}]}}