{"id":73,"date":"2014-09-18T14:01:51","date_gmt":"2014-09-18T13:01:51","guid":{"rendered":"http:\/\/agora.xtec.cat\/escolamontbou\/?page_id=73"},"modified":"2025-09-26T16:48:06","modified_gmt":"2025-09-26T14:48:06","slug":"menjador-escolar","status":"publish","type":"page","link":"https:\/\/agora.xtec.cat\/escolamontbou\/ampa-montbou\/menjador-escolar\/","title":{"rendered":"Menjador escolar"},"content":{"rendered":"<p><strong>INFORMACI\u00d3 SOBRE EL MENJADOR ESCOLAR CURS 25-26<\/strong><\/p>\n<p>A continuaci\u00f3 trobareu tres documents:<\/p>\n<p><strong>1.<\/strong>\u00a0<b>NORMATIVA\u00a0<\/b><strong>DE MENJADOR\u00a0<\/strong>de l&#8217;Escola Montbou:<\/p>\n<p>&nbsp;<\/p>\n<p><strong>2.<\/strong> FULL <strong>D\u2019INSCRIPCI\u00d3<\/strong> CURS 25-26: L\u2019ha d\u2019omplir tot l\u2019alumnat i entregar-lo als tutors o enviar-ho a <span style=\"color: #0000ff;\">iara@alimentart.com<\/span><\/p>\n<p><a style=\"font-family: inherit; font-size: 1em;\" href=\"https:\/\/agora.xtec.cat\/escolamontbou\/wp-content\/uploads\/usu309\/2025\/09\/FITXA-INSCRIPCIO-2025-2026-MONTBOU.pdf\" target=\"_blank\" rel=\"noopener\">FITXA INSCRIPCI\u00d3 2025-2026 MONTBOU<\/a><\/p>\n<p><strong>3.<\/strong> FULL DE <strong>TIQUETS<\/strong> CURS 25-26: per a tots els usuaris espor\u00e0dics. Caldr\u00e0 que el portin el dia que es quedin al menjador amb el nom i la data. I fer constar \u201cdieta\u201d en cas de necessitat.<\/p>\n<p><span style=\"color: #0000ff;\"><a href=\"https:\/\/agora.xtec.cat\/escolamontbou\/wp-content\/uploads\/usu309\/2025\/09\/TIQUETS-MENJADOR-esporadics.pdf\" target=\"_blank\" rel=\"noopener\">TIQUETS MENJADOR espor\u00e0dics<\/a><\/span><\/p>\n","protected":false},"excerpt":{"rendered":"<p>INFORMACI\u00d3 SOBRE EL MENJADOR ESCOLAR CURS 25-26 A continuaci\u00f3 trobareu tres documents: 1.\u00a0NORMATIVA\u00a0DE MENJADOR\u00a0de l&#8217;Escola Montbou: &nbsp; 2. FULL D\u2019INSCRIPCI\u00d3 CURS 25-26: L\u2019ha d\u2019omplir tot l\u2019alumnat i entregar-lo als tutors o enviar-ho a iara@alimentart.com FITXA INSCRIPCI\u00d3 2025-2026 MONTBOU 3. FULL DE TIQUETS CURS 25-26: per a tots els usuaris espor\u00e0dics. Caldr\u00e0 que el portin el [&hellip;]<\/p>\n","protected":false},"author":1,"featured_media":0,"parent":66,"menu_order":10,"comment_status":"closed","ping_status":"closed","template":"","meta":{"_bbp_topic_count":0,"_bbp_reply_count":0,"_bbp_total_topic_count":0,"_bbp_total_reply_count":0,"_bbp_voice_count":0,"_bbp_anonymous_reply_count":0,"_bbp_topic_count_hidden":0,"_bbp_reply_count_hidden":0,"_bbp_forum_subforum_count":0,"site-sidebar-layout":"default","site-content-layout":"","ast-site-content-layout":"","site-content-style":"default","site-sidebar-style":"default","ast-global-header-display":"","ast-banner-title-visibility":"","ast-main-header-display":"","ast-hfb-above-header-display":"","ast-hfb-below-header-display":"","ast-hfb-mobile-header-display":"","site-post-title":"","ast-breadcrumbs-content":"","ast-featured-img":"","footer-sml-layout":"","theme-transparent-header-meta":"","adv-header-id-meta":"","stick-header-meta":"","header-above-stick-meta":"","header-main-stick-meta":"","header-below-stick-meta":"","astra-migrate-meta-layouts":"default","ast-page-background-enabled":"default","ast-page-background-meta":{"desktop":{"background-color":"var(--ast-global-color-4)","background-image":"","background-repeat":"repeat","background-position":"center center","background-size":"auto","background-attachment":"scroll","background-type":"","background-media":"","overlay-type":"","overlay-color":"","overlay-opacity":"","overlay-gradient":""},"tablet":{"background-color":"","background-image":"","background-repeat":"repeat","background-position":"center center","background-size":"auto","background-attachment":"scroll","background-type":"","background-media":"","overlay-type":"","overlay-color":"","overlay-opacity":"","overlay-gradient":""},"mobile":{"background-color":"","background-image":"","background-repeat":"repeat","background-position":"center center","background-size":"auto","background-attachment":"scroll","background-type":"","background-media":"","overlay-type":"","overlay-color":"","overlay-opacity":"","overlay-gradient":""}},"ast-content-background-meta":{"desktop":{"background-color":"var(--ast-global-color-5)","background-image":"","background-repeat":"repeat","background-position":"center center","background-size":"auto","background-attachment":"scroll","background-type":"","background-media":"","overlay-type":"","overlay-color":"","overlay-opacity":"","overlay-gradient":""},"tablet":{"background-color":"var(--ast-global-color-5)","background-image":"","background-repeat":"repeat","background-position":"center center","background-size":"auto","background-attachment":"scroll","background-type":"","background-media":"","overlay-type":"","overlay-color":"","overlay-opacity":"","overlay-gradient":""},"mobile":{"background-color":"var(--ast-global-color-5)","background-image":"","background-repeat":"repeat","background-position":"center center","background-size":"auto","background-attachment":"scroll","background-type":"","background-media":"","overlay-type":"","overlay-color":"","overlay-opacity":"","overlay-gradient":""}},"footnotes":""},"class_list":["post-73","page","type-page","status-publish","hentry"],"post_mailing_queue_ids":[],"_links":{"self":[{"href":"https:\/\/agora.xtec.cat\/escolamontbou\/wp-json\/wp\/v2\/pages\/73","targetHints":{"allow":["GET"]}}],"collection":[{"href":"https:\/\/agora.xtec.cat\/escolamontbou\/wp-json\/wp\/v2\/pages"}],"about":[{"href":"https:\/\/agora.xtec.cat\/escolamontbou\/wp-json\/wp\/v2\/types\/page"}],"author":[{"embeddable":true,"href":"https:\/\/agora.xtec.cat\/escolamontbou\/wp-json\/wp\/v2\/users\/1"}],"replies":[{"embeddable":true,"href":"https:\/\/agora.xtec.cat\/escolamontbou\/wp-json\/wp\/v2\/comments?post=73"}],"version-history":[{"count":6,"href":"https:\/\/agora.xtec.cat\/escolamontbou\/wp-json\/wp\/v2\/pages\/73\/revisions"}],"predecessor-version":[{"id":11211,"href":"https:\/\/agora.xtec.cat\/escolamontbou\/wp-json\/wp\/v2\/pages\/73\/revisions\/11211"}],"up":[{"embeddable":true,"href":"https:\/\/agora.xtec.cat\/escolamontbou\/wp-json\/wp\/v2\/pages\/66"}],"wp:attachment":[{"href":"https:\/\/agora.xtec.cat\/escolamontbou\/wp-json\/wp\/v2\/media?parent=73"}],"curies":[{"name":"wp","href":"https:\/\/api.w.org\/{rel}","templated":true}]}}