{"id":552,"date":"2020-07-21T13:50:49","date_gmt":"2020-07-21T11:50:49","guid":{"rendered":"https:\/\/agora.xtec.cat\/escolamontbou\/?page_id=552"},"modified":"2020-07-21T13:51:39","modified_gmt":"2020-07-21T11:51:39","slug":"protocol-polls","status":"publish","type":"page","link":"https:\/\/agora.xtec.cat\/escolamontbou\/lescola\/salut\/protocol-polls\/","title":{"rendered":"Protocol polls"},"content":{"rendered":"<h3><strong>POLLS<\/strong><\/h3>\n<h3>PREVENCI\u00d3<\/h3>\n<p>L\u2019escola \u00e9s un lloc on la pres\u00e8ncia de polls al cap pot ser freq\u00fcent, ja que la conviv\u00e8ncia de molts nens n\u2019afavoreix la difusi\u00f3, malgrat que pares i mestres ens preocupem per evitar-ho. Us recordem que els polls del cap no transmeten malalties i no s\u00f3n cap risc per la salut, per\u00f2 conv\u00e9 eliminar-los.<\/p>\n<p>Com es transmeten? Els polls no salten ni volen sin\u00f3 que passen d\u2019un cap a l\u2019altre per contacte dels cabells. Aix\u00f2 pot succeir en condicions d\u2019estreta conviv\u00e8ncia, com \u00e9s el cas de l\u2019escola. Tamb\u00e9 s\u2019encomanen per l\u2019intercanvi de pintes, raspalls, guarniments del cap, gorres, bufandes, tovalloles, mocadors, etc. La transmissi\u00f3 \u00e9s possible mentre hi hagi polls vius en la persona infestada o en els seus accessoris i fins que no s\u2019hagin eliminat totes les ll\u00e9menes.<\/p>\n<p>Mesures preventives recomanades en els protocols citats:<\/p>\n<p>\u2013 Raspallar els cabells cada dia, mantenint nets els raspalls.<\/p>\n<p>\u2013 Informar als nens\/es que l\u2019intercanvi d\u2019objectes pot afavorir el contagi. Per tant no s\u2019han de compartir ni pintes, ni raspall de cabell, ni tovalloles, ni gorres.<\/p>\n<p>\u2013 Revisar els cabells dels nens\/es i de les persones que hi conviuen dos o tres cops per setmana, sobretot si es graten el cap o es queixen de picor.<\/p>\n<p>\u2013 Si observeu que el vostre fill\/a t\u00e9 polls cal que aviseu al mestre\/a, o al director\/a de l\u2019escola i\u00a0 comunicar-ho a les altres persones que l\u2019envolten per tal que puguin comprovar si tamb\u00e9 en tenen i extremar les mesures preventives.<\/p>\n<p>\u2013 D\u2019altra banda, com a mesura higi\u00e8nica general, s\u2019haur\u00e0 de rentar el cap amb aigua i sab\u00f3 dos o tres cops per setmana, com a m\u00ednim.<\/p>\n<p>\u2013 L\u2019\u00fas preventiu de productes insecticides no es recomana en persones no parasitades.<\/p>\n<p>\u2013 Es revisar\u00e0 el cabell uns dos cops per setmana, preferentment darrere les orelles i al clatell. De vegades es confonen amb la caspa i les escames seborreiques, per\u00f2 ambdues formacions no estan adherides als cabells i es treuen f\u00e0cilment. A m\u00e9s, la caspa no t\u00e9 la brillantor nacrada de les ll\u00e9menes<\/p>\n<h3>COM ACTUAR EN CAS D\u2019INFESTA?<\/h3>\n<p>Com es pot saber si es tenen polls? El primer que es nota \u00e9s una picor persistent al cap. S\u2019ha de comprovar la pres\u00e8ncia de ll\u00e9menes enganxades a la base dels cabells o b\u00e9, m\u00e9s rarament, es poden identificar els polls vius. \u00c9s possible veure\u2019ls directament, per\u00f2 \u00e9s millor utilitzar una lupa i efectuar l\u2019exploraci\u00f3 amb bona il\u00b7luminaci\u00f3.<\/p>\n<p>Com eliminar els polls i les ll\u00e9menes? El tractament es basa en aplicar, al m\u00e9s aviat possible, un preparat insecticida (millor locions o cremes que no pas xamp\u00fas). Cal seguir estrictament les instruccions dels diferents productes comercialitzats tenint en compte que, amb molts d\u2019aquests, s\u2019haur\u00e0 de repetir el tractament m\u00e9s d\u2019una vegada per tal de matar els polls sortits dels ous. Per tal d\u2019eliminar les ll\u00e9menes es poden esbandir els cabells amb una barreja d\u2019aigua i vinagre, i despr\u00e9s passar una pinta amb les pues molt fines (un llemener), tot i que \u00e9s millor treure-les amb els dits. L\u2019aplicaci\u00f3 del producte no elimina totes les ll\u00e9menes i en resta viu un percentatge gens menyspreable. Cal revisar el cap una setmana despr\u00e9s d\u2019haver acabat el tractament per confirmar que no han nascut m\u00e9s polls. Cal insistir en passar la pinta cada dia.<\/p>\n<p>\u00c9s important que, a les escoles, tots els alumnes parasitats siguin tractats simult\u00e0niament, ja que es poden produir contagis entre nens afectats encara no tractats i nens ja tractats. Els nens no parasitats no s\u2019han de tractar. Els familiars afectats s\u2019han de tractar simult\u00e0niament, ja que sin\u00f3 podrien contagiar els nens sans i, d\u2019aquesta manera, disseminar els polls a l\u2019escola<em>.<\/em><\/p>\n<p><em>\u00a0<strong>\u00c9s recomanable que els alumnes afectats no assisteixin a l\u2019escola fins que no s\u2019hagin sotm\u00e8s al tractament (aplicaci\u00f3 de loci\u00f3 o crema al cap) i hagin eliminat totes les ll\u00e9menes<\/strong><\/em><strong>.<\/strong><\/p>\n<p>Durant la setmana posterior a l\u2019inici del tractament, cada dia s\u2019han de revisar els cabells i anar traient les ll\u00e9menes que hagin pogut quedar; en cas contrari, el tractament no es efectiu. Els polls viuen exclusivament en les persones. S\u00f3n innecess\u00e0ries certes mesures com netejar mobles o locals i, per tant, no est\u00e0 indicat tancar l\u2019escola on s\u2019hagin produ\u00eft casos.<\/p>\n<h3>PROTOCOL ESCOLA MONTBOU<\/h3>\n<p>Un cop exposades les recomanacions dels diferents departaments de Salut, es concreta en aquest punt el protocol a seguir a l\u2019Escola Montbou:<\/p>\n<p>\u2013 Si a l\u2019escola es detecta un nen amb polls, es trucar\u00e0 a casa per tal que es vingui a buscar, amb l\u2019objectiu de garantir la prevenci\u00f3 col\u00b7lectiva.<\/p>\n<p>\u2013 A l\u2019escola es treballar\u00e0 amb els nens perqu\u00e8 tinguin informaci\u00f3 i estiguin sensibilitzats sobre: Qu\u00e8 s\u00f3n els polls? Com es contagien? Per qu\u00e8 millor no tenir-los? En quina quantitat es multipliquen? Com prevenir-los?<\/p>\n","protected":false},"excerpt":{"rendered":"<p>POLLS PREVENCI\u00d3 L\u2019escola \u00e9s un lloc on la pres\u00e8ncia de polls al cap pot ser freq\u00fcent, ja que la conviv\u00e8ncia de molts nens n\u2019afavoreix la difusi\u00f3, malgrat que pares i mestres ens preocupem per evitar-ho. Us recordem que els polls del cap no transmeten malalties i no s\u00f3n cap risc per la salut, per\u00f2 conv\u00e9 [&hellip;]<\/p>\n","protected":false},"author":1,"featured_media":0,"parent":38,"menu_order":0,"comment_status":"closed","ping_status":"closed","template":"","meta":{"_bbp_topic_count":0,"_bbp_reply_count":0,"_bbp_total_topic_count":0,"_bbp_total_reply_count":0,"_bbp_voice_count":0,"_bbp_anonymous_reply_count":0,"_bbp_topic_count_hidden":0,"_bbp_reply_count_hidden":0,"_bbp_forum_subforum_count":0,"site-sidebar-layout":"default","site-content-layout":"","ast-site-content-layout":"","site-content-style":"default","site-sidebar-style":"default","ast-global-header-display":"","ast-banner-title-visibility":"","ast-main-header-display":"","ast-hfb-above-header-display":"","ast-hfb-below-header-display":"","ast-hfb-mobile-header-display":"","site-post-title":"","ast-breadcrumbs-content":"","ast-featured-img":"","footer-sml-layout":"","theme-transparent-header-meta":"","adv-header-id-meta":"","stick-header-meta":"","header-above-stick-meta":"","header-main-stick-meta":"","header-below-stick-meta":"","astra-migrate-meta-layouts":"default","ast-page-background-enabled":"default","ast-page-background-meta":{"desktop":{"background-color":"var(--ast-global-color-4)","background-image":"","background-repeat":"repeat","background-position":"center center","background-size":"auto","background-attachment":"scroll","background-type":"","background-media":"","overlay-type":"","overlay-color":"","overlay-opacity":"","overlay-gradient":""},"tablet":{"background-color":"","background-image":"","background-repeat":"repeat","background-position":"center center","background-size":"auto","background-attachment":"scroll","background-type":"","background-media":"","overlay-type":"","overlay-color":"","overlay-opacity":"","overlay-gradient":""},"mobile":{"background-color":"","background-image":"","background-repeat":"repeat","background-position":"center center","background-size":"auto","background-attachment":"scroll","background-type":"","background-media":"","overlay-type":"","overlay-color":"","overlay-opacity":"","overlay-gradient":""}},"ast-content-background-meta":{"desktop":{"background-color":"var(--ast-global-color-5)","background-image":"","background-repeat":"repeat","background-position":"center center","background-size":"auto","background-attachment":"scroll","background-type":"","background-media":"","overlay-type":"","overlay-color":"","overlay-opacity":"","overlay-gradient":""},"tablet":{"background-color":"var(--ast-global-color-5)","background-image":"","background-repeat":"repeat","background-position":"center center","background-size":"auto","background-attachment":"scroll","background-type":"","background-media":"","overlay-type":"","overlay-color":"","overlay-opacity":"","overlay-gradient":""},"mobile":{"background-color":"var(--ast-global-color-5)","background-image":"","background-repeat":"repeat","background-position":"center center","background-size":"auto","background-attachment":"scroll","background-type":"","background-media":"","overlay-type":"","overlay-color":"","overlay-opacity":"","overlay-gradient":""}},"footnotes":""},"class_list":["post-552","page","type-page","status-publish","hentry"],"post_mailing_queue_ids":[],"_links":{"self":[{"href":"https:\/\/agora.xtec.cat\/escolamontbou\/wp-json\/wp\/v2\/pages\/552","targetHints":{"allow":["GET"]}}],"collection":[{"href":"https:\/\/agora.xtec.cat\/escolamontbou\/wp-json\/wp\/v2\/pages"}],"about":[{"href":"https:\/\/agora.xtec.cat\/escolamontbou\/wp-json\/wp\/v2\/types\/page"}],"author":[{"embeddable":true,"href":"https:\/\/agora.xtec.cat\/escolamontbou\/wp-json\/wp\/v2\/users\/1"}],"replies":[{"embeddable":true,"href":"https:\/\/agora.xtec.cat\/escolamontbou\/wp-json\/wp\/v2\/comments?post=552"}],"version-history":[{"count":1,"href":"https:\/\/agora.xtec.cat\/escolamontbou\/wp-json\/wp\/v2\/pages\/552\/revisions"}],"predecessor-version":[{"id":553,"href":"https:\/\/agora.xtec.cat\/escolamontbou\/wp-json\/wp\/v2\/pages\/552\/revisions\/553"}],"up":[{"embeddable":true,"href":"https:\/\/agora.xtec.cat\/escolamontbou\/wp-json\/wp\/v2\/pages\/38"}],"wp:attachment":[{"href":"https:\/\/agora.xtec.cat\/escolamontbou\/wp-json\/wp\/v2\/media?parent=552"}],"curies":[{"name":"wp","href":"https:\/\/api.w.org\/{rel}","templated":true}]}}