{"id":4334,"date":"2021-07-14T14:23:54","date_gmt":"2021-07-14T12:23:54","guid":{"rendered":"https:\/\/agora.xtec.cat\/escolamontbou\/?page_id=4334"},"modified":"2021-07-15T09:41:46","modified_gmt":"2021-07-15T07:41:46","slug":"allergies-i-intolerancies","status":"publish","type":"page","link":"https:\/\/agora.xtec.cat\/escolamontbou\/lescola\/salut\/allergies-i-intolerancies\/","title":{"rendered":"Al\u00b7l\u00e8rgies i intoler\u00e0ncies"},"content":{"rendered":"<p>Si algun alumne presenta algun tipus d\u2019intoler\u00e0ncia i\/o al\u00b7l\u00e8rgia \u00e9s responsabilitat de les fam\u00edlies comunicar-ho al centre, aix\u00ed com tamb\u00e9, entregar una c\u00f2pia del\u00a0justificant m\u00e8dic pertinent.<\/p>\n<p>Per descarregar les autoritzacions pertinents cliqueu els seg\u00fcents enlla\u00e7os:<\/p>\n<p><a href=\"https:\/\/drive.google.com\/file\/d\/1H4ut4KWeyuhMcyJZPy6o18EaaKZQ2ztj\/view?usp=sharing\">Comunicaci\u00f3 de l\u2019escolaritzaci\u00f3 d\u2019un infant amb al\u00b7l\u00e8rgia aliment\u00e0ria i\/o al l\u00e0tex al centre d\u2019atenci\u00f3 prim\u00e0ria (CAP)<\/a><\/p>\n<p><a href=\"https:\/\/drive.google.com\/file\/d\/1OfxJ4MJWEA1qqTSZW9EwCS0XCrzC4Ih4\/view?usp=sharing\">Full de recollida d\u2019informaci\u00f3 per a alumnes amb al\u00b7l\u00e8rgia aliment\u00e0ria i\/o al l\u00e0tex<\/a><\/p>\n<p><a href=\"https:\/\/drive.google.com\/file\/d\/1qJ1_olwbwtADhx_7cDOf0JciYYYkDEM-\/view?usp=sharing\">Pautes d\u2019actuaci\u00f3 en cas de reacci\u00f3 al\u00b7l\u00e8rgica<\/a><\/p>\n<p><a href=\"https:\/\/drive.google.com\/file\/d\/1uucYrFeJ812Nqc0hvsjCl82zZwbUkQaA\/view?usp=sharing\">Sol\u00b7licitud i autoritzaci\u00f3 d\u2019administraci\u00f3 de medicaments als alumnes amb al\u00b7l\u00e8rgies aliment\u00e0ries i\/o al l\u00e0tex<\/a><\/p>\n<p>&nbsp;<\/p>\n","protected":false},"excerpt":{"rendered":"<p>Si algun alumne presenta algun tipus d\u2019intoler\u00e0ncia i\/o al\u00b7l\u00e8rgia \u00e9s responsabilitat de les fam\u00edlies comunicar-ho al centre, aix\u00ed com tamb\u00e9, entregar una c\u00f2pia del\u00a0justificant m\u00e8dic pertinent. Per descarregar les autoritzacions pertinents cliqueu els seg\u00fcents enlla\u00e7os: Comunicaci\u00f3 de l\u2019escolaritzaci\u00f3 d\u2019un infant amb al\u00b7l\u00e8rgia aliment\u00e0ria i\/o al l\u00e0tex al centre d\u2019atenci\u00f3 prim\u00e0ria (CAP) Full de recollida d\u2019informaci\u00f3 [&hellip;]<\/p>\n","protected":false},"author":1,"featured_media":0,"parent":38,"menu_order":0,"comment_status":"closed","ping_status":"closed","template":"","meta":{"_bbp_topic_count":0,"_bbp_reply_count":0,"_bbp_total_topic_count":0,"_bbp_total_reply_count":0,"_bbp_voice_count":0,"_bbp_anonymous_reply_count":0,"_bbp_topic_count_hidden":0,"_bbp_reply_count_hidden":0,"_bbp_forum_subforum_count":0,"site-sidebar-layout":"default","site-content-layout":"","ast-site-content-layout":"","site-content-style":"default","site-sidebar-style":"default","ast-global-header-display":"","ast-banner-title-visibility":"","ast-main-header-display":"","ast-hfb-above-header-display":"","ast-hfb-below-header-display":"","ast-hfb-mobile-header-display":"","site-post-title":"","ast-breadcrumbs-content":"","ast-featured-img":"","footer-sml-layout":"","theme-transparent-header-meta":"","adv-header-id-meta":"","stick-header-meta":"","header-above-stick-meta":"","header-main-stick-meta":"","header-below-stick-meta":"","astra-migrate-meta-layouts":"default","ast-page-background-enabled":"default","ast-page-background-meta":{"desktop":{"background-color":"var(--ast-global-color-4)","background-image":"","background-repeat":"repeat","background-position":"center center","background-size":"auto","background-attachment":"scroll","background-type":"","background-media":"","overlay-type":"","overlay-color":"","overlay-opacity":"","overlay-gradient":""},"tablet":{"background-color":"","background-image":"","background-repeat":"repeat","background-position":"center center","background-size":"auto","background-attachment":"scroll","background-type":"","background-media":"","overlay-type":"","overlay-color":"","overlay-opacity":"","overlay-gradient":""},"mobile":{"background-color":"","background-image":"","background-repeat":"repeat","background-position":"center center","background-size":"auto","background-attachment":"scroll","background-type":"","background-media":"","overlay-type":"","overlay-color":"","overlay-opacity":"","overlay-gradient":""}},"ast-content-background-meta":{"desktop":{"background-color":"var(--ast-global-color-5)","background-image":"","background-repeat":"repeat","background-position":"center center","background-size":"auto","background-attachment":"scroll","background-type":"","background-media":"","overlay-type":"","overlay-color":"","overlay-opacity":"","overlay-gradient":""},"tablet":{"background-color":"var(--ast-global-color-5)","background-image":"","background-repeat":"repeat","background-position":"center center","background-size":"auto","background-attachment":"scroll","background-type":"","background-media":"","overlay-type":"","overlay-color":"","overlay-opacity":"","overlay-gradient":""},"mobile":{"background-color":"var(--ast-global-color-5)","background-image":"","background-repeat":"repeat","background-position":"center center","background-size":"auto","background-attachment":"scroll","background-type":"","background-media":"","overlay-type":"","overlay-color":"","overlay-opacity":"","overlay-gradient":""}},"footnotes":""},"class_list":["post-4334","page","type-page","status-publish","hentry"],"post_mailing_queue_ids":[],"_links":{"self":[{"href":"https:\/\/agora.xtec.cat\/escolamontbou\/wp-json\/wp\/v2\/pages\/4334","targetHints":{"allow":["GET"]}}],"collection":[{"href":"https:\/\/agora.xtec.cat\/escolamontbou\/wp-json\/wp\/v2\/pages"}],"about":[{"href":"https:\/\/agora.xtec.cat\/escolamontbou\/wp-json\/wp\/v2\/types\/page"}],"author":[{"embeddable":true,"href":"https:\/\/agora.xtec.cat\/escolamontbou\/wp-json\/wp\/v2\/users\/1"}],"replies":[{"embeddable":true,"href":"https:\/\/agora.xtec.cat\/escolamontbou\/wp-json\/wp\/v2\/comments?post=4334"}],"version-history":[{"count":1,"href":"https:\/\/agora.xtec.cat\/escolamontbou\/wp-json\/wp\/v2\/pages\/4334\/revisions"}],"predecessor-version":[{"id":4336,"href":"https:\/\/agora.xtec.cat\/escolamontbou\/wp-json\/wp\/v2\/pages\/4334\/revisions\/4336"}],"up":[{"embeddable":true,"href":"https:\/\/agora.xtec.cat\/escolamontbou\/wp-json\/wp\/v2\/pages\/38"}],"wp:attachment":[{"href":"https:\/\/agora.xtec.cat\/escolamontbou\/wp-json\/wp\/v2\/media?parent=4334"}],"curies":[{"name":"wp","href":"https:\/\/api.w.org\/{rel}","templated":true}]}}