{"id":4323,"date":"2021-07-14T13:42:26","date_gmt":"2021-07-14T11:42:26","guid":{"rendered":"https:\/\/agora.xtec.cat\/escolamontbou\/?page_id=4323"},"modified":"2021-07-15T09:42:35","modified_gmt":"2021-07-15T07:42:35","slug":"criteris-dexclusio-escolar","status":"publish","type":"page","link":"https:\/\/agora.xtec.cat\/escolamontbou\/lescola\/salut\/criteris-dexclusio-escolar\/","title":{"rendered":"Criteris d&#8217;exclusi\u00f3 escolar per malalties"},"content":{"rendered":"<p>Les malalties infeccioses que es poden transmetre d\u2019una persona a una altra per qualsevol<br \/>\nmecanisme (malalties transmissibles) s\u00f3n freq\u00fcents en nens escolaritzats. En general, quan<br \/>\nels nens estiguin afectats per infeccions respirat\u00f2ries lleus, no cal excloure\u2019ls de l\u2019escola. A<br \/>\nm\u00e9s, cal tenir en compte que la transmissi\u00f3 t\u00e9 lloc abans que apareguin els s\u00edmptomes o a<br \/>\npartir del contacte amb nens amb infeccions asimptom\u00e0tiques. El risc de contagi es pot<br \/>\nminimitzar seguint les normes higi\u00e8niques habituals. L\u2019exclusi\u00f3 dels nens malalts de l\u2019escola<br \/>\nes recomana quan, potencialment, es poden reduir les probabilitats d\u2019aparici\u00f3 de casos<br \/>\nsecundaris.<\/p>\n<p><a href=\"https:\/\/drive.google.com\/file\/d\/1BgBw-w2g96ha4EpF8Y3s9RryRM4nNgGX\/view?usp=sharing\">Document del Departament de Salut<\/a><\/p>\n","protected":false},"excerpt":{"rendered":"<p>Les malalties infeccioses que es poden transmetre d\u2019una persona a una altra per qualsevol mecanisme (malalties transmissibles) s\u00f3n freq\u00fcents en nens escolaritzats. En general, quan els nens estiguin afectats per infeccions respirat\u00f2ries lleus, no cal excloure\u2019ls de l\u2019escola. A m\u00e9s, cal tenir en compte que la transmissi\u00f3 t\u00e9 lloc abans que apareguin els s\u00edmptomes o [&hellip;]<\/p>\n","protected":false},"author":1,"featured_media":0,"parent":38,"menu_order":0,"comment_status":"closed","ping_status":"closed","template":"","meta":{"_bbp_topic_count":0,"_bbp_reply_count":0,"_bbp_total_topic_count":0,"_bbp_total_reply_count":0,"_bbp_voice_count":0,"_bbp_anonymous_reply_count":0,"_bbp_topic_count_hidden":0,"_bbp_reply_count_hidden":0,"_bbp_forum_subforum_count":0,"site-sidebar-layout":"default","site-content-layout":"","ast-site-content-layout":"","site-content-style":"default","site-sidebar-style":"default","ast-global-header-display":"","ast-banner-title-visibility":"","ast-main-header-display":"","ast-hfb-above-header-display":"","ast-hfb-below-header-display":"","ast-hfb-mobile-header-display":"","site-post-title":"","ast-breadcrumbs-content":"","ast-featured-img":"","footer-sml-layout":"","theme-transparent-header-meta":"","adv-header-id-meta":"","stick-header-meta":"","header-above-stick-meta":"","header-main-stick-meta":"","header-below-stick-meta":"","astra-migrate-meta-layouts":"default","ast-page-background-enabled":"default","ast-page-background-meta":{"desktop":{"background-color":"var(--ast-global-color-4)","background-image":"","background-repeat":"repeat","background-position":"center center","background-size":"auto","background-attachment":"scroll","background-type":"","background-media":"","overlay-type":"","overlay-color":"","overlay-opacity":"","overlay-gradient":""},"tablet":{"background-color":"","background-image":"","background-repeat":"repeat","background-position":"center center","background-size":"auto","background-attachment":"scroll","background-type":"","background-media":"","overlay-type":"","overlay-color":"","overlay-opacity":"","overlay-gradient":""},"mobile":{"background-color":"","background-image":"","background-repeat":"repeat","background-position":"center center","background-size":"auto","background-attachment":"scroll","background-type":"","background-media":"","overlay-type":"","overlay-color":"","overlay-opacity":"","overlay-gradient":""}},"ast-content-background-meta":{"desktop":{"background-color":"var(--ast-global-color-5)","background-image":"","background-repeat":"repeat","background-position":"center center","background-size":"auto","background-attachment":"scroll","background-type":"","background-media":"","overlay-type":"","overlay-color":"","overlay-opacity":"","overlay-gradient":""},"tablet":{"background-color":"var(--ast-global-color-5)","background-image":"","background-repeat":"repeat","background-position":"center center","background-size":"auto","background-attachment":"scroll","background-type":"","background-media":"","overlay-type":"","overlay-color":"","overlay-opacity":"","overlay-gradient":""},"mobile":{"background-color":"var(--ast-global-color-5)","background-image":"","background-repeat":"repeat","background-position":"center center","background-size":"auto","background-attachment":"scroll","background-type":"","background-media":"","overlay-type":"","overlay-color":"","overlay-opacity":"","overlay-gradient":""}},"footnotes":""},"class_list":["post-4323","page","type-page","status-publish","hentry"],"post_mailing_queue_ids":[],"_links":{"self":[{"href":"https:\/\/agora.xtec.cat\/escolamontbou\/wp-json\/wp\/v2\/pages\/4323","targetHints":{"allow":["GET"]}}],"collection":[{"href":"https:\/\/agora.xtec.cat\/escolamontbou\/wp-json\/wp\/v2\/pages"}],"about":[{"href":"https:\/\/agora.xtec.cat\/escolamontbou\/wp-json\/wp\/v2\/types\/page"}],"author":[{"embeddable":true,"href":"https:\/\/agora.xtec.cat\/escolamontbou\/wp-json\/wp\/v2\/users\/1"}],"replies":[{"embeddable":true,"href":"https:\/\/agora.xtec.cat\/escolamontbou\/wp-json\/wp\/v2\/comments?post=4323"}],"version-history":[{"count":2,"href":"https:\/\/agora.xtec.cat\/escolamontbou\/wp-json\/wp\/v2\/pages\/4323\/revisions"}],"predecessor-version":[{"id":4327,"href":"https:\/\/agora.xtec.cat\/escolamontbou\/wp-json\/wp\/v2\/pages\/4323\/revisions\/4327"}],"up":[{"embeddable":true,"href":"https:\/\/agora.xtec.cat\/escolamontbou\/wp-json\/wp\/v2\/pages\/38"}],"wp:attachment":[{"href":"https:\/\/agora.xtec.cat\/escolamontbou\/wp-json\/wp\/v2\/media?parent=4323"}],"curies":[{"name":"wp","href":"https:\/\/api.w.org\/{rel}","templated":true}]}}