{"id":36,"date":"2014-09-18T12:33:11","date_gmt":"2014-09-18T11:33:11","guid":{"rendered":"http:\/\/agora.xtec.cat\/escolamontbou\/?page_id=36"},"modified":"2025-10-07T08:55:37","modified_gmt":"2025-10-07T06:55:37","slug":"material-escolar","status":"publish","type":"page","link":"https:\/\/agora.xtec.cat\/escolamontbou\/lescola\/material-escolar\/","title":{"rendered":"Material escolar 25-26"},"content":{"rendered":"<p><strong>EDUCACI\u00d3 INFANTIL<\/strong><br \/>L\u2019alumnat d\u2019Educaci\u00f3 Infantil no utilitza llibres a l\u2019aula. Aix\u00f2 implica tot un treball en fitxes del material<br \/>curricular elaborat per les tutores d\u2019Educaci\u00f3 Infantil.<br \/>Els nens i nenes porten una carpeta de color amb les feines de pl\u00e0stica de tot el curs. Aniria b\u00e9 que<br \/>aquesta carpeta la retorn\u00e9ssiu a comen\u00e7ament del curs 2023-24.<br \/>Us recordem el que l\u2019alumnat d&#8217;I4 i I5 el primer dia de curs ha de portar:<br \/>&#8211; la roba de recanvi<br \/>&#8211; un paquet de tovalloletes i una capsa de mocadors<br \/>&#8211; bata de pintura<br \/>&#8211; bata de menjador<br \/>&#8211; cantimplora<br \/>&#8211; tovall\u00f3 de roba<br \/>&#8211; cal marcar-ho tot amb el nom i posar vetes a les bates i jaquetes<\/p>\n<p><strong>EDUCACI\u00d3 PRIM\u00c0RIA<\/strong><br \/><strong>A partir d\u2019aquest curs 23-24 l\u2019alumnat de prim\u00e0ria no portar\u00e0 bata de manera habitual, a l\u2019escola<\/strong><br \/><strong>nom\u00e9s hi tindr\u00e0 una bata per fer-ne \u00fas a les hores de pl\u00e0stica i\/o en activitats que ho requereixin<\/strong><br \/><strong>per a no embrutar-se.<\/strong><\/p>\n<p><strong>Cicle inicial:<\/strong> motxilla, estoig amb llapis, colors de fusta, retoladors, goma, maquineta, carpeta,<br \/>cantimplora per beure i bata de m\u00e0niga llarga per fer pl\u00e0stica. Recomanem que els nens i les nenes de<br \/>1r i 2n no portin una gran motxilla. Necessiten una motxilla sense rodetes on c\u00e0piga la carpeta<br \/>(mida foli) i l&#8217;estoig.<\/p>\n<p><strong>Cicle mitj\u00e0 i superior:<\/strong> motxilla, estoig amb llapis (3), colors de fusta, retoladors punta fina, goma i<br \/>maquineta, bol\u00edgraf blau (2), vermell, verd i negre (bol\u00edgrafs, no punta fina) carpeta amb separadors,<br \/>un regle d\u2019uns 20 cm, bata de m\u00e0niga llarga per fer pl\u00e0stica i la cantimplora per beure. Un dels tres<br \/>llapis i una de les dues gomes que es demanen s\u2019utilitzaran nom\u00e9s a pl\u00e0stica.<br \/>Com que sou fam\u00edlies previsores i ja comenceu a comprar el material per als vostres fills\/es us fem<br \/>una s\u00e8rie de recomanacions.<br \/>Avui en dia trobem al mercat molt material escolar b\u00e9 de preu, per\u00f2 de molt baixa qualitat. Aix\u00f2<br \/>determina, moltes vegades, no poder fer les feines prou acurades.<br \/>Us aconsellem el seg\u00fcent material:<br \/>&#8211; GOMA: de nata (s\u00f3n toves) a 1r o les MILAN 430<br \/>&#8211; LLAPIS: de fusta 2HB.<br \/>&#8211; RETOLADORS: evitar els que marquen el full per darrera (van molt b\u00e9 els Staedtler).<br \/>&#8211; BOL\u00cdGRAFS: (tot prim\u00e0ria) s\u2019utilitza el blau, el verd, el negre i el vermell.<br \/>&#8211; CORRECTOR (Typpex): NO s\u2019utilitza, NO cal comprar-ne.<br \/>&#8211; LLIBRETES: de 3r a 6\u00e8, 1 llibreta, mida DINA4 , tapes dures, quadr\u00edcula de 4 mm. Amb espiral<br \/>seguida i que no estiguin troquelades (se\u2019ls arrenquen de seguida els fulls). Van molt b\u00e9 les<br \/>\u201cOxford\u201d.<br \/>&#8211; FLAUTA (Alumnes 3r): soprano YAMAHA Model YRS-23 digitaci\u00f3 ALEMANA. Resulta<br \/>imprescindible que tothom tingui el mateix model de flauta per una q\u00fcesti\u00f3 d\u2019unificaci\u00f3<br \/>sonora i de l\u00ednia d\u2019escola que cerca l\u2019educaci\u00f3 en i per a la igualtat.<\/p>\n\n\n<h2 class=\"wp-block-heading\">Aportaci\u00f3 material fam\u00edlies, curs 25-26<\/h2>\n\n\n\n<figure class=\"wp-block-image size-large\"><a href=\"https:\/\/agora.xtec.cat\/escolamontbou\/wp-content\/uploads\/usu309\/2025\/10\/QUOTA-DE-MATERIAL-MONTBOU-25-26-1.jpg\"><img loading=\"lazy\" decoding=\"async\" width=\"1024\" height=\"725\" src=\"https:\/\/agora.xtec.cat\/escolamontbou\/wp-content\/uploads\/usu309\/2025\/10\/QUOTA-DE-MATERIAL-MONTBOU-25-26-1-1024x725.jpg\" alt=\"\" class=\"wp-image-11443\" srcset=\"https:\/\/agora.xtec.cat\/escolamontbou\/wp-content\/uploads\/usu309\/2025\/10\/QUOTA-DE-MATERIAL-MONTBOU-25-26-1-1024x725.jpg 1024w, https:\/\/agora.xtec.cat\/escolamontbou\/wp-content\/uploads\/usu309\/2025\/10\/QUOTA-DE-MATERIAL-MONTBOU-25-26-1-300x212.jpg 300w, https:\/\/agora.xtec.cat\/escolamontbou\/wp-content\/uploads\/usu309\/2025\/10\/QUOTA-DE-MATERIAL-MONTBOU-25-26-1-768x543.jpg 768w, https:\/\/agora.xtec.cat\/escolamontbou\/wp-content\/uploads\/usu309\/2025\/10\/QUOTA-DE-MATERIAL-MONTBOU-25-26-1-1536x1087.jpg 1536w, https:\/\/agora.xtec.cat\/escolamontbou\/wp-content\/uploads\/usu309\/2025\/10\/QUOTA-DE-MATERIAL-MONTBOU-25-26-1.jpg 1754w\" sizes=\"auto, (max-width: 1024px) 100vw, 1024px\" \/><\/a><\/figure>\n\n\n\n<p><\/p>\n","protected":false},"excerpt":{"rendered":"<p>EDUCACI\u00d3 INFANTILL\u2019alumnat d\u2019Educaci\u00f3 Infantil no utilitza llibres a l\u2019aula. Aix\u00f2 implica tot un treball en fitxes del materialcurricular elaborat per les tutores d\u2019Educaci\u00f3 Infantil.Els nens i nenes porten una carpeta de color amb les feines de pl\u00e0stica de tot el curs. Aniria b\u00e9 queaquesta carpeta la retorn\u00e9ssiu a comen\u00e7ament del curs 2023-24.Us recordem el que [&hellip;]<\/p>\n","protected":false},"author":1,"featured_media":0,"parent":22,"menu_order":70,"comment_status":"closed","ping_status":"closed","template":"","meta":{"_bbp_topic_count":0,"_bbp_reply_count":0,"_bbp_total_topic_count":0,"_bbp_total_reply_count":0,"_bbp_voice_count":0,"_bbp_anonymous_reply_count":0,"_bbp_topic_count_hidden":0,"_bbp_reply_count_hidden":0,"_bbp_forum_subforum_count":0,"site-sidebar-layout":"default","site-content-layout":"","ast-site-content-layout":"default","site-content-style":"default","site-sidebar-style":"default","ast-global-header-display":"","ast-banner-title-visibility":"","ast-main-header-display":"","ast-hfb-above-header-display":"","ast-hfb-below-header-display":"","ast-hfb-mobile-header-display":"","site-post-title":"","ast-breadcrumbs-content":"","ast-featured-img":"","footer-sml-layout":"","theme-transparent-header-meta":"","adv-header-id-meta":"","stick-header-meta":"","header-above-stick-meta":"","header-main-stick-meta":"","header-below-stick-meta":"","astra-migrate-meta-layouts":"set","ast-page-background-enabled":"default","ast-page-background-meta":{"desktop":{"background-color":"var(--ast-global-color-4)","background-image":"","background-repeat":"repeat","background-position":"center center","background-size":"auto","background-attachment":"scroll","background-type":"","background-media":"","overlay-type":"","overlay-color":"","overlay-opacity":"","overlay-gradient":""},"tablet":{"background-color":"","background-image":"","background-repeat":"repeat","background-position":"center center","background-size":"auto","background-attachment":"scroll","background-type":"","background-media":"","overlay-type":"","overlay-color":"","overlay-opacity":"","overlay-gradient":""},"mobile":{"background-color":"","background-image":"","background-repeat":"repeat","background-position":"center center","background-size":"auto","background-attachment":"scroll","background-type":"","background-media":"","overlay-type":"","overlay-color":"","overlay-opacity":"","overlay-gradient":""}},"ast-content-background-meta":{"desktop":{"background-color":"var(--ast-global-color-5)","background-image":"","background-repeat":"repeat","background-position":"center center","background-size":"auto","background-attachment":"scroll","background-type":"","background-media":"","overlay-type":"","overlay-color":"","overlay-opacity":"","overlay-gradient":""},"tablet":{"background-color":"var(--ast-global-color-5)","background-image":"","background-repeat":"repeat","background-position":"center center","background-size":"auto","background-attachment":"scroll","background-type":"","background-media":"","overlay-type":"","overlay-color":"","overlay-opacity":"","overlay-gradient":""},"mobile":{"background-color":"var(--ast-global-color-5)","background-image":"","background-repeat":"repeat","background-position":"center center","background-size":"auto","background-attachment":"scroll","background-type":"","background-media":"","overlay-type":"","overlay-color":"","overlay-opacity":"","overlay-gradient":""}},"footnotes":""},"class_list":["post-36","page","type-page","status-publish","hentry"],"post_mailing_queue_ids":[],"_links":{"self":[{"href":"https:\/\/agora.xtec.cat\/escolamontbou\/wp-json\/wp\/v2\/pages\/36","targetHints":{"allow":["GET"]}}],"collection":[{"href":"https:\/\/agora.xtec.cat\/escolamontbou\/wp-json\/wp\/v2\/pages"}],"about":[{"href":"https:\/\/agora.xtec.cat\/escolamontbou\/wp-json\/wp\/v2\/types\/page"}],"author":[{"embeddable":true,"href":"https:\/\/agora.xtec.cat\/escolamontbou\/wp-json\/wp\/v2\/users\/1"}],"replies":[{"embeddable":true,"href":"https:\/\/agora.xtec.cat\/escolamontbou\/wp-json\/wp\/v2\/comments?post=36"}],"version-history":[{"count":6,"href":"https:\/\/agora.xtec.cat\/escolamontbou\/wp-json\/wp\/v2\/pages\/36\/revisions"}],"predecessor-version":[{"id":11446,"href":"https:\/\/agora.xtec.cat\/escolamontbou\/wp-json\/wp\/v2\/pages\/36\/revisions\/11446"}],"up":[{"embeddable":true,"href":"https:\/\/agora.xtec.cat\/escolamontbou\/wp-json\/wp\/v2\/pages\/22"}],"wp:attachment":[{"href":"https:\/\/agora.xtec.cat\/escolamontbou\/wp-json\/wp\/v2\/media?parent=36"}],"curies":[{"name":"wp","href":"https:\/\/api.w.org\/{rel}","templated":true}]}}