{"id":28,"date":"2014-09-18T12:29:35","date_gmt":"2014-09-18T11:29:35","guid":{"rendered":"http:\/\/agora.xtec.cat\/escolamontbou\/?page_id=28"},"modified":"2024-09-12T10:49:39","modified_gmt":"2024-09-12T08:49:39","slug":"consell-escolar","status":"publish","type":"page","link":"https:\/\/agora.xtec.cat\/escolamontbou\/lescola\/consell-escolar\/","title":{"rendered":"Consell Escolar"},"content":{"rendered":"<pre class=\"entry-title\"><\/pre>\n<div class=\"entry-content\">\n<ul>\n<li>El Consell Escolar de l\u2019Escola Montbou est\u00e0 format per 15 persones:<br \/>\n&#8211; Directora, que n\u2019\u00e9s la presidenta<br \/>\n&#8211; Cap d\u2019estudis<br \/>\n&#8211; Secretari administrador (amb veu i sense vot)<br \/>\n&#8211; 1 representant de l\u2019Ajuntament de Santa Margarida de Montbui<br \/>\n&#8211; 5 representants de pares i mares i tutoria legal d\u2019alumnes (4 elegits per votaci\u00f3 + 1 nomenat per l\u2019AMPA)<br \/>\n&#8211; 3 representants docents elegits per votaci\u00f3<br \/>\n&#8211; 1 representant PAS<\/li>\n<\/ul>\n<h3><strong>Membres que formen el Consell Escolar<\/strong><\/h3>\n<p><strong>Presidenta:<\/strong> Sara Vidal Bisbal<br \/>\n<strong>Cap d\u2019Estudis:<\/strong> Josep Perarnau Jan\u00e9<br \/>\n<strong>Secretari:<\/strong> Xavi Cantarell Busqu\u00e9<br \/>\n<strong>Representant Ajuntament:<\/strong> <span style=\"font-weight: 400;\">M. \u00c0ngels Grados Saiz<\/span><br \/>\n<strong>Representant AMPA:<\/strong> <span style=\"font-weight: 400;\">Sergi Royo Coloma<\/span><br \/>\n<strong>Representants de les Fam\u00edlies: <\/strong><span style=\"font-weight: 400;\">Mireia Gual Alegre, <\/span><span style=\"font-weight: 400;\">S\u00edlvia Andrev\u00ed Mercad\u00e9, Gemma Lluvi\u00e0 \u00c1lvarez i Montse Balada Garcia<br \/>\n<strong style=\"font-family: inherit; font-size: 1em;\">Representants Docents:<\/strong><span style=\"font-family: inherit; font-size: 1em;\">\u00a0 Raquel As\u00eds And\u00fajar,<\/span><b style=\"font-family: inherit; font-size: 1em;\">\u00a0<\/b><span style=\"font-family: inherit; font-size: 1em;\">X\u00e8nia Izcara Navazo, Alba Cantero Carbonell, S\u00edlvia Lopera Jim\u00e9nez i Jordi Romeu Borrull.<\/span><br \/>\n<strong>Representants del PAS:<\/strong> Lidia Pijoan Torres<br \/>\n(Data de renovaci\u00f3 : 13 de desembre de 2023)<\/span><\/p>\n<h3><strong>Corresponen al consell escolar les funcions seg\u00fcents:<\/strong><\/h3>\n<p>\u2022 Participar en l\u2019aprovaci\u00f3 del projecte educatiu i les seves modificacions. El consell escolar ha de ser consultat pel director\/a de manera preceptiva per valorar la proposta del projecte educatiu i manifestar el seu suport amb una majoria de les tres cinquenes parts dels membres.<br \/>\n\u2022 Participar en l\u2019aprovaci\u00f3 de la programaci\u00f3 general anual, de les normes de funcionament i de la gesti\u00f3 econ\u00f2mica del centre. El consell escolar ha de ser consultat de manera preceptiva per valorar cada una de les propostes i manifestar el seu suport per majoria simple dels membres.<br \/>\n\u2022 Avaluar l\u2019aplicaci\u00f3 del projecte educatiu i de les seves modificacions aix\u00ed com de la resta de documents de gesti\u00f3 del centre.<br \/>\n\u2022 Aprovar les propostes d\u2019acords de corresponsabilitat, convenis i altres acords de col\u00b7laboraci\u00f3 del centre amb entitats i institucions.<br \/>\n\u2022 Intervenir en el procediment d\u2019admissi\u00f3 d\u2019alumnes.<br \/>\n\u2022 Participar en el procediment de selecci\u00f3 i en la proposta de cessament del director o directora.<br \/>\n\u2022 Intervenir en la resoluci\u00f3 dels conflictes i, si escau, revisar les sancions de l&#8217;alumnat.<br \/>\n\u2022 Aprovar les directrius per a la programaci\u00f3 d\u2019activitats escolars complement\u00e0ries i d\u2019activitats extraescolars, i avaluar-ne el desenvolupament.<br \/>\n\u2022 Participar en les an\u00e0lisis i les avaluacions del funcionament general del centre i con\u00e8ixer l\u2019evoluci\u00f3 del rendiment escolar.<br \/>\n\u2022 Aprovar els criteris de col\u00b7laboraci\u00f3 amb altres centres i amb l\u2019entorn.<br \/>\n\u2022 Qualsevol altre que li sigui atribu\u00efda per les normes legals o reglament\u00e0ries.<\/p>\n<p><strong>Funcionament<\/strong><\/p>\n<p>El consell escolar ha d\u2019aprovar les seves normes de funcionament. En all\u00f2 que no estigui previst s\u2019han d\u2019aplicar les normes reguladores dels \u00f2rgans col\u00b7legiats de l\u2019Administraci\u00f3 de la Generalitat.<\/p>\n<p>El consell escolar del centre es reuneix preceptivament una vegada al trimestre i sempre que el convoca el director o directora del centre o ho sol\u00b7licita almenys un ter\u00e7 de les seves persones membres. A m\u00e9s, s\u2019ha de fer una reuni\u00f3 a principi de curs i una altra a la seva finalitzaci\u00f3.<\/p>\n<p>El consell escolar actua normalment en ple. Es poden constituir comissions espec\u00edfiques d\u2019estudi i informaci\u00f3, a les quals, en tot cas, s\u2019hi ha d\u2019incorporar la direcci\u00f3 del centre, o en la seva representaci\u00f3, un altre \u00f2rgan unipersonal de direcci\u00f3, un professor o professora, i un alumne o alumna o un representant o una representant de les mares i els pares. Els centres de titularitat p\u00fablica, a m\u00e9s, hi ha d\u2019haver preceptivament una comissi\u00f3 econ\u00f2mica que supervisa la gesti\u00f3 econ\u00f2mica del centre.<br \/>\nRenovaci\u00f3 de membres<\/p>\n<p>Les persones del consell escolar s\u00f3n elegides per un per\u00edode de quatre anys i es renoven per meitats cada dos anys.<\/p>\n<p>Les eleccions per a la constituci\u00f3 o renovaci\u00f3 de membres del consell escolar, les convoca el director o directora del centre p\u00fablic, amb quinze dies d\u2019antelaci\u00f3, dintre del per\u00edode que fixa el Departament d\u2019Ensenyament.<\/p>\n<p>Les vacants del consell escolar s\u2019han d\u2019ocupar pel procediment establert a les normes d\u2019organitzaci\u00f3 i funcionament del centre; si aquestes no ho preveuen, les ha d\u2019ocupar la seg\u00fcent candidatura m\u00e9s votada en les darreres eleccions. Si no hi ha m\u00e9s candidats o candidates per cobrir-les, romanen sense cobrir fins a la propera renovaci\u00f3 del consell escolar.<\/p>\n<p>La condici\u00f3 de membre del consell escolar es perd quan es deixa el c\u00e0rrec que comporta ser-ne membre, quan es deixa de complir algun dels requisits per ser elegible o quan l\u2019\u00f2rgan que l\u2019ha designat en revoca la designaci\u00f3.<\/p>\n<\/div>\n","protected":false},"excerpt":{"rendered":"<p>El Consell Escolar de l\u2019Escola Montbou est\u00e0 format per 15 persones: &#8211; Directora, que n\u2019\u00e9s la presidenta &#8211; Cap d\u2019estudis &#8211; Secretari administrador (amb veu i sense vot) &#8211; 1 representant de l\u2019Ajuntament de Santa Margarida de Montbui &#8211; 5 representants de pares i mares i tutoria legal d\u2019alumnes (4 elegits per votaci\u00f3 + 1 [&hellip;]<\/p>\n","protected":false},"author":1,"featured_media":0,"parent":22,"menu_order":40,"comment_status":"closed","ping_status":"closed","template":"page-templates\/side-menu.php","meta":{"_bbp_topic_count":0,"_bbp_reply_count":0,"_bbp_total_topic_count":0,"_bbp_total_reply_count":0,"_bbp_voice_count":0,"_bbp_anonymous_reply_count":0,"_bbp_topic_count_hidden":0,"_bbp_reply_count_hidden":0,"_bbp_forum_subforum_count":0,"site-sidebar-layout":"default","site-content-layout":"","ast-site-content-layout":"","site-content-style":"default","site-sidebar-style":"default","ast-global-header-display":"","ast-banner-title-visibility":"","ast-main-header-display":"","ast-hfb-above-header-display":"","ast-hfb-below-header-display":"","ast-hfb-mobile-header-display":"","site-post-title":"","ast-breadcrumbs-content":"","ast-featured-img":"","footer-sml-layout":"","theme-transparent-header-meta":"","adv-header-id-meta":"","stick-header-meta":"","header-above-stick-meta":"","header-main-stick-meta":"","header-below-stick-meta":"","astra-migrate-meta-layouts":"default","ast-page-background-enabled":"default","ast-page-background-meta":{"desktop":{"background-color":"var(--ast-global-color-4)","background-image":"","background-repeat":"repeat","background-position":"center center","background-size":"auto","background-attachment":"scroll","background-type":"","background-media":"","overlay-type":"","overlay-color":"","overlay-opacity":"","overlay-gradient":""},"tablet":{"background-color":"","background-image":"","background-repeat":"repeat","background-position":"center center","background-size":"auto","background-attachment":"scroll","background-type":"","background-media":"","overlay-type":"","overlay-color":"","overlay-opacity":"","overlay-gradient":""},"mobile":{"background-color":"","background-image":"","background-repeat":"repeat","background-position":"center center","background-size":"auto","background-attachment":"scroll","background-type":"","background-media":"","overlay-type":"","overlay-color":"","overlay-opacity":"","overlay-gradient":""}},"ast-content-background-meta":{"desktop":{"background-color":"var(--ast-global-color-5)","background-image":"","background-repeat":"repeat","background-position":"center center","background-size":"auto","background-attachment":"scroll","background-type":"","background-media":"","overlay-type":"","overlay-color":"","overlay-opacity":"","overlay-gradient":""},"tablet":{"background-color":"var(--ast-global-color-5)","background-image":"","background-repeat":"repeat","background-position":"center center","background-size":"auto","background-attachment":"scroll","background-type":"","background-media":"","overlay-type":"","overlay-color":"","overlay-opacity":"","overlay-gradient":""},"mobile":{"background-color":"var(--ast-global-color-5)","background-image":"","background-repeat":"repeat","background-position":"center center","background-size":"auto","background-attachment":"scroll","background-type":"","background-media":"","overlay-type":"","overlay-color":"","overlay-opacity":"","overlay-gradient":""}},"footnotes":""},"class_list":["post-28","page","type-page","status-publish","hentry"],"post_mailing_queue_ids":[],"_links":{"self":[{"href":"https:\/\/agora.xtec.cat\/escolamontbou\/wp-json\/wp\/v2\/pages\/28","targetHints":{"allow":["GET"]}}],"collection":[{"href":"https:\/\/agora.xtec.cat\/escolamontbou\/wp-json\/wp\/v2\/pages"}],"about":[{"href":"https:\/\/agora.xtec.cat\/escolamontbou\/wp-json\/wp\/v2\/types\/page"}],"author":[{"embeddable":true,"href":"https:\/\/agora.xtec.cat\/escolamontbou\/wp-json\/wp\/v2\/users\/1"}],"replies":[{"embeddable":true,"href":"https:\/\/agora.xtec.cat\/escolamontbou\/wp-json\/wp\/v2\/comments?post=28"}],"version-history":[{"count":6,"href":"https:\/\/agora.xtec.cat\/escolamontbou\/wp-json\/wp\/v2\/pages\/28\/revisions"}],"predecessor-version":[{"id":9521,"href":"https:\/\/agora.xtec.cat\/escolamontbou\/wp-json\/wp\/v2\/pages\/28\/revisions\/9521"}],"up":[{"embeddable":true,"href":"https:\/\/agora.xtec.cat\/escolamontbou\/wp-json\/wp\/v2\/pages\/22"}],"wp:attachment":[{"href":"https:\/\/agora.xtec.cat\/escolamontbou\/wp-json\/wp\/v2\/media?parent=28"}],"curies":[{"name":"wp","href":"https:\/\/api.w.org\/{rel}","templated":true}]}}