{"id":26,"date":"2014-09-18T12:24:32","date_gmt":"2014-09-18T11:24:32","guid":{"rendered":"http:\/\/agora.xtec.cat\/escolamontbou\/?page_id=26"},"modified":"2022-11-17T10:35:19","modified_gmt":"2022-11-17T09:35:19","slug":"historia","status":"publish","type":"page","link":"https:\/\/agora.xtec.cat\/escolamontbou\/lescola\/historia\/","title":{"rendered":"Escola Montbou"},"content":{"rendered":"<p><b>L\u2019ESCOLA<\/b><span style=\"font-weight: 400;\"> t\u00e9 l\u2019objectiu de respectar i vetllar per al compliment dels trets d\u2019identitat que s\u2019han definit amb la participaci\u00f3 de tota la comunitat educativa.<\/span><\/p>\n<p><strong>LA MISSI\u00d3<\/strong><\/p>\n<p><span style=\"font-weight: 400;\">L\u2019escola Montbou \u00e9s una escola catalana, p\u00fablica que es defineix inclusiva, laica i respectuosa amb la pluralitat. La Comunitat Educativa de la nostra escola t\u00e9 com a finalitat aconseguir la millor qualitat en l\u2019educaci\u00f3 de l&#8217;alumnat. L\u2019escola Montbou educa per:<\/span><\/p>\n<p><span style=\"font-weight: 400;\">&#8211; Formar ciutadans\/es responsables, compromesos\/es, solidaris\/es, respectuosos\/es amb els altres i l\u2019entorn.<\/span><\/p>\n<p><span style=\"font-weight: 400;\">&#8211; Potenciar el desenvolupament integral de l\u2019alumnat.<\/span><\/p>\n<p><span style=\"font-weight: 400;\">&#8211; Proporcionar eines per ser competents en les habilitats socials i personals per a ser part activa de la societat.<\/span><\/p>\n<p><strong>LA VISI\u00d3<\/strong><\/p>\n<p><span style=\"font-weight: 400;\">L\u2019escola Montbou vol:<\/span><\/p>\n<p><span style=\"font-weight: 400;\">&#8211; Promoure la participaci\u00f3 de tots els membres de la comunitat educativa.<\/span><\/p>\n<p><span style=\"font-weight: 400;\">&#8211; Ser una escola amb un Claustre comprom\u00e8s i il\u00b7lusionat amb el seu Projecte Educatiu, per tal de mantenir un clima acollidor i motivador tot afavorint la formaci\u00f3 i la tasca del professorat.<\/span><\/p>\n<p><span style=\"font-weight: 400;\">&#8211; Ser una escola inclusiva que ofereixi els recursos i metodologies que necessiti l\u2019alumnat per progressar satisfact\u00f2riament, potenciant les seves capacitats i obtenint una millora de resultats.<\/span><\/p>\n<p><span style=\"font-weight: 400;\">Per tal d\u2019aconseguir:<\/span><\/p>\n<p><span style=\"font-weight: 400;\">&#8211; Alumnes motivats per a ser protagonistes del seu propi aprenentatge, afavorint les seves capacitats de raonament i esperit cr\u00edtic.<\/span><\/p>\n<p><span style=\"font-weight: 400;\">&#8211; Infants aut\u00f2noms, compromesos i responsables amb el seu entorn.<\/span><\/p>\n<p><span style=\"font-weight: 400;\">&#8211; Alumnes capa\u00e7os d\u2019integrar dins del treball quotidi\u00e0 les noves tecnologies per a l\u2019aprenentatge i el coneixement<\/span><\/p>\n<p><span style=\"font-weight: 400;\">&#8211; Infants amb compet\u00e8ncies socials: saber establir relacions interpersonals, recon\u00e8ixer i controlar les emocions.<\/span><\/p>\n<p><strong>VALORS<\/strong><\/p>\n<p><span style=\"font-weight: 400;\">L\u2019escola Montbou vol transmetre els seg\u00fcents valors:<\/span><\/p>\n<p><span style=\"font-weight: 400;\">Valors personals: responsabilitat positiva, esfor\u00e7, esperit cr\u00edtic, inter\u00e8s per l\u2019entorn i les persones, treball ben fet, autocontrol, respecte, autonomia.<\/span><\/p>\n<p><span style=\"font-weight: 400;\">Valors del centre: di\u00e0leg, coher\u00e8ncia, solidaritat, igualtat, toler\u00e0ncia, inclusi\u00f3, participaci\u00f3 democr\u00e0tica, il\u00b7lusi\u00f3 de treball, responsabilitat i comprom\u00eds, innovaci\u00f3.<\/span><\/p>\n<p><span style=\"font-weight: 400;\">Valors orientats a l\u2019entorn social: respecte mutu com a principi de conviv\u00e8ncia, comprom\u00eds i iniciativa social, corresponsabilitat de tota la Comunitat Educativa (docents, fam\u00edlies, Ajuntament&#8230;)<\/span><\/p>\n","protected":false},"excerpt":{"rendered":"<p>L\u2019ESCOLA t\u00e9 l\u2019objectiu de respectar i vetllar per al compliment dels trets d\u2019identitat que s\u2019han definit amb la participaci\u00f3 de tota la comunitat educativa. LA MISSI\u00d3 L\u2019escola Montbou \u00e9s una escola catalana, p\u00fablica que es defineix inclusiva, laica i respectuosa amb la pluralitat. La Comunitat Educativa de la nostra escola t\u00e9 com a finalitat aconseguir [&hellip;]<\/p>\n","protected":false},"author":1,"featured_media":0,"parent":22,"menu_order":20,"comment_status":"closed","ping_status":"closed","template":"page-templates\/side-menu.php","meta":{"_bbp_topic_count":0,"_bbp_reply_count":0,"_bbp_total_topic_count":0,"_bbp_total_reply_count":0,"_bbp_voice_count":0,"_bbp_anonymous_reply_count":0,"_bbp_topic_count_hidden":0,"_bbp_reply_count_hidden":0,"_bbp_forum_subforum_count":0,"site-sidebar-layout":"default","site-content-layout":"","ast-site-content-layout":"","site-content-style":"default","site-sidebar-style":"default","ast-global-header-display":"","ast-banner-title-visibility":"","ast-main-header-display":"","ast-hfb-above-header-display":"","ast-hfb-below-header-display":"","ast-hfb-mobile-header-display":"","site-post-title":"","ast-breadcrumbs-content":"","ast-featured-img":"","footer-sml-layout":"","theme-transparent-header-meta":"","adv-header-id-meta":"","stick-header-meta":"","header-above-stick-meta":"","header-main-stick-meta":"","header-below-stick-meta":"","astra-migrate-meta-layouts":"default","ast-page-background-enabled":"default","ast-page-background-meta":{"desktop":{"background-color":"var(--ast-global-color-4)","background-image":"","background-repeat":"repeat","background-position":"center center","background-size":"auto","background-attachment":"scroll","background-type":"","background-media":"","overlay-type":"","overlay-color":"","overlay-opacity":"","overlay-gradient":""},"tablet":{"background-color":"","background-image":"","background-repeat":"repeat","background-position":"center center","background-size":"auto","background-attachment":"scroll","background-type":"","background-media":"","overlay-type":"","overlay-color":"","overlay-opacity":"","overlay-gradient":""},"mobile":{"background-color":"","background-image":"","background-repeat":"repeat","background-position":"center center","background-size":"auto","background-attachment":"scroll","background-type":"","background-media":"","overlay-type":"","overlay-color":"","overlay-opacity":"","overlay-gradient":""}},"ast-content-background-meta":{"desktop":{"background-color":"var(--ast-global-color-5)","background-image":"","background-repeat":"repeat","background-position":"center center","background-size":"auto","background-attachment":"scroll","background-type":"","background-media":"","overlay-type":"","overlay-color":"","overlay-opacity":"","overlay-gradient":""},"tablet":{"background-color":"var(--ast-global-color-5)","background-image":"","background-repeat":"repeat","background-position":"center center","background-size":"auto","background-attachment":"scroll","background-type":"","background-media":"","overlay-type":"","overlay-color":"","overlay-opacity":"","overlay-gradient":""},"mobile":{"background-color":"var(--ast-global-color-5)","background-image":"","background-repeat":"repeat","background-position":"center center","background-size":"auto","background-attachment":"scroll","background-type":"","background-media":"","overlay-type":"","overlay-color":"","overlay-opacity":"","overlay-gradient":""}},"footnotes":""},"class_list":["post-26","page","type-page","status-publish","hentry"],"post_mailing_queue_ids":[],"_links":{"self":[{"href":"https:\/\/agora.xtec.cat\/escolamontbou\/wp-json\/wp\/v2\/pages\/26","targetHints":{"allow":["GET"]}}],"collection":[{"href":"https:\/\/agora.xtec.cat\/escolamontbou\/wp-json\/wp\/v2\/pages"}],"about":[{"href":"https:\/\/agora.xtec.cat\/escolamontbou\/wp-json\/wp\/v2\/types\/page"}],"author":[{"embeddable":true,"href":"https:\/\/agora.xtec.cat\/escolamontbou\/wp-json\/wp\/v2\/users\/1"}],"replies":[{"embeddable":true,"href":"https:\/\/agora.xtec.cat\/escolamontbou\/wp-json\/wp\/v2\/comments?post=26"}],"version-history":[{"count":4,"href":"https:\/\/agora.xtec.cat\/escolamontbou\/wp-json\/wp\/v2\/pages\/26\/revisions"}],"predecessor-version":[{"id":7457,"href":"https:\/\/agora.xtec.cat\/escolamontbou\/wp-json\/wp\/v2\/pages\/26\/revisions\/7457"}],"up":[{"embeddable":true,"href":"https:\/\/agora.xtec.cat\/escolamontbou\/wp-json\/wp\/v2\/pages\/22"}],"wp:attachment":[{"href":"https:\/\/agora.xtec.cat\/escolamontbou\/wp-json\/wp\/v2\/media?parent=26"}],"curies":[{"name":"wp","href":"https:\/\/api.w.org\/{rel}","templated":true}]}}