{"id":22,"date":"2014-09-18T12:19:57","date_gmt":"2014-09-18T11:19:57","guid":{"rendered":"http:\/\/agora.xtec.cat\/escolamontbou\/?page_id=22"},"modified":"2020-09-07T18:58:23","modified_gmt":"2020-09-07T16:58:23","slug":"lescola","status":"publish","type":"page","link":"https:\/\/agora.xtec.cat\/escolamontbou\/lescola\/","title":{"rendered":"L&#8217;ESCOLA"},"content":{"rendered":"<div class=\"panels-flexible-row panels-flexible-row-3-1 clearfix \">\n<div class=\"inside panels-flexible-row-inside panels-flexible-row-3-1-inside clearfix\">\n<div class=\"panels-flexible-region panels-flexible-region-3-1_ panels-flexible-region-last \">\n<div class=\"inside panels-flexible-region-inside panels-flexible-region-3-1_-inside panels-flexible-region-inside-last\">\n<div class=\"panel-pane pane-node-title no-title block\">\n<div class=\"block-inner clearfix\">\n<blockquote>\n<div class=\"block-content\"><strong>Direcci\u00f3 i \u00f2rgans<\/strong><\/div>\n<\/blockquote>\n<\/div>\n<\/div>\n<\/div>\n<\/div>\n<\/div>\n<\/div>\n<div class=\"panels-flexible-row panels-flexible-row-3-2 panels-flexible-row-last clearfix \">\n<div class=\"inside panels-flexible-row-inside panels-flexible-row-3-2-inside panels-flexible-row-inside-last clearfix\">\n<div class=\"panels-flexible-region panels-flexible-region-3-comentaris panels-flexible-region-first panels-flexible-region-last \">\n<div class=\"inside panels-flexible-region-inside panels-flexible-region-3-comentaris-inside panels-flexible-region-inside-first panels-flexible-region-inside-last\">\n<div class=\"panel-separator\"><\/div>\n<div class=\"panel-pane pane-node-content no-title block\">\n<div class=\"block-inner clearfix\">\n<div class=\"block-content\">\n<article id=\"node-651\" class=\"node node-p-gina article odd node-full 1 ia-n clearfix\">\n<div class=\"node-content\">\n<div class=\"field field-name-body field-type-text-with-summary field-label-hidden view-mode-full\">\n<div class=\"field-items\">\n<div class=\"field-item even\">\n<p><strong>L\u2019equip directiu<\/strong> \u00e9s l\u2019encarregat del funcionament i organitzaci\u00f3 de l\u2019escola i de la gesti\u00f3 del projecte educatiu del centre. Es format pel director o directora, el secretari o secret\u00e0ria i el cap o la cap d\u2019estudis.<\/p>\n<ul>\n<li><strong>El cap o la cap d\u2019estudis<\/strong>. \u00c9s la persona responsable de planificar i gestionar les activitats del centre, com poden ser l\u2019elaboraci\u00f3 dels horaris, la planificaci\u00f3 dels processos d\u2019acollida i altres activitats del centre i d\u2019atenci\u00f3 als alumnes.<\/li>\n<li><strong>El secretari o secret\u00e0ria<\/strong>. \u00c9s la persona responsable de les tasques relacionades amb la gesti\u00f3 econ\u00f2mica del centre, de la documentaci\u00f3 acad\u00e8mica i administrativa i dels recursos materials. Tamb\u00e9 controla el manteniment i la conservaci\u00f3 de les instal\u00b7lacions.<\/li>\n<\/ul>\n<p><strong>El claustre de mestres<\/strong>\u00a0\u00e9s l\u2019\u00f2rgan de participaci\u00f3 dels docents en el control i la gesti\u00f3 dels aspectes educatius del centre. El formen tots els mestres del centre i el presideix el director. La seva funci\u00f3 \u00e9s, entre altres, intervenir en l\u2019elaboraci\u00f3 i modificaci\u00f3 del projecte educatiu de centre, decidir criteris d\u2019avaluaci\u00f3, programar i avaluar les diferents activitats educatives, escollir els seus representats al consell escolar i establir l\u00ednies d\u2019intervenci\u00f3 per a l\u2019acci\u00f3 tutorial.<\/p>\n<p><strong>El consell escolar<\/strong>\u00a0\u00e9s l\u2019\u00f2rgan de participaci\u00f3 dels diferents sectors de la comunitat educativa en el govern del centre.<\/p>\n<p>Les mares i els pares dels alumnes matriculats en un centre educatiu formen part del consell escolar del centre i hi participen per mitj\u00e0 de representants escollits en eleccions.<\/p>\n<\/div>\n<\/div>\n<\/div>\n<\/div>\n<\/article>\n<\/div>\n<\/div>\n<\/div>\n<\/div>\n<\/div>\n<\/div>\n<\/div>\n","protected":false},"excerpt":{"rendered":"<p>Direcci\u00f3 i \u00f2rgans L\u2019equip directiu \u00e9s l\u2019encarregat del funcionament i organitzaci\u00f3 de l\u2019escola i de la gesti\u00f3 del projecte educatiu del centre. Es format pel director o directora, el secretari o secret\u00e0ria i el cap o la cap d\u2019estudis. El cap o la cap d\u2019estudis. \u00c9s la persona responsable de planificar i gestionar les activitats [&hellip;]<\/p>\n","protected":false},"author":1,"featured_media":0,"parent":0,"menu_order":10,"comment_status":"closed","ping_status":"closed","template":"page-templates\/side-menu.php","meta":{"_bbp_topic_count":0,"_bbp_reply_count":0,"_bbp_total_topic_count":0,"_bbp_total_reply_count":0,"_bbp_voice_count":0,"_bbp_anonymous_reply_count":0,"_bbp_topic_count_hidden":0,"_bbp_reply_count_hidden":0,"_bbp_forum_subforum_count":0,"site-sidebar-layout":"default","site-content-layout":"","ast-site-content-layout":"","site-content-style":"default","site-sidebar-style":"default","ast-global-header-display":"","ast-banner-title-visibility":"","ast-main-header-display":"","ast-hfb-above-header-display":"","ast-hfb-below-header-display":"","ast-hfb-mobile-header-display":"","site-post-title":"","ast-breadcrumbs-content":"","ast-featured-img":"","footer-sml-layout":"","theme-transparent-header-meta":"","adv-header-id-meta":"","stick-header-meta":"","header-above-stick-meta":"","header-main-stick-meta":"","header-below-stick-meta":"","astra-migrate-meta-layouts":"default","ast-page-background-enabled":"default","ast-page-background-meta":{"desktop":{"background-color":"var(--ast-global-color-4)","background-image":"","background-repeat":"repeat","background-position":"center center","background-size":"auto","background-attachment":"scroll","background-type":"","background-media":"","overlay-type":"","overlay-color":"","overlay-opacity":"","overlay-gradient":""},"tablet":{"background-color":"","background-image":"","background-repeat":"repeat","background-position":"center center","background-size":"auto","background-attachment":"scroll","background-type":"","background-media":"","overlay-type":"","overlay-color":"","overlay-opacity":"","overlay-gradient":""},"mobile":{"background-color":"","background-image":"","background-repeat":"repeat","background-position":"center center","background-size":"auto","background-attachment":"scroll","background-type":"","background-media":"","overlay-type":"","overlay-color":"","overlay-opacity":"","overlay-gradient":""}},"ast-content-background-meta":{"desktop":{"background-color":"var(--ast-global-color-5)","background-image":"","background-repeat":"repeat","background-position":"center center","background-size":"auto","background-attachment":"scroll","background-type":"","background-media":"","overlay-type":"","overlay-color":"","overlay-opacity":"","overlay-gradient":""},"tablet":{"background-color":"var(--ast-global-color-5)","background-image":"","background-repeat":"repeat","background-position":"center center","background-size":"auto","background-attachment":"scroll","background-type":"","background-media":"","overlay-type":"","overlay-color":"","overlay-opacity":"","overlay-gradient":""},"mobile":{"background-color":"var(--ast-global-color-5)","background-image":"","background-repeat":"repeat","background-position":"center center","background-size":"auto","background-attachment":"scroll","background-type":"","background-media":"","overlay-type":"","overlay-color":"","overlay-opacity":"","overlay-gradient":""}},"footnotes":""},"class_list":["post-22","page","type-page","status-publish","hentry"],"post_mailing_queue_ids":[],"_links":{"self":[{"href":"https:\/\/agora.xtec.cat\/escolamontbou\/wp-json\/wp\/v2\/pages\/22","targetHints":{"allow":["GET"]}}],"collection":[{"href":"https:\/\/agora.xtec.cat\/escolamontbou\/wp-json\/wp\/v2\/pages"}],"about":[{"href":"https:\/\/agora.xtec.cat\/escolamontbou\/wp-json\/wp\/v2\/types\/page"}],"author":[{"embeddable":true,"href":"https:\/\/agora.xtec.cat\/escolamontbou\/wp-json\/wp\/v2\/users\/1"}],"replies":[{"embeddable":true,"href":"https:\/\/agora.xtec.cat\/escolamontbou\/wp-json\/wp\/v2\/comments?post=22"}],"version-history":[{"count":2,"href":"https:\/\/agora.xtec.cat\/escolamontbou\/wp-json\/wp\/v2\/pages\/22\/revisions"}],"predecessor-version":[{"id":1679,"href":"https:\/\/agora.xtec.cat\/escolamontbou\/wp-json\/wp\/v2\/pages\/22\/revisions\/1679"}],"wp:attachment":[{"href":"https:\/\/agora.xtec.cat\/escolamontbou\/wp-json\/wp\/v2\/media?parent=22"}],"curies":[{"name":"wp","href":"https:\/\/api.w.org\/{rel}","templated":true}]}}