{"id":928,"date":"2020-03-03T20:40:28","date_gmt":"2020-03-03T19:40:28","guid":{"rendered":"https:\/\/agora.xtec.cat\/escolammanent\/?page_id=928"},"modified":"2025-10-01T11:22:13","modified_gmt":"2025-10-01T09:22:13","slug":"aprenentatge-cooperatiu-i-ambients","status":"publish","type":"page","link":"https:\/\/agora.xtec.cat\/escolammanent\/projectes-de-lescola\/aprenentatge-cooperatiu-i-ambients\/","title":{"rendered":"Aprenentatge cooperatiu"},"content":{"rendered":"\n<div class=\"wp-block-media-text is-stacked-on-mobile\"><figure class=\"wp-block-media-text__media\"><img loading=\"lazy\" decoding=\"async\" width=\"746\" height=\"719\" src=\"https:\/\/agora.xtec.cat\/escolammanent\/wp-content\/uploads\/usu1443\/2024\/02\/tc32-rotated-e1708528178478.jpg\" alt=\"\" class=\"wp-image-8810 size-full\" srcset=\"https:\/\/agora.xtec.cat\/escolammanent\/wp-content\/uploads\/usu1443\/2024\/02\/tc32-rotated-e1708528178478.jpg 746w, https:\/\/agora.xtec.cat\/escolammanent\/wp-content\/uploads\/usu1443\/2024\/02\/tc32-rotated-e1708528178478-300x289.jpg 300w\" sizes=\"auto, (max-width: 746px) 100vw, 746px\" \/><\/figure><div class=\"wp-block-media-text__content\">\n<p>A l&#8217;escola hem apostat fermament per dues metodologies que es distancien de l&#8217;individualisme i la competitivitat.<\/p>\n\n\n\n<p>I no \u00e9s que no preparem el nostre alumnat per una societat competitiva, sin\u00f3 que entenem que la millor manera de fer-ho \u00e9s&nbsp;treballant eficientment en equip.<\/p>\n\n\n\n<p>El treball cooperatiu s&#8217;aplica a tots els nivells educatius del centre partint de principis com l&#8217;ajuda m\u00fatua, l&#8217;empatia, el respecte a les difer\u00e8ncies, la solidaritat, l&#8217;escolta&nbsp; &nbsp;activa,&nbsp;el&nbsp;consens,&nbsp;el&nbsp;di\u00e0leg, l&#8217;augment en la participaci\u00f3 i interacci\u00f3&nbsp; de i entre l&#8217;alumnat, afavorint l&#8217;autonomia dels i de les alumnes, aprendre amb i dels altres&#8230;<\/p>\n\n\n\n<p>Els diferents equips de treball aprenen a autoregular-se, es coavaluen i autoavaluen el compliment de les normes de funcionament i compromisos que ells\/es assumeixen amb el seu equip.<\/p>\n\n\n\n<p>\u200bEl grau de participaci\u00f3, implicaci\u00f3 i motivaci\u00f3 augmenta a mesura que aprenen a treballar en equip i aprofundeixen de manera significativa en els aprenentatges curriculars.<\/p>\n\n\n\n<p>\u200bEn definitiva, es tracta de <strong>cooperar per aprendre i aprendre a cooperar.<\/strong><\/p>\n<\/div><\/div>\n\n\n\n<figure class=\"wp-block-gallery has-nested-images columns-default is-cropped wp-block-gallery-1 is-layout-flex wp-block-gallery-is-layout-flex\">\n<figure class=\"wp-block-image size-large\"><a href=\"https:\/\/agora.xtec.cat\/escolammanent\/wp-content\/uploads\/usu1443\/2024\/02\/tcoop2.jpeg\"><img loading=\"lazy\" decoding=\"async\" width=\"1024\" height=\"768\" data-id=\"8807\" src=\"https:\/\/agora.xtec.cat\/escolammanent\/wp-content\/uploads\/usu1443\/2024\/02\/tcoop2-1024x768.jpeg\" alt=\"\" class=\"wp-image-8807\" srcset=\"https:\/\/agora.xtec.cat\/escolammanent\/wp-content\/uploads\/usu1443\/2024\/02\/tcoop2-1024x768.jpeg 1024w, https:\/\/agora.xtec.cat\/escolammanent\/wp-content\/uploads\/usu1443\/2024\/02\/tcoop2-300x225.jpeg 300w, https:\/\/agora.xtec.cat\/escolammanent\/wp-content\/uploads\/usu1443\/2024\/02\/tcoop2-768x576.jpeg 768w, https:\/\/agora.xtec.cat\/escolammanent\/wp-content\/uploads\/usu1443\/2024\/02\/tcoop2-1536x1152.jpeg 1536w, https:\/\/agora.xtec.cat\/escolammanent\/wp-content\/uploads\/usu1443\/2024\/02\/tcoop2-200x150.jpeg 200w, https:\/\/agora.xtec.cat\/escolammanent\/wp-content\/uploads\/usu1443\/2024\/02\/tcoop2.jpeg 2048w\" sizes=\"auto, (max-width: 1024px) 100vw, 1024px\" \/><\/a><\/figure>\n\n\n\n<figure class=\"wp-block-image size-large\"><a href=\"https:\/\/agora.xtec.cat\/escolammanent\/wp-content\/uploads\/usu1443\/2024\/02\/tcoop.jpeg\"><img loading=\"lazy\" decoding=\"async\" width=\"1024\" height=\"768\" data-id=\"8808\" src=\"https:\/\/agora.xtec.cat\/escolammanent\/wp-content\/uploads\/usu1443\/2024\/02\/tcoop-1024x768.jpeg\" alt=\"\" class=\"wp-image-8808\" srcset=\"https:\/\/agora.xtec.cat\/escolammanent\/wp-content\/uploads\/usu1443\/2024\/02\/tcoop-1024x768.jpeg 1024w, https:\/\/agora.xtec.cat\/escolammanent\/wp-content\/uploads\/usu1443\/2024\/02\/tcoop-300x225.jpeg 300w, https:\/\/agora.xtec.cat\/escolammanent\/wp-content\/uploads\/usu1443\/2024\/02\/tcoop-768x576.jpeg 768w, https:\/\/agora.xtec.cat\/escolammanent\/wp-content\/uploads\/usu1443\/2024\/02\/tcoop-1536x1152.jpeg 1536w, https:\/\/agora.xtec.cat\/escolammanent\/wp-content\/uploads\/usu1443\/2024\/02\/tcoop-200x150.jpeg 200w, https:\/\/agora.xtec.cat\/escolammanent\/wp-content\/uploads\/usu1443\/2024\/02\/tcoop.jpeg 2048w\" sizes=\"auto, (max-width: 1024px) 100vw, 1024px\" \/><\/a><\/figure>\n<\/figure>\n","protected":false},"excerpt":{"rendered":"<p>A l&#8217;escola hem apostat fermament per dues metodologies que es distancien de l&#8217;individualisme i la competitivitat. I no \u00e9s que no preparem el nostre alumnat per una societat competitiva, sin\u00f3 que entenem que la millor manera de fer-ho \u00e9s&nbsp;treballant eficientment en equip. El treball cooperatiu s&#8217;aplica a tots els nivells educatius del centre partint de [&hellip;]<\/p>\n","protected":false},"author":1,"featured_media":0,"parent":5624,"menu_order":20,"comment_status":"closed","ping_status":"closed","template":"page-templates\/side-menu.php","meta":{"_bbp_topic_count":0,"_bbp_reply_count":0,"_bbp_total_topic_count":0,"_bbp_total_reply_count":0,"_bbp_voice_count":0,"_bbp_anonymous_reply_count":0,"_bbp_topic_count_hidden":0,"_bbp_reply_count_hidden":0,"_bbp_forum_subforum_count":0,"site-sidebar-layout":"default","site-content-layout":"","ast-site-content-layout":"","site-content-style":"default","site-sidebar-style":"default","ast-global-header-display":"","ast-banner-title-visibility":"","ast-main-header-display":"","ast-hfb-above-header-display":"","ast-hfb-below-header-display":"","ast-hfb-mobile-header-display":"","site-post-title":"","ast-breadcrumbs-content":"","ast-featured-img":"","footer-sml-layout":"","theme-transparent-header-meta":"","adv-header-id-meta":"","stick-header-meta":"","header-above-stick-meta":"","header-main-stick-meta":"","header-below-stick-meta":"","astra-migrate-meta-layouts":"default","ast-page-background-enabled":"default","ast-page-background-meta":{"desktop":{"background-color":"var(--ast-global-color-4)","background-image":"","background-repeat":"repeat","background-position":"center center","background-size":"auto","background-attachment":"scroll","background-type":"","background-media":"","overlay-type":"","overlay-color":"","overlay-opacity":"","overlay-gradient":""},"tablet":{"background-color":"","background-image":"","background-repeat":"repeat","background-position":"center center","background-size":"auto","background-attachment":"scroll","background-type":"","background-media":"","overlay-type":"","overlay-color":"","overlay-opacity":"","overlay-gradient":""},"mobile":{"background-color":"","background-image":"","background-repeat":"repeat","background-position":"center center","background-size":"auto","background-attachment":"scroll","background-type":"","background-media":"","overlay-type":"","overlay-color":"","overlay-opacity":"","overlay-gradient":""}},"ast-content-background-meta":{"desktop":{"background-color":"var(--ast-global-color-5)","background-image":"","background-repeat":"repeat","background-position":"center center","background-size":"auto","background-attachment":"scroll","background-type":"","background-media":"","overlay-type":"","overlay-color":"","overlay-opacity":"","overlay-gradient":""},"tablet":{"background-color":"var(--ast-global-color-5)","background-image":"","background-repeat":"repeat","background-position":"center center","background-size":"auto","background-attachment":"scroll","background-type":"","background-media":"","overlay-type":"","overlay-color":"","overlay-opacity":"","overlay-gradient":""},"mobile":{"background-color":"var(--ast-global-color-5)","background-image":"","background-repeat":"repeat","background-position":"center center","background-size":"auto","background-attachment":"scroll","background-type":"","background-media":"","overlay-type":"","overlay-color":"","overlay-opacity":"","overlay-gradient":""}},"footnotes":""},"class_list":["post-928","page","type-page","status-publish","hentry"],"post_mailing_queue_ids":[],"_links":{"self":[{"href":"https:\/\/agora.xtec.cat\/escolammanent\/wp-json\/wp\/v2\/pages\/928","targetHints":{"allow":["GET"]}}],"collection":[{"href":"https:\/\/agora.xtec.cat\/escolammanent\/wp-json\/wp\/v2\/pages"}],"about":[{"href":"https:\/\/agora.xtec.cat\/escolammanent\/wp-json\/wp\/v2\/types\/page"}],"author":[{"embeddable":true,"href":"https:\/\/agora.xtec.cat\/escolammanent\/wp-json\/wp\/v2\/users\/1"}],"replies":[{"embeddable":true,"href":"https:\/\/agora.xtec.cat\/escolammanent\/wp-json\/wp\/v2\/comments?post=928"}],"version-history":[{"count":6,"href":"https:\/\/agora.xtec.cat\/escolammanent\/wp-json\/wp\/v2\/pages\/928\/revisions"}],"predecessor-version":[{"id":12002,"href":"https:\/\/agora.xtec.cat\/escolammanent\/wp-json\/wp\/v2\/pages\/928\/revisions\/12002"}],"up":[{"embeddable":true,"href":"https:\/\/agora.xtec.cat\/escolammanent\/wp-json\/wp\/v2\/pages\/5624"}],"wp:attachment":[{"href":"https:\/\/agora.xtec.cat\/escolammanent\/wp-json\/wp\/v2\/media?parent=928"}],"curies":[{"name":"wp","href":"https:\/\/api.w.org\/{rel}","templated":true}]}}