{"id":9,"date":"2014-09-17T15:08:18","date_gmt":"2014-09-17T14:08:18","guid":{"rendered":"http:\/\/agora.xtec.cat\/escolammanent\/?page_id=9"},"modified":"2026-04-29T11:25:21","modified_gmt":"2026-04-29T09:25:21","slug":"pagina-dinici-buida","status":"publish","type":"page","link":"https:\/\/agora.xtec.cat\/escolammanent\/","title":{"rendered":"Preinscripci\u00f3 2026-2027"},"content":{"rendered":"\n<p>Informem del proc\u00e9s de preinscripci\u00f3, perqu\u00e8 s&#8217;entengui el funcionament el sistema d&#8217;assignaci\u00f3 de pla\u00e7a als&nbsp;<strong>infants que accedeixen per primera vegada a l&#8217;escolaritzaci\u00f3<\/strong>&nbsp;en un centre educatiu determinat. De manera general, per a aquest any, <strong>s\u00f3n els nens i nenes que fan els 3 anys<\/strong> durant el 2025.<\/p>\n\n\n\n<p>Pot ser que alguna fam\u00edlia amb&nbsp;<strong>infants de 6 a 12 anys<\/strong>&nbsp;vulgueu&nbsp;<strong>canviar de centre educatiu<\/strong>&nbsp;per diversos motius. En aquests casos, haur\u00e0s de seguir els mateixos passos de preinscripci\u00f3 que els infants que accedeixen per primera vegada a l&#8217;escolaritzaci\u00f3.<\/p>\n\n\n\n<div class=\"wp-block-buttons is-content-justification-center is-layout-flex wp-container-core-buttons-is-layout-1 wp-block-buttons-is-layout-flex\">\n<div class=\"wp-block-button has-custom-width wp-block-button__width-50 is-style-fill\"><a class=\"wp-block-button__link has-ast-global-color-1-color has-vivid-green-cyan-background-color has-text-color has-background has-link-color wp-element-button\" href=\"https:\/\/preinscripcio.gencat.cat\/ca\/inici\/index.html\" target=\"_blank\" rel=\"noreferrer noopener\"><strong>Preinscripci\u00f3 2026-2027<\/strong><\/a><\/div>\n<\/div>\n\n\n\n<div class=\"wp-block-media-text is-stacked-on-mobile\" style=\"grid-template-columns:70% auto\"><figure class=\"wp-block-media-text__media\"><img loading=\"lazy\" decoding=\"async\" width=\"832\" height=\"468\" src=\"https:\/\/agora.xtec.cat\/escolammanent\/wp-content\/uploads\/usu1443\/2026\/04\/infantil3-6-primaria-bola5.png_223078711.png\" alt=\"\" class=\"wp-image-12734 size-full\" srcset=\"https:\/\/agora.xtec.cat\/escolammanent\/wp-content\/uploads\/usu1443\/2026\/04\/infantil3-6-primaria-bola5.png_223078711.png 832w, https:\/\/agora.xtec.cat\/escolammanent\/wp-content\/uploads\/usu1443\/2026\/04\/infantil3-6-primaria-bola5.png_223078711-300x169.png 300w, https:\/\/agora.xtec.cat\/escolammanent\/wp-content\/uploads\/usu1443\/2026\/04\/infantil3-6-primaria-bola5.png_223078711-768x432.png 768w\" sizes=\"auto, (max-width: 832px) 100vw, 832px\" \/><\/figure><div class=\"wp-block-media-text__content\">\n<div class=\"wp-block-getwid-button-group\"><div class=\"wp-block-getwid-button-group__wrapper has-alignment-center has-direction-column\">\n<div class=\"wp-block-button\"><a class=\"wp-block-button__link has-ast-global-color-1-color has-vivid-green-cyan-background-color has-text-color has-background has-link-color wp-element-button\" href=\"https:\/\/agora.xtec.cat\/escolammanent\/wp-content\/uploads\/usu1443\/2026\/03\/Oferta-inicial.pdf\" target=\"_blank\" rel=\"noreferrer noopener\"><strong>3 de mar\u00e7: oferta inicial de places<\/strong><\/a><\/div>\n\n\n\n<div class=\"wp-block-button is-style-fill\"><a class=\"wp-block-button__link has-ast-global-color-1-color has-vivid-green-cyan-background-color has-text-color has-background has-link-color wp-element-button\" href=\"https:\/\/agora.xtec.cat\/escolammanent\/wp-content\/uploads\/usu1443\/2026\/04\/INFORME_BAREM_PROVISIONAL_BAREM.pdf\" target=\"_blank\" rel=\"noreferrer noopener\"><strong>15 d&#8217;abril: llista amb puntuaci\u00f3 provisional<\/strong><\/a><\/div>\n\n\n\n<div class=\"wp-block-button\"><a class=\"wp-block-button__link has-ast-global-color-1-color has-vivid-green-cyan-background-color has-text-color has-background has-link-color wp-element-button\" href=\"https:\/\/agora.xtec.cat\/escolammanent\/wp-content\/uploads\/usu1443\/2026\/04\/INFORME_BAREM_DEFINITIU_BAREM.pdf\" target=\"_blank\" rel=\"noreferrer noopener\"><strong>29 d&#8217;abril: llista en primera petici\u00f3 ordenada<\/strong><\/a><\/div>\n\n\n\n<div class=\"wp-block-button\"><a class=\"wp-block-button__link has-cyan-bluish-gray-color has-text-color has-link-color wp-element-button\">10 de juny : oferta final de places escolars<\/a><\/div>\n\n\n\n<div class=\"wp-block-button\"><a class=\"wp-block-button__link has-cyan-bluish-gray-color has-text-color has-link-color wp-element-button\">10 de juny : llista d&#8217;alumnes admesos i llista d&#8217;espera<\/a><\/div>\n<\/div><\/div>\n<\/div><\/div>\n\n\n\n<p><\/p>\n","protected":false},"excerpt":{"rendered":"<p>Informem del proc\u00e9s de preinscripci\u00f3, perqu\u00e8 s&#8217;entengui el funcionament el sistema d&#8217;assignaci\u00f3 de pla\u00e7a als&nbsp;infants que accedeixen per primera vegada a l&#8217;escolaritzaci\u00f3&nbsp;en un centre educatiu determinat. De manera general, per a aquest any, s\u00f3n els nens i nenes que fan els 3 anys durant el 2025. Pot ser que alguna fam\u00edlia amb&nbsp;infants de 6 a [&hellip;]<\/p>\n","protected":false},"author":1,"featured_media":0,"parent":7,"menu_order":0,"comment_status":"closed","ping_status":"closed","template":"","meta":{"_bbp_topic_count":0,"_bbp_reply_count":0,"_bbp_total_topic_count":0,"_bbp_total_reply_count":0,"_bbp_voice_count":0,"_bbp_anonymous_reply_count":0,"_bbp_topic_count_hidden":0,"_bbp_reply_count_hidden":0,"_bbp_forum_subforum_count":0,"site-sidebar-layout":"default","site-content-layout":"","ast-site-content-layout":"default","site-content-style":"default","site-sidebar-style":"default","ast-global-header-display":"","ast-banner-title-visibility":"","ast-main-header-display":"","ast-hfb-above-header-display":"","ast-hfb-below-header-display":"","ast-hfb-mobile-header-display":"","site-post-title":"","ast-breadcrumbs-content":"","ast-featured-img":"","footer-sml-layout":"","theme-transparent-header-meta":"","adv-header-id-meta":"","stick-header-meta":"","header-above-stick-meta":"","header-main-stick-meta":"","header-below-stick-meta":"","astra-migrate-meta-layouts":"set","ast-page-background-enabled":"default","ast-page-background-meta":{"desktop":{"background-color":"var(--ast-global-color-4)","background-image":"","background-repeat":"repeat","background-position":"center center","background-size":"auto","background-attachment":"scroll","background-type":"","background-media":"","overlay-type":"","overlay-color":"","overlay-opacity":"","overlay-gradient":""},"tablet":{"background-color":"","background-image":"","background-repeat":"repeat","background-position":"center center","background-size":"auto","background-attachment":"scroll","background-type":"","background-media":"","overlay-type":"","overlay-color":"","overlay-opacity":"","overlay-gradient":""},"mobile":{"background-color":"","background-image":"","background-repeat":"repeat","background-position":"center center","background-size":"auto","background-attachment":"scroll","background-type":"","background-media":"","overlay-type":"","overlay-color":"","overlay-opacity":"","overlay-gradient":""}},"ast-content-background-meta":{"desktop":{"background-color":"var(--ast-global-color-5)","background-image":"","background-repeat":"repeat","background-position":"center center","background-size":"auto","background-attachment":"scroll","background-type":"","background-media":"","overlay-type":"","overlay-color":"","overlay-opacity":"","overlay-gradient":""},"tablet":{"background-color":"var(--ast-global-color-5)","background-image":"","background-repeat":"repeat","background-position":"center center","background-size":"auto","background-attachment":"scroll","background-type":"","background-media":"","overlay-type":"","overlay-color":"","overlay-opacity":"","overlay-gradient":""},"mobile":{"background-color":"var(--ast-global-color-5)","background-image":"","background-repeat":"repeat","background-position":"center center","background-size":"auto","background-attachment":"scroll","background-type":"","background-media":"","overlay-type":"","overlay-color":"","overlay-opacity":"","overlay-gradient":""}},"footnotes":""},"class_list":["post-9","page","type-page","status-publish","hentry"],"post_mailing_queue_ids":[],"_links":{"self":[{"href":"https:\/\/agora.xtec.cat\/escolammanent\/wp-json\/wp\/v2\/pages\/9","targetHints":{"allow":["GET"]}}],"collection":[{"href":"https:\/\/agora.xtec.cat\/escolammanent\/wp-json\/wp\/v2\/pages"}],"about":[{"href":"https:\/\/agora.xtec.cat\/escolammanent\/wp-json\/wp\/v2\/types\/page"}],"author":[{"embeddable":true,"href":"https:\/\/agora.xtec.cat\/escolammanent\/wp-json\/wp\/v2\/users\/1"}],"replies":[{"embeddable":true,"href":"https:\/\/agora.xtec.cat\/escolammanent\/wp-json\/wp\/v2\/comments?post=9"}],"version-history":[{"count":6,"href":"https:\/\/agora.xtec.cat\/escolammanent\/wp-json\/wp\/v2\/pages\/9\/revisions"}],"predecessor-version":[{"id":12812,"href":"https:\/\/agora.xtec.cat\/escolammanent\/wp-json\/wp\/v2\/pages\/9\/revisions\/12812"}],"up":[{"embeddable":true,"href":"https:\/\/agora.xtec.cat\/escolammanent\/wp-json\/wp\/v2\/pages\/7"}],"wp:attachment":[{"href":"https:\/\/agora.xtec.cat\/escolammanent\/wp-json\/wp\/v2\/media?parent=9"}],"curies":[{"name":"wp","href":"https:\/\/api.w.org\/{rel}","templated":true}]}}