{"id":8643,"date":"2024-02-05T17:15:33","date_gmt":"2024-02-05T16:15:33","guid":{"rendered":"https:\/\/agora.xtec.cat\/escolammanent\/?page_id=8643"},"modified":"2025-10-01T11:24:37","modified_gmt":"2025-10-01T09:24:37","slug":"ambients","status":"publish","type":"page","link":"https:\/\/agora.xtec.cat\/escolammanent\/projectes-de-lescola\/ambients\/","title":{"rendered":"Espais d&#8217;aprenentatge"},"content":{"rendered":"\n<div class=\"wp-block-media-text is-stacked-on-mobile\"><figure class=\"wp-block-media-text__media\"><img loading=\"lazy\" decoding=\"async\" width=\"410\" height=\"305\" src=\"https:\/\/agora.xtec.cat\/escolammanent\/wp-content\/uploads\/usu1443\/2020\/03\/IMG_0218a_JPG.jpg\" alt=\"\" class=\"wp-image-929 size-full\" srcset=\"https:\/\/agora.xtec.cat\/escolammanent\/wp-content\/uploads\/usu1443\/2020\/03\/IMG_0218a_JPG.jpg 410w, https:\/\/agora.xtec.cat\/escolammanent\/wp-content\/uploads\/usu1443\/2020\/03\/IMG_0218a_JPG-300x223.jpg 300w, https:\/\/agora.xtec.cat\/escolammanent\/wp-content\/uploads\/usu1443\/2020\/03\/IMG_0218a_JPG-200x150.jpg 200w\" sizes=\"auto, (max-width: 410px) 100vw, 410px\" \/><\/figure><div class=\"wp-block-media-text__content\">\n<p>Els espais d&#8217;aprenentatge els apliquem en els cursos d&#8217;Ed. Infantil. Els i les alumnes prenen decisions envers el seu propi proc\u00e9s d&#8217;aprenentatge, escollint a quin dels espais que se li ofereixen vol assistir-hi. All\u00e0 es trobaran nens i nenes d&#8217;altres grups-classe i podran participar en diferents propostes que la mestra ha preparat pr\u00e8viament amb material divers i motivador.<\/p>\n\n\n\n<p>Amb aquest m\u00e8tode fomentem l&#8217;autonomia en la presa de decisions dins d&#8217;unes normes de conviv\u00e8ncia i organitzatives establertes, respectem les inquietuds del propi alumnat, afavorim la interacci\u00f3 i l&#8217;aprenentatge entre infants de diferents edats i amb interessos comuns, la participaci\u00f3 activa i vivencial en les experi\u00e8ncies proposades&#8230;<\/p>\n\n\n\n<p>\u200bTot aix\u00f2 amb l&#8217;acompanyament i guiatge del docent que no interfereix ni dirigeix la presa de decisions, malgrat la seva&nbsp;intervenci\u00f3 continua sent de gran valor per atendre les necessitats dels infants.<\/p>\n<\/div><\/div>\n","protected":false},"excerpt":{"rendered":"<p>Els espais d&#8217;aprenentatge els apliquem en els cursos d&#8217;Ed. Infantil. Els i les alumnes prenen decisions envers el seu propi proc\u00e9s d&#8217;aprenentatge, escollint a quin dels espais que se li ofereixen vol assistir-hi. All\u00e0 es trobaran nens i nenes d&#8217;altres grups-classe i podran participar en diferents propostes que la mestra ha preparat pr\u00e8viament amb material [&hellip;]<\/p>\n","protected":false},"author":26,"featured_media":0,"parent":5624,"menu_order":30,"comment_status":"closed","ping_status":"closed","template":"page-templates\/side-menu.php","meta":{"_bbp_topic_count":0,"_bbp_reply_count":0,"_bbp_total_topic_count":0,"_bbp_total_reply_count":0,"_bbp_voice_count":0,"_bbp_anonymous_reply_count":0,"_bbp_topic_count_hidden":0,"_bbp_reply_count_hidden":0,"_bbp_forum_subforum_count":0,"site-sidebar-layout":"default","site-content-layout":"","ast-site-content-layout":"","site-content-style":"default","site-sidebar-style":"default","ast-global-header-display":"","ast-banner-title-visibility":"","ast-main-header-display":"","ast-hfb-above-header-display":"","ast-hfb-below-header-display":"","ast-hfb-mobile-header-display":"","site-post-title":"","ast-breadcrumbs-content":"","ast-featured-img":"","footer-sml-layout":"","theme-transparent-header-meta":"","adv-header-id-meta":"","stick-header-meta":"","header-above-stick-meta":"","header-main-stick-meta":"","header-below-stick-meta":"","astra-migrate-meta-layouts":"default","ast-page-background-enabled":"default","ast-page-background-meta":{"desktop":{"background-color":"var(--ast-global-color-4)","background-image":"","background-repeat":"repeat","background-position":"center center","background-size":"auto","background-attachment":"scroll","background-type":"","background-media":"","overlay-type":"","overlay-color":"","overlay-opacity":"","overlay-gradient":""},"tablet":{"background-color":"","background-image":"","background-repeat":"repeat","background-position":"center center","background-size":"auto","background-attachment":"scroll","background-type":"","background-media":"","overlay-type":"","overlay-color":"","overlay-opacity":"","overlay-gradient":""},"mobile":{"background-color":"","background-image":"","background-repeat":"repeat","background-position":"center center","background-size":"auto","background-attachment":"scroll","background-type":"","background-media":"","overlay-type":"","overlay-color":"","overlay-opacity":"","overlay-gradient":""}},"ast-content-background-meta":{"desktop":{"background-color":"var(--ast-global-color-5)","background-image":"","background-repeat":"repeat","background-position":"center center","background-size":"auto","background-attachment":"scroll","background-type":"","background-media":"","overlay-type":"","overlay-color":"","overlay-opacity":"","overlay-gradient":""},"tablet":{"background-color":"var(--ast-global-color-5)","background-image":"","background-repeat":"repeat","background-position":"center center","background-size":"auto","background-attachment":"scroll","background-type":"","background-media":"","overlay-type":"","overlay-color":"","overlay-opacity":"","overlay-gradient":""},"mobile":{"background-color":"var(--ast-global-color-5)","background-image":"","background-repeat":"repeat","background-position":"center center","background-size":"auto","background-attachment":"scroll","background-type":"","background-media":"","overlay-type":"","overlay-color":"","overlay-opacity":"","overlay-gradient":""}},"footnotes":""},"class_list":["post-8643","page","type-page","status-publish","hentry"],"post_mailing_queue_ids":[],"_links":{"self":[{"href":"https:\/\/agora.xtec.cat\/escolammanent\/wp-json\/wp\/v2\/pages\/8643","targetHints":{"allow":["GET"]}}],"collection":[{"href":"https:\/\/agora.xtec.cat\/escolammanent\/wp-json\/wp\/v2\/pages"}],"about":[{"href":"https:\/\/agora.xtec.cat\/escolammanent\/wp-json\/wp\/v2\/types\/page"}],"author":[{"embeddable":true,"href":"https:\/\/agora.xtec.cat\/escolammanent\/wp-json\/wp\/v2\/users\/26"}],"replies":[{"embeddable":true,"href":"https:\/\/agora.xtec.cat\/escolammanent\/wp-json\/wp\/v2\/comments?post=8643"}],"version-history":[{"count":5,"href":"https:\/\/agora.xtec.cat\/escolammanent\/wp-json\/wp\/v2\/pages\/8643\/revisions"}],"predecessor-version":[{"id":12004,"href":"https:\/\/agora.xtec.cat\/escolammanent\/wp-json\/wp\/v2\/pages\/8643\/revisions\/12004"}],"up":[{"embeddable":true,"href":"https:\/\/agora.xtec.cat\/escolammanent\/wp-json\/wp\/v2\/pages\/5624"}],"wp:attachment":[{"href":"https:\/\/agora.xtec.cat\/escolammanent\/wp-json\/wp\/v2\/media?parent=8643"}],"curies":[{"name":"wp","href":"https:\/\/api.w.org\/{rel}","templated":true}]}}