{"id":8617,"date":"2024-02-05T10:35:37","date_gmt":"2024-02-05T09:35:37","guid":{"rendered":"https:\/\/agora.xtec.cat\/escolammanent\/?page_id=8617"},"modified":"2025-10-01T11:13:33","modified_gmt":"2025-10-01T09:13:33","slug":"apadrinament-lector-2","status":"publish","type":"page","link":"https:\/\/agora.xtec.cat\/escolammanent\/projectes-de-lescola\/apadrinament-lector-2\/","title":{"rendered":"Apadrinament lector"},"content":{"rendered":"\n<p>L&#8217;apadrinament lector \u00e9s una activitat que es realitza en parelles formades per alumnes de quart, cinqu\u00e8 i sis\u00e8 que fan de padrins de lectura i l\u2019alumnat de segon, tercer i primer respectivament que fan de fillols.<\/p>\n\n\n\n<p>Amb aquesta activitat pretenem:<\/p>\n\n\n\n<ul class=\"wp-block-list\">\n<li>Generar una experi\u00e8ncia positiva envers el proc\u00e9s lector.<\/li>\n\n\n\n<li>Gaudir de manera compartida de llibres.<\/li>\n\n\n\n<li>Motivar l\u2019aprenentatge de la lectura compartida entre iguals des del respecte i la cooperaci\u00f3.<\/li>\n\n\n\n<li>Fomentar la responsabilitat, el comprom\u00eds i la implicaci\u00f3 per part de l\u2019alumnat de 4t, 5\u00e8 i 6\u00e8 a l\u2019hora de fer l\u2019apadrinament i l\u2019acompanyament.<\/li>\n<\/ul>\n\n\n\n<p>Cada curs t\u00e9 una franja de mitja hora setmanal establerta a l\u2019horari.<br>Les parelles apadrinades poden portar a terme la proposta en diferents espais del centre fomentant al m\u00e0xim l\u2019autonomia de l\u2019alumnat durant els despla\u00e7aments. Aquests, s\u00f3n espais amables i que faciliten l\u2019acompanyament lector.<\/p>\n\n\n\n<figure class=\"wp-block-gallery has-nested-images columns-default is-cropped wp-block-gallery-1 is-layout-flex wp-block-gallery-is-layout-flex\">\n<figure class=\"wp-block-image size-large\"><img loading=\"lazy\" decoding=\"async\" width=\"320\" height=\"240\" data-id=\"8804\" src=\"https:\/\/agora.xtec.cat\/escolammanent\/wp-content\/uploads\/usu1443\/2024\/02\/p2.jpg\" alt=\"\" class=\"wp-image-8804\" srcset=\"https:\/\/agora.xtec.cat\/escolammanent\/wp-content\/uploads\/usu1443\/2024\/02\/p2.jpg 320w, https:\/\/agora.xtec.cat\/escolammanent\/wp-content\/uploads\/usu1443\/2024\/02\/p2-300x225.jpg 300w, https:\/\/agora.xtec.cat\/escolammanent\/wp-content\/uploads\/usu1443\/2024\/02\/p2-200x150.jpg 200w\" sizes=\"auto, (max-width: 320px) 100vw, 320px\" \/><\/figure>\n\n\n\n<figure class=\"wp-block-image size-large\"><img loading=\"lazy\" decoding=\"async\" width=\"320\" height=\"240\" data-id=\"8803\" src=\"https:\/\/agora.xtec.cat\/escolammanent\/wp-content\/uploads\/usu1443\/2024\/02\/pa1.jpg\" alt=\"\" class=\"wp-image-8803\" srcset=\"https:\/\/agora.xtec.cat\/escolammanent\/wp-content\/uploads\/usu1443\/2024\/02\/pa1.jpg 320w, https:\/\/agora.xtec.cat\/escolammanent\/wp-content\/uploads\/usu1443\/2024\/02\/pa1-300x225.jpg 300w, https:\/\/agora.xtec.cat\/escolammanent\/wp-content\/uploads\/usu1443\/2024\/02\/pa1-200x150.jpg 200w\" sizes=\"auto, (max-width: 320px) 100vw, 320px\" \/><\/figure>\n<\/figure>\n","protected":false},"excerpt":{"rendered":"<p>L&#8217;apadrinament lector \u00e9s una activitat que es realitza en parelles formades per alumnes de quart, cinqu\u00e8 i sis\u00e8 que fan de padrins de lectura i l\u2019alumnat de segon, tercer i primer respectivament que fan de fillols. Amb aquesta activitat pretenem: Cada curs t\u00e9 una franja de mitja hora setmanal establerta a l\u2019horari.Les parelles apadrinades poden [&hellip;]<\/p>\n","protected":false},"author":4,"featured_media":0,"parent":5624,"menu_order":0,"comment_status":"closed","ping_status":"closed","template":"page-templates\/side-menu.php","meta":{"_bbp_topic_count":0,"_bbp_reply_count":0,"_bbp_total_topic_count":0,"_bbp_total_reply_count":0,"_bbp_voice_count":0,"_bbp_anonymous_reply_count":0,"_bbp_topic_count_hidden":0,"_bbp_reply_count_hidden":0,"_bbp_forum_subforum_count":0,"site-sidebar-layout":"default","site-content-layout":"","ast-site-content-layout":"","site-content-style":"default","site-sidebar-style":"default","ast-global-header-display":"","ast-banner-title-visibility":"","ast-main-header-display":"","ast-hfb-above-header-display":"","ast-hfb-below-header-display":"","ast-hfb-mobile-header-display":"","site-post-title":"","ast-breadcrumbs-content":"","ast-featured-img":"","footer-sml-layout":"","theme-transparent-header-meta":"","adv-header-id-meta":"","stick-header-meta":"","header-above-stick-meta":"","header-main-stick-meta":"","header-below-stick-meta":"","astra-migrate-meta-layouts":"default","ast-page-background-enabled":"default","ast-page-background-meta":{"desktop":{"background-color":"var(--ast-global-color-4)","background-image":"","background-repeat":"repeat","background-position":"center center","background-size":"auto","background-attachment":"scroll","background-type":"","background-media":"","overlay-type":"","overlay-color":"","overlay-opacity":"","overlay-gradient":""},"tablet":{"background-color":"","background-image":"","background-repeat":"repeat","background-position":"center center","background-size":"auto","background-attachment":"scroll","background-type":"","background-media":"","overlay-type":"","overlay-color":"","overlay-opacity":"","overlay-gradient":""},"mobile":{"background-color":"","background-image":"","background-repeat":"repeat","background-position":"center center","background-size":"auto","background-attachment":"scroll","background-type":"","background-media":"","overlay-type":"","overlay-color":"","overlay-opacity":"","overlay-gradient":""}},"ast-content-background-meta":{"desktop":{"background-color":"var(--ast-global-color-5)","background-image":"","background-repeat":"repeat","background-position":"center center","background-size":"auto","background-attachment":"scroll","background-type":"","background-media":"","overlay-type":"","overlay-color":"","overlay-opacity":"","overlay-gradient":""},"tablet":{"background-color":"var(--ast-global-color-5)","background-image":"","background-repeat":"repeat","background-position":"center center","background-size":"auto","background-attachment":"scroll","background-type":"","background-media":"","overlay-type":"","overlay-color":"","overlay-opacity":"","overlay-gradient":""},"mobile":{"background-color":"var(--ast-global-color-5)","background-image":"","background-repeat":"repeat","background-position":"center center","background-size":"auto","background-attachment":"scroll","background-type":"","background-media":"","overlay-type":"","overlay-color":"","overlay-opacity":"","overlay-gradient":""}},"footnotes":""},"class_list":["post-8617","page","type-page","status-publish","hentry"],"post_mailing_queue_ids":[],"_links":{"self":[{"href":"https:\/\/agora.xtec.cat\/escolammanent\/wp-json\/wp\/v2\/pages\/8617","targetHints":{"allow":["GET"]}}],"collection":[{"href":"https:\/\/agora.xtec.cat\/escolammanent\/wp-json\/wp\/v2\/pages"}],"about":[{"href":"https:\/\/agora.xtec.cat\/escolammanent\/wp-json\/wp\/v2\/types\/page"}],"author":[{"embeddable":true,"href":"https:\/\/agora.xtec.cat\/escolammanent\/wp-json\/wp\/v2\/users\/4"}],"replies":[{"embeddable":true,"href":"https:\/\/agora.xtec.cat\/escolammanent\/wp-json\/wp\/v2\/comments?post=8617"}],"version-history":[{"count":5,"href":"https:\/\/agora.xtec.cat\/escolammanent\/wp-json\/wp\/v2\/pages\/8617\/revisions"}],"predecessor-version":[{"id":11997,"href":"https:\/\/agora.xtec.cat\/escolammanent\/wp-json\/wp\/v2\/pages\/8617\/revisions\/11997"}],"up":[{"embeddable":true,"href":"https:\/\/agora.xtec.cat\/escolammanent\/wp-json\/wp\/v2\/pages\/5624"}],"wp:attachment":[{"href":"https:\/\/agora.xtec.cat\/escolammanent\/wp-json\/wp\/v2\/media?parent=8617"}],"curies":[{"name":"wp","href":"https:\/\/api.w.org\/{rel}","templated":true}]}}