{"id":8115,"date":"2023-12-13T18:04:23","date_gmt":"2023-12-13T17:04:23","guid":{"rendered":"https:\/\/agora.xtec.cat\/escolammanent\/?page_id=8115"},"modified":"2026-02-09T13:25:59","modified_gmt":"2026-02-09T12:25:59","slug":"biblioteca","status":"publish","type":"page","link":"https:\/\/agora.xtec.cat\/escolammanent\/biblioteca\/","title":{"rendered":"Biblioteca"},"content":{"rendered":"\n<p><span style=\"font-family: 'Arial','sans-serif';\">Benvinguts i benvingudes a la <strong>Biblioteca del Mari\u00e0 Manent<\/strong>, un espai enriquidor destinat a tot l\u2019alumnat, mestres i membres de la comunitat educativa.<\/span><\/p>\n\n\n\n<p><span style=\"font-family: 'Arial','sans-serif';\">Aqu\u00ed trobareu des de llibres de ficci\u00f3, de coneixements.. fins a recursos digitals i recursos educatius. A m\u00e9s, tamb\u00e9 hi trobareu informaci\u00f3 sobre horaris, tallers, clubs de lectura i altres esdeveniments que es realitzen peri\u00f2dicament, fent de la nostra biblioteca \u00e9s un espai acollidor que fomenta la curiositat, el gust per la lectura i el creixement personal.<\/span><\/p>\n\n\n\n<figure class=\"wp-block-image aligncenter\"><img loading=\"lazy\" decoding=\"async\" width=\"300\" height=\"169\" src=\"https:\/\/agora.xtec.cat\/escolammanent\/wp-content\/uploads\/usu1443\/2023\/12\/storytelling-4203628_1280-300x169.jpg\" alt=\"\" class=\"wp-image-8122\" srcset=\"https:\/\/agora.xtec.cat\/escolammanent\/wp-content\/uploads\/usu1443\/2023\/12\/storytelling-4203628_1280-300x169.jpg 300w, https:\/\/agora.xtec.cat\/escolammanent\/wp-content\/uploads\/usu1443\/2023\/12\/storytelling-4203628_1280-1024x576.jpg 1024w, https:\/\/agora.xtec.cat\/escolammanent\/wp-content\/uploads\/usu1443\/2023\/12\/storytelling-4203628_1280-768x432.jpg 768w, https:\/\/agora.xtec.cat\/escolammanent\/wp-content\/uploads\/usu1443\/2023\/12\/storytelling-4203628_1280.jpg 1280w\" sizes=\"auto, (max-width: 300px) 100vw, 300px\" \/><\/figure>\n\n\n\n<p>Com cada any la biblioteca escolar treballa per augmentar el fons de llibres i aquest curs ho farem de forma col\u00b7laborativa. Hem preparat un Wakelet amb  l&#8217;eix transversal del centre &#8220;La volta al m\u00f3n&#8221; on podrem trobar llibres de coneixements en diferents apartats i novel\u00b7les relacionades amb els viatges. <\/p>\n\n\n\n<p>Wakelet &#8220;La volta al m\u00f3n&#8221;<\/p>\n\n\n\n<figure class=\"wp-block-image\"><img loading=\"lazy\" decoding=\"async\" width=\"1024\" height=\"295\" src=\"https:\/\/agora.xtec.cat\/escolammanent\/wp-content\/uploads\/usu1443\/2023\/12\/mar1copia-1024x295.png\" alt=\"\" class=\"wp-image-8130\" srcset=\"https:\/\/agora.xtec.cat\/escolammanent\/wp-content\/uploads\/usu1443\/2023\/12\/mar1copia-1024x295.png 1024w, https:\/\/agora.xtec.cat\/escolammanent\/wp-content\/uploads\/usu1443\/2023\/12\/mar1copia-300x86.png 300w, https:\/\/agora.xtec.cat\/escolammanent\/wp-content\/uploads\/usu1443\/2023\/12\/mar1copia-768x221.png 768w, https:\/\/agora.xtec.cat\/escolammanent\/wp-content\/uploads\/usu1443\/2023\/12\/mar1copia.png 1366w\" sizes=\"auto, (max-width: 1024px) 100vw, 1024px\" \/><\/figure>\n\n\n\n<p>Si els voleu veure cliqueu en els diferents apartats<\/p>\n\n\n\n<figure class=\"wp-block-table\"><table class=\"has-fixed-layout\"><tbody><tr><td class=\"has-text-align-center\" data-align=\"center\"><a href=\"https:\/\/wakelet.com\/wake\/vYDfNpDS4EoHXE26aNsUb\">Geografia<\/a><\/td><td class=\"has-text-align-center\" data-align=\"center\"><a href=\"https:\/\/wakelet.com\/wake\/wr6yu463Rm3RekVPJ6J3a\">Cultures<\/a><\/td><td class=\"has-text-align-center\" data-align=\"center\"><a href=\"https:\/\/wakelet.com\/wake\/2fVs7TQO8QfQLgk4assGu\">Entorn Natural&nbsp;<\/a><\/td><td class=\"has-text-align-center\" data-align=\"center\"><a href=\"https:\/\/wakelet.com\/wake\/2fVs7TQO8QfQLgk4assGu\">&nbsp;<\/a><a href=\"https:\/\/wakelet.com\/wake\/IzV3xl-0IICqoEN2o9CmG\">Entorn Social<\/a><\/td><td class=\"has-text-align-center\" data-align=\"center\"><a href=\"https:\/\/wakelet.com\/wake\/gvFfEB6p3RwXIWTz_1ha7\">Llibres de viatges&nbsp;<\/a><\/td><\/tr><tr><td class=\"has-text-align-center\" data-align=\"center\"><figure><a href=\"https:\/\/wakelet.com\/wake\/vYDfNpDS4EoHXE26aNsUb\"><img loading=\"lazy\" decoding=\"async\" class=\"alignnone size-large wp-image-8143\" src=\"https:\/\/agora.xtec.cat\/escolammanent\/wp-content\/uploads\/usu1443\/2023\/12\/cruising-4057622_1280-1024x682.jpg\" alt=\"\" width=\"1024\" height=\"682\" srcset=\"https:\/\/agora.xtec.cat\/escolammanent\/wp-content\/uploads\/usu1443\/2023\/12\/cruising-4057622_1280-1024x682.jpg 1024w, https:\/\/agora.xtec.cat\/escolammanent\/wp-content\/uploads\/usu1443\/2023\/12\/cruising-4057622_1280-300x200.jpg 300w, https:\/\/agora.xtec.cat\/escolammanent\/wp-content\/uploads\/usu1443\/2023\/12\/cruising-4057622_1280-768x512.jpg 768w, https:\/\/agora.xtec.cat\/escolammanent\/wp-content\/uploads\/usu1443\/2023\/12\/cruising-4057622_1280.jpg 1280w\" sizes=\"auto, (max-width: 1024px) 100vw, 1024px\" \/><\/a><\/figure><\/td><td class=\"has-text-align-center\" data-align=\"center\"><figure><a href=\"https:\/\/wakelet.com\/wake\/wr6yu463Rm3RekVPJ6J3a\"><img loading=\"lazy\" decoding=\"async\" class=\"alignnone size-large wp-image-8139\" src=\"https:\/\/agora.xtec.cat\/escolammanent\/wp-content\/uploads\/usu1443\/2023\/12\/woman-1807533_1280-1024x622.jpg\" alt=\"\" width=\"1024\" height=\"622\" srcset=\"https:\/\/agora.xtec.cat\/escolammanent\/wp-content\/uploads\/usu1443\/2023\/12\/woman-1807533_1280-1024x622.jpg 1024w, https:\/\/agora.xtec.cat\/escolammanent\/wp-content\/uploads\/usu1443\/2023\/12\/woman-1807533_1280-300x182.jpg 300w, https:\/\/agora.xtec.cat\/escolammanent\/wp-content\/uploads\/usu1443\/2023\/12\/woman-1807533_1280-768x467.jpg 768w, https:\/\/agora.xtec.cat\/escolammanent\/wp-content\/uploads\/usu1443\/2023\/12\/woman-1807533_1280.jpg 1280w\" sizes=\"auto, (max-width: 1024px) 100vw, 1024px\" \/><\/a><\/figure><\/td><td class=\"has-text-align-center\" data-align=\"center\"><figure><a href=\"https:\/\/wakelet.com\/wake\/2fVs7TQO8QfQLgk4assGu\"><img loading=\"lazy\" decoding=\"async\" class=\"alignnone size-large wp-image-8140\" src=\"https:\/\/agora.xtec.cat\/escolammanent\/wp-content\/uploads\/usu1443\/2023\/12\/alberta-2297204_1280-1024x690.jpg\" alt=\"\" width=\"1024\" height=\"690\" srcset=\"https:\/\/agora.xtec.cat\/escolammanent\/wp-content\/uploads\/usu1443\/2023\/12\/alberta-2297204_1280-1024x690.jpg 1024w, https:\/\/agora.xtec.cat\/escolammanent\/wp-content\/uploads\/usu1443\/2023\/12\/alberta-2297204_1280-300x202.jpg 300w, https:\/\/agora.xtec.cat\/escolammanent\/wp-content\/uploads\/usu1443\/2023\/12\/alberta-2297204_1280-768x517.jpg 768w, https:\/\/agora.xtec.cat\/escolammanent\/wp-content\/uploads\/usu1443\/2023\/12\/alberta-2297204_1280.jpg 1280w\" sizes=\"auto, (max-width: 1024px) 100vw, 1024px\" \/><\/a><\/figure><\/td><td class=\"has-text-align-center\" data-align=\"center\"><figure><a href=\"https:\/\/wakelet.com\/wake\/IzV3xl-0IICqoEN2o9CmG\"><img loading=\"lazy\" decoding=\"async\" class=\"alignnone size-large wp-image-8141\" src=\"https:\/\/agora.xtec.cat\/escolammanent\/wp-content\/uploads\/usu1443\/2023\/12\/trolley-2203329_1280-1024x819.jpg\" alt=\"\" width=\"1024\" height=\"819\" srcset=\"https:\/\/agora.xtec.cat\/escolammanent\/wp-content\/uploads\/usu1443\/2023\/12\/trolley-2203329_1280-1024x819.jpg 1024w, https:\/\/agora.xtec.cat\/escolammanent\/wp-content\/uploads\/usu1443\/2023\/12\/trolley-2203329_1280-300x240.jpg 300w, https:\/\/agora.xtec.cat\/escolammanent\/wp-content\/uploads\/usu1443\/2023\/12\/trolley-2203329_1280-768x614.jpg 768w, https:\/\/agora.xtec.cat\/escolammanent\/wp-content\/uploads\/usu1443\/2023\/12\/trolley-2203329_1280.jpg 1280w\" sizes=\"auto, (max-width: 1024px) 100vw, 1024px\" \/><\/a><\/figure><\/td><td class=\"has-text-align-center\" data-align=\"center\"><figure><a href=\"https:\/\/wakelet.com\/wake\/gvFfEB6p3RwXIWTz_1ha7\"><img loading=\"lazy\" decoding=\"async\" class=\"alignnone size-large wp-image-8142\" src=\"https:\/\/agora.xtec.cat\/escolammanent\/wp-content\/uploads\/usu1443\/2023\/12\/luggage-1149289_1280-1024x682.jpg\" alt=\"\" width=\"1024\" height=\"682\" srcset=\"https:\/\/agora.xtec.cat\/escolammanent\/wp-content\/uploads\/usu1443\/2023\/12\/luggage-1149289_1280-1024x682.jpg 1024w, https:\/\/agora.xtec.cat\/escolammanent\/wp-content\/uploads\/usu1443\/2023\/12\/luggage-1149289_1280-300x200.jpg 300w, https:\/\/agora.xtec.cat\/escolammanent\/wp-content\/uploads\/usu1443\/2023\/12\/luggage-1149289_1280-768x512.jpg 768w, https:\/\/agora.xtec.cat\/escolammanent\/wp-content\/uploads\/usu1443\/2023\/12\/luggage-1149289_1280.jpg 1280w\" sizes=\"auto, (max-width: 1024px) 100vw, 1024px\" \/><\/a><\/figure><\/td><\/tr><\/tbody><\/table><\/figure>\n\n\n\n<h3 class=\"wp-block-heading\"><strong>GUIES DE LECTURA<\/strong><\/h3>\n\n\n\n<p>Comencem amb les guies de lectura. S\u00f3n recomanacions de lectures per a totes les edats, una selecci\u00f3 de recursos d&#8217;informaci\u00f3 relacionats amb diversos \u00e0mbits tem\u00e0tics.<\/p>\n\n\n\n<figure class=\"wp-block-image aligncenter\"><a href=\"https:\/\/agora.xtec.cat\/escolammanent\/biblioteca\/guies-de-lectura\/\"><img loading=\"lazy\" decoding=\"async\" width=\"1024\" height=\"585\" src=\"https:\/\/agora.xtec.cat\/escolammanent\/wp-content\/uploads\/usu1443\/2024\/01\/Guies-1024x585.png\" alt=\"\" class=\"wp-image-8291\" srcset=\"https:\/\/agora.xtec.cat\/escolammanent\/wp-content\/uploads\/usu1443\/2024\/01\/Guies-1024x585.png 1024w, https:\/\/agora.xtec.cat\/escolammanent\/wp-content\/uploads\/usu1443\/2024\/01\/Guies-300x171.png 300w, https:\/\/agora.xtec.cat\/escolammanent\/wp-content\/uploads\/usu1443\/2024\/01\/Guies-768x439.png 768w, https:\/\/agora.xtec.cat\/escolammanent\/wp-content\/uploads\/usu1443\/2024\/01\/Guies.png 1050w\" sizes=\"auto, (max-width: 1024px) 100vw, 1024px\" \/><\/a><\/figure>\n\n\n\n<p>&nbsp;<\/p>\n","protected":false},"excerpt":{"rendered":"<p>Benvinguts i benvingudes a la Biblioteca del Mari\u00e0 Manent, un espai enriquidor destinat a tot l\u2019alumnat, mestres i membres de la comunitat educativa. Aqu\u00ed trobareu des de llibres de ficci\u00f3, de coneixements.. fins a recursos digitals i recursos educatius. A m\u00e9s, tamb\u00e9 hi trobareu informaci\u00f3 sobre horaris, tallers, clubs de lectura i altres esdeveniments que [&hellip;]<\/p>\n","protected":false},"author":26,"featured_media":0,"parent":0,"menu_order":0,"comment_status":"closed","ping_status":"closed","template":"","meta":{"_bbp_topic_count":0,"_bbp_reply_count":0,"_bbp_total_topic_count":0,"_bbp_total_reply_count":0,"_bbp_voice_count":0,"_bbp_anonymous_reply_count":0,"_bbp_topic_count_hidden":0,"_bbp_reply_count_hidden":0,"_bbp_forum_subforum_count":0,"site-sidebar-layout":"default","site-content-layout":"","ast-site-content-layout":"default","site-content-style":"default","site-sidebar-style":"default","ast-global-header-display":"","ast-banner-title-visibility":"","ast-main-header-display":"","ast-hfb-above-header-display":"","ast-hfb-below-header-display":"","ast-hfb-mobile-header-display":"","site-post-title":"","ast-breadcrumbs-content":"","ast-featured-img":"","footer-sml-layout":"","theme-transparent-header-meta":"","adv-header-id-meta":"","stick-header-meta":"","header-above-stick-meta":"","header-main-stick-meta":"","header-below-stick-meta":"","astra-migrate-meta-layouts":"set","ast-page-background-enabled":"default","ast-page-background-meta":{"desktop":{"background-color":"var(--ast-global-color-4)","background-image":"","background-repeat":"repeat","background-position":"center center","background-size":"auto","background-attachment":"scroll","background-type":"","background-media":"","overlay-type":"","overlay-color":"","overlay-opacity":"","overlay-gradient":""},"tablet":{"background-color":"","background-image":"","background-repeat":"repeat","background-position":"center center","background-size":"auto","background-attachment":"scroll","background-type":"","background-media":"","overlay-type":"","overlay-color":"","overlay-opacity":"","overlay-gradient":""},"mobile":{"background-color":"","background-image":"","background-repeat":"repeat","background-position":"center center","background-size":"auto","background-attachment":"scroll","background-type":"","background-media":"","overlay-type":"","overlay-color":"","overlay-opacity":"","overlay-gradient":""}},"ast-content-background-meta":{"desktop":{"background-color":"var(--ast-global-color-5)","background-image":"","background-repeat":"repeat","background-position":"center center","background-size":"auto","background-attachment":"scroll","background-type":"","background-media":"","overlay-type":"","overlay-color":"","overlay-opacity":"","overlay-gradient":""},"tablet":{"background-color":"var(--ast-global-color-5)","background-image":"","background-repeat":"repeat","background-position":"center center","background-size":"auto","background-attachment":"scroll","background-type":"","background-media":"","overlay-type":"","overlay-color":"","overlay-opacity":"","overlay-gradient":""},"mobile":{"background-color":"var(--ast-global-color-5)","background-image":"","background-repeat":"repeat","background-position":"center center","background-size":"auto","background-attachment":"scroll","background-type":"","background-media":"","overlay-type":"","overlay-color":"","overlay-opacity":"","overlay-gradient":""}},"footnotes":""},"class_list":["post-8115","page","type-page","status-publish","hentry"],"post_mailing_queue_ids":[],"_links":{"self":[{"href":"https:\/\/agora.xtec.cat\/escolammanent\/wp-json\/wp\/v2\/pages\/8115","targetHints":{"allow":["GET"]}}],"collection":[{"href":"https:\/\/agora.xtec.cat\/escolammanent\/wp-json\/wp\/v2\/pages"}],"about":[{"href":"https:\/\/agora.xtec.cat\/escolammanent\/wp-json\/wp\/v2\/types\/page"}],"author":[{"embeddable":true,"href":"https:\/\/agora.xtec.cat\/escolammanent\/wp-json\/wp\/v2\/users\/26"}],"replies":[{"embeddable":true,"href":"https:\/\/agora.xtec.cat\/escolammanent\/wp-json\/wp\/v2\/comments?post=8115"}],"version-history":[{"count":6,"href":"https:\/\/agora.xtec.cat\/escolammanent\/wp-json\/wp\/v2\/pages\/8115\/revisions"}],"predecessor-version":[{"id":12465,"href":"https:\/\/agora.xtec.cat\/escolammanent\/wp-json\/wp\/v2\/pages\/8115\/revisions\/12465"}],"wp:attachment":[{"href":"https:\/\/agora.xtec.cat\/escolammanent\/wp-json\/wp\/v2\/media?parent=8115"}],"curies":[{"name":"wp","href":"https:\/\/api.w.org\/{rel}","templated":true}]}}