{"id":80,"date":"2014-09-18T14:09:48","date_gmt":"2014-09-18T13:09:48","guid":{"rendered":"http:\/\/agora.xtec.cat\/escolammanent\/?page_id=80"},"modified":"2025-10-01T12:11:08","modified_gmt":"2025-10-01T10:11:08","slug":"transport-escolar","status":"publish","type":"page","link":"https:\/\/agora.xtec.cat\/escolammanent\/serveis\/transport-escolar\/","title":{"rendered":"Transport Escolar"},"content":{"rendered":"\n<p>El Consell Comarcal del Maresme gestiona el transport escolar, en la seva web podeu consultar tota la informaci\u00f3 d&#8217;aquest servei: <a href=\"http:\/\/www.ccmaresme.cat\/\" target=\"_blank\" rel=\"noreferrer noopener\">http:\/\/www.ccmaresme.cat\/<\/a><\/p>\n\n\n\n<h5 class=\"wp-block-heading\">Ruta &#8211; Itinerari mat\u00ed\u00a0<\/h5>\n\n\n\n<p>8,35h&nbsp; &nbsp; P\u00e8rgoles<br>8,38h&nbsp; &nbsp; Poliesportiu. Premi\u00e0 de Mar<br>8,40h&nbsp; &nbsp; Barri Cotet<br>8,43h&nbsp; &nbsp; Illa Fantasia<br>8,50h&nbsp; &nbsp; Escola Mari\u00e0 Manent<\/p>\n\n\n\n<h5 class=\"wp-block-heading\">Ruta &#8211; Itinerari tarda<\/h5>\n\n\n\n<p>16,25h&nbsp; Escola Mari\u00e0 Manent<br>16,33h&nbsp; Illa Fantasia<br>16,40h&nbsp; Barri Cotet<br>16,45h&nbsp; Poliesportiu. Premi\u00e0 de Mar<br>16,50h&nbsp; P\u00e8rgoles<\/p>\n\n\n\n<figure class=\"wp-block-image aligncenter\"><a href=\"https:\/\/agora.xtec.cat\/escolammanent\/wp-content\/uploads\/usu1443\/2020\/03\/IMG_5119.jpg\"><img loading=\"lazy\" decoding=\"async\" width=\"1024\" height=\"768\" src=\"https:\/\/agora.xtec.cat\/escolammanent\/wp-content\/uploads\/usu1443\/2020\/03\/IMG_5119-e1583160911438-1024x768.jpg\" alt=\"\" class=\"wp-image-915\" srcset=\"https:\/\/agora.xtec.cat\/escolammanent\/wp-content\/uploads\/usu1443\/2020\/03\/IMG_5119-e1583160911438-1024x768.jpg 1024w, https:\/\/agora.xtec.cat\/escolammanent\/wp-content\/uploads\/usu1443\/2020\/03\/IMG_5119-e1583160911438-300x225.jpg 300w, https:\/\/agora.xtec.cat\/escolammanent\/wp-content\/uploads\/usu1443\/2020\/03\/IMG_5119-e1583160911438-768x576.jpg 768w, https:\/\/agora.xtec.cat\/escolammanent\/wp-content\/uploads\/usu1443\/2020\/03\/IMG_5119-e1583160911438-200x150.jpg 200w\" sizes=\"auto, (max-width: 1024px) 100vw, 1024px\" \/><\/a><\/figure>\n","protected":false},"excerpt":{"rendered":"<p>El Consell Comarcal del Maresme gestiona el transport escolar, en la seva web podeu consultar tota la informaci\u00f3 d&#8217;aquest servei: http:\/\/www.ccmaresme.cat\/ Ruta &#8211; Itinerari mat\u00ed\u00a0 8,35h&nbsp; &nbsp; P\u00e8rgoles8,38h&nbsp; &nbsp; Poliesportiu. Premi\u00e0 de Mar8,40h&nbsp; &nbsp; Barri Cotet8,43h&nbsp; &nbsp; Illa Fantasia8,50h&nbsp; &nbsp; Escola Mari\u00e0 Manent Ruta &#8211; Itinerari tarda 16,25h&nbsp; Escola Mari\u00e0 Manent16,33h&nbsp; Illa Fantasia16,40h&nbsp; Barri Cotet16,45h&nbsp; [&hellip;]<\/p>\n","protected":false},"author":1,"featured_media":0,"parent":66,"menu_order":40,"comment_status":"closed","ping_status":"closed","template":"page-templates\/side-menu.php","meta":{"_bbp_topic_count":0,"_bbp_reply_count":0,"_bbp_total_topic_count":0,"_bbp_total_reply_count":0,"_bbp_voice_count":0,"_bbp_anonymous_reply_count":0,"_bbp_topic_count_hidden":0,"_bbp_reply_count_hidden":0,"_bbp_forum_subforum_count":0,"site-sidebar-layout":"default","site-content-layout":"","ast-site-content-layout":"","site-content-style":"default","site-sidebar-style":"default","ast-global-header-display":"","ast-banner-title-visibility":"","ast-main-header-display":"","ast-hfb-above-header-display":"","ast-hfb-below-header-display":"","ast-hfb-mobile-header-display":"","site-post-title":"","ast-breadcrumbs-content":"","ast-featured-img":"","footer-sml-layout":"","theme-transparent-header-meta":"","adv-header-id-meta":"","stick-header-meta":"","header-above-stick-meta":"","header-main-stick-meta":"","header-below-stick-meta":"","astra-migrate-meta-layouts":"default","ast-page-background-enabled":"default","ast-page-background-meta":{"desktop":{"background-color":"var(--ast-global-color-4)","background-image":"","background-repeat":"repeat","background-position":"center center","background-size":"auto","background-attachment":"scroll","background-type":"","background-media":"","overlay-type":"","overlay-color":"","overlay-opacity":"","overlay-gradient":""},"tablet":{"background-color":"","background-image":"","background-repeat":"repeat","background-position":"center center","background-size":"auto","background-attachment":"scroll","background-type":"","background-media":"","overlay-type":"","overlay-color":"","overlay-opacity":"","overlay-gradient":""},"mobile":{"background-color":"","background-image":"","background-repeat":"repeat","background-position":"center center","background-size":"auto","background-attachment":"scroll","background-type":"","background-media":"","overlay-type":"","overlay-color":"","overlay-opacity":"","overlay-gradient":""}},"ast-content-background-meta":{"desktop":{"background-color":"var(--ast-global-color-5)","background-image":"","background-repeat":"repeat","background-position":"center center","background-size":"auto","background-attachment":"scroll","background-type":"","background-media":"","overlay-type":"","overlay-color":"","overlay-opacity":"","overlay-gradient":""},"tablet":{"background-color":"var(--ast-global-color-5)","background-image":"","background-repeat":"repeat","background-position":"center center","background-size":"auto","background-attachment":"scroll","background-type":"","background-media":"","overlay-type":"","overlay-color":"","overlay-opacity":"","overlay-gradient":""},"mobile":{"background-color":"var(--ast-global-color-5)","background-image":"","background-repeat":"repeat","background-position":"center center","background-size":"auto","background-attachment":"scroll","background-type":"","background-media":"","overlay-type":"","overlay-color":"","overlay-opacity":"","overlay-gradient":""}},"footnotes":""},"class_list":["post-80","page","type-page","status-publish","hentry"],"post_mailing_queue_ids":[],"_links":{"self":[{"href":"https:\/\/agora.xtec.cat\/escolammanent\/wp-json\/wp\/v2\/pages\/80","targetHints":{"allow":["GET"]}}],"collection":[{"href":"https:\/\/agora.xtec.cat\/escolammanent\/wp-json\/wp\/v2\/pages"}],"about":[{"href":"https:\/\/agora.xtec.cat\/escolammanent\/wp-json\/wp\/v2\/types\/page"}],"author":[{"embeddable":true,"href":"https:\/\/agora.xtec.cat\/escolammanent\/wp-json\/wp\/v2\/users\/1"}],"replies":[{"embeddable":true,"href":"https:\/\/agora.xtec.cat\/escolammanent\/wp-json\/wp\/v2\/comments?post=80"}],"version-history":[{"count":4,"href":"https:\/\/agora.xtec.cat\/escolammanent\/wp-json\/wp\/v2\/pages\/80\/revisions"}],"predecessor-version":[{"id":12047,"href":"https:\/\/agora.xtec.cat\/escolammanent\/wp-json\/wp\/v2\/pages\/80\/revisions\/12047"}],"up":[{"embeddable":true,"href":"https:\/\/agora.xtec.cat\/escolammanent\/wp-json\/wp\/v2\/pages\/66"}],"wp:attachment":[{"href":"https:\/\/agora.xtec.cat\/escolammanent\/wp-json\/wp\/v2\/media?parent=80"}],"curies":[{"name":"wp","href":"https:\/\/api.w.org\/{rel}","templated":true}]}}