{"id":73,"date":"2014-09-18T14:01:51","date_gmt":"2014-09-18T13:01:51","guid":{"rendered":"http:\/\/agora.xtec.cat\/escolammanent\/?page_id=73"},"modified":"2026-04-20T15:22:08","modified_gmt":"2026-04-20T13:22:08","slug":"menjador-escolar","status":"publish","type":"page","link":"https:\/\/agora.xtec.cat\/escolammanent\/serveis\/menjador-escolar\/","title":{"rendered":"Menjador escolar"},"content":{"rendered":"\n<figure class=\"wp-block-image alignleft\"><img decoding=\"async\" src=\"https:\/\/agora.xtec.cat\/escolammanent\/wp-content\/uploads\/usu1443\/2021\/09\/marca-verde-300x201.png\" alt=\"\"\/><\/figure>\n\n\n\n<p>La millor gastronomia compta sempre amb&nbsp;<strong>3 ingredients b\u00e0sics:&nbsp;<\/strong>la qualitat i proced\u00e8ncia dels seus ingredients, l\u2019originalitat i eleg\u00e0ncia dels seus plats i la implicaci\u00f3 del seu equip hum\u00e0. Una recepta infal\u00b7lible que Saned ha aplicat fa m\u00e9s des de m\u00e9s de 20 anys en els seus serveis de restauraci\u00f3 gourmet per als centres escolars. Una alternativa gourmet d\u2019alta qualitat per a aquells centres qu<span style=\"font-family: inherit; font-size: 1em;\">e vulguin fer del seu menjador escolar un valor diferencial.<\/span><\/p>\n\n\n\n<p>L\u2019<strong>Equip de Pedagogia<\/strong> de Saned posa a disposici\u00f3 del centre, monitors i educadors que complementen el servei de menjador amb activitats relacionades amb h\u00e0bits alimentaris, higiene, socials i de comportament. Activitats que es coordinen dins un Pla de Menjador espec\u00edfic per al centre.<\/p>\n\n\n\n<div class=\"wp-block-columns is-layout-flex wp-container-core-columns-is-layout-1 wp-block-columns-is-layout-flex\">\n<div class=\"wp-block-column is-layout-flow wp-block-column-is-layout-flow\">\n<h4 class=\"wp-block-heading\">El nostre principal comprom\u00eds consisteix en oferir una alimentaci\u00f3 variada, equilibrada, sana i tremendament atractiva. Fomentant una s\u00e8rie d\u2019h\u00e0bits saludables en els nens que despr\u00e8s es traslladin a la seva vida adulta.<br><\/h4>\n<\/div>\n\n\n\n<div class=\"wp-block-column is-layout-flow wp-block-column-is-layout-flow\">\n<h4 class=\"wp-block-heading\">Comptem amb un proc\u00e9s propi d\u2019An\u00e0lisi de Perills i Punts de Control Cr\u00edtic (APPCC) que avalua i controla la tra\u00e7abilitat de tots els nostres serveis.<\/h4>\n<\/div>\n\n\n\n<div class=\"wp-block-column is-layout-flow wp-block-column-is-layout-flow\">\n<h4 class=\"wp-block-heading\"><span style=\"font-size: 1em;\">Realitzem la selecci\u00f3 i reciclatge dels nostres residus i portem a terme projectes de sostenibilitat mediambiental amb les escoles.<\/span><\/h4>\n<\/div>\n\n\n\n<div class=\"wp-block-column is-layout-flow wp-block-column-is-layout-flow\">\n<h4 class=\"wp-block-heading\">Col\u2022laborem amb diferents causes socials com la Fundaci\u00f3 Vicente Ferrer o la Fundaci\u00f3 Jaume Casademont, aix\u00ed com ONG\u2019s locals que ajuden a minimitzar el malbaratament d\u2019aliments.<\/h4>\n<\/div>\n<\/div>\n\n\n\n<p>L&#8217;escola t\u00e9 cuina pr\u00f2pia i el men\u00fa est\u00e0 basat en menjar ecol\u00f2gic amb fruita i verdura de proximitat.<\/p>\n\n\n\n<p>Consulteu els men\u00fas CURS 2025-26<\/p>\n\n\n\n<figure class=\"wp-block-table is-style-regular\"><table class=\"has-fixed-layout\"><tbody><tr><td><strong>SETEMBRE<\/strong><\/td><td><a href=\"https:\/\/drive.google.com\/file\/d\/1MXHFhI586a4UicUWYlAI_aMVMeDP_5vE\/view?usp=sharing\" target=\"_blank\" rel=\"noreferrer noopener\">Men\u00fa&nbsp;<\/a><\/td><td><a href=\"https:\/\/drive.google.com\/file\/d\/1THxUQkbnA_cF2knu4qJnfBxuco57qtjf\/view?usp=sharing\" target=\"_blank\" rel=\"noreferrer noopener\">Men\u00fa derivacions<\/a><\/td><td><\/td><\/tr><tr><td><strong>OCTUBRE<\/strong><\/td><td><a href=\"https:\/\/drive.google.com\/file\/d\/14HswMvKTZzZpzzh7CKPC155tnctRDdgC\/view?usp=sharing\" target=\"_blank\" rel=\"noreferrer noopener\">Men\u00fa<\/a><\/td><td><a href=\"https:\/\/drive.google.com\/file\/d\/1BtNJQd5UCImrgRNoyCGavYMHTb1-bcKd\/view?usp=sharing\" target=\"_blank\" rel=\"noreferrer noopener\">Men\u00fa derivacions<\/a><\/td><td><a href=\"https:\/\/drive.google.com\/file\/d\/1jRwROfWbc3xRZ1F3IGUZAMEsbqzh3wo1\/view?usp=sharing\" target=\"_blank\" rel=\"noreferrer noopener\">Menu derivacions II<\/a><\/td><\/tr><tr><td><strong>NOVEMBRE<\/strong><\/td><td><a href=\"https:\/\/drive.google.com\/file\/d\/1wln42nYlhmfuzXCNZOrNwUIR1DBy49i5\/view?usp=sharing\">Men\u00fa<\/a><\/td><td><a href=\"https:\/\/drive.google.com\/file\/d\/1McFEdP8s3pZi6w4bfdyDFQ0s56qbumIz\/view?usp=sharing\">Men\u00fa derivacions<\/a><\/td><td><a href=\"https:\/\/drive.google.com\/file\/d\/1GG65RhjbkPJH2yvwEMRGnToV9KbK9rLh\/view?usp=sharing\">Menu derivacions II<\/a><\/td><\/tr><tr><td><strong>DESEMBRE<\/strong><\/td><td><a href=\"https:\/\/drive.google.com\/file\/d\/1h9-ubDnBvy6ZGvFf9CyosNYMsqNMNIkG\/view?usp=sharing\">Men\u00fa<\/a><\/td><td><a href=\"https:\/\/drive.google.com\/file\/d\/13h8S3x5Hz6NvZ9LQt_zbOMaHK3kbbeQl\/view?usp=sharing\">Men\u00fa derivacions<\/a><\/td><td><a href=\"https:\/\/drive.google.com\/file\/d\/1AWm23Y8nauLMkuiizSoJ0yM0zmz0NLRC\/view?usp=sharing\">Menu derivacions II<\/a><\/td><\/tr><tr><td><strong>GENER<\/strong><\/td><td><a href=\"https:\/\/drive.google.com\/file\/d\/1YyYVGEyFL2gBgEp64R3c_Uzk42ALwB6M\/view?usp=sharing\">Men\u00fa<\/a><\/td><td><a href=\"https:\/\/drive.google.com\/file\/d\/155ogM5MWZBn3qJrbB6M9D5MHasZQa_7u\/view?usp=sharing\">Men\u00fa derivacions<\/a><\/td><td><a href=\"https:\/\/drive.google.com\/file\/d\/1R6Sr91d5hyXlym8MsvddogH_bbLKF7RK\/view?usp=sharing\">Menu derivacions II<\/a><\/td><\/tr><tr><td><strong>FEBRER<\/strong><\/td><td><a href=\"https:\/\/drive.google.com\/file\/d\/1Jsy8y8vCr2V3MmMtlmf_Dh2W6g_7T3gj\/view?usp=sharing\">Men\u00fa<\/a><\/td><td><a href=\"https:\/\/drive.google.com\/file\/d\/1uNDLrWYpJWJBNWzuUy1Cor1uKEHj6uxO\/view?usp=sharing\">Men\u00fa derivacions<\/a><\/td><td><a href=\"https:\/\/drive.google.com\/file\/d\/1DXDB9V3UGR3enbEirLVYVgsP0FLjdKlL\/view?usp=sharing\">Menu derivacions II<\/a><\/td><\/tr><tr><td><strong>MAR\u00c7<\/strong><\/td><td><a href=\"https:\/\/drive.google.com\/file\/d\/1wKapJy1p4p4HLxtVWC3KWt8Kn3nvPBH3\/view?usp=sharing\">Men\u00fa<\/a><\/td><td><a href=\"https:\/\/drive.google.com\/file\/d\/1quYPydmjx1IOS2J_qS-NDw8KG8OGhmcM\/view?usp=sharing\">Men\u00fa derivacions<\/a><\/td><td><a href=\"https:\/\/drive.google.com\/file\/d\/1THyP3sblQUQxwKQxX-NvvXZSEKs9oWyZ\/view?usp=sharing\">Menu derivacions II<\/a><\/td><\/tr><tr><td><strong>ABRIL<\/strong><\/td><td><a href=\"https:\/\/drive.google.com\/file\/d\/13e9JjZmvEorY7-3d64pdCAvJ8xpzcZ4h\/view?usp=sharing\">Men\u00fa<\/a><\/td><td><a href=\"https:\/\/drive.google.com\/file\/d\/12mv78hXQ_AoajjF0bLdCt0pFFg6fdqoC\/view?usp=sharing\">Men\u00fa derivacions<\/a><\/td><td><a href=\"https:\/\/drive.google.com\/file\/d\/19qnNtRHfhdoV6yVnQH3pRVjE8e2JgdzA\/view?usp=sharing\">Menu derivacions II<\/a><\/td><\/tr><tr><td><strong>MAIG<\/strong><\/td><td><a href=\"https:\/\/drive.google.com\/file\/d\/1JgI73hyNc7DQ2vB5QYHLWHic5AFuAnEw\/view?usp=sharing\">Men\u00fa<\/a><\/td><td><a href=\"https:\/\/drive.google.com\/file\/d\/17f5tTEoccQQ5vcQC9Gq6_3c5VJLnfRxr\/view?usp=sharing\">Men\u00fa derivacions<\/a><\/td><td><a href=\"https:\/\/drive.google.com\/file\/d\/1eiMtQJu-yyhSOwWpYFt_hqQVXb4B6PWY\/view?usp=sharing\">Menu derivacions II<\/a><\/td><\/tr><tr><td><strong>JUNY<\/strong><\/td><td><strong>Men\u00fa<\/strong><\/td><td><strong>Men\u00fa derivacions<\/strong><\/td><td><\/td><\/tr><\/tbody><\/table><\/figure>\n\n\n\n<h4 class=\"wp-block-heading\"><strong>ACTIVITATS DEL PRIMER TRIMESTRE<\/strong><\/h4>\n\n\n\n<figure class=\"wp-block-image\"><img loading=\"lazy\" decoding=\"async\" width=\"1024\" height=\"724\" src=\"https:\/\/agora.xtec.cat\/escolammanent\/wp-content\/uploads\/usu1443\/2025\/03\/MARIA-MANENT_MESOS-SANED-7_page-0001-1024x724.jpg\" alt=\"\" class=\"wp-image-11273\" srcset=\"https:\/\/agora.xtec.cat\/escolammanent\/wp-content\/uploads\/usu1443\/2025\/03\/MARIA-MANENT_MESOS-SANED-7_page-0001-1024x724.jpg 1024w, https:\/\/agora.xtec.cat\/escolammanent\/wp-content\/uploads\/usu1443\/2025\/03\/MARIA-MANENT_MESOS-SANED-7_page-0001-300x212.jpg 300w, https:\/\/agora.xtec.cat\/escolammanent\/wp-content\/uploads\/usu1443\/2025\/03\/MARIA-MANENT_MESOS-SANED-7_page-0001-768x543.jpg 768w, https:\/\/agora.xtec.cat\/escolammanent\/wp-content\/uploads\/usu1443\/2025\/03\/MARIA-MANENT_MESOS-SANED-7_page-0001-1536x1086.jpg 1536w, https:\/\/agora.xtec.cat\/escolammanent\/wp-content\/uploads\/usu1443\/2025\/03\/MARIA-MANENT_MESOS-SANED-7_page-0001.jpg 1755w\" sizes=\"auto, (max-width: 1024px) 100vw, 1024px\" \/><\/figure>\n\n\n\n<figure class=\"wp-block-image\"><img loading=\"lazy\" decoding=\"async\" width=\"1024\" height=\"724\" src=\"https:\/\/agora.xtec.cat\/escolammanent\/wp-content\/uploads\/usu1443\/2025\/01\/MARIA-MANENT_MESOS-SANED-5_page-0001-1024x724.jpg\" alt=\"\" class=\"wp-image-10654\" srcset=\"https:\/\/agora.xtec.cat\/escolammanent\/wp-content\/uploads\/usu1443\/2025\/01\/MARIA-MANENT_MESOS-SANED-5_page-0001-1024x724.jpg 1024w, https:\/\/agora.xtec.cat\/escolammanent\/wp-content\/uploads\/usu1443\/2025\/01\/MARIA-MANENT_MESOS-SANED-5_page-0001-300x212.jpg 300w, https:\/\/agora.xtec.cat\/escolammanent\/wp-content\/uploads\/usu1443\/2025\/01\/MARIA-MANENT_MESOS-SANED-5_page-0001-768x543.jpg 768w, https:\/\/agora.xtec.cat\/escolammanent\/wp-content\/uploads\/usu1443\/2025\/01\/MARIA-MANENT_MESOS-SANED-5_page-0001-1536x1086.jpg 1536w, https:\/\/agora.xtec.cat\/escolammanent\/wp-content\/uploads\/usu1443\/2025\/01\/MARIA-MANENT_MESOS-SANED-5_page-0001.jpg 1755w\" sizes=\"auto, (max-width: 1024px) 100vw, 1024px\" \/><\/figure>\n\n\n\n<figure class=\"wp-block-image\"><img loading=\"lazy\" decoding=\"async\" width=\"1024\" height=\"724\" src=\"https:\/\/agora.xtec.cat\/escolammanent\/wp-content\/uploads\/usu1443\/2024\/11\/Activitats-de-octubre_page-0001-1024x724.jpg\" alt=\"\" class=\"wp-image-10421\" srcset=\"https:\/\/agora.xtec.cat\/escolammanent\/wp-content\/uploads\/usu1443\/2024\/11\/Activitats-de-octubre_page-0001-1024x724.jpg 1024w, https:\/\/agora.xtec.cat\/escolammanent\/wp-content\/uploads\/usu1443\/2024\/11\/Activitats-de-octubre_page-0001-300x212.jpg 300w, https:\/\/agora.xtec.cat\/escolammanent\/wp-content\/uploads\/usu1443\/2024\/11\/Activitats-de-octubre_page-0001-768x543.jpg 768w, https:\/\/agora.xtec.cat\/escolammanent\/wp-content\/uploads\/usu1443\/2024\/11\/Activitats-de-octubre_page-0001-1536x1086.jpg 1536w, https:\/\/agora.xtec.cat\/escolammanent\/wp-content\/uploads\/usu1443\/2024\/11\/Activitats-de-octubre_page-0001.jpg 1755w\" sizes=\"auto, (max-width: 1024px) 100vw, 1024px\" \/><\/figure>\n\n\n\n<figure class=\"wp-block-image\"><img loading=\"lazy\" decoding=\"async\" width=\"1024\" height=\"724\" src=\"https:\/\/agora.xtec.cat\/escolammanent\/wp-content\/uploads\/usu1443\/2024\/10\/ACTIVITATS-DE-SETEMBRE-1024x724.jpg\" alt=\"\" class=\"wp-image-10164\" srcset=\"https:\/\/agora.xtec.cat\/escolammanent\/wp-content\/uploads\/usu1443\/2024\/10\/ACTIVITATS-DE-SETEMBRE-1024x724.jpg 1024w, https:\/\/agora.xtec.cat\/escolammanent\/wp-content\/uploads\/usu1443\/2024\/10\/ACTIVITATS-DE-SETEMBRE-300x212.jpg 300w, https:\/\/agora.xtec.cat\/escolammanent\/wp-content\/uploads\/usu1443\/2024\/10\/ACTIVITATS-DE-SETEMBRE-768x543.jpg 768w, https:\/\/agora.xtec.cat\/escolammanent\/wp-content\/uploads\/usu1443\/2024\/10\/ACTIVITATS-DE-SETEMBRE-1536x1086.jpg 1536w, https:\/\/agora.xtec.cat\/escolammanent\/wp-content\/uploads\/usu1443\/2024\/10\/ACTIVITATS-DE-SETEMBRE.jpg 1755w\" sizes=\"auto, (max-width: 1024px) 100vw, 1024px\" \/><\/figure>\n\n\n\n<h5 class=\"wp-block-heading\"><strong>M\u00c9S INFORMACIONS:<\/strong><\/h5>\n\n\n\n<p>Per qualsevol dubte que tingueu poseu-vos en contacte amb la coordinadora Tere Peinado.<\/p>\n\n\n\n<p><strong>Tel\u00e8fon<\/strong> :&nbsp; &nbsp; &nbsp; &nbsp;664214077&nbsp; &nbsp; &nbsp; &nbsp; &nbsp; &nbsp; &nbsp; &nbsp; &nbsp; &nbsp; &nbsp; &nbsp; &nbsp; &nbsp; <strong>correu electr\u00f2nic:<\/strong>&nbsp; cordinacio.manent@saned.net<\/p>\n\n\n\n<p><strong><a href=\"http:\/\/saned.serveftp.com:8080\/butlleta\/index.asp?res=1000\" target=\"_blank\" rel=\"noreferrer noopener\">Sol\u00b7licitud d&#8217;inscripci\u00f3 <\/a><\/strong>cal&nbsp; que entreu al web de SANED amb el codi de la nostra escola:<\/p>\n\n\n\n<h5 class=\"wp-block-heading\">EQUIP DE MONITORS<\/h5>\n\n\n\n<figure class=\"wp-block-image\"><a href=\"https:\/\/agora.xtec.cat\/escolammanent\/wp-content\/uploads\/usu1443\/2024\/10\/EQUIP-DE-MONITORS.jpg\"><img loading=\"lazy\" decoding=\"async\" width=\"1024\" height=\"724\" src=\"https:\/\/agora.xtec.cat\/escolammanent\/wp-content\/uploads\/usu1443\/2024\/10\/EQUIP-DE-MONITORS-1024x724.jpg\" alt=\"\" class=\"wp-image-10163\" srcset=\"https:\/\/agora.xtec.cat\/escolammanent\/wp-content\/uploads\/usu1443\/2024\/10\/EQUIP-DE-MONITORS-1024x724.jpg 1024w, https:\/\/agora.xtec.cat\/escolammanent\/wp-content\/uploads\/usu1443\/2024\/10\/EQUIP-DE-MONITORS-300x212.jpg 300w, https:\/\/agora.xtec.cat\/escolammanent\/wp-content\/uploads\/usu1443\/2024\/10\/EQUIP-DE-MONITORS-768x543.jpg 768w, https:\/\/agora.xtec.cat\/escolammanent\/wp-content\/uploads\/usu1443\/2024\/10\/EQUIP-DE-MONITORS-1536x1086.jpg 1536w, https:\/\/agora.xtec.cat\/escolammanent\/wp-content\/uploads\/usu1443\/2024\/10\/EQUIP-DE-MONITORS.jpg 1755w\" sizes=\"auto, (max-width: 1024px) 100vw, 1024px\" \/><\/a><\/figure>\n","protected":false},"excerpt":{"rendered":"<p>La millor gastronomia compta sempre amb&nbsp;3 ingredients b\u00e0sics:&nbsp;la qualitat i proced\u00e8ncia dels seus ingredients, l\u2019originalitat i eleg\u00e0ncia dels seus plats i la implicaci\u00f3 del seu equip hum\u00e0. Una recepta infal\u00b7lible que Saned ha aplicat fa m\u00e9s des de m\u00e9s de 20 anys en els seus serveis de restauraci\u00f3 gourmet per als centres escolars. Una alternativa [&hellip;]<\/p>\n","protected":false},"author":1,"featured_media":0,"parent":66,"menu_order":30,"comment_status":"closed","ping_status":"closed","template":"","meta":{"_bbp_topic_count":0,"_bbp_reply_count":0,"_bbp_total_topic_count":0,"_bbp_total_reply_count":0,"_bbp_voice_count":0,"_bbp_anonymous_reply_count":0,"_bbp_topic_count_hidden":0,"_bbp_reply_count_hidden":0,"_bbp_forum_subforum_count":0,"site-sidebar-layout":"default","site-content-layout":"","ast-site-content-layout":"default","site-content-style":"default","site-sidebar-style":"default","ast-global-header-display":"","ast-banner-title-visibility":"","ast-main-header-display":"","ast-hfb-above-header-display":"","ast-hfb-below-header-display":"","ast-hfb-mobile-header-display":"","site-post-title":"","ast-breadcrumbs-content":"","ast-featured-img":"","footer-sml-layout":"","theme-transparent-header-meta":"","adv-header-id-meta":"","stick-header-meta":"","header-above-stick-meta":"","header-main-stick-meta":"","header-below-stick-meta":"","astra-migrate-meta-layouts":"set","ast-page-background-enabled":"default","ast-page-background-meta":{"desktop":{"background-color":"var(--ast-global-color-4)","background-image":"","background-repeat":"repeat","background-position":"center center","background-size":"auto","background-attachment":"scroll","background-type":"","background-media":"","overlay-type":"","overlay-color":"","overlay-opacity":"","overlay-gradient":""},"tablet":{"background-color":"","background-image":"","background-repeat":"repeat","background-position":"center center","background-size":"auto","background-attachment":"scroll","background-type":"","background-media":"","overlay-type":"","overlay-color":"","overlay-opacity":"","overlay-gradient":""},"mobile":{"background-color":"","background-image":"","background-repeat":"repeat","background-position":"center center","background-size":"auto","background-attachment":"scroll","background-type":"","background-media":"","overlay-type":"","overlay-color":"","overlay-opacity":"","overlay-gradient":""}},"ast-content-background-meta":{"desktop":{"background-color":"var(--ast-global-color-5)","background-image":"","background-repeat":"repeat","background-position":"center center","background-size":"auto","background-attachment":"scroll","background-type":"","background-media":"","overlay-type":"","overlay-color":"","overlay-opacity":"","overlay-gradient":""},"tablet":{"background-color":"var(--ast-global-color-5)","background-image":"","background-repeat":"repeat","background-position":"center center","background-size":"auto","background-attachment":"scroll","background-type":"","background-media":"","overlay-type":"","overlay-color":"","overlay-opacity":"","overlay-gradient":""},"mobile":{"background-color":"var(--ast-global-color-5)","background-image":"","background-repeat":"repeat","background-position":"center center","background-size":"auto","background-attachment":"scroll","background-type":"","background-media":"","overlay-type":"","overlay-color":"","overlay-opacity":"","overlay-gradient":""}},"footnotes":""},"class_list":["post-73","page","type-page","status-publish","hentry"],"post_mailing_queue_ids":[],"_links":{"self":[{"href":"https:\/\/agora.xtec.cat\/escolammanent\/wp-json\/wp\/v2\/pages\/73","targetHints":{"allow":["GET"]}}],"collection":[{"href":"https:\/\/agora.xtec.cat\/escolammanent\/wp-json\/wp\/v2\/pages"}],"about":[{"href":"https:\/\/agora.xtec.cat\/escolammanent\/wp-json\/wp\/v2\/types\/page"}],"author":[{"embeddable":true,"href":"https:\/\/agora.xtec.cat\/escolammanent\/wp-json\/wp\/v2\/users\/1"}],"replies":[{"embeddable":true,"href":"https:\/\/agora.xtec.cat\/escolammanent\/wp-json\/wp\/v2\/comments?post=73"}],"version-history":[{"count":6,"href":"https:\/\/agora.xtec.cat\/escolammanent\/wp-json\/wp\/v2\/pages\/73\/revisions"}],"predecessor-version":[{"id":12746,"href":"https:\/\/agora.xtec.cat\/escolammanent\/wp-json\/wp\/v2\/pages\/73\/revisions\/12746"}],"up":[{"embeddable":true,"href":"https:\/\/agora.xtec.cat\/escolammanent\/wp-json\/wp\/v2\/pages\/66"}],"wp:attachment":[{"href":"https:\/\/agora.xtec.cat\/escolammanent\/wp-json\/wp\/v2\/media?parent=73"}],"curies":[{"name":"wp","href":"https:\/\/api.w.org\/{rel}","templated":true}]}}