{"id":5688,"date":"2022-05-02T09:56:54","date_gmt":"2022-05-02T07:56:54","guid":{"rendered":"https:\/\/agora.xtec.cat\/escolammanent\/?page_id=5688"},"modified":"2026-02-09T12:50:22","modified_gmt":"2026-02-09T11:50:22","slug":"comissio-destrategia-digital-de-centre","status":"publish","type":"page","link":"https:\/\/agora.xtec.cat\/escolammanent\/projectes-de-lescola\/estrategia-digital\/comissio-destrategia-digital-de-centre\/","title":{"rendered":"Comissi\u00f3 d\u2019estrat\u00e8gia digital de centre"},"content":{"rendered":"\n<p>La nostra <strong>comissi\u00f3 d\u2019estrat\u00e8gia digital de centre<\/strong> est\u00e0 formada per un membre de l&#8217;equip directiu, la coordinadora digital i mestres representants de cada cicle.<br>Aquesta comissi\u00f3 t\u00e9 com a objectiu, entre d&#8217;altres, desenvolupar el <a href=\"https:\/\/drive.google.com\/file\/d\/1MLmNsCkxYWwfXkW9GGKPVeTLAe49N9k5\/view?usp=sharing\" target=\"_blank\" rel=\"noopener\">Pla d&#8217;Estrat\u00e8gia Digital<\/a> i liderar la transformaci\u00f3 de l&#8217;escola cap a un centre digital innovador.<\/p>\n\n\n\n<h4 class=\"wp-block-heading\"><strong>Membres que la formen:<\/strong><\/h4>\n\n\n\n<ul class=\"wp-block-list\">\n<li>Marc Oliva (Coordinador Digital de Centre &#8211; 3r cicle)<\/li>\n\n\n\n<li>Eva Hern\u00e1ndez (2n cicle)<\/li>\n\n\n\n<li>Anna Torrents (M\u00fasica)<\/li>\n\n\n\n<li>Nuria Do\u00f1oro (Ed. Infantil)<\/li>\n<\/ul>\n","protected":false},"excerpt":{"rendered":"<p>La nostra comissi\u00f3 d\u2019estrat\u00e8gia digital de centre est\u00e0 formada per un membre de l&#8217;equip directiu, la coordinadora digital i mestres representants de cada cicle.Aquesta comissi\u00f3 t\u00e9 com a objectiu, entre d&#8217;altres, desenvolupar el Pla d&#8217;Estrat\u00e8gia Digital i liderar la transformaci\u00f3 de l&#8217;escola cap a un centre digital innovador. Membres que la formen:<\/p>\n","protected":false},"author":26,"featured_media":0,"parent":5630,"menu_order":10,"comment_status":"closed","ping_status":"closed","template":"","meta":{"_bbp_topic_count":0,"_bbp_reply_count":0,"_bbp_total_topic_count":0,"_bbp_total_reply_count":0,"_bbp_voice_count":0,"_bbp_anonymous_reply_count":0,"_bbp_topic_count_hidden":0,"_bbp_reply_count_hidden":0,"_bbp_forum_subforum_count":0,"site-sidebar-layout":"default","site-content-layout":"","ast-site-content-layout":"default","site-content-style":"default","site-sidebar-style":"default","ast-global-header-display":"","ast-banner-title-visibility":"","ast-main-header-display":"","ast-hfb-above-header-display":"","ast-hfb-below-header-display":"","ast-hfb-mobile-header-display":"","site-post-title":"","ast-breadcrumbs-content":"","ast-featured-img":"","footer-sml-layout":"","theme-transparent-header-meta":"","adv-header-id-meta":"","stick-header-meta":"","header-above-stick-meta":"","header-main-stick-meta":"","header-below-stick-meta":"","astra-migrate-meta-layouts":"set","ast-page-background-enabled":"default","ast-page-background-meta":{"desktop":{"background-color":"var(--ast-global-color-4)","background-image":"","background-repeat":"repeat","background-position":"center center","background-size":"auto","background-attachment":"scroll","background-type":"","background-media":"","overlay-type":"","overlay-color":"","overlay-opacity":"","overlay-gradient":""},"tablet":{"background-color":"","background-image":"","background-repeat":"repeat","background-position":"center center","background-size":"auto","background-attachment":"scroll","background-type":"","background-media":"","overlay-type":"","overlay-color":"","overlay-opacity":"","overlay-gradient":""},"mobile":{"background-color":"","background-image":"","background-repeat":"repeat","background-position":"center center","background-size":"auto","background-attachment":"scroll","background-type":"","background-media":"","overlay-type":"","overlay-color":"","overlay-opacity":"","overlay-gradient":""}},"ast-content-background-meta":{"desktop":{"background-color":"var(--ast-global-color-5)","background-image":"","background-repeat":"repeat","background-position":"center center","background-size":"auto","background-attachment":"scroll","background-type":"","background-media":"","overlay-type":"","overlay-color":"","overlay-opacity":"","overlay-gradient":""},"tablet":{"background-color":"var(--ast-global-color-5)","background-image":"","background-repeat":"repeat","background-position":"center center","background-size":"auto","background-attachment":"scroll","background-type":"","background-media":"","overlay-type":"","overlay-color":"","overlay-opacity":"","overlay-gradient":""},"mobile":{"background-color":"var(--ast-global-color-5)","background-image":"","background-repeat":"repeat","background-position":"center center","background-size":"auto","background-attachment":"scroll","background-type":"","background-media":"","overlay-type":"","overlay-color":"","overlay-opacity":"","overlay-gradient":""}},"footnotes":""},"class_list":["post-5688","page","type-page","status-publish","hentry"],"post_mailing_queue_ids":[],"_links":{"self":[{"href":"https:\/\/agora.xtec.cat\/escolammanent\/wp-json\/wp\/v2\/pages\/5688","targetHints":{"allow":["GET"]}}],"collection":[{"href":"https:\/\/agora.xtec.cat\/escolammanent\/wp-json\/wp\/v2\/pages"}],"about":[{"href":"https:\/\/agora.xtec.cat\/escolammanent\/wp-json\/wp\/v2\/types\/page"}],"author":[{"embeddable":true,"href":"https:\/\/agora.xtec.cat\/escolammanent\/wp-json\/wp\/v2\/users\/26"}],"replies":[{"embeddable":true,"href":"https:\/\/agora.xtec.cat\/escolammanent\/wp-json\/wp\/v2\/comments?post=5688"}],"version-history":[{"count":6,"href":"https:\/\/agora.xtec.cat\/escolammanent\/wp-json\/wp\/v2\/pages\/5688\/revisions"}],"predecessor-version":[{"id":12449,"href":"https:\/\/agora.xtec.cat\/escolammanent\/wp-json\/wp\/v2\/pages\/5688\/revisions\/12449"}],"up":[{"embeddable":true,"href":"https:\/\/agora.xtec.cat\/escolammanent\/wp-json\/wp\/v2\/pages\/5630"}],"wp:attachment":[{"href":"https:\/\/agora.xtec.cat\/escolammanent\/wp-json\/wp\/v2\/media?parent=5688"}],"curies":[{"name":"wp","href":"https:\/\/api.w.org\/{rel}","templated":true}]}}