{"id":5051,"date":"2022-02-07T15:39:48","date_gmt":"2022-02-07T14:39:48","guid":{"rendered":"https:\/\/agora.xtec.cat\/escolammanent\/?page_id=5051"},"modified":"2026-01-29T13:13:49","modified_gmt":"2026-01-29T12:13:49","slug":"afa","status":"publish","type":"page","link":"https:\/\/agora.xtec.cat\/escolammanent\/families\/afa\/","title":{"rendered":"AFA"},"content":{"rendered":"\n<p>\u00a0L\u2019AFA de l\u2019escola \u00e9s una entitat sense \u00e0nim de lucre formada pels pares i mares de l\u2019escola i el seu objectiu \u00e9s col\u00b7laborar, en la mesura de les seves possibilitats, en la tasca educativa i de gesti\u00f3 de l\u2019escola.<\/p>\n\n\n\n<p>Gr\u00e0cies a la seva disposici\u00f3 s\u2019aconsegueix que el centre pugui gaudir de serveis com l\u2019acolliment matinal, les activitats extraescolars, comissions del consell escolar, demandes de l\u2019escola, festes escolars, activitats solid\u00e0ries, activitats de lleure (Rua de carnaval, festa de la primavera..) i tamb\u00e9 ofereix l\u2019asseguran\u00e7a de les fam\u00edlies volunt\u00e0ries a l\u2019escola. Aquesta asseguran\u00e7a \u00e9s un requisits que el Departament d\u2019Educaci\u00f3 us fa a les fam\u00edlies per poder ser volunt\u00e0ries.<\/p>\n\n\n\n<p>Amb tot aix\u00f2 us animem al fet que formeu part de l\u2019AFA amb la mesura que us sigui possible, amb la participaci\u00f3 directa o pagant la quota de socis de l\u2019Afa. La trobeu tamb\u00e9 al TPV i es paga per fam\u00edlia. Si teniu m\u00e9s d\u2019un fill, nom\u00e9s cal que la pagueu un cop.<\/p>\n\n\n\n<p class=\"has-text-align-center\"><a href=\"https:\/\/www.instagram.com\/afamariamanent\/\" target=\"_blank\" rel=\"noopener\"><img loading=\"lazy\" decoding=\"async\" class=\"alignnone wp-image-6916\" src=\"https:\/\/agora.xtec.cat\/escolammanent\/wp-content\/uploads\/usu1443\/2023\/02\/baixa.jpg\" alt=\"\" width=\"102\" height=\"65\"><\/a><a href=\"https:\/\/afamariamanent.wordpress.com\/\" target=\"_blank\" rel=\"noopener\"><img loading=\"lazy\" decoding=\"async\" class=\"alignnone wp-image-6918 size-full\" src=\"https:\/\/agora.xtec.cat\/escolammanent\/wp-content\/uploads\/usu1443\/2023\/02\/AFA.png\" alt=\"\" width=\"73\" height=\"70\"><\/a>afamariamanent<\/p>\n","protected":false},"excerpt":{"rendered":"<p>\u00a0L\u2019AFA de l\u2019escola \u00e9s una entitat sense \u00e0nim de lucre formada pels pares i mares de l\u2019escola i el seu objectiu \u00e9s col\u00b7laborar, en la mesura de les seves possibilitats, en la tasca educativa i de gesti\u00f3 de l\u2019escola. Gr\u00e0cies a la seva disposici\u00f3 s\u2019aconsegueix que el centre pugui gaudir de serveis com l\u2019acolliment matinal, [&hellip;]<\/p>\n","protected":false},"author":26,"featured_media":0,"parent":5039,"menu_order":10,"comment_status":"closed","ping_status":"closed","template":"","meta":{"_bbp_topic_count":0,"_bbp_reply_count":0,"_bbp_total_topic_count":0,"_bbp_total_reply_count":0,"_bbp_voice_count":0,"_bbp_anonymous_reply_count":0,"_bbp_topic_count_hidden":0,"_bbp_reply_count_hidden":0,"_bbp_forum_subforum_count":0,"site-sidebar-layout":"default","site-content-layout":"","ast-site-content-layout":"default","site-content-style":"default","site-sidebar-style":"default","ast-global-header-display":"","ast-banner-title-visibility":"","ast-main-header-display":"","ast-hfb-above-header-display":"","ast-hfb-below-header-display":"","ast-hfb-mobile-header-display":"","site-post-title":"","ast-breadcrumbs-content":"","ast-featured-img":"","footer-sml-layout":"","theme-transparent-header-meta":"","adv-header-id-meta":"","stick-header-meta":"","header-above-stick-meta":"","header-main-stick-meta":"","header-below-stick-meta":"","astra-migrate-meta-layouts":"set","ast-page-background-enabled":"default","ast-page-background-meta":{"desktop":{"background-color":"var(--ast-global-color-4)","background-image":"","background-repeat":"repeat","background-position":"center center","background-size":"auto","background-attachment":"scroll","background-type":"","background-media":"","overlay-type":"","overlay-color":"","overlay-opacity":"","overlay-gradient":""},"tablet":{"background-color":"","background-image":"","background-repeat":"repeat","background-position":"center center","background-size":"auto","background-attachment":"scroll","background-type":"","background-media":"","overlay-type":"","overlay-color":"","overlay-opacity":"","overlay-gradient":""},"mobile":{"background-color":"","background-image":"","background-repeat":"repeat","background-position":"center center","background-size":"auto","background-attachment":"scroll","background-type":"","background-media":"","overlay-type":"","overlay-color":"","overlay-opacity":"","overlay-gradient":""}},"ast-content-background-meta":{"desktop":{"background-color":"var(--ast-global-color-5)","background-image":"","background-repeat":"repeat","background-position":"center center","background-size":"auto","background-attachment":"scroll","background-type":"","background-media":"","overlay-type":"","overlay-color":"","overlay-opacity":"","overlay-gradient":""},"tablet":{"background-color":"var(--ast-global-color-5)","background-image":"","background-repeat":"repeat","background-position":"center center","background-size":"auto","background-attachment":"scroll","background-type":"","background-media":"","overlay-type":"","overlay-color":"","overlay-opacity":"","overlay-gradient":""},"mobile":{"background-color":"var(--ast-global-color-5)","background-image":"","background-repeat":"repeat","background-position":"center center","background-size":"auto","background-attachment":"scroll","background-type":"","background-media":"","overlay-type":"","overlay-color":"","overlay-opacity":"","overlay-gradient":""}},"footnotes":""},"class_list":["post-5051","page","type-page","status-publish","hentry"],"post_mailing_queue_ids":[],"_links":{"self":[{"href":"https:\/\/agora.xtec.cat\/escolammanent\/wp-json\/wp\/v2\/pages\/5051","targetHints":{"allow":["GET"]}}],"collection":[{"href":"https:\/\/agora.xtec.cat\/escolammanent\/wp-json\/wp\/v2\/pages"}],"about":[{"href":"https:\/\/agora.xtec.cat\/escolammanent\/wp-json\/wp\/v2\/types\/page"}],"author":[{"embeddable":true,"href":"https:\/\/agora.xtec.cat\/escolammanent\/wp-json\/wp\/v2\/users\/26"}],"replies":[{"embeddable":true,"href":"https:\/\/agora.xtec.cat\/escolammanent\/wp-json\/wp\/v2\/comments?post=5051"}],"version-history":[{"count":6,"href":"https:\/\/agora.xtec.cat\/escolammanent\/wp-json\/wp\/v2\/pages\/5051\/revisions"}],"predecessor-version":[{"id":12400,"href":"https:\/\/agora.xtec.cat\/escolammanent\/wp-json\/wp\/v2\/pages\/5051\/revisions\/12400"}],"up":[{"embeddable":true,"href":"https:\/\/agora.xtec.cat\/escolammanent\/wp-json\/wp\/v2\/pages\/5039"}],"wp:attachment":[{"href":"https:\/\/agora.xtec.cat\/escolammanent\/wp-json\/wp\/v2\/media?parent=5051"}],"curies":[{"name":"wp","href":"https:\/\/api.w.org\/{rel}","templated":true}]}}