{"id":5048,"date":"2022-02-07T15:32:38","date_gmt":"2022-02-07T14:32:38","guid":{"rendered":"https:\/\/agora.xtec.cat\/escolammanent\/?page_id=5048"},"modified":"2025-10-01T10:55:54","modified_gmt":"2025-10-01T08:55:54","slug":"horari-datencio","status":"publish","type":"page","link":"https:\/\/agora.xtec.cat\/escolammanent\/lescola\/secretaria\/horari-datencio\/","title":{"rendered":"Horaris d&#8217;atenci\u00f3"},"content":{"rendered":"\n<h2 class=\"wp-block-heading has-medium-font-size\"><span style=\"font-family: helvetica, arial, sans-serif;\"><strong>Horari de secret\u00e0ria:<\/strong><\/span><\/h2>\n\n\n\n<figure class=\"wp-block-table has-small-font-size\"><table class=\"has-fixed-layout\"><tbody><tr><td><strong>Personal administratiu<\/strong><\/td><td>Matins: de 9:00 h a 13:00 h<br>Tardes: de 15:00 h a 16:30 h<\/td><\/tr><\/tbody><\/table><\/figure>\n\n\n\n<h2 class=\"wp-block-heading has-medium-font-size\"><span style=\"font-family: helvetica, arial, sans-serif;\"><strong>Horari d\u2019atenci\u00f3 docent:<\/strong><\/span><\/h2>\n\n\n\n<p class=\"has-medium-font-size\"><span style=\"font-family: helvetica, arial, sans-serif;\">En el blog corresponent al curs del vostre fill o de la vostra filla trobareu els horaris d\u2019atenci\u00f3 dels respectius tutors i tutores, aix\u00ed com els dels especialistes.<\/span><\/p>\n\n\n\n<h2 class=\"wp-block-heading has-medium-font-size\"><span style=\"font-family: helvetica, arial, sans-serif;\"><strong>Entrevistes amb l\u2019equip directiu:<\/strong><\/span><\/h2>\n\n\n\n<p class=\"has-medium-font-size\"><span style=\"font-family: helvetica, arial, sans-serif;\">Per sol\u00b7licitar una entrevista, cal que demaneu hora amb antelaci\u00f3 enviant un correu a l\u2019escola <a href=\"mailto:a8035684@xtec.cat\">a8035684@xtec.cat<\/a> especificant el tema que voleu tractar.<\/span><br><span style=\"font-family: helvetica, arial, sans-serif;\">Els horaris en qu\u00e8 es podran atendre les vostres peticions s\u00f3n els seg\u00fcents:<\/span><\/p>\n\n\n\n<figure class=\"wp-block-table has-small-font-size\"><table class=\"has-fixed-layout\"><tbody><tr><td><strong>Directora<\/strong><\/td><td><span style=\"font-family: helvetica, arial, sans-serif;\">Dimecres, de 9:00 h a 10:00 h<\/span><\/td><\/tr><tr><td><strong>Cap d\u2019estudis<\/strong><\/td><td><span style=\"font-family: helvetica, arial, sans-serif;\">Dimecres, de 9:00 h a 10:00 h<\/span><\/td><\/tr><tr><td><strong>Secret\u00e0ria<\/strong> <\/td><td><span style=\"font-family: helvetica, arial, sans-serif;\">Dimecres, de 9:00 h a 10:00 h<\/span><\/td><\/tr><\/tbody><\/table><\/figure>\n","protected":false},"excerpt":{"rendered":"<p>Horari de secret\u00e0ria: Personal administratiu Matins: de 9:00 h a 13:00 hTardes: de 15:00 h a 16:30 h Horari d\u2019atenci\u00f3 docent: En el blog corresponent al curs del vostre fill o de la vostra filla trobareu els horaris d\u2019atenci\u00f3 dels respectius tutors i tutores, aix\u00ed com els dels especialistes. Entrevistes amb l\u2019equip directiu: Per sol\u00b7licitar [&hellip;]<\/p>\n","protected":false},"author":26,"featured_media":0,"parent":7641,"menu_order":10,"comment_status":"closed","ping_status":"closed","template":"page-templates\/side-menu.php","meta":{"_bbp_topic_count":0,"_bbp_reply_count":0,"_bbp_total_topic_count":0,"_bbp_total_reply_count":0,"_bbp_voice_count":0,"_bbp_anonymous_reply_count":0,"_bbp_topic_count_hidden":0,"_bbp_reply_count_hidden":0,"_bbp_forum_subforum_count":0,"site-sidebar-layout":"default","site-content-layout":"","ast-site-content-layout":"","site-content-style":"default","site-sidebar-style":"default","ast-global-header-display":"","ast-banner-title-visibility":"","ast-main-header-display":"","ast-hfb-above-header-display":"","ast-hfb-below-header-display":"","ast-hfb-mobile-header-display":"","site-post-title":"","ast-breadcrumbs-content":"","ast-featured-img":"","footer-sml-layout":"","theme-transparent-header-meta":"","adv-header-id-meta":"","stick-header-meta":"","header-above-stick-meta":"","header-main-stick-meta":"","header-below-stick-meta":"","astra-migrate-meta-layouts":"default","ast-page-background-enabled":"default","ast-page-background-meta":{"desktop":{"background-color":"var(--ast-global-color-4)","background-image":"","background-repeat":"repeat","background-position":"center center","background-size":"auto","background-attachment":"scroll","background-type":"","background-media":"","overlay-type":"","overlay-color":"","overlay-opacity":"","overlay-gradient":""},"tablet":{"background-color":"","background-image":"","background-repeat":"repeat","background-position":"center center","background-size":"auto","background-attachment":"scroll","background-type":"","background-media":"","overlay-type":"","overlay-color":"","overlay-opacity":"","overlay-gradient":""},"mobile":{"background-color":"","background-image":"","background-repeat":"repeat","background-position":"center center","background-size":"auto","background-attachment":"scroll","background-type":"","background-media":"","overlay-type":"","overlay-color":"","overlay-opacity":"","overlay-gradient":""}},"ast-content-background-meta":{"desktop":{"background-color":"var(--ast-global-color-5)","background-image":"","background-repeat":"repeat","background-position":"center center","background-size":"auto","background-attachment":"scroll","background-type":"","background-media":"","overlay-type":"","overlay-color":"","overlay-opacity":"","overlay-gradient":""},"tablet":{"background-color":"var(--ast-global-color-5)","background-image":"","background-repeat":"repeat","background-position":"center center","background-size":"auto","background-attachment":"scroll","background-type":"","background-media":"","overlay-type":"","overlay-color":"","overlay-opacity":"","overlay-gradient":""},"mobile":{"background-color":"var(--ast-global-color-5)","background-image":"","background-repeat":"repeat","background-position":"center center","background-size":"auto","background-attachment":"scroll","background-type":"","background-media":"","overlay-type":"","overlay-color":"","overlay-opacity":"","overlay-gradient":""}},"footnotes":""},"class_list":["post-5048","page","type-page","status-publish","hentry"],"post_mailing_queue_ids":[],"_links":{"self":[{"href":"https:\/\/agora.xtec.cat\/escolammanent\/wp-json\/wp\/v2\/pages\/5048","targetHints":{"allow":["GET"]}}],"collection":[{"href":"https:\/\/agora.xtec.cat\/escolammanent\/wp-json\/wp\/v2\/pages"}],"about":[{"href":"https:\/\/agora.xtec.cat\/escolammanent\/wp-json\/wp\/v2\/types\/page"}],"author":[{"embeddable":true,"href":"https:\/\/agora.xtec.cat\/escolammanent\/wp-json\/wp\/v2\/users\/26"}],"replies":[{"embeddable":true,"href":"https:\/\/agora.xtec.cat\/escolammanent\/wp-json\/wp\/v2\/comments?post=5048"}],"version-history":[{"count":6,"href":"https:\/\/agora.xtec.cat\/escolammanent\/wp-json\/wp\/v2\/pages\/5048\/revisions"}],"predecessor-version":[{"id":11991,"href":"https:\/\/agora.xtec.cat\/escolammanent\/wp-json\/wp\/v2\/pages\/5048\/revisions\/11991"}],"up":[{"embeddable":true,"href":"https:\/\/agora.xtec.cat\/escolammanent\/wp-json\/wp\/v2\/pages\/7641"}],"wp:attachment":[{"href":"https:\/\/agora.xtec.cat\/escolammanent\/wp-json\/wp\/v2\/media?parent=5048"}],"curies":[{"name":"wp","href":"https:\/\/api.w.org\/{rel}","templated":true}]}}