{"id":5039,"date":"2022-02-07T15:18:53","date_gmt":"2022-02-07T14:18:53","guid":{"rendered":"https:\/\/agora.xtec.cat\/escolammanent\/?page_id=5039"},"modified":"2025-10-01T12:07:10","modified_gmt":"2025-10-01T10:07:10","slug":"families","status":"publish","type":"page","link":"https:\/\/agora.xtec.cat\/escolammanent\/families\/","title":{"rendered":"Fam\u00edlies"},"content":{"rendered":"\n<p>Aquest espai pret\u00e9n millorar la informaci\u00f3 i la comunicaci\u00f3 entre el centre i les fam\u00edlies, aix\u00ed com promoure la seva implicaci\u00f3 en el seguiment de l\u2019evoluci\u00f3 acad\u00e8mica i personal dels seus fills i filles.<\/p>\n\n\n\n<figure class=\"wp-block-image aligncenter\"><img loading=\"lazy\" decoding=\"async\" width=\"886\" height=\"480\" src=\"https:\/\/agora.xtec.cat\/escolammanent\/wp-content\/uploads\/usu1443\/2024\/07\/families-voluntaries.jpg\" alt=\"\" class=\"wp-image-9321\" srcset=\"https:\/\/agora.xtec.cat\/escolammanent\/wp-content\/uploads\/usu1443\/2024\/07\/families-voluntaries.jpg 886w, https:\/\/agora.xtec.cat\/escolammanent\/wp-content\/uploads\/usu1443\/2024\/07\/families-voluntaries-300x163.jpg 300w, https:\/\/agora.xtec.cat\/escolammanent\/wp-content\/uploads\/usu1443\/2024\/07\/families-voluntaries-768x416.jpg 768w\" sizes=\"auto, (max-width: 886px) 100vw, 886px\" \/><\/figure>\n\n\n\n<h4 class=\"wp-block-heading\"><strong>Fam\u00edlies volunt\u00e0ries<\/strong><\/h4>\n\n\n\n<p>Al llarg del curs us demanem la vostra participaci\u00f3 per poder portar a terme algunes activitats com l\u2019acompanyament a les sortides de migdia, l\u2019acompanyament a l\u2019activitat de piscina de segon de prim\u00e0ria, per realitzar activitats i\/o tallers d\u2019angl\u00e8s, per venir a l\u2019aula a fer alguna activitat&#8230;&#8230;<\/p>\n\n\n\n<p>El Departament indica que les fam\u00edlies volunt\u00e0ries cada curs han de:<\/p>\n\n\n\n<ul class=\"wp-block-list\">\n<li>Enviar al centre el certificat de delictes de naturalesa sexual. El podeu aconseguir online a: <a href=\"https:\/\/web.gencat.cat\/ca\/situacions-de-vida\/justicia-seguretat\/certificat-delictes-naturalesa-sexual\/index.html\" target=\"_blank\" rel=\"noopener\">https:\/\/web.gencat.cat\/ca\/situacions-de-vida\/justicia-seguretat\/certificat-delictes-naturalesa-sexual\/index.html<\/a><\/li>\n\n\n\n<li>Enviar al centre el document de fam\u00edlia volunt\u00e0ria <a href=\"https:\/\/drive.google.com\/file\/d\/1tuTVFj0SXzlPoHpigp6Cx9hUA6AxDZO1\/view?usp=sharing\" target=\"_blank\" rel=\"noopener\">Fam\u00edlies volunt\u00e0ries<\/a><\/li>\n\n\n\n<li>Ser soci\/a de l\u2019AFA<\/li>\n<\/ul>\n","protected":false},"excerpt":{"rendered":"<p>Aquest espai pret\u00e9n millorar la informaci\u00f3 i la comunicaci\u00f3 entre el centre i les fam\u00edlies, aix\u00ed com promoure la seva implicaci\u00f3 en el seguiment de l\u2019evoluci\u00f3 acad\u00e8mica i personal dels seus fills i filles. Fam\u00edlies volunt\u00e0ries Al llarg del curs us demanem la vostra participaci\u00f3 per poder portar a terme algunes activitats com l\u2019acompanyament a [&hellip;]<\/p>\n","protected":false},"author":26,"featured_media":0,"parent":0,"menu_order":0,"comment_status":"closed","ping_status":"closed","template":"page-templates\/side-menu.php","meta":{"_bbp_topic_count":0,"_bbp_reply_count":0,"_bbp_total_topic_count":0,"_bbp_total_reply_count":0,"_bbp_voice_count":0,"_bbp_anonymous_reply_count":0,"_bbp_topic_count_hidden":0,"_bbp_reply_count_hidden":0,"_bbp_forum_subforum_count":0,"site-sidebar-layout":"default","site-content-layout":"","ast-site-content-layout":"","site-content-style":"default","site-sidebar-style":"default","ast-global-header-display":"","ast-banner-title-visibility":"","ast-main-header-display":"","ast-hfb-above-header-display":"","ast-hfb-below-header-display":"","ast-hfb-mobile-header-display":"","site-post-title":"","ast-breadcrumbs-content":"","ast-featured-img":"","footer-sml-layout":"","theme-transparent-header-meta":"","adv-header-id-meta":"","stick-header-meta":"","header-above-stick-meta":"","header-main-stick-meta":"","header-below-stick-meta":"","astra-migrate-meta-layouts":"default","ast-page-background-enabled":"default","ast-page-background-meta":{"desktop":{"background-color":"var(--ast-global-color-4)","background-image":"","background-repeat":"repeat","background-position":"center center","background-size":"auto","background-attachment":"scroll","background-type":"","background-media":"","overlay-type":"","overlay-color":"","overlay-opacity":"","overlay-gradient":""},"tablet":{"background-color":"","background-image":"","background-repeat":"repeat","background-position":"center center","background-size":"auto","background-attachment":"scroll","background-type":"","background-media":"","overlay-type":"","overlay-color":"","overlay-opacity":"","overlay-gradient":""},"mobile":{"background-color":"","background-image":"","background-repeat":"repeat","background-position":"center center","background-size":"auto","background-attachment":"scroll","background-type":"","background-media":"","overlay-type":"","overlay-color":"","overlay-opacity":"","overlay-gradient":""}},"ast-content-background-meta":{"desktop":{"background-color":"var(--ast-global-color-5)","background-image":"","background-repeat":"repeat","background-position":"center center","background-size":"auto","background-attachment":"scroll","background-type":"","background-media":"","overlay-type":"","overlay-color":"","overlay-opacity":"","overlay-gradient":""},"tablet":{"background-color":"var(--ast-global-color-5)","background-image":"","background-repeat":"repeat","background-position":"center center","background-size":"auto","background-attachment":"scroll","background-type":"","background-media":"","overlay-type":"","overlay-color":"","overlay-opacity":"","overlay-gradient":""},"mobile":{"background-color":"var(--ast-global-color-5)","background-image":"","background-repeat":"repeat","background-position":"center center","background-size":"auto","background-attachment":"scroll","background-type":"","background-media":"","overlay-type":"","overlay-color":"","overlay-opacity":"","overlay-gradient":""}},"footnotes":""},"class_list":["post-5039","page","type-page","status-publish","hentry"],"post_mailing_queue_ids":[],"_links":{"self":[{"href":"https:\/\/agora.xtec.cat\/escolammanent\/wp-json\/wp\/v2\/pages\/5039","targetHints":{"allow":["GET"]}}],"collection":[{"href":"https:\/\/agora.xtec.cat\/escolammanent\/wp-json\/wp\/v2\/pages"}],"about":[{"href":"https:\/\/agora.xtec.cat\/escolammanent\/wp-json\/wp\/v2\/types\/page"}],"author":[{"embeddable":true,"href":"https:\/\/agora.xtec.cat\/escolammanent\/wp-json\/wp\/v2\/users\/26"}],"replies":[{"embeddable":true,"href":"https:\/\/agora.xtec.cat\/escolammanent\/wp-json\/wp\/v2\/comments?post=5039"}],"version-history":[{"count":6,"href":"https:\/\/agora.xtec.cat\/escolammanent\/wp-json\/wp\/v2\/pages\/5039\/revisions"}],"predecessor-version":[{"id":12042,"href":"https:\/\/agora.xtec.cat\/escolammanent\/wp-json\/wp\/v2\/pages\/5039\/revisions\/12042"}],"wp:attachment":[{"href":"https:\/\/agora.xtec.cat\/escolammanent\/wp-json\/wp\/v2\/media?parent=5039"}],"curies":[{"name":"wp","href":"https:\/\/api.w.org\/{rel}","templated":true}]}}