{"id":10524,"date":"2024-12-16T12:12:23","date_gmt":"2024-12-16T11:12:23","guid":{"rendered":"https:\/\/agora.xtec.cat\/escolammanent\/?page_id=10524"},"modified":"2026-02-09T13:19:06","modified_gmt":"2026-02-09T12:19:06","slug":"protocol-dacollida-digital-families","status":"publish","type":"page","link":"https:\/\/agora.xtec.cat\/escolammanent\/projectes-de-lescola\/estrategia-digital\/cultura-digital\/protocol-dacollida-digital-families\/","title":{"rendered":"Protocols d&#8217;acollida i bones pr\u00e0ctiques digitals"},"content":{"rendered":"\n<div class=\"wp-block-getwid-tabs\" data-active-tab=\"0\"><ul class=\"wp-block-getwid-tabs__nav-links\"><\/ul>\n<div class=\"wp-block-getwid-tabs__nav-link\"><span class=\"wp-block-getwid-tabs__title-wrapper\"><a href=\"#\"><span class=\"wp-block-getwid-tabs__title\">Acollida digital a les fam\u00edlies<\/span><\/a><\/span><\/div><div class=\"wp-block-getwid-tabs__tab-content-wrapper\"><div class=\"wp-block-getwid-tabs__tab-content\">\n<p>Aquest <strong>protocol<\/strong> ofereix informaci\u00f3 detallada sobre el funcionament i les eines digitals que utilitzarem a l&#8217;escola per facilitar la comunicaci\u00f3 i la coordinaci\u00f3 <strong>entre l&#8217;escola i les fam\u00edlies<\/strong>. Us convidem a llegir-lo atentament i a contactar amb nosaltres per a qualsevol dubte que pugueu tenir.<\/p>\n\n\n\n<figure class=\"wp-block-image aligncenter\"><img loading=\"lazy\" decoding=\"async\" width=\"724\" height=\"1024\" src=\"https:\/\/agora.xtec.cat\/escolammanent\/wp-content\/uploads\/usu1443\/2025\/09\/Protocol-digital-FAMILIES_page-0001-724x1024.jpg\" alt=\"\" class=\"wp-image-11949\" srcset=\"https:\/\/agora.xtec.cat\/escolammanent\/wp-content\/uploads\/usu1443\/2025\/09\/Protocol-digital-FAMILIES_page-0001-724x1024.jpg 724w, https:\/\/agora.xtec.cat\/escolammanent\/wp-content\/uploads\/usu1443\/2025\/09\/Protocol-digital-FAMILIES_page-0001-212x300.jpg 212w, https:\/\/agora.xtec.cat\/escolammanent\/wp-content\/uploads\/usu1443\/2025\/09\/Protocol-digital-FAMILIES_page-0001-768x1086.jpg 768w, https:\/\/agora.xtec.cat\/escolammanent\/wp-content\/uploads\/usu1443\/2025\/09\/Protocol-digital-FAMILIES_page-0001-1086x1536.jpg 1086w, https:\/\/agora.xtec.cat\/escolammanent\/wp-content\/uploads\/usu1443\/2025\/09\/Protocol-digital-FAMILIES_page-0001.jpg 1241w\" sizes=\"auto, (max-width: 724px) 100vw, 724px\" \/><\/figure>\n<\/div><\/div>\n\n\n\n<div class=\"wp-block-getwid-tabs__nav-link\"><span class=\"wp-block-getwid-tabs__title-wrapper\"><a href=\"#\"><span class=\"wp-block-getwid-tabs__title\">Acollida digital de l\u2019alumnat<\/span><\/a><\/span><\/div><div class=\"wp-block-getwid-tabs__tab-content-wrapper\"><div class=\"wp-block-getwid-tabs__tab-content\">\n<p>Aquest\u00a0<strong>protocol<\/strong>\u00a0ofereix informaci\u00f3 detallada sobre les\u00a0<strong>aplicacions i eines digitals<\/strong>\u00a0que es faran servir a l\u2019escola per potenciar els aprenentatges mitjan\u00e7ant el seu\u00a0<strong>\u00fas pedag\u00f2gic amb l\u2019alumnat<\/strong>. Us convidem a llegir-lo atentament i a contactar amb nosaltres per a qualsevol dubte.<\/p>\n\n\n\n<figure class=\"wp-block-image aligncenter size-large\"><a href=\"https:\/\/agora.xtec.cat\/escolammanent\/wp-content\/uploads\/usu1443\/2025\/09\/Protocol-digital-ALUMANT_page-0001.jpg\"><img loading=\"lazy\" decoding=\"async\" width=\"724\" height=\"1024\" src=\"https:\/\/agora.xtec.cat\/escolammanent\/wp-content\/uploads\/usu1443\/2025\/09\/Protocol-digital-ALUMANT_page-0001-724x1024.jpg\" alt=\"\" class=\"wp-image-11947\" srcset=\"https:\/\/agora.xtec.cat\/escolammanent\/wp-content\/uploads\/usu1443\/2025\/09\/Protocol-digital-ALUMANT_page-0001-724x1024.jpg 724w, https:\/\/agora.xtec.cat\/escolammanent\/wp-content\/uploads\/usu1443\/2025\/09\/Protocol-digital-ALUMANT_page-0001-212x300.jpg 212w, https:\/\/agora.xtec.cat\/escolammanent\/wp-content\/uploads\/usu1443\/2025\/09\/Protocol-digital-ALUMANT_page-0001-768x1086.jpg 768w, https:\/\/agora.xtec.cat\/escolammanent\/wp-content\/uploads\/usu1443\/2025\/09\/Protocol-digital-ALUMANT_page-0001-1086x1536.jpg 1086w, https:\/\/agora.xtec.cat\/escolammanent\/wp-content\/uploads\/usu1443\/2025\/09\/Protocol-digital-ALUMANT_page-0001.jpg 1241w\" sizes=\"auto, (max-width: 724px) 100vw, 724px\" \/><\/a><\/figure>\n<\/div><\/div>\n\n\n\n<div class=\"wp-block-getwid-tabs__nav-link\"><span class=\"wp-block-getwid-tabs__title-wrapper\"><a href=\"#\"><span class=\"wp-block-getwid-tabs__title\">Bones pr\u00e0ctiques digitals<\/span><\/a><\/span><\/div><div class=\"wp-block-getwid-tabs__tab-content-wrapper\"><div class=\"wp-block-getwid-tabs__tab-content\">\n<p>Aquest\u00a0<strong>protocol<\/strong>\u00a0ofereix informaci\u00f3 detallada sobre l\u2019\u00fas responsable de recursos i eines digitals, tipus de llic\u00e8ncies i com utilitzar-les. Us convidem a llegir-lo amb deteniment i a contactar amb nosaltres per a qualsevol dubte que pugueu tenir.<\/p>\n\n\n\n<figure class=\"wp-block-image aligncenter size-large\"><a href=\"https:\/\/agora.xtec.cat\/escolammanent\/wp-content\/uploads\/usu1443\/2025\/09\/Protocol-digital-BONES-PRACTIQUES-DIGITALS_page-0001.jpg\"><img loading=\"lazy\" decoding=\"async\" width=\"724\" height=\"1024\" src=\"https:\/\/agora.xtec.cat\/escolammanent\/wp-content\/uploads\/usu1443\/2025\/09\/Protocol-digital-BONES-PRACTIQUES-DIGITALS_page-0001-724x1024.jpg\" alt=\"\" class=\"wp-image-11948\" srcset=\"https:\/\/agora.xtec.cat\/escolammanent\/wp-content\/uploads\/usu1443\/2025\/09\/Protocol-digital-BONES-PRACTIQUES-DIGITALS_page-0001-724x1024.jpg 724w, https:\/\/agora.xtec.cat\/escolammanent\/wp-content\/uploads\/usu1443\/2025\/09\/Protocol-digital-BONES-PRACTIQUES-DIGITALS_page-0001-212x300.jpg 212w, https:\/\/agora.xtec.cat\/escolammanent\/wp-content\/uploads\/usu1443\/2025\/09\/Protocol-digital-BONES-PRACTIQUES-DIGITALS_page-0001-768x1086.jpg 768w, https:\/\/agora.xtec.cat\/escolammanent\/wp-content\/uploads\/usu1443\/2025\/09\/Protocol-digital-BONES-PRACTIQUES-DIGITALS_page-0001-1086x1536.jpg 1086w, https:\/\/agora.xtec.cat\/escolammanent\/wp-content\/uploads\/usu1443\/2025\/09\/Protocol-digital-BONES-PRACTIQUES-DIGITALS_page-0001.jpg 1241w\" sizes=\"auto, (max-width: 724px) 100vw, 724px\" \/><\/a><\/figure>\n<\/div><\/div>\n<\/div>\n","protected":false},"excerpt":{"rendered":"","protected":false},"author":26,"featured_media":0,"parent":5708,"menu_order":40,"comment_status":"closed","ping_status":"closed","template":"","meta":{"_bbp_topic_count":0,"_bbp_reply_count":0,"_bbp_total_topic_count":0,"_bbp_total_reply_count":0,"_bbp_voice_count":0,"_bbp_anonymous_reply_count":0,"_bbp_topic_count_hidden":0,"_bbp_reply_count_hidden":0,"_bbp_forum_subforum_count":0,"site-sidebar-layout":"default","site-content-layout":"","ast-site-content-layout":"default","site-content-style":"default","site-sidebar-style":"default","ast-global-header-display":"","ast-banner-title-visibility":"","ast-main-header-display":"","ast-hfb-above-header-display":"","ast-hfb-below-header-display":"","ast-hfb-mobile-header-display":"","site-post-title":"","ast-breadcrumbs-content":"","ast-featured-img":"","footer-sml-layout":"","theme-transparent-header-meta":"","adv-header-id-meta":"","stick-header-meta":"","header-above-stick-meta":"","header-main-stick-meta":"","header-below-stick-meta":"","astra-migrate-meta-layouts":"set","ast-page-background-enabled":"default","ast-page-background-meta":{"desktop":{"background-color":"var(--ast-global-color-4)","background-image":"","background-repeat":"repeat","background-position":"center center","background-size":"auto","background-attachment":"scroll","background-type":"","background-media":"","overlay-type":"","overlay-color":"","overlay-opacity":"","overlay-gradient":""},"tablet":{"background-color":"","background-image":"","background-repeat":"repeat","background-position":"center center","background-size":"auto","background-attachment":"scroll","background-type":"","background-media":"","overlay-type":"","overlay-color":"","overlay-opacity":"","overlay-gradient":""},"mobile":{"background-color":"","background-image":"","background-repeat":"repeat","background-position":"center center","background-size":"auto","background-attachment":"scroll","background-type":"","background-media":"","overlay-type":"","overlay-color":"","overlay-opacity":"","overlay-gradient":""}},"ast-content-background-meta":{"desktop":{"background-color":"var(--ast-global-color-5)","background-image":"","background-repeat":"repeat","background-position":"center center","background-size":"auto","background-attachment":"scroll","background-type":"","background-media":"","overlay-type":"","overlay-color":"","overlay-opacity":"","overlay-gradient":""},"tablet":{"background-color":"var(--ast-global-color-5)","background-image":"","background-repeat":"repeat","background-position":"center center","background-size":"auto","background-attachment":"scroll","background-type":"","background-media":"","overlay-type":"","overlay-color":"","overlay-opacity":"","overlay-gradient":""},"mobile":{"background-color":"var(--ast-global-color-5)","background-image":"","background-repeat":"repeat","background-position":"center center","background-size":"auto","background-attachment":"scroll","background-type":"","background-media":"","overlay-type":"","overlay-color":"","overlay-opacity":"","overlay-gradient":""}},"footnotes":""},"class_list":["post-10524","page","type-page","status-publish","hentry"],"post_mailing_queue_ids":[],"_links":{"self":[{"href":"https:\/\/agora.xtec.cat\/escolammanent\/wp-json\/wp\/v2\/pages\/10524","targetHints":{"allow":["GET"]}}],"collection":[{"href":"https:\/\/agora.xtec.cat\/escolammanent\/wp-json\/wp\/v2\/pages"}],"about":[{"href":"https:\/\/agora.xtec.cat\/escolammanent\/wp-json\/wp\/v2\/types\/page"}],"author":[{"embeddable":true,"href":"https:\/\/agora.xtec.cat\/escolammanent\/wp-json\/wp\/v2\/users\/26"}],"replies":[{"embeddable":true,"href":"https:\/\/agora.xtec.cat\/escolammanent\/wp-json\/wp\/v2\/comments?post=10524"}],"version-history":[{"count":6,"href":"https:\/\/agora.xtec.cat\/escolammanent\/wp-json\/wp\/v2\/pages\/10524\/revisions"}],"predecessor-version":[{"id":12461,"href":"https:\/\/agora.xtec.cat\/escolammanent\/wp-json\/wp\/v2\/pages\/10524\/revisions\/12461"}],"up":[{"embeddable":true,"href":"https:\/\/agora.xtec.cat\/escolammanent\/wp-json\/wp\/v2\/pages\/5708"}],"wp:attachment":[{"href":"https:\/\/agora.xtec.cat\/escolammanent\/wp-json\/wp\/v2\/media?parent=10524"}],"curies":[{"name":"wp","href":"https:\/\/api.w.org\/{rel}","templated":true}]}}