{"id":10334,"date":"2024-11-11T12:08:39","date_gmt":"2024-11-11T11:08:39","guid":{"rendered":"https:\/\/agora.xtec.cat\/escolammanent\/?page_id=10334"},"modified":"2024-11-11T12:19:23","modified_gmt":"2024-11-11T11:19:23","slug":"objectius-de-la-nostra-edc","status":"publish","type":"page","link":"https:\/\/agora.xtec.cat\/escolammanent\/projectes-de-lescola\/estrategia-digital\/estrategia\/objectius-de-la-nostra-edc\/","title":{"rendered":"Objectius de la nostra EDC"},"content":{"rendered":"<p style=\"text-align: justify;\">A l\u2019<strong>Escola Mari\u00e0 Manent<\/strong>, hem detectat la necessitat de potenciar les compet\u00e8ncies digitals de tota la comunitat educativa per tal d\u2019adaptar-nos als nous reptes tecnol\u00f2gics i pedag\u00f2gics. L\u2019objectiu de la nostra Estrat\u00e8gia Digital de Centre (EDC) \u00e9s integrar de manera efectiva les eines digitals en el dia a dia de l\u2019aula, promovent un \u00fas segur, responsable i inclusiu de la tecnologia.<\/p>\n<p style=\"text-align: justify;\">Despr\u00e9s d\u2019una an\u00e0lisi acurada de les necessitats del centre, hem definit un pla d\u2019acci\u00f3 que abasta <strong>quatre grans objectius<\/strong>:<\/p>\n<ul style=\"text-align: justify;\">\n<li>l\u2019assoliment de la compet\u00e8ncia digital de l\u2019alumnat en tots els cicles,<\/li>\n<li>la capacitaci\u00f3 continuada del professorat,<\/li>\n<li>la creaci\u00f3 d\u2019una cultura digital comuna amb normes i protocols,<\/li>\n<li>i la implicaci\u00f3 activa de les fam\u00edlies en aquest proc\u00e9s.<\/li>\n<\/ul>\n<p style=\"text-align: justify;\">Aquest pla estrat\u00e8gic ens permetr\u00e0 oferir una educaci\u00f3 actualitzada i de qualitat, en la qual les tecnologies digitals esdevinguin una eina de suport a l\u2019aprenentatge i al desenvolupament personal del nostre alumnat.<\/p>\n<p style=\"text-align: justify;\">Trobareu informaci\u00f3 m\u00e9s detallada en <a href=\"https:\/\/drive.google.com\/file\/d\/1gydu2h_n8mros5lBvDmDXruYXzI_z3ci\/view?usp=drive_link\" target=\"_blank\" rel=\"noopener\">aquest<\/a> document.<\/p>\n","protected":false},"excerpt":{"rendered":"<p>A l\u2019Escola Mari\u00e0 Manent, hem detectat la necessitat de potenciar les compet\u00e8ncies digitals de tota la comunitat educativa per tal d\u2019adaptar-nos als nous reptes tecnol\u00f2gics i pedag\u00f2gics. L\u2019objectiu de la nostra Estrat\u00e8gia Digital de Centre (EDC) \u00e9s integrar de manera efectiva les eines digitals en el dia a dia de l\u2019aula, promovent un \u00fas segur, [&hellip;]<\/p>\n","protected":false},"author":26,"featured_media":0,"parent":5705,"menu_order":10,"comment_status":"closed","ping_status":"closed","template":"page-templates\/side-menu.php","meta":{"_bbp_topic_count":0,"_bbp_reply_count":0,"_bbp_total_topic_count":0,"_bbp_total_reply_count":0,"_bbp_voice_count":0,"_bbp_anonymous_reply_count":0,"_bbp_topic_count_hidden":0,"_bbp_reply_count_hidden":0,"_bbp_forum_subforum_count":0,"site-sidebar-layout":"default","site-content-layout":"","ast-site-content-layout":"","site-content-style":"default","site-sidebar-style":"default","ast-global-header-display":"","ast-banner-title-visibility":"","ast-main-header-display":"","ast-hfb-above-header-display":"","ast-hfb-below-header-display":"","ast-hfb-mobile-header-display":"","site-post-title":"","ast-breadcrumbs-content":"","ast-featured-img":"","footer-sml-layout":"","theme-transparent-header-meta":"","adv-header-id-meta":"","stick-header-meta":"","header-above-stick-meta":"","header-main-stick-meta":"","header-below-stick-meta":"","astra-migrate-meta-layouts":"default","ast-page-background-enabled":"default","ast-page-background-meta":{"desktop":{"background-color":"var(--ast-global-color-4)","background-image":"","background-repeat":"repeat","background-position":"center center","background-size":"auto","background-attachment":"scroll","background-type":"","background-media":"","overlay-type":"","overlay-color":"","overlay-opacity":"","overlay-gradient":""},"tablet":{"background-color":"","background-image":"","background-repeat":"repeat","background-position":"center center","background-size":"auto","background-attachment":"scroll","background-type":"","background-media":"","overlay-type":"","overlay-color":"","overlay-opacity":"","overlay-gradient":""},"mobile":{"background-color":"","background-image":"","background-repeat":"repeat","background-position":"center center","background-size":"auto","background-attachment":"scroll","background-type":"","background-media":"","overlay-type":"","overlay-color":"","overlay-opacity":"","overlay-gradient":""}},"ast-content-background-meta":{"desktop":{"background-color":"var(--ast-global-color-5)","background-image":"","background-repeat":"repeat","background-position":"center center","background-size":"auto","background-attachment":"scroll","background-type":"","background-media":"","overlay-type":"","overlay-color":"","overlay-opacity":"","overlay-gradient":""},"tablet":{"background-color":"var(--ast-global-color-5)","background-image":"","background-repeat":"repeat","background-position":"center center","background-size":"auto","background-attachment":"scroll","background-type":"","background-media":"","overlay-type":"","overlay-color":"","overlay-opacity":"","overlay-gradient":""},"mobile":{"background-color":"var(--ast-global-color-5)","background-image":"","background-repeat":"repeat","background-position":"center center","background-size":"auto","background-attachment":"scroll","background-type":"","background-media":"","overlay-type":"","overlay-color":"","overlay-opacity":"","overlay-gradient":""}},"footnotes":""},"class_list":["post-10334","page","type-page","status-publish","hentry"],"post_mailing_queue_ids":[],"_links":{"self":[{"href":"https:\/\/agora.xtec.cat\/escolammanent\/wp-json\/wp\/v2\/pages\/10334","targetHints":{"allow":["GET"]}}],"collection":[{"href":"https:\/\/agora.xtec.cat\/escolammanent\/wp-json\/wp\/v2\/pages"}],"about":[{"href":"https:\/\/agora.xtec.cat\/escolammanent\/wp-json\/wp\/v2\/types\/page"}],"author":[{"embeddable":true,"href":"https:\/\/agora.xtec.cat\/escolammanent\/wp-json\/wp\/v2\/users\/26"}],"replies":[{"embeddable":true,"href":"https:\/\/agora.xtec.cat\/escolammanent\/wp-json\/wp\/v2\/comments?post=10334"}],"version-history":[{"count":3,"href":"https:\/\/agora.xtec.cat\/escolammanent\/wp-json\/wp\/v2\/pages\/10334\/revisions"}],"predecessor-version":[{"id":10338,"href":"https:\/\/agora.xtec.cat\/escolammanent\/wp-json\/wp\/v2\/pages\/10334\/revisions\/10338"}],"up":[{"embeddable":true,"href":"https:\/\/agora.xtec.cat\/escolammanent\/wp-json\/wp\/v2\/pages\/5705"}],"wp:attachment":[{"href":"https:\/\/agora.xtec.cat\/escolammanent\/wp-json\/wp\/v2\/media?parent=10334"}],"curies":[{"name":"wp","href":"https:\/\/api.w.org\/{rel}","templated":true}]}}