{"id":6740,"date":"2022-04-21T13:10:52","date_gmt":"2022-04-21T11:10:52","guid":{"rendered":"https:\/\/agora.xtec.cat\/escolamiramar\/?page_id=6740"},"modified":"2026-04-29T09:18:54","modified_gmt":"2026-04-29T07:18:54","slug":"preinscripcio","status":"publish","type":"page","link":"https:\/\/agora.xtec.cat\/escolamiramar\/preinscripcio\/","title":{"rendered":"PREINSCRIPCI\u00d3"},"content":{"rendered":"<h1><img loading=\"lazy\" decoding=\"async\" class=\"wp-image-7303 aligncenter\" src=\"https:\/\/agora.xtec.cat\/escolamiramar\/wp-content\/uploads\/usu2300\/2023\/06\/GRUP-XIQUETS-1024x447.png\" alt=\"\" width=\"717\" height=\"313\" srcset=\"https:\/\/agora.xtec.cat\/escolamiramar\/wp-content\/uploads\/usu2300\/2023\/06\/GRUP-XIQUETS-1024x447.png 1024w, https:\/\/agora.xtec.cat\/escolamiramar\/wp-content\/uploads\/usu2300\/2023\/06\/GRUP-XIQUETS-300x131.png 300w, https:\/\/agora.xtec.cat\/escolamiramar\/wp-content\/uploads\/usu2300\/2023\/06\/GRUP-XIQUETS-768x335.png 768w, https:\/\/agora.xtec.cat\/escolamiramar\/wp-content\/uploads\/usu2300\/2023\/06\/GRUP-XIQUETS-1536x670.png 1536w, https:\/\/agora.xtec.cat\/escolamiramar\/wp-content\/uploads\/usu2300\/2023\/06\/GRUP-XIQUETS.png 2000w\" sizes=\"auto, (max-width: 717px) 100vw, 717px\" \/><\/h1>\n<h1><\/h1>\n<h1>Preinscripci\u00f3 del Curs 26-27<\/h1>\n<p>AVUI DIA 29 d&#8217;Abril EL DEPARTAMENT D&#8217;EDUCACI\u00d3 I FORMACI\u00d3 PROFESSIONAL HA PENJAT LA:<\/p>\n<p><strong><a href=\"https:\/\/drive.google.com\/file\/d\/1x1l4b1vPtd2DE46s6OZujSE5gSoXHzJC\/view?usp=sharing\">PUBLICACI\u00d3 DE LA LLLISTA DE SOL\u00b7LICITUDS QUE HAN DEMANAT EL CENTRE I L&#8217;ENSENYAMENT EN PRIMERA PETICI\u00d3 ORDENADA<\/a><\/strong><br \/>\n<strong>29\/04\/2026<\/strong><\/p>\n<p>AVUI DIA 28 d&#8217;Abril EL DEPARTAMENT D&#8217;EDUCACI\u00d3 I FORMACI\u00d3 PROFESSIONAL HA PENJAT EL N\u00daMERO DE DESEMPAT:<\/p>\n<p><a href=\"https:\/\/preinscripcio.gencat.cat\/ca\/estudis\/eso\/preinscriute\/seguiment-sollicitud\/sorteig-desempat\/index.html\"><img loading=\"lazy\" decoding=\"async\" class=\"alignnone size-full wp-image-7708\" src=\"https:\/\/agora.xtec.cat\/escolamiramar\/wp-content\/uploads\/usu2300\/2026\/04\/numero-desempat.jpg\" alt=\"\" width=\"925\" height=\"675\" srcset=\"https:\/\/agora.xtec.cat\/escolamiramar\/wp-content\/uploads\/usu2300\/2026\/04\/numero-desempat.jpg 925w, https:\/\/agora.xtec.cat\/escolamiramar\/wp-content\/uploads\/usu2300\/2026\/04\/numero-desempat-300x219.jpg 300w, https:\/\/agora.xtec.cat\/escolamiramar\/wp-content\/uploads\/usu2300\/2026\/04\/numero-desempat-768x560.jpg 768w\" sizes=\"auto, (max-width: 925px) 100vw, 925px\" \/><\/a><\/p>\n<p>AVUI DIA 23 d&#8217;Abril EL DEPARTAMENT D&#8217;EDUCACI\u00d3 I FORMACI\u00d3 PROFESSIONAL HA PENJAT LA:<\/p>\n<p><a href=\"https:\/\/drive.google.com\/file\/d\/1hToYQq7yK1OpKHYFMPwUPbEDP_orwhvc\/view?usp=sharing\"><strong>PUBLICACI\u00d3 DE LA LLISTA DE SOL\u00b7LICITUDS QUE HAN DEMANAT EL CENTRE I L&#8217;ENSENYAMENT EN PRIMERA PETICI\u00d3 AMB LA PUNTUACI\u00d3 RESOLTES LES RECLAMACIONS A 23\/04\/2026<\/strong><\/a><\/p>\n<p>AVUI DIA15 d&#8217;Abril EL DEPARTAMENT D&#8217;EDUCACI\u00d3 I FORMACI\u00d3 PROFESSIONAL HA PENJAT LA:<\/p>\n<p><a href=\"https:\/\/drive.google.com\/file\/d\/1bfrr15e4eQEOE7V4vY79AqLDsQUB50_M\/view?usp=sharing\"><strong>\u00a0PUBLICACI\u00d3 LLISTA DE SOL\u00b7LICITUDS AMB PUNTUACI\u00d3 PROVISIONAL<\/strong><\/a><\/p>\n<p>&nbsp;<\/p>\n<p><a href=\"https:\/\/preinscripcio.gencat.cat\/ca\/estudis\/infantil-3-6\/informat\/calendari\/\"><img loading=\"lazy\" decoding=\"async\" class=\"alignnone size-full wp-image-7697\" src=\"https:\/\/agora.xtec.cat\/escolamiramar\/wp-content\/uploads\/usu2300\/2026\/02\/CALENDARI-PREINSCRIPCIONS-2627.jpg\" alt=\"\" width=\"1024\" height=\"768\" srcset=\"https:\/\/agora.xtec.cat\/escolamiramar\/wp-content\/uploads\/usu2300\/2026\/02\/CALENDARI-PREINSCRIPCIONS-2627.jpg 1024w, https:\/\/agora.xtec.cat\/escolamiramar\/wp-content\/uploads\/usu2300\/2026\/02\/CALENDARI-PREINSCRIPCIONS-2627-300x225.jpg 300w, https:\/\/agora.xtec.cat\/escolamiramar\/wp-content\/uploads\/usu2300\/2026\/02\/CALENDARI-PREINSCRIPCIONS-2627-768x576.jpg 768w, https:\/\/agora.xtec.cat\/escolamiramar\/wp-content\/uploads\/usu2300\/2026\/02\/CALENDARI-PREINSCRIPCIONS-2627-200x150.jpg 200w\" sizes=\"auto, (max-width: 1024px) 100vw, 1024px\" \/><\/a><\/p>\n<p><strong>PUBLICACI\u00d3 DE L&#8217;OFERTA INICIAL<\/strong><\/p>\n<p><a href=\"https:\/\/agora.xtec.cat\/escolamiramar\/wp-content\/uploads\/usu2300\/2026\/03\/ofertainicial.jpg\"><img loading=\"lazy\" decoding=\"async\" class=\"alignnone size-large wp-image-7704\" src=\"https:\/\/agora.xtec.cat\/escolamiramar\/wp-content\/uploads\/usu2300\/2026\/03\/ofertainicial-1024x684.jpg\" alt=\"\" width=\"1024\" height=\"684\" srcset=\"https:\/\/agora.xtec.cat\/escolamiramar\/wp-content\/uploads\/usu2300\/2026\/03\/ofertainicial-1024x684.jpg 1024w, https:\/\/agora.xtec.cat\/escolamiramar\/wp-content\/uploads\/usu2300\/2026\/03\/ofertainicial-300x200.jpg 300w, https:\/\/agora.xtec.cat\/escolamiramar\/wp-content\/uploads\/usu2300\/2026\/03\/ofertainicial-768x513.jpg 768w, https:\/\/agora.xtec.cat\/escolamiramar\/wp-content\/uploads\/usu2300\/2026\/03\/ofertainicial.jpg 1088w\" sizes=\"auto, (max-width: 1024px) 100vw, 1024px\" \/><\/a><\/p>\n<p><a href=\"https:\/\/preinscripcio.gencat.cat\/ca\/inici\/index.html\">FEU CLIC EN LES SEG\u00dcENTS IMATGES PER OBTENIR M\u00c9S INFORMACI\u00d3 DES DE LA P\u00c0GINA DEL DEPARTAMENT D&#8217;EDUCACI\u00d3<\/a><\/p>\n<p><a href=\"https:\/\/preinscripcio.gencat.cat\/ca\/estudis\/infantil-3-6\/informat\/calendari\/\"><img loading=\"lazy\" decoding=\"async\" class=\"alignnone size-large wp-image-7686\" src=\"https:\/\/agora.xtec.cat\/escolamiramar\/wp-content\/uploads\/usu2300\/2026\/02\/PREINSCRIPCIO-1024x406.jpg\" alt=\"\" width=\"1024\" height=\"406\" srcset=\"https:\/\/agora.xtec.cat\/escolamiramar\/wp-content\/uploads\/usu2300\/2026\/02\/PREINSCRIPCIO-1024x406.jpg 1024w, https:\/\/agora.xtec.cat\/escolamiramar\/wp-content\/uploads\/usu2300\/2026\/02\/PREINSCRIPCIO-300x119.jpg 300w, https:\/\/agora.xtec.cat\/escolamiramar\/wp-content\/uploads\/usu2300\/2026\/02\/PREINSCRIPCIO-768x304.jpg 768w, https:\/\/agora.xtec.cat\/escolamiramar\/wp-content\/uploads\/usu2300\/2026\/02\/PREINSCRIPCIO-1536x608.jpg 1536w, https:\/\/agora.xtec.cat\/escolamiramar\/wp-content\/uploads\/usu2300\/2026\/02\/PREINSCRIPCIO.jpg 1843w\" sizes=\"auto, (max-width: 1024px) 100vw, 1024px\" \/><\/a><\/p>\n<p><a href=\"https:\/\/aplicacions.gestioeducativa.gencat.cat\/ords\/pls\/apex\/f?p=CITA_PREVIA:4::::4:P4_TIPUS_CALENDARI,P4_DOMINI:01_Oblig,43010530\"><img loading=\"lazy\" decoding=\"async\" class=\"alignnone size-full wp-image-7698\" src=\"https:\/\/agora.xtec.cat\/escolamiramar\/wp-content\/uploads\/usu2300\/2026\/02\/citaprevia.png\" alt=\"\" width=\"1024\" height=\"768\" srcset=\"https:\/\/agora.xtec.cat\/escolamiramar\/wp-content\/uploads\/usu2300\/2026\/02\/citaprevia.png 1024w, https:\/\/agora.xtec.cat\/escolamiramar\/wp-content\/uploads\/usu2300\/2026\/02\/citaprevia-300x225.png 300w, https:\/\/agora.xtec.cat\/escolamiramar\/wp-content\/uploads\/usu2300\/2026\/02\/citaprevia-768x576.png 768w, https:\/\/agora.xtec.cat\/escolamiramar\/wp-content\/uploads\/usu2300\/2026\/02\/citaprevia-200x150.png 200w\" sizes=\"auto, (max-width: 1024px) 100vw, 1024px\" \/><\/a><\/p>\n<p>&nbsp;<\/p>\n<h1><\/h1>\n<p>&nbsp;<\/p>\n<p>&nbsp;<\/p>\n<h1>COM ET POTS ACTIVAR LA <strong>ID-CAT<\/strong><\/h1>\n<p>Al seg\u00fcent enlla\u00e7\u00a0podreu trobar la informaci\u00f3 per fer-vos la\u00a0<strong>ID-CAT<\/strong>\u00a0m\u00f2bil.<\/p>\n<p><a href=\"https:\/\/idcatmobil.seu.cat\/\" target=\"_blank\" rel=\"noopener noreferrer\"><img loading=\"lazy\" decoding=\"async\" class=\"wp-image-6006 alignleft\" src=\"http:\/\/blocs.xtec.cat\/escolamiramar\/files\/2022\/02\/idcatMobil.jpg\" alt=\"\" width=\"155\" height=\"165\" \/><\/a><\/p>\n<p>&nbsp;<\/p>\n<p>&nbsp;<\/p>\n<p>&nbsp;<\/p>\n<p>&nbsp;<\/p>\n<p>&nbsp;<\/p>\n<p>&nbsp;<\/p>\n<p>&nbsp;<\/p>\n<p>&nbsp;<\/p>\n<p>&nbsp;<\/p>\n<p>&nbsp;<\/p>\n<p>&nbsp;<\/p>\n<p>&nbsp;<\/p>\n<p>&nbsp;<\/p>\n<p>&nbsp;<\/p>\n<p>&nbsp;<\/p>\n<p>&nbsp;<\/p>\n<h6><\/h6>\n","protected":false},"excerpt":{"rendered":"<p>Preinscripci\u00f3 del Curs 26-27<br \/>\nAVUI DIA 29 d&#8217;Abril EL DEPARTAMENT D&#8217;EDUCACI\u00d3 I FORMACI\u00d3 PROFESSIONAL HA PENJAT LA:<br \/>\n<a href=\"https:\/\/drive.google.com\/file\/d\/1x1l4b1vPtd2DE46s6OZujSE5gSoXHzJC\/view?usp=sharing\">PUBLICACI\u00d3 DE LA LLLISTA DE SOL\u00b7LICITUDS QUE HAN DEMANAT EL CENTRE I L&#8217;ENSENYAMENT EN PRIMERA PETICI\u00d3 ORDENADA<\/a><br \/>\n29\/04\/2026<br \/>\nAVUI DIA 28 d&#8217;Abril EL DEPARTAMENT D&#8217;EDUCACI\u00d3 I FORMACI\u00d3 PROFESSIONAL HA PENJAT EL&hellip;  <a href=\"https:\/\/agora.xtec.cat\/escolamiramar\/preinscripcio\/\" title=\"Read PREINSCRIPCI\u00d3\">Llegeix m\u00e9s\u00bb<\/a><\/p>\n","protected":false},"author":3,"featured_media":0,"parent":0,"menu_order":0,"comment_status":"closed","ping_status":"closed","template":"","meta":{"_bbp_topic_count":0,"_bbp_reply_count":0,"_bbp_total_topic_count":0,"_bbp_total_reply_count":0,"_bbp_voice_count":0,"_bbp_anonymous_reply_count":0,"_bbp_topic_count_hidden":0,"_bbp_reply_count_hidden":0,"_bbp_forum_subforum_count":0,"footnotes":""},"class_list":["post-6740","page","type-page","status-publish","hentry"],"post_mailing_queue_ids":[],"_links":{"self":[{"href":"https:\/\/agora.xtec.cat\/escolamiramar\/wp-json\/wp\/v2\/pages\/6740","targetHints":{"allow":["GET"]}}],"collection":[{"href":"https:\/\/agora.xtec.cat\/escolamiramar\/wp-json\/wp\/v2\/pages"}],"about":[{"href":"https:\/\/agora.xtec.cat\/escolamiramar\/wp-json\/wp\/v2\/types\/page"}],"author":[{"embeddable":true,"href":"https:\/\/agora.xtec.cat\/escolamiramar\/wp-json\/wp\/v2\/users\/3"}],"replies":[{"embeddable":true,"href":"https:\/\/agora.xtec.cat\/escolamiramar\/wp-json\/wp\/v2\/comments?post=6740"}],"version-history":[{"count":7,"href":"https:\/\/agora.xtec.cat\/escolamiramar\/wp-json\/wp\/v2\/pages\/6740\/revisions"}],"predecessor-version":[{"id":7710,"href":"https:\/\/agora.xtec.cat\/escolamiramar\/wp-json\/wp\/v2\/pages\/6740\/revisions\/7710"}],"wp:attachment":[{"href":"https:\/\/agora.xtec.cat\/escolamiramar\/wp-json\/wp\/v2\/media?parent=6740"}],"curies":[{"name":"wp","href":"https:\/\/api.w.org\/{rel}","templated":true}]}}